{"id":10,"date":"2018-08-14T16:01:14","date_gmt":"2018-08-14T14:01:14","guid":{"rendered":"http:\/\/wordpress.nibis.de\/sib\/?page_id=10"},"modified":"2019-01-30T20:22:04","modified_gmt":"2019-01-30T19:22:04","slug":"impressum","status":"publish","type":"page","link":"https:\/\/wordpress.nibis.de\/sib\/impressum\/","title":{"rendered":"Impressum"},"content":{"rendered":"<div class=\"page-header fullwidth text-align-center\" style=\"text-align: justify\">\n<h2 class=\"subtitle\">Impressum<\/h2>\n<\/div>\n<p>Land Niedersachsen\u00a0( Dienstanbieter)<\/p>\n<p>Das Land Niedersachsen ist eine juristische Person des \u00f6ffentlichen Rechts vertreten durch:<\/p>\n<p>Schulleiterin Angelika Meyer<\/p>\n<div class=\"content\">\n<div class=\"section\">\n<div class=\"one\">\n<p style=\"text-align: justify\">Schule im Bockfeld<br \/>\nIm Bockfelde 84<br \/>\n31137 Hildesheim<\/p>\n<h3 style=\"text-align: justify\">Kontakt:<\/h3>\n<table width=\"300\">\n<tbody>\n<tr>\n<td>B\u00fcro:<\/td>\n<td>05121-965521<\/td>\n<\/tr>\n<tr>\n<td>Fax:<\/td>\n<td>05121-965525<\/td>\n<\/tr>\n<tr>\n<td>E-Mail:<\/td>\n<td><a href=\"&#109;a&#105;l&#116;o&#x3a;s&#x63;h&#x75;l&#x65;-&#x69;m&#x2d;b&#x6f;c&#x6b;f&#x65;l&#x64;&#64;&#x74;&#45;&#x6f;&#110;&#x6c;&#105;&#x6e;&#101;&#x2e;&#100;&#x65;\">&#115;&#x63;&#104;&#x75;l&#101;&#x5f;&#105;&#x6d;_&#x62;o&#99;&#x6b;&#102;&#x65;l&#x64;&#x40;&#116;&#x2d;o&#x6e;l&#105;&#x6e;&#101;&#x2e;d&#x65;<\/a><\/td>\n<\/tr>\n<\/tbody>\n<\/table>\n<p style=\"text-align: justify\">Inhaltlich Verantwortlicher gem\u00e4\u00df : DSGVO &amp; BDSG<br \/>\nSchulleiterin: Angelika Meyer<\/p>\n<p>Haftungshinweis:<\/p>\n<p>Trotz sorgf\u00e4ltiger inhaltlicher Kontrolle \u00fcbernehmen wir keine Haftung f\u00fcr die Inhalte externer Links.<\/p>\n<p>F\u00fcr den Inhalt der verlinkten Seiten sind ausschlie\u00dflich deren Betreiber verantwortlich.<\/p>\n<p>Die Inhalte dieser WEB-Site sind urheberrechtlich gesch\u00fctzt.<\/p>\n<p>Die in dieser Web-Site enthaltenen Angaben k\u00f6nnen ohne Angabe von Gr\u00fcnden ge\u00e4ndert werden.<\/p>\n<p>Andere hier aufgef\u00fchrte Produkte und Unternehmen sind Warenzeichen bzw. eingetragene Warenzeichen des jeweiligen Lizenztr\u00e4gers.<\/p>\n<p style=\"text-align: justify\">\n<\/div>\n<\/div>\n<\/div>\n","protected":false},"excerpt":{"rendered":"<p>Impressum Land Niedersachsen\u00a0( Dienstanbieter) Das Land Niedersachsen ist eine juristische Person des \u00f6ffentlichen Rechts vertreten durch: Schulleiterin Angelika Meyer Schule im Bockfeld Im Bockfelde 84 31137 Hildesheim Kontakt: B\u00fcro: 05121-965521 Fax: 05121-965525 E-Mail: s&#99;&#x68;&#x75;l&#101;&#95;&#x69;&#x6d;_&#98;&#x6f;&#x63;k&#102;&#101;&#x6c;&#x64;&#64;&#116;&#x2d;&#x6f;n&#108;&#105;&#x6e;&#x65;&#46;&#100;&#x65; Inhaltlich Verantwortlicher gem\u00e4\u00df : DSGVO &amp; BDSG Schulleiterin: Angelika Meyer Haftungshinweis: Trotz sorgf\u00e4ltiger inhaltlicher Kontrolle \u00fcbernehmen wir keine Haftung f\u00fcr die &hellip; <a href=\"https:\/\/wordpress.nibis.de\/sib\/impressum\/\" class=\"more-link\"><span class=\"screen-reader-text\">Impressum<\/span> weiterlesen <span class=\"meta-nav\">&rarr;<\/span><\/a><\/p>\n","protected":false},"author":9192613,"featured_media":0,"parent":0,"menu_order":0,"comment_status":"closed","ping_status":"closed","template":"","meta":{"footnotes":""},"class_list":["post-10","page","type-page","status-publish","hentry"],"_links":{"self":[{"href":"https:\/\/wordpress.nibis.de\/sib\/wp-json\/wp\/v2\/pages\/10","targetHints":{"allow":["GET"]}}],"collection":[{"href":"https:\/\/wordpress.nibis.de\/sib\/wp-json\/wp\/v2\/pages"}],"about":[{"href":"https:\/\/wordpress.nibis.de\/sib\/wp-json\/wp\/v2\/types\/page"}],"author":[{"embeddable":true,"href":"https:\/\/wordpress.nibis.de\/sib\/wp-json\/wp\/v2\/users\/9192613"}],"replies":[{"embeddable":true,"href":"https:\/\/wordpress.nibis.de\/sib\/wp-json\/wp\/v2\/comments?post=10"}],"version-history":[{"count":6,"href":"https:\/\/wordpress.nibis.de\/sib\/wp-json\/wp\/v2\/pages\/10\/revisions"}],"predecessor-version":[{"id":480,"href":"https:\/\/wordpress.nibis.de\/sib\/wp-json\/wp\/v2\/pages\/10\/revisions\/480"}],"wp:attachment":[{"href":"https:\/\/wordpress.nibis.de\/sib\/wp-json\/wp\/v2\/media?parent=10"}],"curies":[{"name":"wp","href":"https:\/\/api.w.org\/{rel}","templated":true}]}}