{"id":1085,"date":"2019-12-16T09:56:08","date_gmt":"2019-12-16T08:56:08","guid":{"rendered":"https:\/\/wordpress.nibis.de\/sib\/?page_id=1085"},"modified":"2020-09-28T21:08:57","modified_gmt":"2020-09-28T19:08:57","slug":"kg-2","status":"publish","type":"page","link":"https:\/\/wordpress.nibis.de\/sib\/archiv\/schuljahr-2019-2020\/kg-2\/","title":{"rendered":"KG 2 2019\/2020"},"content":{"rendered":"\n<p>Wir bereiten einmal in der Woche unser\nFr\u00fchst\u00fcck selbst zu. Daf\u00fcr gehen wir auch Einkaufen.<\/p>\n\n\n\n<p>Aus Brot, Frischk\u00e4se, Putenaufschnitt, Gem\u00fcse und Kresse haben wir ganz lustige Brote zubereitet. Das hat nicht nur viel Spa\u00df gemacht, sondern ist auch lecker und gesund. <\/p>\n\n\n\n<figure class=\"wp-block-gallery columns-3 is-cropped wp-block-gallery-1 is-layout-flex wp-block-gallery-is-layout-flex\"><ul class=\"blocks-gallery-grid\"><li class=\"blocks-gallery-item\"><figure><img loading=\"lazy\" decoding=\"async\" width=\"1200\" height=\"675\" src=\"https:\/\/wordpress.nibis.de\/sib\/files\/2019\/12\/P1020471-1200x675.jpg\" alt=\"\" data-id=\"1086\" data-link=\"https:\/\/wordpress.nibis.de\/sib\/?attachment_id=1086\" class=\"wp-image-1086\" srcset=\"https:\/\/wordpress.nibis.de\/sib\/files\/2019\/12\/P1020471-1200x675.jpg 1200w, https:\/\/wordpress.nibis.de\/sib\/files\/2019\/12\/P1020471-250x141.jpg 250w, https:\/\/wordpress.nibis.de\/sib\/files\/2019\/12\/P1020471-850x478.jpg 850w\" sizes=\"auto, (max-width: 1200px) 100vw, 1200px\" \/><\/figure><\/li><li class=\"blocks-gallery-item\"><figure><img loading=\"lazy\" decoding=\"async\" width=\"1200\" height=\"675\" src=\"https:\/\/wordpress.nibis.de\/sib\/files\/2019\/12\/P1020475-1200x675.jpg\" alt=\"\" data-id=\"1087\" data-link=\"https:\/\/wordpress.nibis.de\/sib\/?attachment_id=1087\" class=\"wp-image-1087\" srcset=\"https:\/\/wordpress.nibis.de\/sib\/files\/2019\/12\/P1020475-1200x675.jpg 1200w, https:\/\/wordpress.nibis.de\/sib\/files\/2019\/12\/P1020475-250x141.jpg 250w, https:\/\/wordpress.nibis.de\/sib\/files\/2019\/12\/P1020475-850x478.jpg 850w\" sizes=\"auto, (max-width: 1200px) 100vw, 1200px\" \/><\/figure><\/li><li class=\"blocks-gallery-item\"><figure><img loading=\"lazy\" decoding=\"async\" width=\"1200\" height=\"675\" src=\"https:\/\/wordpress.nibis.de\/sib\/files\/2019\/12\/P1020477-1200x675.jpg\" alt=\"\" data-id=\"1088\" data-link=\"https:\/\/wordpress.nibis.de\/sib\/?attachment_id=1088\" class=\"wp-image-1088\" srcset=\"https:\/\/wordpress.nibis.de\/sib\/files\/2019\/12\/P1020477-1200x675.jpg 1200w, https:\/\/wordpress.nibis.de\/sib\/files\/2019\/12\/P1020477-250x141.jpg 250w, https:\/\/wordpress.nibis.de\/sib\/files\/2019\/12\/P1020477-850x478.jpg 850w\" sizes=\"auto, (max-width: 1200px) 100vw, 1200px\" \/><\/figure><\/li><li class=\"blocks-gallery-item\"><figure><img loading=\"lazy\" decoding=\"async\" width=\"1200\" height=\"675\" src=\"https:\/\/wordpress.nibis.de\/sib\/files\/2019\/12\/P1020478-1200x675.jpg\" alt=\"\" data-id=\"1089\" data-link=\"https:\/\/wordpress.nibis.de\/sib\/?attachment_id=1089\" class=\"wp-image-1089\" srcset=\"https:\/\/wordpress.nibis.de\/sib\/files\/2019\/12\/P1020478-1200x675.jpg 1200w, https:\/\/wordpress.nibis.de\/sib\/files\/2019\/12\/P1020478-250x141.jpg 250w, https:\/\/wordpress.nibis.de\/sib\/files\/2019\/12\/P1020478-850x478.jpg 850w\" sizes=\"auto, (max-width: 1200px) 100vw, 1200px\" \/><\/figure><\/li><li class=\"blocks-gallery-item\"><figure><img decoding=\"async\" src=\"https:\/\/wordpress.nibis.de\/sib\/files\/2019\/12\/P1020481-1200x675.jpg\" alt=\"\" data-id=\"1090\" data-link=\"https:\/\/wordpress.nibis.de\/sib\/?attachment_id=1090\" class=\"wp-image-1090\" \/><\/figure><\/li><li class=\"blocks-gallery-item\"><figure><img decoding=\"async\" src=\"https:\/\/wordpress.nibis.de\/sib\/files\/2019\/12\/P1020486-1200x675.jpg\" alt=\"\" data-id=\"1091\" data-link=\"https:\/\/wordpress.nibis.de\/sib\/?attachment_id=1091\" class=\"wp-image-1091\" \/><\/figure><\/li><\/ul><\/figure>\n","protected":false},"excerpt":{"rendered":"<p>Wir bereiten einmal in der Woche unser Fr\u00fchst\u00fcck selbst zu. Daf\u00fcr gehen wir auch Einkaufen. Aus Brot, Frischk\u00e4se, Putenaufschnitt, Gem\u00fcse und Kresse haben wir ganz lustige Brote zubereitet. Das hat nicht nur viel Spa\u00df gemacht, sondern ist auch lecker und gesund.<\/p>\n","protected":false},"author":9192613,"featured_media":0,"parent":1353,"menu_order":0,"comment_status":"closed","ping_status":"closed","template":"","meta":{"footnotes":""},"class_list":["post-1085","page","type-page","status-publish","hentry"],"_links":{"self":[{"href":"https:\/\/wordpress.nibis.de\/sib\/wp-json\/wp\/v2\/pages\/1085","targetHints":{"allow":["GET"]}}],"collection":[{"href":"https:\/\/wordpress.nibis.de\/sib\/wp-json\/wp\/v2\/pages"}],"about":[{"href":"https:\/\/wordpress.nibis.de\/sib\/wp-json\/wp\/v2\/types\/page"}],"author":[{"embeddable":true,"href":"https:\/\/wordpress.nibis.de\/sib\/wp-json\/wp\/v2\/users\/9192613"}],"replies":[{"embeddable":true,"href":"https:\/\/wordpress.nibis.de\/sib\/wp-json\/wp\/v2\/comments?post=1085"}],"version-history":[{"count":2,"href":"https:\/\/wordpress.nibis.de\/sib\/wp-json\/wp\/v2\/pages\/1085\/revisions"}],"predecessor-version":[{"id":1364,"href":"https:\/\/wordpress.nibis.de\/sib\/wp-json\/wp\/v2\/pages\/1085\/revisions\/1364"}],"up":[{"embeddable":true,"href":"https:\/\/wordpress.nibis.de\/sib\/wp-json\/wp\/v2\/pages\/1353"}],"wp:attachment":[{"href":"https:\/\/wordpress.nibis.de\/sib\/wp-json\/wp\/v2\/media?parent=1085"}],"curies":[{"name":"wp","href":"https:\/\/api.w.org\/{rel}","templated":true}]}}