{"id":1109,"date":"2020-01-08T13:19:55","date_gmt":"2020-01-08T12:19:55","guid":{"rendered":"https:\/\/wordpress.nibis.de\/sib\/?page_id=1109"},"modified":"2020-09-28T21:28:56","modified_gmt":"2020-09-28T19:28:56","slug":"g-10a","status":"publish","type":"page","link":"https:\/\/wordpress.nibis.de\/sib\/archiv\/schuljahr-2019-2020\/g-10a\/","title":{"rendered":"G 10a 2019\/2020"},"content":{"rendered":"\n<p><strong>Tags\u00fcber im\nMuseum<\/strong><\/p>\n\n\n\n<p>Am 15.11.2019 haben wir uns im\nR\u00f6mer- und Pelizaeus-Museum die Ausstellung von den Wilderers angeguckt. Es war\ngut.<\/p>\n\n\n\n<p>Shelly hat besonders ein Bild mit\nV\u00f6geln gefallen. Christian fand die Bilder von Hildesheimer Geb\u00e4uden wie dem\nDom toll. Tristans Lieblingsbild war mit Frauen drauf.<\/p>\n\n\n\n<p>Die G 10a<\/p>\n","protected":false},"excerpt":{"rendered":"<p>Tags\u00fcber im Museum Am 15.11.2019 haben wir uns im R\u00f6mer- und Pelizaeus-Museum die Ausstellung von den Wilderers angeguckt. Es war gut. Shelly hat besonders ein Bild mit V\u00f6geln gefallen. Christian fand die Bilder von Hildesheimer Geb\u00e4uden wie dem Dom toll. Tristans Lieblingsbild war mit Frauen drauf. Die G 10a<\/p>\n","protected":false},"author":9192613,"featured_media":0,"parent":1353,"menu_order":0,"comment_status":"closed","ping_status":"closed","template":"","meta":{"footnotes":""},"class_list":["post-1109","page","type-page","status-publish","hentry"],"_links":{"self":[{"href":"https:\/\/wordpress.nibis.de\/sib\/wp-json\/wp\/v2\/pages\/1109","targetHints":{"allow":["GET"]}}],"collection":[{"href":"https:\/\/wordpress.nibis.de\/sib\/wp-json\/wp\/v2\/pages"}],"about":[{"href":"https:\/\/wordpress.nibis.de\/sib\/wp-json\/wp\/v2\/types\/page"}],"author":[{"embeddable":true,"href":"https:\/\/wordpress.nibis.de\/sib\/wp-json\/wp\/v2\/users\/9192613"}],"replies":[{"embeddable":true,"href":"https:\/\/wordpress.nibis.de\/sib\/wp-json\/wp\/v2\/comments?post=1109"}],"version-history":[{"count":2,"href":"https:\/\/wordpress.nibis.de\/sib\/wp-json\/wp\/v2\/pages\/1109\/revisions"}],"predecessor-version":[{"id":1367,"href":"https:\/\/wordpress.nibis.de\/sib\/wp-json\/wp\/v2\/pages\/1109\/revisions\/1367"}],"up":[{"embeddable":true,"href":"https:\/\/wordpress.nibis.de\/sib\/wp-json\/wp\/v2\/pages\/1353"}],"wp:attachment":[{"href":"https:\/\/wordpress.nibis.de\/sib\/wp-json\/wp\/v2\/media?parent=1109"}],"curies":[{"name":"wp","href":"https:\/\/api.w.org\/{rel}","templated":true}]}}