{"id":1116,"date":"2020-01-08T13:29:58","date_gmt":"2020-01-08T12:29:58","guid":{"rendered":"https:\/\/wordpress.nibis.de\/sib\/?page_id=1116"},"modified":"2020-09-28T21:37:44","modified_gmt":"2020-09-28T19:37:44","slug":"kg-4","status":"publish","type":"page","link":"https:\/\/wordpress.nibis.de\/sib\/archiv\/schuljahr-2019-2020\/kg-4\/","title":{"rendered":"KG 4 2019\/2020"},"content":{"rendered":"\n<p><strong>KG4 bei der B\u00e4ckerei Engelke<\/strong><\/p>\n\n\n\n<p>Wir waren Kekse gebacken. Herr Berendes\nhat uns durch die B\u00e4ckerei gef\u00fchrt. Zuvor haben wir in einem Raum gewartet.<\/p>\n\n\n\n<p>Wir haben von Herrn Berendes eine\nSch\u00fcrze und ein Haarnetz bekommen.<\/p>\n\n\n\n<p>Wir fanden die Geschirrsp\u00fclmaschine und\ndie Backstra\u00dfe sehr cool. 6400 Br\u00f6tchen werden am Tag dort gebacken.<\/p>\n\n\n\n<p>Wir durften Kekse ausstechen. Die Kekse\nwurden gebacken. Als die Kekse abgek\u00fchlt waren, haben wir die Kekse verziert. <\/p>\n\n\n\n<p>Die Kekse haben soooo lecker\ngeschmeckt!<\/p>\n\n\n\n<figure class=\"wp-block-image\"><img loading=\"lazy\" decoding=\"async\" width=\"1200\" height=\"675\" src=\"https:\/\/wordpress.nibis.de\/sib\/files\/2020\/01\/grafik-4-1200x675.png\" alt=\"\" class=\"wp-image-1117\" srcset=\"https:\/\/wordpress.nibis.de\/sib\/files\/2020\/01\/grafik-4-1200x675.png 1200w, https:\/\/wordpress.nibis.de\/sib\/files\/2020\/01\/grafik-4-250x141.png 250w, https:\/\/wordpress.nibis.de\/sib\/files\/2020\/01\/grafik-4-850x478.png 850w\" sizes=\"auto, (max-width: 1200px) 100vw, 1200px\" \/><\/figure>\n\n\n\n<figure class=\"wp-block-image\"><img loading=\"lazy\" decoding=\"async\" width=\"1200\" height=\"675\" src=\"https:\/\/wordpress.nibis.de\/sib\/files\/2020\/01\/grafik-5-1200x675.png\" alt=\"\" class=\"wp-image-1118\" srcset=\"https:\/\/wordpress.nibis.de\/sib\/files\/2020\/01\/grafik-5-1200x675.png 1200w, https:\/\/wordpress.nibis.de\/sib\/files\/2020\/01\/grafik-5-250x141.png 250w, https:\/\/wordpress.nibis.de\/sib\/files\/2020\/01\/grafik-5-850x478.png 850w\" sizes=\"auto, (max-width: 1200px) 100vw, 1200px\" \/><\/figure>\n\n\n\n<figure class=\"wp-block-image\"><img loading=\"lazy\" decoding=\"async\" width=\"960\" height=\"675\" src=\"https:\/\/wordpress.nibis.de\/sib\/files\/2020\/01\/grafik-6-960x675.png\" alt=\"\" class=\"wp-image-1119\" \/><\/figure>\n","protected":false},"excerpt":{"rendered":"<p>KG4 bei der B\u00e4ckerei Engelke Wir waren Kekse gebacken. Herr Berendes hat uns durch die B\u00e4ckerei gef\u00fchrt. Zuvor haben wir in einem Raum gewartet. Wir haben von Herrn Berendes eine Sch\u00fcrze und ein Haarnetz bekommen. Wir fanden die Geschirrsp\u00fclmaschine und die Backstra\u00dfe sehr cool. 6400 Br\u00f6tchen werden am Tag dort gebacken. Wir durften Kekse ausstechen. &hellip; <a href=\"https:\/\/wordpress.nibis.de\/sib\/archiv\/schuljahr-2019-2020\/kg-4\/\" class=\"more-link\"><span class=\"screen-reader-text\">KG 4 2019\/2020<\/span> weiterlesen <span class=\"meta-nav\">&rarr;<\/span><\/a><\/p>\n","protected":false},"author":9192613,"featured_media":0,"parent":1353,"menu_order":0,"comment_status":"closed","ping_status":"closed","template":"","meta":{"footnotes":""},"class_list":["post-1116","page","type-page","status-publish","hentry"],"_links":{"self":[{"href":"https:\/\/wordpress.nibis.de\/sib\/wp-json\/wp\/v2\/pages\/1116","targetHints":{"allow":["GET"]}}],"collection":[{"href":"https:\/\/wordpress.nibis.de\/sib\/wp-json\/wp\/v2\/pages"}],"about":[{"href":"https:\/\/wordpress.nibis.de\/sib\/wp-json\/wp\/v2\/types\/page"}],"author":[{"embeddable":true,"href":"https:\/\/wordpress.nibis.de\/sib\/wp-json\/wp\/v2\/users\/9192613"}],"replies":[{"embeddable":true,"href":"https:\/\/wordpress.nibis.de\/sib\/wp-json\/wp\/v2\/comments?post=1116"}],"version-history":[{"count":2,"href":"https:\/\/wordpress.nibis.de\/sib\/wp-json\/wp\/v2\/pages\/1116\/revisions"}],"predecessor-version":[{"id":1381,"href":"https:\/\/wordpress.nibis.de\/sib\/wp-json\/wp\/v2\/pages\/1116\/revisions\/1381"}],"up":[{"embeddable":true,"href":"https:\/\/wordpress.nibis.de\/sib\/wp-json\/wp\/v2\/pages\/1353"}],"wp:attachment":[{"href":"https:\/\/wordpress.nibis.de\/sib\/wp-json\/wp\/v2\/media?parent=1116"}],"curies":[{"name":"wp","href":"https:\/\/api.w.org\/{rel}","templated":true}]}}