{"id":1137,"date":"2020-01-08T14:05:24","date_gmt":"2020-01-08T13:05:24","guid":{"rendered":"https:\/\/wordpress.nibis.de\/sib\/?page_id=1137"},"modified":"2020-09-28T21:29:46","modified_gmt":"2020-09-28T19:29:46","slug":"g-5c","status":"publish","type":"page","link":"https:\/\/wordpress.nibis.de\/sib\/archiv\/schuljahr-2019-2020\/g-5c\/","title":{"rendered":"G 5c 2019\/2020"},"content":{"rendered":"\n<p>Ausflug nach Sorsum<\/p>\n\n\n\n<p>Wir &nbsp;haben in\nder Vorweihnachtszeit einen Ausflug nach Sorsum gemacht.<\/p>\n\n\n\n<p>Gleich morgens sind wir losgewandert. <\/p>\n\n\n\n<p>In Sorsum wurden wir freundlich empfangen. Zusammen\nmit den anderen Sch\u00fclern haben wir Weihnachtslieder gesungen und eine spannende\nGeschichte von der Spinne Karl-Heinz und der Fliege Bisy geh\u00f6rt.<\/p>\n\n\n\n<p>Nach dem Fr\u00fchst\u00fcck haben wir noch zusammen auf dem\nSchulhof in Sorsum gespielt. Dann mussten wir uns auch leider schon wieder auf\nden R\u00fcckweg machen.<\/p>\n\n\n\n<p>Wir hatten einen tollen Tag und freuen uns schon auf unser n\u00e4chstes Treffen.<\/p>\n\n\n\n<figure class=\"wp-block-gallery columns-2 is-cropped wp-block-gallery-1 is-layout-flex wp-block-gallery-is-layout-flex\"><ul class=\"blocks-gallery-grid\"><li class=\"blocks-gallery-item\"><figure><img loading=\"lazy\" decoding=\"async\" width=\"253\" height=\"338\" src=\"https:\/\/wordpress.nibis.de\/sib\/files\/2020\/01\/grafik-19.png\" alt=\"\" data-id=\"1139\" data-link=\"https:\/\/wordpress.nibis.de\/sib\/?attachment_id=1139\" class=\"wp-image-1139\" \/><\/figure><\/li><li class=\"blocks-gallery-item\"><figure><img loading=\"lazy\" decoding=\"async\" width=\"440\" height=\"333\" src=\"https:\/\/wordpress.nibis.de\/sib\/files\/2020\/01\/grafik-18.png\" alt=\"\" data-id=\"1138\" data-link=\"https:\/\/wordpress.nibis.de\/sib\/?attachment_id=1138\" class=\"wp-image-1138\" \/><\/figure><\/li><\/ul><\/figure>\n","protected":false},"excerpt":{"rendered":"<p>Ausflug nach Sorsum Wir &nbsp;haben in der Vorweihnachtszeit einen Ausflug nach Sorsum gemacht. Gleich morgens sind wir losgewandert. In Sorsum wurden wir freundlich empfangen. Zusammen mit den anderen Sch\u00fclern haben wir Weihnachtslieder gesungen und eine spannende Geschichte von der Spinne Karl-Heinz und der Fliege Bisy geh\u00f6rt. Nach dem Fr\u00fchst\u00fcck haben wir noch zusammen auf dem &hellip; <a href=\"https:\/\/wordpress.nibis.de\/sib\/archiv\/schuljahr-2019-2020\/g-5c\/\" class=\"more-link\"><span class=\"screen-reader-text\">G 5c 2019\/2020<\/span> weiterlesen <span class=\"meta-nav\">&rarr;<\/span><\/a><\/p>\n","protected":false},"author":9192613,"featured_media":0,"parent":1353,"menu_order":0,"comment_status":"closed","ping_status":"closed","template":"","meta":{"footnotes":""},"class_list":["post-1137","page","type-page","status-publish","hentry"],"_links":{"self":[{"href":"https:\/\/wordpress.nibis.de\/sib\/wp-json\/wp\/v2\/pages\/1137","targetHints":{"allow":["GET"]}}],"collection":[{"href":"https:\/\/wordpress.nibis.de\/sib\/wp-json\/wp\/v2\/pages"}],"about":[{"href":"https:\/\/wordpress.nibis.de\/sib\/wp-json\/wp\/v2\/types\/page"}],"author":[{"embeddable":true,"href":"https:\/\/wordpress.nibis.de\/sib\/wp-json\/wp\/v2\/users\/9192613"}],"replies":[{"embeddable":true,"href":"https:\/\/wordpress.nibis.de\/sib\/wp-json\/wp\/v2\/comments?post=1137"}],"version-history":[{"count":3,"href":"https:\/\/wordpress.nibis.de\/sib\/wp-json\/wp\/v2\/pages\/1137\/revisions"}],"predecessor-version":[{"id":1370,"href":"https:\/\/wordpress.nibis.de\/sib\/wp-json\/wp\/v2\/pages\/1137\/revisions\/1370"}],"up":[{"embeddable":true,"href":"https:\/\/wordpress.nibis.de\/sib\/wp-json\/wp\/v2\/pages\/1353"}],"wp:attachment":[{"href":"https:\/\/wordpress.nibis.de\/sib\/wp-json\/wp\/v2\/media?parent=1137"}],"curies":[{"name":"wp","href":"https:\/\/api.w.org\/{rel}","templated":true}]}}