{"id":1148,"date":"2020-01-08T14:23:09","date_gmt":"2020-01-08T13:23:09","guid":{"rendered":"https:\/\/wordpress.nibis.de\/sib\/?page_id=1148"},"modified":"2020-09-28T21:30:21","modified_gmt":"2020-09-28T19:30:21","slug":"g-9-12","status":"publish","type":"page","link":"https:\/\/wordpress.nibis.de\/sib\/archiv\/schuljahr-2019-2020\/g-9-12\/","title":{"rendered":"G 9-12 2019\/2020"},"content":{"rendered":"\n<p class=\"has-text-align-center has-medium-font-size\"><strong>Vorbereitungen und Vorfreude auf den Weihnachtsmarkt der Abschlussstufe in Sorsum&#8230;<\/strong><\/p>\n\n\n\n<div class=\"wp-block-image\"><figure class=\"aligncenter\"><img loading=\"lazy\" decoding=\"async\" width=\"444\" height=\"377\" src=\"https:\/\/wordpress.nibis.de\/sib\/files\/2020\/01\/grafik-21.png\" alt=\"\" class=\"wp-image-1149\" \/><\/figure><\/div>\n\n\n\n<p class=\"has-text-align-center\"> Wir  basteln Dekoschalen aus Beton, in die man kleine Teelichter stellen kann. <\/p>\n\n\n\n<div class=\"wp-block-image\"><figure class=\"aligncenter\"><img loading=\"lazy\" decoding=\"async\" width=\"449\" height=\"337\" src=\"https:\/\/wordpress.nibis.de\/sib\/files\/2020\/01\/grafik-22.png\" alt=\"\" class=\"wp-image-1150\" \/><\/figure><\/div>\n\n\n\n<div class=\"wp-block-image\"><figure class=\"aligncenter\"><img loading=\"lazy\" decoding=\"async\" width=\"448\" height=\"336\" src=\"https:\/\/wordpress.nibis.de\/sib\/files\/2020\/01\/grafik-23.png\" alt=\"\" class=\"wp-image-1151\" \/><\/figure><\/div>\n\n\n\n<p class=\"has-text-align-center\">Als erstes haben wir den Beton angemischt und anschlie\u00dfend auf kleine Luftballons geformt. Am n\u00e4chsten Tag waren die Schalen getrocknet und konnten noch sch\u00f6n bemalt werden!<\/p>\n\n\n\n<div class=\"wp-block-image\"><figure class=\"aligncenter\"><img loading=\"lazy\" decoding=\"async\" width=\"455\" height=\"317\" src=\"https:\/\/wordpress.nibis.de\/sib\/files\/2020\/01\/grafik-24.png\" alt=\"\" class=\"wp-image-1152\" \/><\/figure><\/div>\n","protected":false},"excerpt":{"rendered":"<p>Vorbereitungen und Vorfreude auf den Weihnachtsmarkt der Abschlussstufe in Sorsum&#8230; Wir basteln Dekoschalen aus Beton, in die man kleine Teelichter stellen kann. Als erstes haben wir den Beton angemischt und anschlie\u00dfend auf kleine Luftballons geformt. Am n\u00e4chsten Tag waren die Schalen getrocknet und konnten noch sch\u00f6n bemalt werden!<\/p>\n","protected":false},"author":9192613,"featured_media":0,"parent":1353,"menu_order":0,"comment_status":"closed","ping_status":"closed","template":"","meta":{"footnotes":""},"class_list":["post-1148","page","type-page","status-publish","hentry"],"_links":{"self":[{"href":"https:\/\/wordpress.nibis.de\/sib\/wp-json\/wp\/v2\/pages\/1148","targetHints":{"allow":["GET"]}}],"collection":[{"href":"https:\/\/wordpress.nibis.de\/sib\/wp-json\/wp\/v2\/pages"}],"about":[{"href":"https:\/\/wordpress.nibis.de\/sib\/wp-json\/wp\/v2\/types\/page"}],"author":[{"embeddable":true,"href":"https:\/\/wordpress.nibis.de\/sib\/wp-json\/wp\/v2\/users\/9192613"}],"replies":[{"embeddable":true,"href":"https:\/\/wordpress.nibis.de\/sib\/wp-json\/wp\/v2\/comments?post=1148"}],"version-history":[{"count":3,"href":"https:\/\/wordpress.nibis.de\/sib\/wp-json\/wp\/v2\/pages\/1148\/revisions"}],"predecessor-version":[{"id":1372,"href":"https:\/\/wordpress.nibis.de\/sib\/wp-json\/wp\/v2\/pages\/1148\/revisions\/1372"}],"up":[{"embeddable":true,"href":"https:\/\/wordpress.nibis.de\/sib\/wp-json\/wp\/v2\/pages\/1353"}],"wp:attachment":[{"href":"https:\/\/wordpress.nibis.de\/sib\/wp-json\/wp\/v2\/media?parent=1148"}],"curies":[{"name":"wp","href":"https:\/\/api.w.org\/{rel}","templated":true}]}}