{"id":121,"date":"2018-08-14T17:36:51","date_gmt":"2018-08-14T15:36:51","guid":{"rendered":"http:\/\/wordpress.nibis.de\/sib\/?page_id=121"},"modified":"2025-02-19T07:41:06","modified_gmt":"2025-02-19T06:41:06","slug":"foerderverein","status":"publish","type":"page","link":"https:\/\/wordpress.nibis.de\/sib\/infos\/foerderverein\/","title":{"rendered":"F\u00f6rderverein"},"content":{"rendered":"<p style=\"text-align: justify\"><img loading=\"lazy\" decoding=\"async\" class=\"size-medium wp-image-199 aligncenter\" src=\"http:\/\/wordpress.nibis.de\/sib\/files\/2018\/11\/Reihe-Kinder-300x34.png\" alt=\"\" width=\"300\" height=\"34\" srcset=\"https:\/\/wordpress.nibis.de\/sib\/files\/2018\/11\/Reihe-Kinder-300x34.png 300w, https:\/\/wordpress.nibis.de\/sib\/files\/2018\/11\/Reihe-Kinder.png 577w\" sizes=\"auto, (max-width: 300px) 100vw, 300px\" \/><\/p>\n<p style=\"text-align: justify\"><span style=\"font-size: 14pt\"><strong>Liebe Eltern, Erziehende und Freunde der Schule im Bockfeld!<\/strong><\/span><\/p>\n<p style=\"text-align: justify\">Seit mehreren Jahren gibt es den F\u00f6rderverein der Schule im Bockfeld.<\/p>\n<p style=\"text-align: justify\">Gem\u00e4\u00df unserer Satzung hat der F\u00f6rderverein den Zweck, die p\u00e4dagogische Arbeit der Schule im Bockfeld und der Tagesst\u00e4tte zu unterst\u00fctzen und die Arbeit mit k\u00f6rperlich und geistig beeintr\u00e4chtigten Kindern zu f\u00f6rdern.<\/p>\n<p style=\"text-align: justify\"><span style=\"font-size: 18pt;color: #ff6600\">Schwerpunkte unseres F\u00f6rderns sind dabei:<\/span><\/p>\n<ul style=\"text-align: justify\">\n<li style=\"text-align: justify\">Organisation von Gemeinschaftsveranstaltungen<\/li>\n<li style=\"text-align: justify\">Verbesserung der r\u00e4umlichen und baulichen Situation des F\u00f6rderzentrums<\/li>\n<li style=\"text-align: justify\">finanzielle Hilfe f\u00fcr einzelne Fachbereiche und Projekte (z. B. Sport, Werken, Sch\u00fclerb\u00fccherei, Verkehrserziehung)<\/li>\n<li style=\"text-align: justify\">F\u00f6rderung und Durchf\u00fchrung wissenschaftlicher und informativer Veranstaltungen, soweit sie die Interessen und die Arbeitsfelder des F\u00f6rderzentrums betreffen<\/li>\n<li style=\"text-align: justify\">Unterst\u00fctzung des Schullebens ( z. B. Klassenfahrten, Projektwochen)<\/li>\n<li style=\"text-align: justify\">Anschaffung von Lehr- und Spielmaterial<\/li>\n<li style=\"text-align: justify\">ggfs. finanzielle Unterst\u00fctzung einzelner Sch\u00fclerinnen und Sch\u00fcler im Zusammenhang mit Schulausfl\u00fcgen, Klassenfahrten etc.<\/li>\n<\/ul>\n<p style=\"text-align: justify\"><span style=\"font-size: 18pt;color: #ff6600\">Wie Sie uns unterst\u00fctzen k\u00f6nnen?<\/span><\/p>\n<p style=\"text-align: justify\"><strong>Werden Sie Mitglied unseres F\u00f6rdervereins oder helfen Sie durch eine einmalige Spende!<\/strong><\/p>\n<p style=\"text-align: justify\"><span style=\"text-decoration: underline\">Bankverbindung:<\/span><br>Sparkasse Hildesheim<br>IBAN DE86259501300170000082<br>BIC NOLADE21HIK<\/p>\n<p style=\"text-align: justify\">Wir sind ein gemeinn\u00fctziger Verein und dazu berechtigt, Spendenbescheinigungen auszustellen!<\/p>\n<p style=\"text-align: justify\">Eine Beitrittserkl\u00e4rung finden Sie unten.<\/p>\n<p style=\"text-align: justify\"><span style=\"text-decoration: underline\">Kontaktadresse:<\/span><\/p>\n<p style=\"text-align: justify\">Frau Andrea Theuser, Herr Dr. Matthias Kr\u00f6nig, Frau Angelika Meyer<\/p>\n<p style=\"text-align: justify\">F\u00f6rderverein der Schule im Bockfeld<\/p>\n<p style=\"text-align: justify\">Im Bockfelde 84<\/p>\n<p style=\"text-align: justify\">31137 Hildesheim<\/p>\n<p style=\"text-align: justify\">Flyer\/Beitrittserkl\u00e4rung hier zum Download:&nbsp;<\/p>\n\n\n<div data-wp-interactive=\"core\/file\" class=\"wp-block-file\"><object data-wp-bind--hidden=\"!state.hasPdfPreview\" hidden class=\"wp-block-file__embed\" data=\"https:\/\/wordpress.nibis.de\/sib\/files\/2025\/02\/Flyer-Stand-Beitraege-ab-24_1.pdf\" type=\"application\/pdf\" style=\"width:100%;height:600px\" aria-label=\"Einbettung von Einbettung von Flyer-Stand-Beitraege-ab-24_1..\"><\/object><a id=\"wp-block-file--media-2b14a6ce-90c6-42d2-9d2b-2d11b62ee044\" href=\"https:\/\/wordpress.nibis.de\/sib\/files\/2025\/02\/Flyer-Stand-Beitraege-ab-24_1.pdf\">Flyer-Stand-Beitraege-ab-24_1<\/a><a href=\"https:\/\/wordpress.nibis.de\/sib\/files\/2025\/02\/Flyer-Stand-Beitraege-ab-24_1.pdf\" class=\"wp-block-file__button\" download aria-describedby=\"wp-block-file--media-2b14a6ce-90c6-42d2-9d2b-2d11b62ee044\">Herunterladen<\/a><\/div>\n\n\n\n<p>\u00a0<\/p>\n<p style=\"text-align: center\"><em>F\u00f6rderverein der Schule im Bockfeld und des F\u00f6rderzentrums in Hildesheim e. V. <\/em><\/p>\n<p style=\"text-align: center\"><em>Im Bockfelde 84<\/em><\/p>\n<p style=\"text-align: center\"><em>31137 Hildesheim<\/em><\/p>\n<p style=\"text-align: center\"><em>E-Mail: <u>pro-<\/u><\/em><a href=\"&#109;&#x61;&#105;&#x6c;t&#x6f;:&#98;&#x6f;&#99;&#x6b;&#102;&#x65;l&#x64;s&#99;&#x68;&#117;&#x6c;e&#x40;w&#x65;&#x62;&#46;&#x64;&#101;\"><em>b&#111;&#x63;&#x6b;f&#101;&#108;&#x64;&#x73;c&#104;&#x75;&#x6c;e&#64;&#119;&#x65;&#x62;&#46;&#100;&#x65;<\/em><\/a><\/p>\n<p><em>\u00a0<\/em><\/p>\n<p style=\"text-align: right\">Hildesheim, 14.12.2018<\/p>\n<p>Liebes Vereinsmitglied,<\/p>\n<p>seit Ende Mai 2018 gilt die neue EU-Datenschutz-Grundverordnung (EU-DSGVO). Die dortigen Regelungen treffen auch unseren Verein.<\/p>\n<p>Daher informieren wir Sie als Vereinsmitglied im Rahmen dieser Verordnung \u00fcber den Datenschutz in unserem Verein und den Umgang mit personenbezogenen Daten ausf\u00fchrlich.<\/p>\n<p>Wir, der Vorstand, versichern Ihnen einen sorgf\u00e4ltigen Umgang mit den f\u00fcr Ihre Mitgliedschaft erhobenen Daten. Auf der R\u00fcckseite haben wir Umfang, Zweck und Dauer der Verarbeitung der personenbezogenen Daten sowie Ihre Rechte als betroffene Person erl\u00e4utert.<\/p>\n<p>Laut Verordnung m\u00fcssen wir nachweisen k\u00f6nnen, dass wir Sie \u00fcber die Datenverwendung informiert haben. Deshalb ist es wichtig, dass Sie uns den Erhalt dieses Infoschreibens best\u00e4tigen und uns den folgenden Abschnitt unterschrieben zur\u00fccksenden.<\/p>\n<p>Herzliche Gr\u00fc\u00dfe<\/p>\n<p>Andrea Theuser, Angelika Meyer<\/p>\n<hr \/>\n<p>_______________________________________________________<\/p>\n<p>(Name, Vorname)<\/p>\n<p>Ich wurde vom Vorstand des F\u00f6rdervereins der Schule im Bockfeld und des F\u00f6rderzentrums in Hildesheim e. V. \u00fcber die Verarbeitung und Speicherung meiner personenbezogenen Daten (Art. 13 DSGVO) schriftlich informiert und bin damit einverstanden.<\/p>\n<p>_____________________________\u00a0\u00a0\u00a0\u00a0\u00a0\u00a0\u00a0\u00a0\u00a0\u00a0 __________________________________________<\/p>\n<p>(Ort, Datum)\u00a0\u00a0\u00a0\u00a0\u00a0\u00a0\u00a0\u00a0\u00a0\u00a0\u00a0\u00a0\u00a0\u00a0\u00a0\u00a0\u00a0\u00a0\u00a0\u00a0\u00a0\u00a0\u00a0\u00a0\u00a0\u00a0\u00a0\u00a0\u00a0\u00a0\u00a0\u00a0\u00a0\u00a0\u00a0\u00a0\u00a0\u00a0\u00a0\u00a0\u00a0\u00a0\u00a0\u00a0\u00a0\u00a0\u00a0\u00a0\u00a0\u00a0\u00a0\u00a0\u00a0\u00a0\u00a0\u00a0\u00a0 (Unterschrift)<\/p>\n<p><strong>Information der Vereinsmitglieder nach der DSGVO<\/strong><strong>\u00a0<\/strong><\/p>\n<h6>Zwecke der Verarbeitung<\/h6>\n<p>Der Vorstand des Vereins erhebt und verarbeitet Ihre Daten im Rahmen der Vereinsmitgliedschaft zu folgenden Zwecken (Art. 6 Abs. 1b EU-DSGVO):<\/p>\n<ul>\n<li>Erf\u00fcllung des Vereinszweckes (Name, Adresse sowie Geburtsdatum, Titel, Telefonnummer, E-Mail-Adresse)<\/li>\n<li>Einzug des Mitgliedsbeitrages (Kontoverbindung)<\/li>\n<\/ul>\n<h6>Dauer der Verarbeitung<\/h6>\n<p>Wir verarbeiten und speichern die Daten nur so lange, wie es zur Erf\u00fcllung der Mitgliedschaft oder geltender Rechtsvorschriften sowie der Pflege unserer Beziehung zu Ihnen erforderlich ist.<\/p>\n<p>Sollten Sie die L\u00f6schung Ihrer Daten w\u00fcnschen, werden wir diese unverz\u00fcglich l\u00f6schen, soweit der L\u00f6schung nicht rechtliche Aufbewahrungsfristen entgegenstehen. Bitte wenden Sie sich in diesem Fall direkt an den Vorstand.<\/p>\n<h6>Rechte als betroffene Person\/Vereinsmitglied<\/h6>\n<p>Nach der EU-DSGVO haben Sie das Recht auf:<\/p>\n<ul>\n<li>Auskunft \u00fcber die Verarbeitung Ihrer Daten<\/li>\n<li>Berichtigung oder L\u00f6schung (sog. Recht auf Vergessen)<\/li>\n<li>Einschr\u00e4nkung der Verarbeitung (nur noch Speicherung m\u00f6glich)<\/li>\n<li>Widerspruch gegen die Verarbeitung<\/li>\n<li>Daten\u00fcbertragbarkeit<\/li>\n<li>Widerruf der gegebenen Einwilligung<\/li>\n<li>Beschwerde bei einer Datenschutz-Aufsichtsbeh\u00f6rde im Bundesgebiet<\/li>\n<\/ul>\n<p>Eine \u00dcbermittlung Ihrer Daten findet ausschlie\u00dflich an die Sparkasse Hildesheim zum Zweck des Einzugs der Mitgliedsbeitr\u00e4ge statt. Wir f\u00fchren keinerlei Datenauswertungen durch.<\/p>\n<p>Sollten Sie weitergehende Fragen haben, schicken Sie uns bitte eine Mail (s. u.).<\/p>\n<p style=\"text-align: center\"><em>F\u00f6rderverein der Schule im Bockfeld und des F\u00f6rderzentrums in Hildesheim e. V. <\/em><\/p>\n<p style=\"text-align: center\"><em>Im Bockfelde 84<\/em><\/p>\n<p style=\"text-align: center\"><em>31137 Hildesheim<\/em><\/p>\n<p style=\"text-align: center\"><em>E-Mail: <u>pro-<\/u><\/em><a href=\"&#x6d;&#x61;&#x69;&#x6c;&#x74;&#x6f;&#x3a;&#98;&#111;&#99;&#107;&#102;elds&#x63;&#x68;&#x75;&#x6c;&#x65;&#x40;&#x77;&#x65;&#98;&#46;&#100;&#101;\"><em>&#x62;&#111;&#x63;&#x6b;f&#x65;&#108;d&#x73;&#99;h&#x75;&#108;&#x65;&#x40;w&#x65;&#98;&#46;&#x64;&#101;<\/em><\/a><\/p>\n","protected":false},"excerpt":{"rendered":"<p>Liebe Eltern, Erziehende und Freunde der Schule im Bockfeld! Seit mehreren Jahren gibt es den F\u00f6rderverein der Schule im Bockfeld. Gem\u00e4\u00df unserer Satzung hat der F\u00f6rderverein den Zweck, die p\u00e4dagogische Arbeit der Schule im Bockfeld und der Tagesst\u00e4tte zu unterst\u00fctzen und die Arbeit mit k\u00f6rperlich und geistig beeintr\u00e4chtigten Kindern zu f\u00f6rdern. Schwerpunkte unseres F\u00f6rderns sind &hellip; <a href=\"https:\/\/wordpress.nibis.de\/sib\/infos\/foerderverein\/\" class=\"more-link\"><span class=\"screen-reader-text\">F\u00f6rderverein<\/span> weiterlesen <span class=\"meta-nav\">&rarr;<\/span><\/a><\/p>\n","protected":false},"author":9192613,"featured_media":0,"parent":11,"menu_order":0,"comment_status":"closed","ping_status":"closed","template":"","meta":{"footnotes":""},"class_list":["post-121","page","type-page","status-publish","hentry"],"_links":{"self":[{"href":"https:\/\/wordpress.nibis.de\/sib\/wp-json\/wp\/v2\/pages\/121","targetHints":{"allow":["GET"]}}],"collection":[{"href":"https:\/\/wordpress.nibis.de\/sib\/wp-json\/wp\/v2\/pages"}],"about":[{"href":"https:\/\/wordpress.nibis.de\/sib\/wp-json\/wp\/v2\/types\/page"}],"author":[{"embeddable":true,"href":"https:\/\/wordpress.nibis.de\/sib\/wp-json\/wp\/v2\/users\/9192613"}],"replies":[{"embeddable":true,"href":"https:\/\/wordpress.nibis.de\/sib\/wp-json\/wp\/v2\/comments?post=121"}],"version-history":[{"count":17,"href":"https:\/\/wordpress.nibis.de\/sib\/wp-json\/wp\/v2\/pages\/121\/revisions"}],"predecessor-version":[{"id":2252,"href":"https:\/\/wordpress.nibis.de\/sib\/wp-json\/wp\/v2\/pages\/121\/revisions\/2252"}],"up":[{"embeddable":true,"href":"https:\/\/wordpress.nibis.de\/sib\/wp-json\/wp\/v2\/pages\/11"}],"wp:attachment":[{"href":"https:\/\/wordpress.nibis.de\/sib\/wp-json\/wp\/v2\/media?parent=121"}],"curies":[{"name":"wp","href":"https:\/\/api.w.org\/{rel}","templated":true}]}}