{"id":1239,"date":"2020-05-12T08:06:34","date_gmt":"2020-05-12T06:06:34","guid":{"rendered":"https:\/\/wordpress.nibis.de\/sib\/?page_id=1239"},"modified":"2022-11-02T09:52:44","modified_gmt":"2022-11-02T08:52:44","slug":"hilfsangebote","status":"publish","type":"page","link":"https:\/\/wordpress.nibis.de\/sib\/hilfsangebote\/","title":{"rendered":"Hilfsangebote"},"content":{"rendered":"\n<p>Mal wieder Stress mit den Eltern? Schon wieder \u00c4rger in der Schule? Warum immer ich?<\/p>\n\n\n\n<p> Wenn Du Deine Sorgen nicht mit jemandem aus der Schule besprechen kannst oder m\u00f6chtest, findest Du hier Adressen und Telefonnummern.<br><\/p>\n\n\n\n<figure class=\"wp-block-image is-resized\"><img loading=\"lazy\" decoding=\"async\" src=\"https:\/\/wordpress.nibis.de\/sib\/files\/2020\/05\/Bildschirmfoto-2020-05-12-um-07.59.00-1.png\" alt=\"\" class=\"wp-image-1241\" width=\"210\" height=\"123\" \/><\/figure>\n\n\n\n<div class=\"wp-block-image\"><figure class=\"alignright is-resized\"><img loading=\"lazy\" decoding=\"async\" src=\"https:\/\/wordpress.nibis.de\/sib\/files\/2020\/05\/Bildschirmfoto-2020-05-12-um-07.58.50.png\" alt=\"\" class=\"wp-image-1242\" width=\"224\" height=\"140\" \/><\/figure><\/div>\n\n\n\n<figure class=\"wp-block-image is-resized\"><img loading=\"lazy\" decoding=\"async\" src=\"https:\/\/wordpress.nibis.de\/sib\/files\/2020\/05\/Bildschirmfoto-2020-05-12-um-08.02.09.png\" alt=\"\" class=\"wp-image-1243\" width=\"276\" height=\"285\" \/><\/figure>\n\n\n\n<p><strong>Sprechstunden am Abend <br>w\u00e4hrend Corona-Pandemie<\/strong><\/p>\n\n\n\n<p><strong>Caritasverband, Familienberatung, <br>mo-frei 19-21 Uhr unter 05121-1677257<\/strong><\/p>\n\n\n\n<p><strong>Erziehungsberatungsstelle LK Hildesheim, <br>mo-frei 19-22 Uhr  unter 05121-3091131<\/strong><\/p>\n\n\n\n<figure class=\"wp-block-table is-style-regular\"><table class=\"has-fixed-layout\"><tbody><tr><td>Kinder- und Jugendhilfe<br> Landkreis Hildesheim<br> 05121 309 6927&nbsp;<br> <br><br> <a href=\"&#109;a&#x69;l&#x74;&#111;&#x3a;&#99;&#x6f;&#114;o&#x6e;a&#x2d;&#106;&#x75;&#103;&#x65;&#110;&#x64;&#97;m&#x74;&#64;&#x6c;&#97;&#x6e;&#100;&#x6b;&#114;e&#x69;s&#x68;&#105;&#x6c;&#100;&#x65;&#115;&#x68;&#101;i&#x6d;&#46;&#x64;&#101;\">&#x63;o&#x72;&#111;&#x6e;&#x61;-&#x6a;&#117;&#x67;&#x65;n&#x64;&#97;&#x6d;&#x74;&#64;&#x6c;&#97;&#x6e;&#x64;k&#x72;&#101;&#x69;&#x73;h&#x69;&#108;&#x64;&#x65;s&#x68;&#101;&#x69;&#x6d;&#46;&#x64;&#101;<\/a><\/td><td>Deutscher Kinderschutzbund <br> Ortsverband Hildesheim e.V.<br> Ottostr. 77<br> 31137 Hildesheim<br> T. 05121-510294<br> F. 05121-519098<br> <a href=\"&#x6d;&#x61;&#105;l&#x74;&#x6f;&#58;in&#x66;&#x6f;&#64;d&#x6b;&#x73;&#98;&#45;h&#x69;&#x6c;&#100;e&#x73;&#x68;&#101;&#105;m&#x2e;&#x64;&#101;\">&#105;&#x6e;&#102;&#x6f;&#64;&#x64;k&#x73;b&#x2d;h&#105;&#x6c;&#100;&#x65;&#115;&#x68;&#101;&#x69;m&#x2e;d&#x65;<\/a><br> <br><\/td><\/tr><tr><td>Sorgentelefon-Hildesheim e.V.<br> Gesch\u00e4ftsstelle<br> Laubaner Stra\u00dfe 16<br> 31139 Hildesheim&nbsp;<br> Telefon: 05121 &#8211; 20 80 646<br> Telefax: 05121 &#8211; 10 25 25&nbsp;<br> E-Mail: <a href=\"&#x6d;&#x61;&#105;l&#x74;&#x6f;&#58;in&#x66;&#x6f;&#64;s&#x6f;&#x72;&#103;&#101;n&#x74;&#x65;&#108;e&#x66;&#x6f;&#110;&#45;h&#x69;&#x6c;&#100;e&#x73;&#x68;&#101;&#105;m&#x2e;&#x64;&#101;\">inf&#111;&#64;&#115;&#111;&#x72;&#x67;&#x65;&#x6e;&#x74;&#x65;&#x6c;efo&#110;&#45;&#104;&#105;&#108;&#x64;&#x65;&#x73;&#x68;&#x65;&#x69;m&#46;de<\/a>&nbsp;<br> <br><\/td><td><br><\/td><\/tr><tr><td>Wildrose<br> Beratungsstelle gegen sexuelle Gewalt&nbsp; <br> Andreasplatz 5 <br> 31134 Hildesheim<br> Telefon: 05121-402006&nbsp;<br> Mobil: 0151-64066660<br> Fax: 05121-402077<br> E-Mail: <a href=\"&#x6d;&#x61;&#x69;&#x6c;&#x74;&#x6f;&#x3a;&#x42;&#x65;&#x72;&#x61;&#x74;&#x75;&#x6e;&#x67;&#x73;&#x73;&#x74;&#x65;&#x6c;&#x6c;&#x65;&#45;&#87;&#105;&#108;&#100;&#114;&#111;&#115;&#101;&#64;&#119;&#101;&#98;&#46;&#100;e\">B&#101;&#x72;&#x61;&#x74;u&#110;&#103;&#x73;&#x73;t&#101;&#108;&#x6c;&#x65;-W&#105;&#x6c;&#x64;&#x72;o&#115;&#x65;&#x40;&#x77;e&#98;&#46;&#x64;&#x65;\ufeff<\/a><\/td><td>Beratungsstelle Ansto\u00df<br> Gegen sexualisierte Gewalt an Jungen und m\u00e4nnlichen Jugendlichen<br> Ilse-ter-Meer-Weg 7<br> 30449 Hannover<br> Tel.: 0511 . 123 589 11<br> Fax.: 0511 . 123 589 20<br> <br><br> E-Mail:<br> &#65;&#110;&#x73;t&#111;&#x73;&#x73;&#64;&#109;&#x61;&#x65;n&#110;&#x65;r&#98;&#x75;&#x65;r&#111;&#x2d;&#x68;a&#110;&#x6e;o&#118;&#x65;&#x72;&#46;&#100;&#x65;<br> &#x69;&#110;&#x66;&#x6f;&#64;&#x6d;&#97;e&#x6e;&#110;e&#x72;&#98;&#x75;&#x65;r&#x6f;&#45;h&#x61;&#110;n&#x6f;&#118;&#x65;&#x72;&#46;&#x64;&#x65;<br> <br><\/td><\/tr><tr><td>Violetta<br> Seelhorststra\u00dfe 11,<br> 30175 Hannover (gegen\u00fcber der Sophienschule)<br> Telefon 0511 \u2013 85 55 54&nbsp;<br> Fax 0511 \u2013 85 55 94<br> Email: <a href=\"&#x6d;&#x61;&#x69;&#x6c;&#x74;&#x6f;&#x3a;&#x69;&#x6e;&#x66;&#x6f;&#64;&#118;&#105;&#111;&#108;&#101;&#116;ta-han&#x6e;&#x6f;&#x76;&#x65;&#x72;&#x2e;&#x64;&#x65;\">&#x69;&#110;f&#x6f;&#x40;&#118;i&#x6f;&#x6c;&#101;t&#x74;&#x61;&#45;h&#x61;&#x6e;&#110;o&#x76;&#101;&#114;&#46;&#x64;&#101;<\/a>&nbsp;<br> Website: https:\/\/www.violetta-hannover.de\/unser-angebot-leichter-sprache<\/td><td>mannigfaltig e.V. \u2013 Institut f\u00fcr Jungen- und M\u00e4nnerarbeit<br> Lavesstra\u00dfe 3<br> 30159 Hannover<br> &nbsp;<br> Tel.: 0511 \u2013 458 21 62<br> Fax: 0511 \u2013 458 21 63<br> &nbsp;<br> Email: &#x69;&#x6e;&#102;o&#x40;&#x6d;&#97;&#110;n&#x69;&#x67;&#102;&#97;l&#x74;&#x69;&#103;&#46;d&#x65;<\/td><\/tr><tr><td>Beratungsstelle f\u00fcr Frauen<br> Bahnhofsallee 25<br> 31134 Hildesheim&nbsp;<br> Telefon: 05121 15544<br> E-Mail: <a href=\"&#109;&#97;&#x69;l&#116;&#x6f;&#x3a;i&#110;&#x66;&#x6f;&#64;&#102;&#x72;&#x61;u&#101;&#x6e;&#x68;a&#117;&#x73;&#x2d;h&#105;&#x6c;d&#101;&#115;&#x68;e&#105;&#x6d;&#x2e;d&#101;\">i&#110;&#102;&#x6f;&#x40;&#x66;r&#97;&#117;&#x65;&#x6e;&#x68;au&#115;&#x2d;&#x68;&#x69;ld&#101;&#115;&#x68;&#x65;&#x69;m&#46;&#100;&#x65;<\/a><br> Website: <a href=\"http:\/\/www.frauenhaus-hildesheim.de\">http:\/\/www.frauenhaus-hildesheim.de<\/a>&nbsp;<\/td><td>Hilfetelefon \u201eGewalt gegen Frauen\u201c&nbsp;<br> 08000-116 016<\/td><\/tr><tr><td>WEISSER RING e. V. Landesb\u00fcro Niedersachsen<br> Hildesheim<br> Telefon: 0511\/799997<br> Mobil: <br> Fax: 0511\/755556 <br> E-Mail: <a href=\"&#x6d;&#97;i&#x6c;&#116;o&#x3a;&#78;i&#x65;&#100;e&#x72;&#115;a&#x63;&#x68;s&#x65;&#x6e;&#64;&#x77;&#x65;&#105;&#x73;&#x73;&#101;r&#x2d;&#114;i&#x6e;&#103;&#46;&#x64;&#101;\">&#x4e;&#105;e&#x64;&#101;r&#x73;&#x61;&#99;&#x68;&#x73;&#101;n&#x40;&#119;e&#x69;&#x73;&#115;&#x65;&#x72;&#45;r&#x69;&#110;g&#x2e;&#x64;&#101;<\/a><br> Website: <a href=\"http:\/\/hildesheim-niedersachsen.weisser-ring.de\">hildesheim-niedersachsen.weisser-ring.de<\/a><\/td><td>Opferhilfeb\u00fcro Hildesheim<br> Kaiserstr. 60<br> 31134 Hildesheim<br> 05121- 968-445<br> 05121 -968-219<br> <br><br> Website: www.opferschutz-niedersachsen.de&nbsp; &nbsp;&nbsp;<\/td><\/tr><tr><td>Stadt Hildesheim<br> Hannoversche Stra\u00dfe 6<br> 31134 Hildesheim<br> Jugendberatung 3. Etage,&nbsp;<br> Raum 301\/302<br> Telefon: 05121 301-4520 und -22<br> E-Mail:&nbsp;<br> &#x6a;&#x75;&#103;e&#x6e;&#x64;&#x62;&#101;r&#x61;&#x74;&#x75;&#110;g&#x40;&#x73;&#x74;&#97;d&#x74;&#x2d;&#x68;&#105;l&#x64;&#x65;&#x73;&#104;e&#x69;&#x6d;&#x2e;&#100;e<\/td><td>Jugendamt \u2013 Erziehungshilfe Fachstelle Kinderschutz<br> Bischof-Janssen-Stra\u00dfe 31<br> 31134 Hildesheim<br> <br><br> Tel. 0 51 21 \/ 309 &#8211; 6201<\/td><\/tr><tr><td>Sorgentelefon -Verein f\u00fcr Suizidpr\u00e4vention<br> Schwemannstra\u00dfe 2<br> 31134 Hildesheim<br> Tel: 05121\/516286<br> Email:<br> <a href=\"&#x6d;&#97;&#105;l&#x74;&#x6f;&#58;b&#x75;&#x65;&#114;o&#x40;&#x73;&#117;i&#x7a;&#x69;&#100;p&#x72;&#x61;&#101;v&#x65;&#x6e;&#116;&#105;o&#x6e;&#x2d;&#104;i&#x6c;&#x64;&#101;s&#x68;&#x65;&#105;m&#x2e;&#x64;&#101;\">&#x62;&#117;e&#x72;&#111;&#64;&#x73;&#117;i&#x7a;&#105;d&#x70;&#114;a&#x65;&#118;e&#x6e;&#116;i&#x6f;&#110;-&#x68;&#105;l&#x64;&#101;s&#x68;&#101;i&#x6d;&#46;d&#x65;<\/a><\/td><td><\/td><\/tr><tr><td>Polizeiinspektion Hildesheim<br> <br> Sch\u00fctzenwiese 24 <br> 31137 Hildesheim <br> Telefon (05121) 939-0 <br> Fax (05121) 939-250<\/td><td>Nieders\u00e4chsische Landesschulbeh\u00f6rde, Dez. 5\u00a0<br> RA Hannover, Dienstort Alfeld<br> Schulpsychologie<br> Neue Wiese 11\u00a0\u00a0\u00a0<br> 31061 Alfeld\u00a0\u00a0\u00a0\u00a0\u00a0\u00a0\u00a0\u00a0\u00a0\u00a0\u00a0\u00a0\u00a0\u00a0\u00a0\u00a0\u00a0\u00a0\u00a0\u00a0\u00a0\u00a0\u00a0\u00a0\u00a0\u00a0\u00a0\u00a0\u00a0\u00a0\u00a0\u00a0\u00a0\u00a0\u00a0\u00a0\u00a0\u00a0\u00a0\u00a0\u00a0\u00a0\u00a0\u00a0\u00a0\u00a0\u00a0\u00a0\u00a0\u00a0<br> E-Mail: <br>&#x63;&#x61;&#x72;&#115;&#116;&#101;n&#46;&#x4a;&#x6f;&#x68;&#x6e;&#64;&#110;ls&#x63;&#x68;&#x62;&#x2e;&#110;&#105;ed&#x65;&#x72;&#x73;&#x61;&#99;&#104;&#115;en&#x2e;&#x64;&#x65; \u00a0 \u00a0\u00a0\u00a0\u00a0\u00a0\u00a0\u00a0\u00a0\u00a0\u00a0\u00a0\u00a0\u00a0\u00a0\u00a0\u00a0\u00a0\u00a0\u00a0\u00a0\u00a0\u00a0\u00a0\u00a0\u00a0Tel. 05181-846014<br> E-Mail: <br>&#x63;&#x68;&#x72;&#x69;&#115;&#116;&#105;na&#x2e;&#x73;&#x63;&#x68;&#x69;&#108;&#108;&#97;&#64;n&#x6c;&#x73;&#x63;&#x68;&#x62;&#46;&#110;&#105;ed&#x65;&#x72;&#x73;&#x61;&#x63;&#104;&#115;&#101;n&#46;&#x64;&#x65;<br>         Tel. 05181-846013<br> <br><\/td><\/tr><tr><td><br><\/td><td><\/td><\/tr><tr><td><\/td><td><\/td><\/tr><tr><td><\/td><td><\/td><\/tr><\/tbody><\/table><\/figure>\n","protected":false},"excerpt":{"rendered":"<p>Mal wieder Stress mit den Eltern? Schon wieder \u00c4rger in der Schule? Warum immer ich? Wenn Du Deine Sorgen nicht mit jemandem aus der Schule besprechen kannst oder m\u00f6chtest, findest Du hier Adressen und Telefonnummern. Sprechstunden am Abend w\u00e4hrend Corona-Pandemie Caritasverband, Familienberatung, mo-frei 19-21 Uhr unter 05121-1677257 Erziehungsberatungsstelle LK Hildesheim, mo-frei 19-22 Uhr unter 05121-3091131 &hellip; <a href=\"https:\/\/wordpress.nibis.de\/sib\/hilfsangebote\/\" class=\"more-link\"><span class=\"screen-reader-text\">Hilfsangebote<\/span> weiterlesen <span class=\"meta-nav\">&rarr;<\/span><\/a><\/p>\n","protected":false},"author":9192613,"featured_media":0,"parent":0,"menu_order":0,"comment_status":"closed","ping_status":"closed","template":"","meta":{"footnotes":""},"class_list":["post-1239","page","type-page","status-publish","hentry"],"_links":{"self":[{"href":"https:\/\/wordpress.nibis.de\/sib\/wp-json\/wp\/v2\/pages\/1239","targetHints":{"allow":["GET"]}}],"collection":[{"href":"https:\/\/wordpress.nibis.de\/sib\/wp-json\/wp\/v2\/pages"}],"about":[{"href":"https:\/\/wordpress.nibis.de\/sib\/wp-json\/wp\/v2\/types\/page"}],"author":[{"embeddable":true,"href":"https:\/\/wordpress.nibis.de\/sib\/wp-json\/wp\/v2\/users\/9192613"}],"replies":[{"embeddable":true,"href":"https:\/\/wordpress.nibis.de\/sib\/wp-json\/wp\/v2\/comments?post=1239"}],"version-history":[{"count":4,"href":"https:\/\/wordpress.nibis.de\/sib\/wp-json\/wp\/v2\/pages\/1239\/revisions"}],"predecessor-version":[{"id":2019,"href":"https:\/\/wordpress.nibis.de\/sib\/wp-json\/wp\/v2\/pages\/1239\/revisions\/2019"}],"wp:attachment":[{"href":"https:\/\/wordpress.nibis.de\/sib\/wp-json\/wp\/v2\/media?parent=1239"}],"curies":[{"name":"wp","href":"https:\/\/api.w.org\/{rel}","templated":true}]}}