{"id":1269,"date":"2020-06-17T08:40:29","date_gmt":"2020-06-17T06:40:29","guid":{"rendered":"https:\/\/wordpress.nibis.de\/sib\/?page_id=1269"},"modified":"2024-09-09T13:13:07","modified_gmt":"2024-09-09T11:13:07","slug":"downloads","status":"publish","type":"page","link":"https:\/\/wordpress.nibis.de\/sib\/infos\/downloads\/","title":{"rendered":"Downloads"},"content":{"rendered":"\n<p><strong>Konferenzprotokolle (schreibgesch\u00fctzt f\u00fcr ElternvertreterInnen)<\/strong><\/p>\n\n\n\n<p><a href=\"https:\/\/wordpress.nibis.de\/sib\/infos\/konferenzprotokolle-fuer-elternvertreterinnen-und-elternvertreter\/\">Zugang zum gesch\u00fctzten Bereich<\/a><\/p>\n\n\n\n<p><strong>Iserv<\/strong><\/p>\n\n\n\n<div class=\"wp-block-file\"><a id=\"wp-block-file--media-812770ed-559a-43b1-86f3-4519b8fe8ff0\" href=\"https:\/\/wordpress.nibis.de\/sib\/files\/2020\/11\/IServ-AnmeldeInfoNutzungsordnung.pdf\">IServ-AnmeldeInfoNutzungsordnung<\/a><a href=\"https:\/\/wordpress.nibis.de\/sib\/files\/2020\/11\/IServ-AnmeldeInfoNutzungsordnung.pdf\" class=\"wp-block-file__button\" download aria-describedby=\"wp-block-file--media-812770ed-559a-43b1-86f3-4519b8fe8ff0\">Herunterladen<\/a><\/div>\n\n\n\n<p><\/p>\n\n\n\n<p><\/p>\n\n\n\n<p><\/p>\n","protected":false},"excerpt":{"rendered":"<p>Konferenzprotokolle (schreibgesch\u00fctzt f\u00fcr ElternvertreterInnen) Zugang zum gesch\u00fctzten Bereich Iserv<\/p>\n","protected":false},"author":9192613,"featured_media":0,"parent":11,"menu_order":0,"comment_status":"closed","ping_status":"closed","template":"","meta":{"footnotes":""},"class_list":["post-1269","page","type-page","status-publish","hentry"],"_links":{"self":[{"href":"https:\/\/wordpress.nibis.de\/sib\/wp-json\/wp\/v2\/pages\/1269","targetHints":{"allow":["GET"]}}],"collection":[{"href":"https:\/\/wordpress.nibis.de\/sib\/wp-json\/wp\/v2\/pages"}],"about":[{"href":"https:\/\/wordpress.nibis.de\/sib\/wp-json\/wp\/v2\/types\/page"}],"author":[{"embeddable":true,"href":"https:\/\/wordpress.nibis.de\/sib\/wp-json\/wp\/v2\/users\/9192613"}],"replies":[{"embeddable":true,"href":"https:\/\/wordpress.nibis.de\/sib\/wp-json\/wp\/v2\/comments?post=1269"}],"version-history":[{"count":35,"href":"https:\/\/wordpress.nibis.de\/sib\/wp-json\/wp\/v2\/pages\/1269\/revisions"}],"predecessor-version":[{"id":2179,"href":"https:\/\/wordpress.nibis.de\/sib\/wp-json\/wp\/v2\/pages\/1269\/revisions\/2179"}],"up":[{"embeddable":true,"href":"https:\/\/wordpress.nibis.de\/sib\/wp-json\/wp\/v2\/pages\/11"}],"wp:attachment":[{"href":"https:\/\/wordpress.nibis.de\/sib\/wp-json\/wp\/v2\/media?parent=1269"}],"curies":[{"name":"wp","href":"https:\/\/api.w.org\/{rel}","templated":true}]}}