{"id":1302,"date":"2020-07-13T20:38:13","date_gmt":"2020-07-13T18:38:13","guid":{"rendered":"https:\/\/wordpress.nibis.de\/sib\/?page_id=1302"},"modified":"2023-06-18T11:59:38","modified_gmt":"2023-06-18T09:59:38","slug":"steuergruppe","status":"publish","type":"page","link":"https:\/\/wordpress.nibis.de\/sib\/ueber-uns\/steuergruppe\/","title":{"rendered":"Steuergruppe"},"content":{"rendered":"\n<figure class=\"wp-block-image size-large\"><img loading=\"lazy\" decoding=\"async\" width=\"1200\" height=\"675\" src=\"https:\/\/wordpress.nibis.de\/sib\/files\/2023\/06\/DSC02918-1200x675.jpeg\" alt=\"\" class=\"wp-image-2112\" srcset=\"https:\/\/wordpress.nibis.de\/sib\/files\/2023\/06\/DSC02918-1200x675.jpeg 1200w, https:\/\/wordpress.nibis.de\/sib\/files\/2023\/06\/DSC02918-850x478.jpeg 850w, https:\/\/wordpress.nibis.de\/sib\/files\/2023\/06\/DSC02918-250x141.jpeg 250w\" sizes=\"auto, (max-width: 1200px) 100vw, 1200px\" \/><\/figure>\n\n\n\n<p>Wir arbeiten als Steuergruppe f\u00fcr die Schulentwicklung unserer Schule zusammen. <\/p>\n\n\n\n<p>Unsere T\u00e4tigkeiten sind<\/p>\n\n\n\n<ul class=\"wp-block-list\"><li>Beraten<\/li><li>Unterst\u00fctzen<\/li><li>Vorbereiten<\/li><li>Durchf\u00fchren<\/li><li>Vernetzen und Evaluieren<\/li><\/ul>\n\n\n\n<p>So ist u.a. unser <a href=\"https:\/\/wordpress.nibis.de\/sib\/leitbild\/\">Leitbild<\/a> entstanden. <\/p>\n\n\n\n<p>Aktuelle Entwicklungsziele unserer Schulprogrammarbeit sind<\/p>\n\n\n\n<ul class=\"wp-block-list\"><li>Erstellung eines Erziehungskonzept f\u00fcr Sch\u00fclerinnen und Sch\u00fcler mit einem Bedarf an sonderp\u00e4dagogischer Unterst\u00fctzung in den F\u00f6rderschwerpunkten Geistige Entwicklung <strong>und<\/strong> emotionale und soziale Entwicklung&nbsp;<\/li><li>Teamentwicklung und kollegiale Zusammenarbeit<\/li><li>Gesundheitsf\u00f6rderung<\/li><li>Medienentwicklungsplanung<\/li><li>Entwicklung zur F\u00f6rderschule mit ganzt\u00e4gigem Unterricht<\/li><\/ul>\n","protected":false},"excerpt":{"rendered":"<p>Wir arbeiten als Steuergruppe f\u00fcr die Schulentwicklung unserer Schule zusammen. Unsere T\u00e4tigkeiten sind Beraten Unterst\u00fctzen Vorbereiten Durchf\u00fchren Vernetzen und Evaluieren So ist u.a. unser Leitbild entstanden. Aktuelle Entwicklungsziele unserer Schulprogrammarbeit sind Erstellung eines Erziehungskonzept f\u00fcr Sch\u00fclerinnen und Sch\u00fcler mit einem Bedarf an sonderp\u00e4dagogischer Unterst\u00fctzung in den F\u00f6rderschwerpunkten Geistige Entwicklung und emotionale und soziale Entwicklung&nbsp; Teamentwicklung &hellip; <a href=\"https:\/\/wordpress.nibis.de\/sib\/ueber-uns\/steuergruppe\/\" class=\"more-link\"><span class=\"screen-reader-text\">Steuergruppe<\/span> weiterlesen <span class=\"meta-nav\">&rarr;<\/span><\/a><\/p>\n","protected":false},"author":9192613,"featured_media":0,"parent":9,"menu_order":0,"comment_status":"closed","ping_status":"closed","template":"","meta":{"footnotes":""},"class_list":["post-1302","page","type-page","status-publish","hentry"],"_links":{"self":[{"href":"https:\/\/wordpress.nibis.de\/sib\/wp-json\/wp\/v2\/pages\/1302","targetHints":{"allow":["GET"]}}],"collection":[{"href":"https:\/\/wordpress.nibis.de\/sib\/wp-json\/wp\/v2\/pages"}],"about":[{"href":"https:\/\/wordpress.nibis.de\/sib\/wp-json\/wp\/v2\/types\/page"}],"author":[{"embeddable":true,"href":"https:\/\/wordpress.nibis.de\/sib\/wp-json\/wp\/v2\/users\/9192613"}],"replies":[{"embeddable":true,"href":"https:\/\/wordpress.nibis.de\/sib\/wp-json\/wp\/v2\/comments?post=1302"}],"version-history":[{"count":3,"href":"https:\/\/wordpress.nibis.de\/sib\/wp-json\/wp\/v2\/pages\/1302\/revisions"}],"predecessor-version":[{"id":2113,"href":"https:\/\/wordpress.nibis.de\/sib\/wp-json\/wp\/v2\/pages\/1302\/revisions\/2113"}],"up":[{"embeddable":true,"href":"https:\/\/wordpress.nibis.de\/sib\/wp-json\/wp\/v2\/pages\/9"}],"wp:attachment":[{"href":"https:\/\/wordpress.nibis.de\/sib\/wp-json\/wp\/v2\/media?parent=1302"}],"curies":[{"name":"wp","href":"https:\/\/api.w.org\/{rel}","templated":true}]}}