{"id":1606,"date":"2021-03-29T21:58:56","date_gmt":"2021-03-29T19:58:56","guid":{"rendered":"https:\/\/wordpress.nibis.de\/sib\/?page_id=1606"},"modified":"2022-09-08T17:54:01","modified_gmt":"2022-09-08T15:54:01","slug":"polli-in-der-g5b","status":"publish","type":"page","link":"https:\/\/wordpress.nibis.de\/sib\/archiv\/archiv-2\/polli-in-der-g5b\/","title":{"rendered":"G5b 20\/21"},"content":{"rendered":"\n<h2 class=\"wp-block-heading\">Polli in der G5b<\/h2>\n\n\n\n<p>Polli ist eine wuschelige, s\u00fc\u00dfe H\u00fcndin. Wenn Polli uns besucht, machen wir oft Spiele mit ihr. Drau\u00dfen verstecken wir ein S\u00e4ckchen und Polli muss es dann suchen. Polli findet das S\u00e4ckchen immer. Manchmal werfen wir das S\u00e4ckchen weg und Polli holt es uns zur\u00fcck. Dann bekommt sie immer ein Leckerli. Wenn wir Wettlauf machen, ist Polli immer am schnellsten. In der Klasse hat sie eine Ecke, in der sie ihre Ruhe hat. Da d\u00fcrfen wir sie dann nicht st\u00f6ren. Wenn Polli da ist, ist es sch\u00f6n!. <\/p>\n\n\n\n<p>Die G5b<\/p>\n\n\n\n<figure class=\"wp-block-gallery has-nested-images columns-default is-cropped wp-block-gallery-1 is-layout-flex wp-block-gallery-is-layout-flex\">\n<figure class=\"wp-block-image size-large\"><img loading=\"lazy\" decoding=\"async\" width=\"1200\" height=\"675\" data-id=\"1635\" src=\"https:\/\/wordpress.nibis.de\/sib\/files\/2021\/04\/IMG_3293-1200x675.jpg\" alt=\"\" class=\"wp-image-1635\" srcset=\"https:\/\/wordpress.nibis.de\/sib\/files\/2021\/04\/IMG_3293-1200x675.jpg 1200w, https:\/\/wordpress.nibis.de\/sib\/files\/2021\/04\/IMG_3293-850x478.jpg 850w, https:\/\/wordpress.nibis.de\/sib\/files\/2021\/04\/IMG_3293-250x141.jpg 250w\" sizes=\"auto, (max-width: 1200px) 100vw, 1200px\" \/><\/figure>\n\n\n\n<figure class=\"wp-block-image size-large\"><img loading=\"lazy\" decoding=\"async\" width=\"1200\" height=\"675\" data-id=\"1636\" src=\"https:\/\/wordpress.nibis.de\/sib\/files\/2021\/04\/IMG_3299-1200x675.jpg\" alt=\"\" class=\"wp-image-1636\" srcset=\"https:\/\/wordpress.nibis.de\/sib\/files\/2021\/04\/IMG_3299-1200x675.jpg 1200w, https:\/\/wordpress.nibis.de\/sib\/files\/2021\/04\/IMG_3299-850x478.jpg 850w, https:\/\/wordpress.nibis.de\/sib\/files\/2021\/04\/IMG_3299-250x141.jpg 250w\" sizes=\"auto, (max-width: 1200px) 100vw, 1200px\" \/><\/figure>\n\n\n\n<figure class=\"wp-block-image size-large\"><img loading=\"lazy\" decoding=\"async\" width=\"1200\" height=\"675\" data-id=\"1637\" src=\"https:\/\/wordpress.nibis.de\/sib\/files\/2021\/04\/IMG_3380-1200x675.jpg\" alt=\"\" class=\"wp-image-1637\" srcset=\"https:\/\/wordpress.nibis.de\/sib\/files\/2021\/04\/IMG_3380-1200x675.jpg 1200w, https:\/\/wordpress.nibis.de\/sib\/files\/2021\/04\/IMG_3380-850x478.jpg 850w, https:\/\/wordpress.nibis.de\/sib\/files\/2021\/04\/IMG_3380-250x141.jpg 250w\" sizes=\"auto, (max-width: 1200px) 100vw, 1200px\" \/><\/figure>\n\n\n\n<figure class=\"wp-block-image size-large\"><img loading=\"lazy\" decoding=\"async\" width=\"1200\" height=\"675\" data-id=\"1638\" src=\"https:\/\/wordpress.nibis.de\/sib\/files\/2021\/04\/IMG_3310-1200x675.jpg\" alt=\"\" class=\"wp-image-1638\" srcset=\"https:\/\/wordpress.nibis.de\/sib\/files\/2021\/04\/IMG_3310-1200x675.jpg 1200w, https:\/\/wordpress.nibis.de\/sib\/files\/2021\/04\/IMG_3310-850x478.jpg 850w, https:\/\/wordpress.nibis.de\/sib\/files\/2021\/04\/IMG_3310-250x141.jpg 250w\" sizes=\"auto, (max-width: 1200px) 100vw, 1200px\" \/><\/figure>\n<\/figure>\n\n\n\n<h2 class=\"wp-block-heading\">Schnecken in der G5b<\/h2>\n\n\n\n<p>Wir, die G5b haben \u00fcber mehrere Wochen Achatschnecken in der Klasse gehabt und sie beobachtet. Daf\u00fcr haben wir Spiegel und Lupen genommen. Wir haben uns jeden Tag um sie gek\u00fcmmert, ihre Erde sauber und feucht gemacht und sie gef\u00fcttert. Sie fressen Salat, Tomaten, Bananen, \u00c4pfel, Zucchini aber am allerliebsten Gurken. Damit ihr Haus nicht kaputt geht, brauchen sie jeden Tag auch Kalk zu fressen Sie k\u00f6nnen balancieren und mit ihrem Schleim \u00fcber spitze Steine rutschen. Wir haben sie sogar angefasst. Es hat Spa\u00df gemacht mit den Schnecken.<\/p>\n\n\n\n<figure class=\"wp-block-gallery has-nested-images columns-default is-cropped wp-block-gallery-2 is-layout-flex wp-block-gallery-is-layout-flex\">\n<figure class=\"wp-block-image size-large\"><img loading=\"lazy\" decoding=\"async\" width=\"1200\" height=\"675\" data-id=\"1628\" src=\"https:\/\/wordpress.nibis.de\/sib\/files\/2021\/04\/IMG_3861-2-1-1200x675.jpg\" alt=\"\" class=\"wp-image-1628\" srcset=\"https:\/\/wordpress.nibis.de\/sib\/files\/2021\/04\/IMG_3861-2-1-1200x675.jpg 1200w, https:\/\/wordpress.nibis.de\/sib\/files\/2021\/04\/IMG_3861-2-1-850x478.jpg 850w, https:\/\/wordpress.nibis.de\/sib\/files\/2021\/04\/IMG_3861-2-1-250x141.jpg 250w\" sizes=\"auto, (max-width: 1200px) 100vw, 1200px\" \/><\/figure>\n\n\n\n<figure class=\"wp-block-image size-large\"><img loading=\"lazy\" decoding=\"async\" width=\"1200\" height=\"675\" data-id=\"1630\" src=\"https:\/\/wordpress.nibis.de\/sib\/files\/2021\/04\/IMG_3868-1200x675.jpg\" alt=\"\" class=\"wp-image-1630\" srcset=\"https:\/\/wordpress.nibis.de\/sib\/files\/2021\/04\/IMG_3868-1200x675.jpg 1200w, https:\/\/wordpress.nibis.de\/sib\/files\/2021\/04\/IMG_3868-850x478.jpg 850w, https:\/\/wordpress.nibis.de\/sib\/files\/2021\/04\/IMG_3868-250x141.jpg 250w\" sizes=\"auto, (max-width: 1200px) 100vw, 1200px\" \/><\/figure>\n\n\n\n<figure class=\"wp-block-image size-large\"><img loading=\"lazy\" decoding=\"async\" width=\"1200\" height=\"675\" data-id=\"1631\" src=\"https:\/\/wordpress.nibis.de\/sib\/files\/2021\/04\/IMG_3866-2-1-1200x675.jpg\" alt=\"\" class=\"wp-image-1631\" srcset=\"https:\/\/wordpress.nibis.de\/sib\/files\/2021\/04\/IMG_3866-2-1-1200x675.jpg 1200w, https:\/\/wordpress.nibis.de\/sib\/files\/2021\/04\/IMG_3866-2-1-850x478.jpg 850w, https:\/\/wordpress.nibis.de\/sib\/files\/2021\/04\/IMG_3866-2-1-250x141.jpg 250w\" sizes=\"auto, (max-width: 1200px) 100vw, 1200px\" \/><\/figure>\n\n\n\n<figure class=\"wp-block-image size-large\"><img loading=\"lazy\" decoding=\"async\" width=\"1200\" height=\"675\" data-id=\"1632\" src=\"https:\/\/wordpress.nibis.de\/sib\/files\/2021\/04\/IMG_3884-2-1200x675.jpg\" alt=\"\" class=\"wp-image-1632\" srcset=\"https:\/\/wordpress.nibis.de\/sib\/files\/2021\/04\/IMG_3884-2-1200x675.jpg 1200w, https:\/\/wordpress.nibis.de\/sib\/files\/2021\/04\/IMG_3884-2-850x478.jpg 850w, https:\/\/wordpress.nibis.de\/sib\/files\/2021\/04\/IMG_3884-2-250x141.jpg 250w\" sizes=\"auto, (max-width: 1200px) 100vw, 1200px\" \/><\/figure>\n\n\n\n<figure class=\"wp-block-image size-large\"><img loading=\"lazy\" decoding=\"async\" width=\"1200\" height=\"675\" data-id=\"1633\" src=\"https:\/\/wordpress.nibis.de\/sib\/files\/2021\/04\/IMG_3887-1200x675.jpg\" alt=\"\" class=\"wp-image-1633\" srcset=\"https:\/\/wordpress.nibis.de\/sib\/files\/2021\/04\/IMG_3887-1200x675.jpg 1200w, https:\/\/wordpress.nibis.de\/sib\/files\/2021\/04\/IMG_3887-850x478.jpg 850w, https:\/\/wordpress.nibis.de\/sib\/files\/2021\/04\/IMG_3887-250x141.jpg 250w\" sizes=\"auto, (max-width: 1200px) 100vw, 1200px\" \/><\/figure>\n<\/figure>\n","protected":false},"excerpt":{"rendered":"<p>Polli in der G5b Polli ist eine wuschelige, s\u00fc\u00dfe H\u00fcndin. Wenn Polli uns besucht, machen wir oft Spiele mit ihr. Drau\u00dfen verstecken wir ein S\u00e4ckchen und Polli muss es dann suchen. Polli findet das S\u00e4ckchen immer. Manchmal werfen wir das S\u00e4ckchen weg und Polli holt es uns zur\u00fcck. Dann bekommt sie immer ein Leckerli. Wenn &hellip; <a href=\"https:\/\/wordpress.nibis.de\/sib\/archiv\/archiv-2\/polli-in-der-g5b\/\" class=\"more-link\"><span class=\"screen-reader-text\">G5b 20\/21<\/span> weiterlesen <span class=\"meta-nav\">&rarr;<\/span><\/a><\/p>\n","protected":false},"author":9192613,"featured_media":0,"parent":1930,"menu_order":0,"comment_status":"closed","ping_status":"closed","template":"","meta":{"footnotes":""},"class_list":["post-1606","page","type-page","status-publish","hentry"],"_links":{"self":[{"href":"https:\/\/wordpress.nibis.de\/sib\/wp-json\/wp\/v2\/pages\/1606","targetHints":{"allow":["GET"]}}],"collection":[{"href":"https:\/\/wordpress.nibis.de\/sib\/wp-json\/wp\/v2\/pages"}],"about":[{"href":"https:\/\/wordpress.nibis.de\/sib\/wp-json\/wp\/v2\/types\/page"}],"author":[{"embeddable":true,"href":"https:\/\/wordpress.nibis.de\/sib\/wp-json\/wp\/v2\/users\/9192613"}],"replies":[{"embeddable":true,"href":"https:\/\/wordpress.nibis.de\/sib\/wp-json\/wp\/v2\/comments?post=1606"}],"version-history":[{"count":6,"href":"https:\/\/wordpress.nibis.de\/sib\/wp-json\/wp\/v2\/pages\/1606\/revisions"}],"predecessor-version":[{"id":1938,"href":"https:\/\/wordpress.nibis.de\/sib\/wp-json\/wp\/v2\/pages\/1606\/revisions\/1938"}],"up":[{"embeddable":true,"href":"https:\/\/wordpress.nibis.de\/sib\/wp-json\/wp\/v2\/pages\/1930"}],"wp:attachment":[{"href":"https:\/\/wordpress.nibis.de\/sib\/wp-json\/wp\/v2\/media?parent=1606"}],"curies":[{"name":"wp","href":"https:\/\/api.w.org\/{rel}","templated":true}]}}