{"id":2002,"date":"2022-09-28T10:39:17","date_gmt":"2022-09-28T08:39:17","guid":{"rendered":"https:\/\/wordpress.nibis.de\/sib\/?page_id=2002"},"modified":"2022-09-28T10:39:18","modified_gmt":"2022-09-28T08:39:18","slug":"berlin-berlin-wir-fahren-nach-berlin","status":"publish","type":"page","link":"https:\/\/wordpress.nibis.de\/sib\/berlin-berlin-wir-fahren-nach-berlin\/","title":{"rendered":"Berlin, Berlin, wir fahren nach Berlin!"},"content":{"rendered":"\n<figure class=\"wp-block-gallery has-nested-images columns-default is-cropped wp-block-gallery-1 is-layout-flex wp-block-gallery-is-layout-flex\">\n<figure class=\"wp-block-image size-large\"><img loading=\"lazy\" decoding=\"async\" width=\"534\" height=\"401\" data-id=\"2003\" src=\"https:\/\/wordpress.nibis.de\/sib\/files\/2022\/09\/Bildschirmfoto-2022-09-28-um-10.35.51.png\" alt=\"\" class=\"wp-image-2003\" \/><\/figure>\n\n\n\n<figure class=\"wp-block-image size-large\"><img loading=\"lazy\" decoding=\"async\" width=\"378\" height=\"506\" data-id=\"2005\" src=\"https:\/\/wordpress.nibis.de\/sib\/files\/2022\/09\/Bildschirmfoto-2022-09-28-um-10.36.15.png\" alt=\"\" class=\"wp-image-2005\" \/><\/figure>\n\n\n\n<figure class=\"wp-block-image size-large\"><img loading=\"lazy\" decoding=\"async\" width=\"530\" height=\"401\" data-id=\"2004\" src=\"https:\/\/wordpress.nibis.de\/sib\/files\/2022\/09\/Bildschirmfoto-2022-09-28-um-10.36.03.png\" alt=\"\" class=\"wp-image-2004\" \/><\/figure>\n\n\n\n<figure class=\"wp-block-image size-large\"><img loading=\"lazy\" decoding=\"async\" width=\"465\" height=\"351\" data-id=\"2006\" src=\"https:\/\/wordpress.nibis.de\/sib\/files\/2022\/09\/Bildschirmfoto-2022-09-28-um-10.36.29.png\" alt=\"\" class=\"wp-image-2006\" \/><\/figure>\n\n\n\n<figure class=\"wp-block-image size-large\"><img loading=\"lazy\" decoding=\"async\" width=\"405\" height=\"523\" data-id=\"2007\" src=\"https:\/\/wordpress.nibis.de\/sib\/files\/2022\/09\/Bildschirmfoto-2022-09-28-um-10.36.44.png\" alt=\"\" class=\"wp-image-2007\" \/><\/figure>\n<\/figure>\n\n\n\n<p>Am 15.09.2022 fuhr die Klasse G8a nach Berlin, um dort ihre zwei Mitsch\u00fcler und das gesamte Schulteam anzufeuern. Deshalb trafen wir uns gleich am Bahnhof in Hildesheim, um \u00fcber Wolfsburg nach Berlin zufahren. Schon die S-Bahnfahrt war spannend, denn viele von uns waren noch nie in Berlin.<span class=\"Apple-converted-space\">\u00a0<\/span><\/p>\n<p>In der Schwimmhalle angekommen, begr\u00fc\u00dften wir unser Team, dass sich sehr freute uns zu sehen. So eine gro\u00dfe Schwimmhalle hatten wir noch nie gesehen. Als wir kamen hatte unser Schulteam schon den dritten Platz im Bundesfinale Jugend trainiert f\u00fcr Olympia und Paralympics im Schwimmen in der get together Staffel gewonnen. Aber wir konnten noch beim Einzelbrustschwimmen zuschauen, wobei sich unsere Mitsch\u00fcler alle sehr erfolgreich zeigten. Wir waren vom lauten Anfeuern ganz heiser, deshalb verlie\u00dfen wir zur Mittagspause die Schwimmhalle, um noch etwas von Berlin zu sehen. So stiegen wir am Alexanderplatz aus, bestaunten den Fernsehturm und liefen bis zum Brandenburger Tor. Zwischendurch st\u00e4rkten wir uns noch mit einem original Berliner D\u00f6ner. Wir lie\u00dfen es uns aber auch nicht nehmen, noch ins Regierungsviertel zu gehen und den dt. Bundestag und das Bundeskanzleramt von au\u00dfen zu betrachten. Im Brandenburger Tor fanden wir einen Raum der Stille. Das war ganz sch\u00f6n komisch, in der gro\u00dfen, lauten Stadt, so einen Ort zu entdecken.<\/p>\n<p>Zum Abschluss erkundeten wir noch den Berliner Bahnhof und a\u00dfen dort ein Eis.<\/p>\n<p>Ziemlich kaputt von dem sch\u00f6nen, aber auch anstrengenden Tag, schliefen einige von uns auf der Zugfahrt ein.<\/p>\n<p>Wir sind stolz auf unsere Schulmannschaft und froh, dank ihnen, auch in Berlin gewesen zu sein.<\/p>\n<p>Klasse G8a<\/p>\n","protected":false},"excerpt":{"rendered":"<p>Am 15.09.2022 fuhr die Klasse G8a nach Berlin, um dort ihre zwei Mitsch\u00fcler und das gesamte Schulteam anzufeuern. Deshalb trafen wir uns gleich am Bahnhof in Hildesheim, um \u00fcber Wolfsburg nach Berlin zufahren. Schon die S-Bahnfahrt war spannend, denn viele von uns waren noch nie in Berlin.\u00a0 In der Schwimmhalle angekommen, begr\u00fc\u00dften wir unser Team, &hellip; <a href=\"https:\/\/wordpress.nibis.de\/sib\/berlin-berlin-wir-fahren-nach-berlin\/\" class=\"more-link\"><span class=\"screen-reader-text\">Berlin, Berlin, wir fahren nach Berlin!<\/span> weiterlesen <span class=\"meta-nav\">&rarr;<\/span><\/a><\/p>\n","protected":false},"author":9192613,"featured_media":0,"parent":0,"menu_order":0,"comment_status":"closed","ping_status":"closed","template":"","meta":{"footnotes":""},"class_list":["post-2002","page","type-page","status-publish","hentry"],"_links":{"self":[{"href":"https:\/\/wordpress.nibis.de\/sib\/wp-json\/wp\/v2\/pages\/2002","targetHints":{"allow":["GET"]}}],"collection":[{"href":"https:\/\/wordpress.nibis.de\/sib\/wp-json\/wp\/v2\/pages"}],"about":[{"href":"https:\/\/wordpress.nibis.de\/sib\/wp-json\/wp\/v2\/types\/page"}],"author":[{"embeddable":true,"href":"https:\/\/wordpress.nibis.de\/sib\/wp-json\/wp\/v2\/users\/9192613"}],"replies":[{"embeddable":true,"href":"https:\/\/wordpress.nibis.de\/sib\/wp-json\/wp\/v2\/comments?post=2002"}],"version-history":[{"count":1,"href":"https:\/\/wordpress.nibis.de\/sib\/wp-json\/wp\/v2\/pages\/2002\/revisions"}],"predecessor-version":[{"id":2008,"href":"https:\/\/wordpress.nibis.de\/sib\/wp-json\/wp\/v2\/pages\/2002\/revisions\/2008"}],"wp:attachment":[{"href":"https:\/\/wordpress.nibis.de\/sib\/wp-json\/wp\/v2\/media?parent=2002"}],"curies":[{"name":"wp","href":"https:\/\/api.w.org\/{rel}","templated":true}]}}