{"id":255,"date":"2018-11-03T14:32:53","date_gmt":"2018-11-03T13:32:53","guid":{"rendered":"http:\/\/wordpress.nibis.de\/sib\/?page_id=255"},"modified":"2019-03-28T18:45:05","modified_gmt":"2019-03-28T17:45:05","slug":"buero","status":"publish","type":"page","link":"https:\/\/wordpress.nibis.de\/sib\/projekte\/buero\/","title":{"rendered":"B\u00fcro"},"content":{"rendered":"<p>Wir sind das B\u00fcro-Projekt und haben immer viele Aufgaben und Auftr\u00e4ge.<\/p>\n<div id='gallery-1' class='gallery galleryid-255 gallery-columns-3 gallery-size-thumbnail'><figure class='gallery-item'>\n\t\t\t<div class='gallery-icon landscape'>\n\t\t\t\t<a href='https:\/\/wordpress.nibis.de\/sib\/projekte\/buero\/b-ro-2_1\/'><img loading=\"lazy\" decoding=\"async\" width=\"141\" height=\"141\" src=\"https:\/\/wordpress.nibis.de\/sib\/files\/2018\/11\/B-ro-2_1-150x150.png\" class=\"attachment-thumbnail size-thumbnail\" alt=\"\" \/><\/a>\n\t\t\t<\/div><\/figure><figure class='gallery-item'>\n\t\t\t<div class='gallery-icon landscape'>\n\t\t\t\t<a href='https:\/\/wordpress.nibis.de\/sib\/projekte\/buero\/b-ro-3_1\/'><img loading=\"lazy\" decoding=\"async\" width=\"141\" height=\"141\" src=\"https:\/\/wordpress.nibis.de\/sib\/files\/2018\/11\/B-ro-3_1-150x150.png\" class=\"attachment-thumbnail size-thumbnail\" alt=\"\" \/><\/a>\n\t\t\t<\/div><\/figure><figure class='gallery-item'>\n\t\t\t<div class='gallery-icon landscape'>\n\t\t\t\t<a href='https:\/\/wordpress.nibis.de\/sib\/projekte\/buero\/b-ro-4_1\/'><img loading=\"lazy\" decoding=\"async\" width=\"141\" height=\"141\" src=\"https:\/\/wordpress.nibis.de\/sib\/files\/2018\/11\/B-ro-4_1-150x150.png\" class=\"attachment-thumbnail size-thumbnail\" alt=\"\" \/><\/a>\n\t\t\t<\/div><\/figure><figure class='gallery-item'>\n\t\t\t<div class='gallery-icon portrait'>\n\t\t\t\t<a href='https:\/\/wordpress.nibis.de\/sib\/projekte\/buero\/b-ro-11_1\/'><img loading=\"lazy\" decoding=\"async\" width=\"141\" height=\"141\" src=\"https:\/\/wordpress.nibis.de\/sib\/files\/2018\/11\/B-ro-11_1-150x150.png\" class=\"attachment-thumbnail size-thumbnail\" alt=\"\" \/><\/a>\n\t\t\t<\/div><\/figure><figure class='gallery-item'>\n\t\t\t<div class='gallery-icon landscape'>\n\t\t\t\t<a href='https:\/\/wordpress.nibis.de\/sib\/projekte\/buero\/b-ro-10_1\/'><img loading=\"lazy\" decoding=\"async\" width=\"150\" height=\"138\" src=\"https:\/\/wordpress.nibis.de\/sib\/files\/2018\/11\/B-ro-10_1-150x138.png\" class=\"attachment-thumbnail size-thumbnail\" alt=\"\" \/><\/a>\n\t\t\t<\/div><\/figure><figure class='gallery-item'>\n\t\t\t<div class='gallery-icon landscape'>\n\t\t\t\t<a href='https:\/\/wordpress.nibis.de\/sib\/projekte\/buero\/b-ro-7_1\/'><img loading=\"lazy\" decoding=\"async\" width=\"141\" height=\"141\" src=\"https:\/\/wordpress.nibis.de\/sib\/files\/2018\/11\/B-ro-7_1-150x150.png\" class=\"attachment-thumbnail size-thumbnail\" alt=\"\" \/><\/a>\n\t\t\t<\/div><\/figure>\n\t\t<\/div>\n\n<p>Dazu geh\u00f6ren:<\/p>\n<ul>\n<li>Kopierpapier auff\u00fcllen<\/li>\n<li>Rechnungen f\u00fcr Essensgeld schreiben und verteilen<\/li>\n<li>T\u00fcrschilder aktualisieren<\/li>\n<li>laminieren<\/li>\n<li>Hauspost verteilen<\/li>\n<li>Altpapier entsorgen<\/li>\n<li>kopieren<\/li>\n<li>Aush\u00e4nge gestalten und aufh\u00e4ngen<\/li>\n<li>Lehrerpost verteilen<\/li>\n<li>B\u00fcroshop<\/li>\n<li>Mahnungen f\u00fcr die Kinder- und Jugendb\u00fccherei schreiben und verteilen<\/li>\n<li>Werbeplakate gestalten<\/li>\n<li>Tipparbeiten<\/li>\n<li>Kassenf\u00fchrung<\/li>\n<li>Geburtstagsliste aktualisieren<\/li>\n<\/ul>\n\n\n<p style=\"text-align:right\">26.03.2019<\/p>\n\n\n\n<p>Heute fand unsere Ostertombola statt. Es gab tolle Preise, die man frei w\u00e4hlen konnte, wenn man einen Hasen gezogen hat. Wer auf seinem Loszettel ein Ei gefunden hat, durfte sich einen Trostpreis nehmen &#8211; und der war dann oft schokoladig \ud83d\ude42<\/p>\n\n\n\n<div class=\"wp-block-image\"><figure class=\"aligncenter\"><img loading=\"lazy\" decoding=\"async\" width=\"480\" height=\"640\" src=\"https:\/\/wordpress.nibis.de\/sib\/files\/2019\/03\/IMG_0623-e1553794978960.jpg\" alt=\"\" class=\"wp-image-778\" \/><\/figure><\/div>\n","protected":false},"excerpt":{"rendered":"<p>Wir sind das B\u00fcro-Projekt und haben immer viele Aufgaben und Auftr\u00e4ge. Dazu geh\u00f6ren: Kopierpapier auff\u00fcllen Rechnungen f\u00fcr Essensgeld schreiben und verteilen T\u00fcrschilder aktualisieren laminieren Hauspost verteilen Altpapier entsorgen kopieren Aush\u00e4nge gestalten und aufh\u00e4ngen Lehrerpost verteilen B\u00fcroshop Mahnungen f\u00fcr die Kinder- und Jugendb\u00fccherei schreiben und verteilen Werbeplakate gestalten Tipparbeiten Kassenf\u00fchrung Geburtstagsliste aktualisieren 26.03.2019 Heute fand unsere &hellip; <a href=\"https:\/\/wordpress.nibis.de\/sib\/projekte\/buero\/\" class=\"more-link\"><span class=\"screen-reader-text\">B\u00fcro<\/span> weiterlesen <span class=\"meta-nav\">&rarr;<\/span><\/a><\/p>\n","protected":false},"author":9192613,"featured_media":0,"parent":30,"menu_order":0,"comment_status":"closed","ping_status":"closed","template":"","meta":{"footnotes":""},"class_list":["post-255","page","type-page","status-publish","hentry"],"_links":{"self":[{"href":"https:\/\/wordpress.nibis.de\/sib\/wp-json\/wp\/v2\/pages\/255","targetHints":{"allow":["GET"]}}],"collection":[{"href":"https:\/\/wordpress.nibis.de\/sib\/wp-json\/wp\/v2\/pages"}],"about":[{"href":"https:\/\/wordpress.nibis.de\/sib\/wp-json\/wp\/v2\/types\/page"}],"author":[{"embeddable":true,"href":"https:\/\/wordpress.nibis.de\/sib\/wp-json\/wp\/v2\/users\/9192613"}],"replies":[{"embeddable":true,"href":"https:\/\/wordpress.nibis.de\/sib\/wp-json\/wp\/v2\/comments?post=255"}],"version-history":[{"count":3,"href":"https:\/\/wordpress.nibis.de\/sib\/wp-json\/wp\/v2\/pages\/255\/revisions"}],"predecessor-version":[{"id":779,"href":"https:\/\/wordpress.nibis.de\/sib\/wp-json\/wp\/v2\/pages\/255\/revisions\/779"}],"up":[{"embeddable":true,"href":"https:\/\/wordpress.nibis.de\/sib\/wp-json\/wp\/v2\/pages\/30"}],"wp:attachment":[{"href":"https:\/\/wordpress.nibis.de\/sib\/wp-json\/wp\/v2\/media?parent=255"}],"curies":[{"name":"wp","href":"https:\/\/api.w.org\/{rel}","templated":true}]}}