{"id":266,"date":"2018-11-03T14:41:54","date_gmt":"2018-11-03T13:41:54","guid":{"rendered":"http:\/\/wordpress.nibis.de\/sib\/?page_id=266"},"modified":"2021-05-10T21:30:21","modified_gmt":"2021-05-10T19:30:21","slug":"fahrrad","status":"publish","type":"page","link":"https:\/\/wordpress.nibis.de\/sib\/projekte\/fahrrad\/","title":{"rendered":"Fahrrad"},"content":{"rendered":"<p>Hallo, wir sind das Fahrrad- Projekt!<\/p>\n<p>Wir haben viel Spa\u00df mit Bewegung und machen alles, was mit Fahrr\u00e4dern zu tun hat.<\/p>\n<p>Bei gutem Wetter sind wir meist viel auf Fahrr\u00e4dern unterwegs, verstehen uns aber auch als hausinterner Dienstleister. Wir \u00fcbernehmen nach Absprache kleinere Auftr\u00e4ge und Reparaturarbeiten, z.B. Reifen flicken, Bremsbel\u00e4ge erneuern, Klingeln, Lampen, S\u00e4ttel, Fahrradk\u00f6rbe montieren. Die erforderlichen Ersatzteile daf\u00fcr besorgen wir auf Wunsch. Auch geben wir Fahrr\u00e4dern neue Frische (Putzservice) oder pr\u00fcfen sie auf Verkehrssicherheit. Ein freundlicher Umgang mit Kunden ist uns ebenso wichtig wie Teamf\u00e4higkeit und handwerkliches Geschick beim Ausf\u00fchren der vielf\u00e4ltigen T\u00e4tigkeiten bis hin zur einfachen Buchf\u00fchrung.<\/p>\n<p>Wir haben einen eigenen Fuhrpark mit Fahrr\u00e4dern in allen Gr\u00f6\u00dfen von 16 Zoll bis 28 Zoll mit und ohne Schaltungen und einzelne Dreir\u00e4der, wenn es mit dem Gleichgewicht noch nicht so gut klappt. Diese Fahrr\u00e4der halten wir gebrauchsf\u00e4hig und leihen sie nach Absprache innerhalb der Schulgemeinschaft aus.<\/p>\n<p>In regelm\u00e4\u00dfigen Abst\u00e4nden organisieren wir ein Fahrradturnier f\u00fcr die ganze Schule<\/p>\n<p>Alle zwei Jahre findet eine mehrt\u00e4gige Fahrradfreizeit statt, in der die bisherigen Teilnehmer des Fahrradprojektes vorrangig ber\u00fccksichtigt werden.<\/p>\n<p>Unsere T\u00e4tigkeitsbereiche sind sehr vielf\u00e4ltig:<\/p>\n<ul>\n<li>Wir machen Gleichgewichts- und Geschicklichkeits\u00fcbungen auf dem Fahrrad.<\/li>\n<li>Wir lernen das Fahren in einer Gruppe.<\/li>\n<li>Wir \u00fcben Verkehrsregeln.<\/li>\n<li>Wir f\u00fchren kleinere und gr\u00f6\u00dfere Touren durch.<\/li>\n<li>Wir lernen etwas \u00fcber Fahrradtechnik:<\/li>\n<\/ul>\n<p>Schl\u00e4uche und M\u00e4ntel, Bremsen, Beleuchtung, Schaltung, Kugellager.<\/p>\n<ul>\n<li>Wir gehen mit Fahrradwerkzeug um.<span class=\"Apple-converted-space\">\u00a0<\/span><\/li>\n<li>Wir besuchen verschiedene Fachgesch\u00e4fte.<\/li>\n<li>Wir kaufen Ersatzteile ein.<\/li>\n<li>Wir bieten nach Absprache Dienstleistungen innerhalb der Schulgemeinschaft an: putzen, einfache Reparaturen.<\/li>\n<li>Wir schreiben Rechnungen.<\/li>\n<li>Wir gehen mit Geld um und schreiben Einnahmen und Ausgaben auf.<\/li>\n<li>Wir f\u00fchren ein Fahrradturnier f\u00fcr die ganze Schule durch.<\/li>\n<li>Wir sorgen daf\u00fcr, dass unser Fahrradbestand einsatzf\u00e4hig bleibt.<\/li>\n<li>Wir verleihen nach Absprache Fahrr\u00e4der aus unserem Fuhrpark an die Klassen in allen Gr\u00f6\u00dfen von 16 Zoll bis 28 Zoll.<\/li>\n<li>Wir machen alte Fahrr\u00e4der wieder einsatzf\u00e4hig f\u00fcr unseren Fuhrpark oder nutzen sie f\u00fcr Ersatzteile.<\/li>\n<li>Wir sammeln alte Fahrr\u00e4der.<\/li>\n<\/ul>\n<p>Wir treffen uns jeden Dienstag in Haus 2 und sind oft unter der Aula zu finden.<\/p>\n\n\n<figure class=\"wp-block-gallery columns-3 is-cropped wp-block-gallery-1 is-layout-flex wp-block-gallery-is-layout-flex\"><ul class=\"blocks-gallery-grid\"><li class=\"blocks-gallery-item\"><figure><img loading=\"lazy\" decoding=\"async\" width=\"673\" height=\"675\" src=\"https:\/\/wordpress.nibis.de\/sib\/files\/2021\/05\/Bild2-673x675.png\" alt=\"\" data-id=\"1687\" data-full-url=\"https:\/\/wordpress.nibis.de\/sib\/files\/2021\/05\/Bild2.png\" data-link=\"https:\/\/wordpress.nibis.de\/sib\/projekte\/fahrrad\/bild2\/\" class=\"wp-image-1687\" \/><\/figure><\/li><li class=\"blocks-gallery-item\"><figure><img loading=\"lazy\" decoding=\"async\" width=\"1180\" height=\"675\" src=\"https:\/\/wordpress.nibis.de\/sib\/files\/2021\/05\/Bild4-1180x675.png\" alt=\"\" data-id=\"1688\" data-full-url=\"https:\/\/wordpress.nibis.de\/sib\/files\/2021\/05\/Bild4.png\" data-link=\"https:\/\/wordpress.nibis.de\/sib\/projekte\/fahrrad\/bild4\/\" class=\"wp-image-1688\" \/><\/figure><\/li><li class=\"blocks-gallery-item\"><figure><img loading=\"lazy\" decoding=\"async\" width=\"1200\" height=\"675\" src=\"https:\/\/wordpress.nibis.de\/sib\/files\/2021\/05\/Bild3-1200x675.png\" alt=\"\" data-id=\"1689\" data-full-url=\"https:\/\/wordpress.nibis.de\/sib\/files\/2021\/05\/Bild3.png\" data-link=\"https:\/\/wordpress.nibis.de\/sib\/projekte\/fahrrad\/bild3\/\" class=\"wp-image-1689\" srcset=\"https:\/\/wordpress.nibis.de\/sib\/files\/2021\/05\/Bild3-1200x675.png 1200w, https:\/\/wordpress.nibis.de\/sib\/files\/2021\/05\/Bild3-850x478.png 850w, https:\/\/wordpress.nibis.de\/sib\/files\/2021\/05\/Bild3-250x141.png 250w\" sizes=\"auto, (max-width: 1200px) 100vw, 1200px\" \/><\/figure><\/li><li class=\"blocks-gallery-item\"><figure><img loading=\"lazy\" decoding=\"async\" width=\"1200\" height=\"675\" src=\"https:\/\/wordpress.nibis.de\/sib\/files\/2021\/05\/20180508_103935-1200x675.jpg\" alt=\"\" data-id=\"1690\" data-full-url=\"https:\/\/wordpress.nibis.de\/sib\/files\/2021\/05\/20180508_103935.jpg\" data-link=\"https:\/\/wordpress.nibis.de\/sib\/projekte\/fahrrad\/20180508_103935\/\" class=\"wp-image-1690\" srcset=\"https:\/\/wordpress.nibis.de\/sib\/files\/2021\/05\/20180508_103935-1200x675.jpg 1200w, https:\/\/wordpress.nibis.de\/sib\/files\/2021\/05\/20180508_103935-850x478.jpg 850w, https:\/\/wordpress.nibis.de\/sib\/files\/2021\/05\/20180508_103935-250x141.jpg 250w, https:\/\/wordpress.nibis.de\/sib\/files\/2021\/05\/20180508_103935-768x432.jpg 768w, https:\/\/wordpress.nibis.de\/sib\/files\/2021\/05\/20180508_103935.jpg 1280w\" sizes=\"auto, (max-width: 1200px) 100vw, 1200px\" \/><\/figure><\/li><li class=\"blocks-gallery-item\"><figure><img loading=\"lazy\" decoding=\"async\" width=\"725\" height=\"675\" src=\"https:\/\/wordpress.nibis.de\/sib\/files\/2021\/05\/Bild1-725x675.png\" alt=\"\" data-id=\"1691\" data-full-url=\"https:\/\/wordpress.nibis.de\/sib\/files\/2021\/05\/Bild1.png\" data-link=\"https:\/\/wordpress.nibis.de\/sib\/projekte\/fahrrad\/bild1\/\" class=\"wp-image-1691\" \/><\/figure><\/li><li class=\"blocks-gallery-item\"><figure><img loading=\"lazy\" decoding=\"async\" width=\"768\" height=\"675\" src=\"https:\/\/wordpress.nibis.de\/sib\/files\/2021\/05\/20201110_102057-768x675.jpg\" alt=\"\" data-id=\"1692\" data-full-url=\"https:\/\/wordpress.nibis.de\/sib\/files\/2021\/05\/20201110_102057.jpg\" data-link=\"https:\/\/wordpress.nibis.de\/sib\/projekte\/fahrrad\/20201110_102057\/\" class=\"wp-image-1692\" \/><\/figure><\/li><li class=\"blocks-gallery-item\"><figure><img loading=\"lazy\" decoding=\"async\" width=\"768\" height=\"675\" src=\"https:\/\/wordpress.nibis.de\/sib\/files\/2021\/05\/IMG-20201110-WA0004-768x675.jpg\" alt=\"\" data-id=\"1693\" data-full-url=\"https:\/\/wordpress.nibis.de\/sib\/files\/2021\/05\/IMG-20201110-WA0004.jpg\" data-link=\"https:\/\/wordpress.nibis.de\/sib\/projekte\/fahrrad\/img-20201110-wa0004\/\" class=\"wp-image-1693\" \/><\/figure><\/li><li class=\"blocks-gallery-item\"><figure><img loading=\"lazy\" decoding=\"async\" width=\"1200\" height=\"675\" src=\"https:\/\/wordpress.nibis.de\/sib\/files\/2021\/05\/20201124_104447-1200x675.jpg\" alt=\"\" data-id=\"1694\" data-full-url=\"https:\/\/wordpress.nibis.de\/sib\/files\/2021\/05\/20201124_104447.jpg\" data-link=\"https:\/\/wordpress.nibis.de\/sib\/projekte\/fahrrad\/20201124_104447\/\" class=\"wp-image-1694\" srcset=\"https:\/\/wordpress.nibis.de\/sib\/files\/2021\/05\/20201124_104447-1200x675.jpg 1200w, https:\/\/wordpress.nibis.de\/sib\/files\/2021\/05\/20201124_104447-850x478.jpg 850w, https:\/\/wordpress.nibis.de\/sib\/files\/2021\/05\/20201124_104447-250x141.jpg 250w\" sizes=\"auto, (max-width: 1200px) 100vw, 1200px\" \/><\/figure><\/li><li class=\"blocks-gallery-item\"><figure><img loading=\"lazy\" decoding=\"async\" width=\"1200\" height=\"675\" src=\"https:\/\/wordpress.nibis.de\/sib\/files\/2021\/05\/20180619_090322-1200x675.jpg\" alt=\"\" data-id=\"1695\" data-full-url=\"https:\/\/wordpress.nibis.de\/sib\/files\/2021\/05\/20180619_090322.jpg\" data-link=\"https:\/\/wordpress.nibis.de\/sib\/projekte\/fahrrad\/20180619_090322\/\" class=\"wp-image-1695\" srcset=\"https:\/\/wordpress.nibis.de\/sib\/files\/2021\/05\/20180619_090322-1200x675.jpg 1200w, https:\/\/wordpress.nibis.de\/sib\/files\/2021\/05\/20180619_090322-850x478.jpg 850w, https:\/\/wordpress.nibis.de\/sib\/files\/2021\/05\/20180619_090322-250x141.jpg 250w, https:\/\/wordpress.nibis.de\/sib\/files\/2021\/05\/20180619_090322-768x432.jpg 768w, https:\/\/wordpress.nibis.de\/sib\/files\/2021\/05\/20180619_090322.jpg 1280w\" sizes=\"auto, (max-width: 1200px) 100vw, 1200px\" \/><\/figure><\/li><li class=\"blocks-gallery-item\"><figure><img loading=\"lazy\" decoding=\"async\" width=\"768\" height=\"675\" src=\"https:\/\/wordpress.nibis.de\/sib\/files\/2021\/05\/IMG_6556-768x675.jpg\" alt=\"\" data-id=\"1696\" data-full-url=\"https:\/\/wordpress.nibis.de\/sib\/files\/2021\/05\/IMG_6556.jpg\" data-link=\"https:\/\/wordpress.nibis.de\/sib\/projekte\/fahrrad\/img_6556\/\" class=\"wp-image-1696\" \/><\/figure><\/li><\/ul><\/figure>\n","protected":false},"excerpt":{"rendered":"<p>Hallo, wir sind das Fahrrad- Projekt! Wir haben viel Spa\u00df mit Bewegung und machen alles, was mit Fahrr\u00e4dern zu tun hat. Bei gutem Wetter sind wir meist viel auf Fahrr\u00e4dern unterwegs, verstehen uns aber auch als hausinterner Dienstleister. Wir \u00fcbernehmen nach Absprache kleinere Auftr\u00e4ge und Reparaturarbeiten, z.B. Reifen flicken, Bremsbel\u00e4ge erneuern, Klingeln, Lampen, S\u00e4ttel, Fahrradk\u00f6rbe &hellip; <a href=\"https:\/\/wordpress.nibis.de\/sib\/projekte\/fahrrad\/\" class=\"more-link\"><span class=\"screen-reader-text\">Fahrrad<\/span> weiterlesen <span class=\"meta-nav\">&rarr;<\/span><\/a><\/p>\n","protected":false},"author":9192613,"featured_media":0,"parent":30,"menu_order":0,"comment_status":"closed","ping_status":"closed","template":"","meta":{"footnotes":""},"class_list":["post-266","page","type-page","status-publish","hentry"],"_links":{"self":[{"href":"https:\/\/wordpress.nibis.de\/sib\/wp-json\/wp\/v2\/pages\/266","targetHints":{"allow":["GET"]}}],"collection":[{"href":"https:\/\/wordpress.nibis.de\/sib\/wp-json\/wp\/v2\/pages"}],"about":[{"href":"https:\/\/wordpress.nibis.de\/sib\/wp-json\/wp\/v2\/types\/page"}],"author":[{"embeddable":true,"href":"https:\/\/wordpress.nibis.de\/sib\/wp-json\/wp\/v2\/users\/9192613"}],"replies":[{"embeddable":true,"href":"https:\/\/wordpress.nibis.de\/sib\/wp-json\/wp\/v2\/comments?post=266"}],"version-history":[{"count":3,"href":"https:\/\/wordpress.nibis.de\/sib\/wp-json\/wp\/v2\/pages\/266\/revisions"}],"predecessor-version":[{"id":1697,"href":"https:\/\/wordpress.nibis.de\/sib\/wp-json\/wp\/v2\/pages\/266\/revisions\/1697"}],"up":[{"embeddable":true,"href":"https:\/\/wordpress.nibis.de\/sib\/wp-json\/wp\/v2\/pages\/30"}],"wp:attachment":[{"href":"https:\/\/wordpress.nibis.de\/sib\/wp-json\/wp\/v2\/media?parent=266"}],"curies":[{"name":"wp","href":"https:\/\/api.w.org\/{rel}","templated":true}]}}