{"id":27,"date":"2018-08-14T16:17:23","date_gmt":"2018-08-14T14:17:23","guid":{"rendered":"http:\/\/wordpress.nibis.de\/sib\/?page_id=27"},"modified":"2025-09-02T14:07:15","modified_gmt":"2025-09-02T12:07:15","slug":"start","status":"publish","type":"page","link":"https:\/\/wordpress.nibis.de\/sib\/","title":{"rendered":""},"content":{"rendered":"<div id='gallery-1' class='gallery galleryid-27 gallery-columns-4 gallery-size-thumbnail'><figure class='gallery-item'>\n\t\t\t<div class='gallery-icon portrait'>\n\t\t\t\t<img loading=\"lazy\" decoding=\"async\" width=\"101\" height=\"105\" src=\"https:\/\/wordpress.nibis.de\/sib\/files\/2018\/08\/Bildschirmfoto-2018-08-14-um-16.03.22.png\" class=\"attachment-thumbnail size-thumbnail\" alt=\"\" \/>\n\t\t\t<\/div><\/figure><figure class='gallery-item'>\n\t\t\t<div class='gallery-icon landscape'>\n\t\t\t\t<img loading=\"lazy\" decoding=\"async\" width=\"141\" height=\"141\" src=\"https:\/\/wordpress.nibis.de\/sib\/files\/2018\/11\/Herz-p_1-150x150.png\" class=\"attachment-thumbnail size-thumbnail\" alt=\"\" \/>\n\t\t\t<\/div><\/figure><figure class='gallery-item'>\n\t\t\t<div class='gallery-icon landscape'>\n\t\t\t\t<img loading=\"lazy\" decoding=\"async\" width=\"250\" height=\"141\" src=\"https:\/\/wordpress.nibis.de\/sib\/files\/2024\/10\/66f12cfb9d8794.85946553_JtfP-Team-Brandenburger-Tor-scaled-e1756814562879-250x141.jpg\" class=\"attachment-thumbnail size-thumbnail\" alt=\"\" srcset=\"https:\/\/wordpress.nibis.de\/sib\/files\/2024\/10\/66f12cfb9d8794.85946553_JtfP-Team-Brandenburger-Tor-scaled-e1756814562879-250x141.jpg 250w, https:\/\/wordpress.nibis.de\/sib\/files\/2024\/10\/66f12cfb9d8794.85946553_JtfP-Team-Brandenburger-Tor-scaled-e1756814562879-850x478.jpg 850w\" sizes=\"auto, (max-width: 250px) 100vw, 250px\" \/>\n\t\t\t<\/div><\/figure><figure class='gallery-item'>\n\t\t\t<div class='gallery-icon landscape'>\n\t\t\t\t<img loading=\"lazy\" decoding=\"async\" width=\"141\" height=\"141\" src=\"https:\/\/wordpress.nibis.de\/sib\/files\/2018\/11\/pause-150x150.jpg\" class=\"attachment-thumbnail size-thumbnail\" alt=\"\" \/>\n\t\t\t<\/div><\/figure><figure class='gallery-item'>\n\t\t\t<div class='gallery-icon landscape'>\n\t\t\t\t<img loading=\"lazy\" decoding=\"async\" width=\"141\" height=\"141\" src=\"https:\/\/wordpress.nibis.de\/sib\/files\/2018\/11\/Rollis-150x150.jpg\" class=\"attachment-thumbnail size-thumbnail\" alt=\"\" \/>\n\t\t\t<\/div><\/figure><figure class='gallery-item'>\n\t\t\t<div class='gallery-icon landscape'>\n\t\t\t\t<img loading=\"lazy\" decoding=\"async\" width=\"141\" height=\"141\" src=\"https:\/\/wordpress.nibis.de\/sib\/files\/2018\/11\/whiteboard-150x150.jpg\" class=\"attachment-thumbnail size-thumbnail\" alt=\"\" \/>\n\t\t\t<\/div><\/figure><figure class='gallery-item'>\n\t\t\t<div class='gallery-icon landscape'>\n\t\t\t\t<img loading=\"lazy\" decoding=\"async\" width=\"141\" height=\"141\" src=\"https:\/\/wordpress.nibis.de\/sib\/files\/2018\/11\/Drehscheibe-150x150.jpg\" class=\"attachment-thumbnail size-thumbnail\" alt=\"\" \/>\n\t\t\t<\/div><\/figure><figure class='gallery-item'>\n\t\t\t<div class='gallery-icon landscape'>\n\t\t\t\t<img loading=\"lazy\" decoding=\"async\" width=\"141\" height=\"141\" src=\"https:\/\/wordpress.nibis.de\/sib\/files\/2018\/11\/Fib-150x150.jpg\" class=\"attachment-thumbnail size-thumbnail\" alt=\"\" \/>\n\t\t\t<\/div><\/figure><figure class='gallery-item'>\n\t\t\t<div class='gallery-icon landscape'>\n\t\t\t\t<img loading=\"lazy\" decoding=\"async\" width=\"141\" height=\"141\" src=\"https:\/\/wordpress.nibis.de\/sib\/files\/2018\/11\/Talker-150x150.jpg\" class=\"attachment-thumbnail size-thumbnail\" alt=\"\" \/>\n\t\t\t<\/div><\/figure><figure class='gallery-item'>\n\t\t\t<div class='gallery-icon landscape'>\n\t\t\t\t<img loading=\"lazy\" decoding=\"async\" width=\"141\" height=\"141\" src=\"https:\/\/wordpress.nibis.de\/sib\/files\/2018\/11\/Gruppenarbeit-150x150.jpg\" class=\"attachment-thumbnail size-thumbnail\" alt=\"\" \/>\n\t\t\t<\/div><\/figure><figure class='gallery-item'>\n\t\t\t<div class='gallery-icon landscape'>\n\t\t\t\t<img loading=\"lazy\" decoding=\"async\" width=\"250\" height=\"141\" src=\"https:\/\/wordpress.nibis.de\/sib\/files\/2023\/05\/DSC07906-250x141.jpg\" class=\"attachment-thumbnail size-thumbnail\" alt=\"\" srcset=\"https:\/\/wordpress.nibis.de\/sib\/files\/2023\/05\/DSC07906-250x141.jpg 250w, https:\/\/wordpress.nibis.de\/sib\/files\/2023\/05\/DSC07906-850x478.jpg 850w, https:\/\/wordpress.nibis.de\/sib\/files\/2023\/05\/DSC07906-1200x675.jpg 1200w\" sizes=\"auto, (max-width: 250px) 100vw, 250px\" \/>\n\t\t\t<\/div><\/figure><figure class='gallery-item'>\n\t\t\t<div class='gallery-icon landscape'>\n\t\t\t\t<img loading=\"lazy\" decoding=\"async\" width=\"141\" height=\"141\" src=\"https:\/\/wordpress.nibis.de\/sib\/files\/2018\/11\/Fu\u00dfball-150x150.jpg\" class=\"attachment-thumbnail size-thumbnail\" alt=\"\" \/>\n\t\t\t<\/div><\/figure><figure class='gallery-item'>\n\t\t\t<div class='gallery-icon landscape'>\n\t\t\t\t<img loading=\"lazy\" decoding=\"async\" width=\"141\" height=\"141\" src=\"https:\/\/wordpress.nibis.de\/sib\/files\/2018\/11\/Englisch-150x150.jpg\" class=\"attachment-thumbnail size-thumbnail\" alt=\"\" \/>\n\t\t\t<\/div><\/figure><figure class='gallery-item'>\n\t\t\t<div class='gallery-icon landscape'>\n\t\t\t\t<img loading=\"lazy\" decoding=\"async\" width=\"141\" height=\"141\" src=\"https:\/\/wordpress.nibis.de\/sib\/files\/2018\/11\/Gruppenarbeit-1-150x150.jpg\" class=\"attachment-thumbnail size-thumbnail\" alt=\"\" \/>\n\t\t\t<\/div><\/figure><figure class='gallery-item'>\n\t\t\t<div class='gallery-icon landscape'>\n\t\t\t\t<img loading=\"lazy\" decoding=\"async\" width=\"141\" height=\"141\" src=\"https:\/\/wordpress.nibis.de\/sib\/files\/2018\/11\/Klasse-2-150x150.jpg\" class=\"attachment-thumbnail size-thumbnail\" alt=\"\" \/>\n\t\t\t<\/div><\/figure><figure class='gallery-item'>\n\t\t\t<div class='gallery-icon landscape'>\n\t\t\t\t<img loading=\"lazy\" decoding=\"async\" width=\"141\" height=\"141\" src=\"https:\/\/wordpress.nibis.de\/sib\/files\/2018\/11\/bagger-150x150.jpg\" class=\"attachment-thumbnail size-thumbnail\" alt=\"\" \/>\n\t\t\t<\/div><\/figure>\n\t\t<\/div>\n\n\n\n<div class=\"wp-block-group\"><div class=\"wp-block-group__inner-container is-layout-flow wp-block-group-is-layout-flow\"><ul class=\"wp-block-latest-posts__list has-dates is-style-default wp-block-latest-posts\"><li><a class=\"wp-block-latest-posts__post-title\" href=\"https:\/\/wordpress.nibis.de\/sib\/2026\/03\/18\/osterbrief-der-ministerin\/\">Osterbrief der Ministerin<\/a><time datetime=\"2026-03-18T15:41:23+01:00\" class=\"wp-block-latest-posts__post-date\">18. M\u00e4rz 2026<\/time><div class=\"wp-block-latest-posts__post-excerpt\">Liebe LeserInnen,\u00a0 hiermit stellen wir ihnen den Osterbrief der Ministerin zur Verf\u00fcgung.\u00a0 Viele Gr\u00fc\u00dfe und sch\u00f6ne Osterferien! \u00a0<\/div><\/li>\n<li><a class=\"wp-block-latest-posts__post-title\" href=\"https:\/\/wordpress.nibis.de\/sib\/2026\/02\/19\/ausschreibung-schulische-sozialarbeit\/\">Ausschreibung schulische Sozialarbeit<\/a><time datetime=\"2026-02-19T11:23:51+01:00\" class=\"wp-block-latest-posts__post-date\">19. Februar 2026<\/time><div class=\"wp-block-latest-posts__post-excerpt\">Die Schule im Bockfeld sucht zum 01.05.2026 eine\/-n Sozialp\u00e4dagog\/-in (m\/w\/d)oder ein\/-e Sozialarbeiter\/-in (m\/w\/d) f\u00fcr ein Berufspraktikum zur Erlangung der staatlichen Anerkennung im Bereich der Schulischen Sozialarbeit. Weitere Informationen entnehmen sie bitte der Ausschreibung. Diese Erreichen sie mit Klick auf die \u00dcberschrift dieses Beitrages.\u00a0<\/div><\/li>\n<li><a class=\"wp-block-latest-posts__post-title\" href=\"https:\/\/wordpress.nibis.de\/sib\/2026\/02\/03\/witterungsbedingter-unterrichtsausfall-am-4-2-26\/\">Witterungsbedingter Unterrichtsausfall am 4.2.26<\/a><time datetime=\"2026-02-03T18:01:00+01:00\" class=\"wp-block-latest-posts__post-date\">3. Februar 2026<\/time><div class=\"wp-block-latest-posts__post-excerpt\">F\u00fcr den morgigen Mittwoch, den 04.02.2026, ist der witterungsbedingte Schulausfall f\u00fcr alle allgemein und berufsbildenden Schulen im Landkreis Hildesheim inklusive der Stadt Hildesheim angeordnet worden.<\/div><\/li>\n<li><a class=\"wp-block-latest-posts__post-title\" href=\"https:\/\/wordpress.nibis.de\/sib\/2024\/10\/02\/vierter-platz-beim-bundesfinale-in-berlin\/\">Vierter Platz beim Bundesfinale in Berlin<\/a><time datetime=\"2024-10-02T09:22:54+02:00\" class=\"wp-block-latest-posts__post-date\">2. Oktober 2024<\/time><div class=\"wp-block-latest-posts__post-excerpt\">Wir sind mit unserem Schwimmteam wieder sehr erfolgreich in Berlin gestartet. Unsere neuen Teammitglieder haben sich auf ihrem ersten gro\u00dfen Wettkampf hervorragend geschlagen und die &#8222;alten Hasen&#8220; konnten ihre Leistung sicher abrufen und verbessern. Das Bundesfinale zu erreichen und unsere Schule f\u00fcr das Land Niedersachsen in Berlin zu vertreten, ist ein ganz besonderes Erlebnis f\u00fcr &hellip; <a href=\"https:\/\/wordpress.nibis.de\/sib\/2024\/10\/02\/vierter-platz-beim-bundesfinale-in-berlin\/\" class=\"more-link\"><span class=\"screen-reader-text\">Vierter Platz beim Bundesfinale in Berlin<\/span> weiterlesen <span class=\"meta-nav\">&rarr;<\/span><\/a><\/div><\/li>\n<li><a class=\"wp-block-latest-posts__post-title\" href=\"https:\/\/wordpress.nibis.de\/sib\/2024\/08\/11\/brief-zum-neuen-schuljahr\/\">Brief zum neuen Schuljahr<\/a><time datetime=\"2024-08-11T06:55:00+02:00\" class=\"wp-block-latest-posts__post-date\">11. August 2024<\/time><div class=\"wp-block-latest-posts__post-excerpt\">Liebe Leserinnen und Leser,\u00a0 den folgenden Brief hat die Kultusministerin zum Schulstart verfasst. Hier k\u00f6nnen sie ihn runterladen:\u00a0 2024-08-07_Brief_der_Ministerin_Eltern_und_Erziehungsberechtigte<\/div><\/li>\n<\/ul><\/div><\/div>\n","protected":false},"excerpt":{"rendered":"","protected":false},"author":9192613,"featured_media":0,"parent":0,"menu_order":0,"comment_status":"closed","ping_status":"closed","template":"","meta":{"footnotes":""},"class_list":["post-27","page","type-page","status-publish","hentry"],"_links":{"self":[{"href":"https:\/\/wordpress.nibis.de\/sib\/wp-json\/wp\/v2\/pages\/27","targetHints":{"allow":["GET"]}}],"collection":[{"href":"https:\/\/wordpress.nibis.de\/sib\/wp-json\/wp\/v2\/pages"}],"about":[{"href":"https:\/\/wordpress.nibis.de\/sib\/wp-json\/wp\/v2\/types\/page"}],"author":[{"embeddable":true,"href":"https:\/\/wordpress.nibis.de\/sib\/wp-json\/wp\/v2\/users\/9192613"}],"replies":[{"embeddable":true,"href":"https:\/\/wordpress.nibis.de\/sib\/wp-json\/wp\/v2\/comments?post=27"}],"version-history":[{"count":5,"href":"https:\/\/wordpress.nibis.de\/sib\/wp-json\/wp\/v2\/pages\/27\/revisions"}],"predecessor-version":[{"id":2293,"href":"https:\/\/wordpress.nibis.de\/sib\/wp-json\/wp\/v2\/pages\/27\/revisions\/2293"}],"wp:attachment":[{"href":"https:\/\/wordpress.nibis.de\/sib\/wp-json\/wp\/v2\/media?parent=27"}],"curies":[{"name":"wp","href":"https:\/\/api.w.org\/{rel}","templated":true}]}}