{"id":286,"date":"2018-11-03T14:57:58","date_gmt":"2018-11-03T13:57:58","guid":{"rendered":"http:\/\/wordpress.nibis.de\/sib\/?page_id=286"},"modified":"2019-04-03T15:40:43","modified_gmt":"2019-04-03T13:40:43","slug":"kiosk","status":"publish","type":"page","link":"https:\/\/wordpress.nibis.de\/sib\/projekte\/kiosk\/","title":{"rendered":"Kiosk"},"content":{"rendered":"<p>Das Kiosk-Projekt trifft sich jeden Dienstag. Wir haben einen tollen Kioskwagen, an dem man viele leckere Sachen kaufen kann.<br \/>\nEs gibt Pickup, Bifi, Balisto, Knoppers, Haribo, M\u00fcsliriegel, Schokobr\u00f6tchen, Apfelschorle und nat\u00fcrlich die leckere Hemme-Milch.<br \/>\nWir verkaufen jeden Tag, immer in der Pause unten in der Halle von Haus 2 von 9:50 bis 10:00 Uhr, dienstags sogar l\u00e4nger.<\/p>\n<p><img loading=\"lazy\" decoding=\"async\" class=\"alignnone size-medium wp-image-797\" src=\"https:\/\/wordpress.nibis.de\/sib\/files\/2019\/04\/IMG_0656-e1554298825295-480x478.jpg\" alt=\"\" width=\"480\" height=\"478\" \/><\/p>\n","protected":false},"excerpt":{"rendered":"<p>Das Kiosk-Projekt trifft sich jeden Dienstag. Wir haben einen tollen Kioskwagen, an dem man viele leckere Sachen kaufen kann. Es gibt Pickup, Bifi, Balisto, Knoppers, Haribo, M\u00fcsliriegel, Schokobr\u00f6tchen, Apfelschorle und nat\u00fcrlich die leckere Hemme-Milch. Wir verkaufen jeden Tag, immer in der Pause unten in der Halle von Haus 2 von 9:50 bis 10:00 Uhr, dienstags &hellip; <a href=\"https:\/\/wordpress.nibis.de\/sib\/projekte\/kiosk\/\" class=\"more-link\"><span class=\"screen-reader-text\">Kiosk<\/span> weiterlesen <span class=\"meta-nav\">&rarr;<\/span><\/a><\/p>\n","protected":false},"author":9192613,"featured_media":0,"parent":30,"menu_order":0,"comment_status":"closed","ping_status":"closed","template":"","meta":{"footnotes":""},"class_list":["post-286","page","type-page","status-publish","hentry"],"_links":{"self":[{"href":"https:\/\/wordpress.nibis.de\/sib\/wp-json\/wp\/v2\/pages\/286","targetHints":{"allow":["GET"]}}],"collection":[{"href":"https:\/\/wordpress.nibis.de\/sib\/wp-json\/wp\/v2\/pages"}],"about":[{"href":"https:\/\/wordpress.nibis.de\/sib\/wp-json\/wp\/v2\/types\/page"}],"author":[{"embeddable":true,"href":"https:\/\/wordpress.nibis.de\/sib\/wp-json\/wp\/v2\/users\/9192613"}],"replies":[{"embeddable":true,"href":"https:\/\/wordpress.nibis.de\/sib\/wp-json\/wp\/v2\/comments?post=286"}],"version-history":[{"count":2,"href":"https:\/\/wordpress.nibis.de\/sib\/wp-json\/wp\/v2\/pages\/286\/revisions"}],"predecessor-version":[{"id":798,"href":"https:\/\/wordpress.nibis.de\/sib\/wp-json\/wp\/v2\/pages\/286\/revisions\/798"}],"up":[{"embeddable":true,"href":"https:\/\/wordpress.nibis.de\/sib\/wp-json\/wp\/v2\/pages\/30"}],"wp:attachment":[{"href":"https:\/\/wordpress.nibis.de\/sib\/wp-json\/wp\/v2\/media?parent=286"}],"curies":[{"name":"wp","href":"https:\/\/api.w.org\/{rel}","templated":true}]}}