{"id":292,"date":"2018-11-03T15:01:58","date_gmt":"2018-11-03T14:01:58","guid":{"rendered":"http:\/\/wordpress.nibis.de\/sib\/?page_id=292"},"modified":"2019-09-23T07:56:26","modified_gmt":"2019-09-23T05:56:26","slug":"cafeteria","status":"publish","type":"page","link":"https:\/\/wordpress.nibis.de\/sib\/projekte\/cafeteria\/","title":{"rendered":"Cafeteria"},"content":{"rendered":"<p>Im Projekt <i>Cafeteria<\/i> organisieren die Sch\u00fclerinnen und Sch\u00fcler dienstags f\u00fcr die gro\u00dfe Pause den Verkauf von verschiedenen selbst zubereiteten Backwaren und Hei\u00dfgetr\u00e4nken.\u00a0 Die Sch\u00fclerInnen\u00a0 m\u00fcssen dabei wie in einem gastronomischen Betrieb die erarbeiteten Regeln der Hygiene beachten. \u00a0 Die Sch\u00fclerInnen k\u00fcmmern sich im Wechsel um folgende T\u00e4tigkeiten: Sie bestimmen das Warenangebot und kalkulieren die Preise. Zurzeit bietet die Cafeteria Mehrkornbr\u00f6tchen und Kn\u00e4ckebrote mit verschiedenen Aufschnitten und gesunden Garnierungen an. Bioprodukte werden bei den Wurstwaren eingekauft. Ein vegetarischer Vollkornpizzatoast wird mit pikant gew\u00fcrzter Tomatenso\u00dfe, Gem\u00fcse und Schafsk\u00e4se zubereitet. Tiefk\u00fchlbrezeln werden mit Tomatenso\u00dfe, Kr\u00e4utern und K\u00e4se verfeinert und gebacken. Als s\u00fc\u00dfes Angebot gibt es selbst gebackene Waffeln, teilweise auch aus Vollkornmehl. Dabei wird darauf geachtet, wenig Zucker zu verwenden. Manchmal gibt es auch Saisonangebote, z.B. Obst oder Quarkspeise. Die Sch\u00fclerInnen kochen Kaffee und verschiedene Tees. Mit der Fair -Trade- Produktauswahl unterst\u00fctzt das Projekt die Initiative Fair Trade Town Hildesheim. Teilweise wird daf\u00fcr im Weltladen eingekauft. F\u00fcr den Verkauf richten die Sch\u00fclerinnen die Speisen auf Tresen an oder verpacken Vorbestellungen. Sie stellen dekorierte Tische und Sitzb\u00e4nke f\u00fcr die Kunden auf. Sie bedienen und kassieren. Abschlie\u00dfend wird die Verkaufsstelle wieder abger\u00e4umt und einige Sch\u00fclerinnen waschen alle Ger\u00e4te und Geschirrteile ab und bereiten den Aufbau f\u00fcr die Mensa-AG in der Lehrk\u00fcche vor. Andere Teams kaufen Lebensmittel ein oder gewinnen Einblick in die Buchf\u00fchrung, denn Einnahmen und Ausgaben m\u00fcssen verbucht werden.<\/p>\n<p><img loading=\"lazy\" decoding=\"async\" class=\"alignnone size-medium wp-image-1011\" src=\"https:\/\/wordpress.nibis.de\/sib\/files\/2019\/09\/IMG-20190918-WA0002-850x478.jpg\" alt=\"\" width=\"850\" height=\"478\" srcset=\"https:\/\/wordpress.nibis.de\/sib\/files\/2019\/09\/IMG-20190918-WA0002-850x478.jpg 850w, https:\/\/wordpress.nibis.de\/sib\/files\/2019\/09\/IMG-20190918-WA0002-250x141.jpg 250w, https:\/\/wordpress.nibis.de\/sib\/files\/2019\/09\/IMG-20190918-WA0002-1200x675.jpg 1200w\" sizes=\"auto, (max-width: 850px) 100vw, 850px\" \/> <img loading=\"lazy\" decoding=\"async\" class=\"alignnone size-medium wp-image-1010\" src=\"https:\/\/wordpress.nibis.de\/sib\/files\/2019\/09\/IMG-20190918-WA0000-850x478.jpg\" alt=\"\" width=\"850\" height=\"478\" srcset=\"https:\/\/wordpress.nibis.de\/sib\/files\/2019\/09\/IMG-20190918-WA0000-850x478.jpg 850w, https:\/\/wordpress.nibis.de\/sib\/files\/2019\/09\/IMG-20190918-WA0000-250x141.jpg 250w, https:\/\/wordpress.nibis.de\/sib\/files\/2019\/09\/IMG-20190918-WA0000-1200x675.jpg 1200w\" sizes=\"auto, (max-width: 850px) 100vw, 850px\" \/> <img loading=\"lazy\" decoding=\"async\" class=\"alignnone size-medium wp-image-1009\" src=\"https:\/\/wordpress.nibis.de\/sib\/files\/2019\/09\/20190917_094934-850x478.jpg\" alt=\"\" width=\"850\" height=\"478\" srcset=\"https:\/\/wordpress.nibis.de\/sib\/files\/2019\/09\/20190917_094934-850x478.jpg 850w, https:\/\/wordpress.nibis.de\/sib\/files\/2019\/09\/20190917_094934-250x141.jpg 250w, https:\/\/wordpress.nibis.de\/sib\/files\/2019\/09\/20190917_094934-1200x675.jpg 1200w\" sizes=\"auto, (max-width: 850px) 100vw, 850px\" \/> <img loading=\"lazy\" decoding=\"async\" class=\"alignnone size-medium wp-image-1008\" src=\"https:\/\/wordpress.nibis.de\/sib\/files\/2019\/09\/20190917_091018-850x478.jpg\" alt=\"\" width=\"850\" height=\"478\" srcset=\"https:\/\/wordpress.nibis.de\/sib\/files\/2019\/09\/20190917_091018-850x478.jpg 850w, https:\/\/wordpress.nibis.de\/sib\/files\/2019\/09\/20190917_091018-250x141.jpg 250w, https:\/\/wordpress.nibis.de\/sib\/files\/2019\/09\/20190917_091018-1200x675.jpg 1200w\" sizes=\"auto, (max-width: 850px) 100vw, 850px\" \/> <img loading=\"lazy\" decoding=\"async\" class=\"alignnone size-medium wp-image-1007\" src=\"https:\/\/wordpress.nibis.de\/sib\/files\/2019\/09\/20190917_090940-850x478.jpg\" alt=\"\" width=\"850\" height=\"478\" srcset=\"https:\/\/wordpress.nibis.de\/sib\/files\/2019\/09\/20190917_090940-850x478.jpg 850w, https:\/\/wordpress.nibis.de\/sib\/files\/2019\/09\/20190917_090940-250x141.jpg 250w, https:\/\/wordpress.nibis.de\/sib\/files\/2019\/09\/20190917_090940-1200x675.jpg 1200w\" sizes=\"auto, (max-width: 850px) 100vw, 850px\" \/> <img loading=\"lazy\" decoding=\"async\" class=\"alignnone size-medium wp-image-1006\" src=\"https:\/\/wordpress.nibis.de\/sib\/files\/2019\/09\/20190917_090834-850x478.jpg\" alt=\"\" width=\"850\" height=\"478\" srcset=\"https:\/\/wordpress.nibis.de\/sib\/files\/2019\/09\/20190917_090834-850x478.jpg 850w, https:\/\/wordpress.nibis.de\/sib\/files\/2019\/09\/20190917_090834-250x141.jpg 250w, https:\/\/wordpress.nibis.de\/sib\/files\/2019\/09\/20190917_090834-1200x675.jpg 1200w\" sizes=\"auto, (max-width: 850px) 100vw, 850px\" \/> <img loading=\"lazy\" decoding=\"async\" class=\"alignnone size-medium wp-image-1005\" src=\"https:\/\/wordpress.nibis.de\/sib\/files\/2019\/09\/20190917_090819-850x478.jpg\" alt=\"\" width=\"850\" height=\"478\" srcset=\"https:\/\/wordpress.nibis.de\/sib\/files\/2019\/09\/20190917_090819-850x478.jpg 850w, https:\/\/wordpress.nibis.de\/sib\/files\/2019\/09\/20190917_090819-250x141.jpg 250w, https:\/\/wordpress.nibis.de\/sib\/files\/2019\/09\/20190917_090819-1200x675.jpg 1200w\" sizes=\"auto, (max-width: 850px) 100vw, 850px\" \/><\/p>\n","protected":false},"excerpt":{"rendered":"<p>Im Projekt Cafeteria organisieren die Sch\u00fclerinnen und Sch\u00fcler dienstags f\u00fcr die gro\u00dfe Pause den Verkauf von verschiedenen selbst zubereiteten Backwaren und Hei\u00dfgetr\u00e4nken.\u00a0 Die Sch\u00fclerInnen\u00a0 m\u00fcssen dabei wie in einem gastronomischen Betrieb die erarbeiteten Regeln der Hygiene beachten. \u00a0 Die Sch\u00fclerInnen k\u00fcmmern sich im Wechsel um folgende T\u00e4tigkeiten: Sie bestimmen das Warenangebot und kalkulieren die Preise. &hellip; <a href=\"https:\/\/wordpress.nibis.de\/sib\/projekte\/cafeteria\/\" class=\"more-link\"><span class=\"screen-reader-text\">Cafeteria<\/span> weiterlesen <span class=\"meta-nav\">&rarr;<\/span><\/a><\/p>\n","protected":false},"author":9192613,"featured_media":0,"parent":30,"menu_order":0,"comment_status":"closed","ping_status":"closed","template":"","meta":{"footnotes":""},"class_list":["post-292","page","type-page","status-publish","hentry"],"_links":{"self":[{"href":"https:\/\/wordpress.nibis.de\/sib\/wp-json\/wp\/v2\/pages\/292","targetHints":{"allow":["GET"]}}],"collection":[{"href":"https:\/\/wordpress.nibis.de\/sib\/wp-json\/wp\/v2\/pages"}],"about":[{"href":"https:\/\/wordpress.nibis.de\/sib\/wp-json\/wp\/v2\/types\/page"}],"author":[{"embeddable":true,"href":"https:\/\/wordpress.nibis.de\/sib\/wp-json\/wp\/v2\/users\/9192613"}],"replies":[{"embeddable":true,"href":"https:\/\/wordpress.nibis.de\/sib\/wp-json\/wp\/v2\/comments?post=292"}],"version-history":[{"count":4,"href":"https:\/\/wordpress.nibis.de\/sib\/wp-json\/wp\/v2\/pages\/292\/revisions"}],"predecessor-version":[{"id":1012,"href":"https:\/\/wordpress.nibis.de\/sib\/wp-json\/wp\/v2\/pages\/292\/revisions\/1012"}],"up":[{"embeddable":true,"href":"https:\/\/wordpress.nibis.de\/sib\/wp-json\/wp\/v2\/pages\/30"}],"wp:attachment":[{"href":"https:\/\/wordpress.nibis.de\/sib\/wp-json\/wp\/v2\/media?parent=292"}],"curies":[{"name":"wp","href":"https:\/\/api.w.org\/{rel}","templated":true}]}}