{"id":30,"date":"2018-08-14T16:17:23","date_gmt":"2018-08-14T14:17:23","guid":{"rendered":"http:\/\/wordpress.nibis.de\/sib\/?page_id=30"},"modified":"2025-08-20T20:36:52","modified_gmt":"2025-08-20T18:36:52","slug":"projekte","status":"publish","type":"page","link":"https:\/\/wordpress.nibis.de\/sib\/projekte\/","title":{"rendered":"Projekte"},"content":{"rendered":"<p style=\"text-align: justify\">Jeden Dienstag arbeiten die Sch\u00fcler und Sch\u00fclerinnen beider F\u00f6rderschwerpunkte jahrgangs\u00fcbergreifend in Projekten zusammen, die sie auf die Anforderungen nach der Schulzeit vorbereiten.<\/p>\n<p style=\"text-align: justify\">Die Projekte finden \u00fcber den gesamten Schulvormittag &#8211; vereinzelt auch bis in den Nachmittag &#8211; statt und werden von den Sch\u00fclern und Sch\u00fclerinnen jeweils f\u00fcr ein Schuljahr gew\u00e4hlt.<\/p>\n<p>\u00dcber die breit gef\u00e4cherten Erfahrungs- und Lernbereiche m\u00f6chten die Projekte Sch\u00fclern und Sch\u00fclerinnen einen Einblick in m\u00f6gliche nachschulische Arbeitsbereiche geben. In einem gesch\u00fctzten Rahmen k\u00f6nnen hier unterschiedliche T\u00e4tigkeitsfelder erprobt und kennengelernt werden. Nicht selten zeigen sich durch die Teilnahme an den diversen Projekten an unserer Schule erste Vorlieben, die f\u00fcr eine zuk\u00fcnftige Entscheidungsfindung ausschlaggebend sein k\u00f6nnen.<br \/>\nDurch die Zusammenarbeit im Team werden handwerkliches Geschick, die Kenntnisse im Umgang mit einfachen Werkzeugen, Materialerfahrungen, die Bereitschaft zu eigenst\u00e4ndigem Arbeiten, die Kreativit\u00e4t, das Planen von Arbeits- und Handlungsschritten und das ausdauernde Arbeiten an einer Aufgabe erfahrbar und geschult.<br \/>\nSelbstverst\u00e4ndlich ist der Fokus der Projektarbeit nicht nur berufsorientiert, sondern &#8211; oder insbesondere &#8211; auch auf die au\u00dferschulische Lebenssituation gerichtet. Hierbei steht das Ziel im Vordergrund, den Sch\u00fclern und Sch\u00fclerinnen ein Leben zu erm\u00f6glichen, welches sie so selbst\u00e4ndig wie m\u00f6glich f\u00fchren, gestalten und bew\u00e4ltigen k\u00f6nnen.<\/p>\n<table style=\"width: 99.6388%;border-collapse: collapse;border-color: #f2eded;height: 540px\" border=\"0\">\n<tbody>\n<tr style=\"background-color: #bbeda1\">\n<td style=\"width: 99.2121%;height: 40px\" colspan=\"2\"><strong>Dienstags-Projekte\u00a0<\/strong><\/td>\n<\/tr>\n<tr style=\"height: 60px\">\n<td style=\"width: 50.6927%;height: 60px\">\n<ul>\n<li><a href=\"https:\/\/wordpress.nibis.de\/sib\/naehwerkstatt\/\">Projekt Kreativwerkstatt<\/a><\/li>\n<\/ul>\n<\/td>\n<td style=\"width: 48.5194%;height: 60px\">\n<ul>\n<li><a href=\"https:\/\/wordpress.nibis.de\/sib\/projekte\/waesche\/\">W\u00e4sche-Projekt<\/a><\/li>\n<\/ul>\n<\/td>\n<\/tr>\n<tr style=\"height: 60px\">\n<td style=\"width: 50.6927%;height: 60px\">\n<ul>\n<li><a href=\"http:\/\/wordpress.nibis.de\/sib\/projekte\/berufsschule\/\">Projekt Berufsschule<\/a><\/li>\n<\/ul>\n<\/td>\n<td style=\"width: 48.5194%;height: 60px\">\n<ul>\n<li><a href=\"http:\/\/wordpress.nibis.de\/sib\/projekte\/buero\/\">B\u00fcroprojekt<\/a><\/li>\n<\/ul>\n<\/td>\n<\/tr>\n<tr style=\"height: 60px\">\n<td style=\"width: 50.6927%;height: 60px\">\n<ul>\n<li><a href=\"http:\/\/wordpress.nibis.de\/sib\/projekte\/cafeteria\/\">Cafeteria-Projekt<\/a><\/li>\n<\/ul>\n<\/td>\n<td style=\"width: 48.5194%;height: 60px\">\n<ul>\n<li><a href=\"http:\/\/wordpress.nibis.de\/sib\/projekte\/fahrrad\/\">Fahrrad-Projekt<\/a><\/li>\n<\/ul>\n<\/td>\n<\/tr>\n<tr style=\"height: 60px\">\n<td style=\"width: 50.6927%;height: 60px\">\n<ul>\n<li><a href=\"http:\/\/wordpress.nibis.de\/sib\/projekte\/garten\/\">Garten-Projekt<\/a><\/li>\n<\/ul>\n<\/td>\n<td style=\"width: 48.5194%;height: 60px\">\n<ul>\n<li><a href=\"https:\/\/wordpress.nibis.de\/sib\/projekt-werkstatt\/\">Projekt Handwerkerservice<\/a><\/li>\n<\/ul>\n<\/td>\n<\/tr>\n<tr style=\"height: 60px\">\n<td style=\"width: 50.6927%;height: 60px\">\n<ul>\n<li><a href=\"http:\/\/wordpress.nibis.de\/sib\/projekte\/kiosk\/\">Kiosk-Projekt<\/a><\/li>\n<\/ul>\n<\/td>\n<td style=\"width: 48.5194%;height: 60px\">\n<ul>\n<li><a href=\"http:\/\/wordpress.nibis.de\/sib\/projekte\/300-2\/\">Projekt Schulsanit\u00e4ter<\/a><\/li>\n<\/ul>\n<\/td>\n<\/tr>\n<tr style=\"height: 40px\">\n<td style=\"width: 50.6927%;height: 40px\">\n<ul>\n<li>Projekt Alltagsassistenz<\/li>\n<\/ul>\n<\/td>\n<td style=\"width: 48.5194%;height: 40px\"><\/td>\n<\/tr>\n<\/tbody>\n<\/table>\n","protected":false},"excerpt":{"rendered":"<p>Jeden Dienstag arbeiten die Sch\u00fcler und Sch\u00fclerinnen beider F\u00f6rderschwerpunkte jahrgangs\u00fcbergreifend in Projekten zusammen, die sie auf die Anforderungen nach der Schulzeit vorbereiten. Die Projekte finden \u00fcber den gesamten Schulvormittag &#8211; vereinzelt auch bis in den Nachmittag &#8211; statt und werden von den Sch\u00fclern und Sch\u00fclerinnen jeweils f\u00fcr ein Schuljahr gew\u00e4hlt. \u00dcber die breit gef\u00e4cherten Erfahrungs- &hellip; <a href=\"https:\/\/wordpress.nibis.de\/sib\/projekte\/\" class=\"more-link\"><span class=\"screen-reader-text\">Projekte<\/span> weiterlesen <span class=\"meta-nav\">&rarr;<\/span><\/a><\/p>\n","protected":false},"author":9192613,"featured_media":0,"parent":0,"menu_order":0,"comment_status":"closed","ping_status":"closed","template":"","meta":{"footnotes":""},"class_list":["post-30","page","type-page","status-publish","hentry"],"_links":{"self":[{"href":"https:\/\/wordpress.nibis.de\/sib\/wp-json\/wp\/v2\/pages\/30","targetHints":{"allow":["GET"]}}],"collection":[{"href":"https:\/\/wordpress.nibis.de\/sib\/wp-json\/wp\/v2\/pages"}],"about":[{"href":"https:\/\/wordpress.nibis.de\/sib\/wp-json\/wp\/v2\/types\/page"}],"author":[{"embeddable":true,"href":"https:\/\/wordpress.nibis.de\/sib\/wp-json\/wp\/v2\/users\/9192613"}],"replies":[{"embeddable":true,"href":"https:\/\/wordpress.nibis.de\/sib\/wp-json\/wp\/v2\/comments?post=30"}],"version-history":[{"count":18,"href":"https:\/\/wordpress.nibis.de\/sib\/wp-json\/wp\/v2\/pages\/30\/revisions"}],"predecessor-version":[{"id":2274,"href":"https:\/\/wordpress.nibis.de\/sib\/wp-json\/wp\/v2\/pages\/30\/revisions\/2274"}],"wp:attachment":[{"href":"https:\/\/wordpress.nibis.de\/sib\/wp-json\/wp\/v2\/media?parent=30"}],"curies":[{"name":"wp","href":"https:\/\/api.w.org\/{rel}","templated":true}]}}