{"id":300,"date":"2018-11-03T15:06:26","date_gmt":"2018-11-03T14:06:26","guid":{"rendered":"http:\/\/wordpress.nibis.de\/sib\/?page_id=300"},"modified":"2019-03-28T18:34:37","modified_gmt":"2019-03-28T17:34:37","slug":"300-2","status":"publish","type":"page","link":"https:\/\/wordpress.nibis.de\/sib\/projekte\/300-2\/","title":{"rendered":"Schulsanit\u00e4ter"},"content":{"rendered":"<p align=\"justify\"><span style=\"font-size: large\">Hallo, wir sind die Schulsanit\u00e4ter!<\/span><\/p>\n<p align=\"justify\"><span style=\"font-size: large\">Wir treffen uns jeden Dienstag und lernen Erste Hilfe. Dazu geh\u00f6ren:<\/span><\/p>\n<p align=\"justify\"><span style=\"font-size: large\">Verb\u00e4nde, Seitenlage, Notruf absetzen, Herz-Lungen- Wiederbelebung, Unfallstelle absichern, Motorradhelm abnehmen, Rettung aus dem Auto, einen Defibrilator benutzen und Vieles mehr!<\/span><\/p>\n<p align=\"justify\"><span style=\"font-size: large\">In den Pausen sind wir als Schulsanit\u00e4ter unterwegs und helfen + versorgen unsere Mitsch\u00fcler, wenn sie sich verletzt haben. Daf\u00fcr haben wir eine Erste-Hilfe-Tasche mit K\u00fchlakkus, einer Zahnrettungsbox und Verbandsmaterial dabei. Manchmal laden wir auch andere Schulklassen zu uns ein und bringen ihnen Erste Hilfe bei. <\/span><\/p>\n<p align=\"justify\"><span style=\"font-size: large\">Sch\u00f6ne Gr\u00fc\u00dfe aus dem Schulsanit\u00e4tsprojekt<\/span><\/p>\n<div id='gallery-1' class='gallery galleryid-300 gallery-columns-2 gallery-size-thumbnail'><figure class='gallery-item'>\n\t\t\t<div class='gallery-icon landscape'>\n\t\t\t\t<a href='https:\/\/wordpress.nibis.de\/sib\/projekte\/300-2\/attachment\/2\/'><img loading=\"lazy\" decoding=\"async\" width=\"250\" height=\"141\" src=\"https:\/\/wordpress.nibis.de\/sib\/files\/2019\/02\/2-250x141.jpg\" class=\"attachment-thumbnail size-thumbnail\" alt=\"\" srcset=\"https:\/\/wordpress.nibis.de\/sib\/files\/2019\/02\/2-250x141.jpg 250w, https:\/\/wordpress.nibis.de\/sib\/files\/2019\/02\/2-850x478.jpg 850w, https:\/\/wordpress.nibis.de\/sib\/files\/2019\/02\/2-768x432.jpg 768w, https:\/\/wordpress.nibis.de\/sib\/files\/2019\/02\/2.jpg 1200w\" sizes=\"auto, (max-width: 250px) 100vw, 250px\" \/><\/a>\n\t\t\t<\/div><\/figure><figure class='gallery-item'>\n\t\t\t<div class='gallery-icon landscape'>\n\t\t\t\t<a href='https:\/\/wordpress.nibis.de\/sib\/projekte\/300-2\/attachment\/3\/'><img loading=\"lazy\" decoding=\"async\" width=\"250\" height=\"141\" src=\"https:\/\/wordpress.nibis.de\/sib\/files\/2019\/02\/3-250x141.jpg\" class=\"attachment-thumbnail size-thumbnail\" alt=\"\" srcset=\"https:\/\/wordpress.nibis.de\/sib\/files\/2019\/02\/3-250x141.jpg 250w, https:\/\/wordpress.nibis.de\/sib\/files\/2019\/02\/3-850x478.jpg 850w\" sizes=\"auto, (max-width: 250px) 100vw, 250px\" \/><\/a>\n\t\t\t<\/div><\/figure><figure class='gallery-item'>\n\t\t\t<div class='gallery-icon landscape'>\n\t\t\t\t<a href='https:\/\/wordpress.nibis.de\/sib\/projekte\/300-2\/attachment\/4\/'><img loading=\"lazy\" decoding=\"async\" width=\"250\" height=\"141\" src=\"https:\/\/wordpress.nibis.de\/sib\/files\/2019\/02\/4-250x141.jpg\" class=\"attachment-thumbnail size-thumbnail\" alt=\"\" srcset=\"https:\/\/wordpress.nibis.de\/sib\/files\/2019\/02\/4-250x141.jpg 250w, https:\/\/wordpress.nibis.de\/sib\/files\/2019\/02\/4-850x478.jpg 850w\" sizes=\"auto, (max-width: 250px) 100vw, 250px\" \/><\/a>\n\t\t\t<\/div><\/figure><figure class='gallery-item'>\n\t\t\t<div class='gallery-icon portrait'>\n\t\t\t\t<a href='https:\/\/wordpress.nibis.de\/sib\/projekte\/300-2\/attachment\/5\/'><img loading=\"lazy\" decoding=\"async\" width=\"250\" height=\"141\" src=\"https:\/\/wordpress.nibis.de\/sib\/files\/2019\/02\/5-250x141.jpg\" class=\"attachment-thumbnail size-thumbnail\" alt=\"\" \/><\/a>\n\t\t\t<\/div><\/figure><figure class='gallery-item'>\n\t\t\t<div class='gallery-icon portrait'>\n\t\t\t\t<a href='https:\/\/wordpress.nibis.de\/sib\/projekte\/300-2\/img_0572\/'><img loading=\"lazy\" decoding=\"async\" width=\"250\" height=\"141\" src=\"https:\/\/wordpress.nibis.de\/sib\/files\/2019\/03\/IMG_0572-e1553794427808-250x141.jpg\" class=\"attachment-thumbnail size-thumbnail\" alt=\"\" srcset=\"https:\/\/wordpress.nibis.de\/sib\/files\/2019\/03\/IMG_0572-e1553794427808-250x141.jpg 250w, https:\/\/wordpress.nibis.de\/sib\/files\/2019\/03\/IMG_0572-e1553794427808-480x270.jpg 480w\" sizes=\"auto, (max-width: 250px) 100vw, 250px\" \/><\/a>\n\t\t\t<\/div><\/figure>\n\t\t<\/div>\n\n","protected":false},"excerpt":{"rendered":"<p>Hallo, wir sind die Schulsanit\u00e4ter! Wir treffen uns jeden Dienstag und lernen Erste Hilfe. Dazu geh\u00f6ren: Verb\u00e4nde, Seitenlage, Notruf absetzen, Herz-Lungen- Wiederbelebung, Unfallstelle absichern, Motorradhelm abnehmen, Rettung aus dem Auto, einen Defibrilator benutzen und Vieles mehr! In den Pausen sind wir als Schulsanit\u00e4ter unterwegs und helfen + versorgen unsere Mitsch\u00fcler, wenn sie sich verletzt haben. &hellip; <a href=\"https:\/\/wordpress.nibis.de\/sib\/projekte\/300-2\/\" class=\"more-link\"><span class=\"screen-reader-text\">Schulsanit\u00e4ter<\/span> weiterlesen <span class=\"meta-nav\">&rarr;<\/span><\/a><\/p>\n","protected":false},"author":9192613,"featured_media":0,"parent":30,"menu_order":0,"comment_status":"closed","ping_status":"closed","template":"","meta":{"footnotes":""},"class_list":["post-300","page","type-page","status-publish","hentry"],"_links":{"self":[{"href":"https:\/\/wordpress.nibis.de\/sib\/wp-json\/wp\/v2\/pages\/300","targetHints":{"allow":["GET"]}}],"collection":[{"href":"https:\/\/wordpress.nibis.de\/sib\/wp-json\/wp\/v2\/pages"}],"about":[{"href":"https:\/\/wordpress.nibis.de\/sib\/wp-json\/wp\/v2\/types\/page"}],"author":[{"embeddable":true,"href":"https:\/\/wordpress.nibis.de\/sib\/wp-json\/wp\/v2\/users\/9192613"}],"replies":[{"embeddable":true,"href":"https:\/\/wordpress.nibis.de\/sib\/wp-json\/wp\/v2\/comments?post=300"}],"version-history":[{"count":5,"href":"https:\/\/wordpress.nibis.de\/sib\/wp-json\/wp\/v2\/pages\/300\/revisions"}],"predecessor-version":[{"id":776,"href":"https:\/\/wordpress.nibis.de\/sib\/wp-json\/wp\/v2\/pages\/300\/revisions\/776"}],"up":[{"embeddable":true,"href":"https:\/\/wordpress.nibis.de\/sib\/wp-json\/wp\/v2\/pages\/30"}],"wp:attachment":[{"href":"https:\/\/wordpress.nibis.de\/sib\/wp-json\/wp\/v2\/media?parent=300"}],"curies":[{"name":"wp","href":"https:\/\/api.w.org\/{rel}","templated":true}]}}