{"id":490,"date":"2019-01-30T21:02:41","date_gmt":"2019-01-30T20:02:41","guid":{"rendered":"http:\/\/wordpress.nibis.de\/sib\/?page_id=490"},"modified":"2025-08-20T20:16:18","modified_gmt":"2025-08-20T18:16:18","slug":"allgemeine-infos","status":"publish","type":"page","link":"https:\/\/wordpress.nibis.de\/sib\/infos\/allgemeine-infos\/","title":{"rendered":"Allgemeine Infos"},"content":{"rendered":"<p style=\"text-align: justify\">Wir sind eine F\u00f6rderschule mit den Schwerpunkten <strong>Geistige Entwicklung<\/strong> sowie <strong>K\u00f6rperliche und Motorische Entwicklung<\/strong>.<\/p>\n<p style=\"text-align: justify\"><b>Alle lernen unter einem Dach<\/b>.<\/p>\n<p style=\"text-align: justify\">Unsere Schule ist eine Schule in <b>\u00f6ffentlicher Tr\u00e4gerschaft. <\/b> Sie wird von Kindern und Jugendlichen aus der Stadt und dem Landkreis Hildesheim sowie aus umliegenden Landkreisen (Zust\u00e4ndigkeit als Schule mit dem F\u00f6rderschwerpunkt K\u00f6rperliche und Motorische Entwicklung) besucht.<\/p>\n<p style=\"text-align: justify\">Gegenw\u00e4rtig werden \u00fcber 400 <strong>Sch\u00fcler und Sch\u00fclerinnen<\/strong> an\u00a0 der Schule unterrichtet.<\/p>\n<p style=\"text-align: justify\">Die Sch\u00fcler und Sch\u00fclerinnen werden mit Fahrdiensten zur Schule bef\u00f6rdert oder fahren selbst\u00e4ndig mit \u00f6ffentlichen Verkehrsmitteln bzw. gehen &#8211; je nach Wohnortn\u00e4he &#8211; zu Fu\u00df.<\/p>\n<p style=\"text-align: justify\">In den derzeit 46 <a href=\"https:\/\/wordpress.nibis.de\/sib\/ueber-uns\/klassen\/\"><strong>Klassen<\/strong><\/a> arbeiten p\u00e4dagogische Teams, die sich in der Regel aus einer F\u00f6rderschullehrkraft und ein bis zwei p\u00e4dagogischen Fachkr\u00e4ften (Heilerziehungspfleger\/-innen, Erzieher\/-innen, Heilp\u00e4dagog\/-innen, &#8230;) zusammensetzen. Die Klassengr\u00f6\u00dfe variiert zwischen 6 und 12 Sch\u00fclern und Sch\u00fclerinnen.<\/p>\n<p style=\"text-align: justify\">An der Schule arbeiten zur Zeit mehr als 100 <a href=\"https:\/\/wordpress.nibis.de\/sib\/ueber-uns\/kollegium\/\"><strong>F\u00f6rderschullehrkr\u00e4fte und p\u00e4dagogische Fachkr\u00e4fte<\/strong><\/a>.<\/p>\n<p style=\"text-align: justify\">Im Unterricht werden viele Teams w\u00e4hrend der Schulzeit durch\u00a0 p\u00e4dagogische Fachkr\u00e4fte von der <strong>Tagesst\u00e4tte des F\u00f6rderzentrums im Bockfeld<\/strong> unterst\u00fctzt.<\/p>\n<p style=\"text-align: justify\">Seit dem Schuljahr 2023\/2024 ist unsere Schule\u00a0 mit den jeweils einzuschulenden Jahrg\u00e4ngen auf dem Weg zur Ganztagsschule. Eine \u00dcbersicht \u00fcber die Unterrichtszeiten und den Schultag findet man unter:\u00a0 <strong><a href=\"https:\/\/wordpress.nibis.de\/sib\/infos\/schultag\/\">Schultag<\/a>.<\/strong><\/p>\n<p>Die Klassen im Ganztag (Jahrg\u00e4nge 1 -3) sowie die Klassen im F\u00f6rderschulzweig KME werden an vier Tagen der Woche bis 14:45 Uhr unterrichtet.<\/p>\n<p style=\"text-align: justify\">Sind die Sch\u00fcler\/-innen in der <strong>Tagesst\u00e4tte<\/strong> angemeldet, werden sie generell\u00a0 t\u00e4glich bis 14:55 Uhr von &#8211; in den meisten F\u00e4llen &#8211; den Mitarbeitenden der Tagesst\u00e4tte betreut, die auch w\u00e4hrend des Schulvormittags in der Klasse eingesetzt sind.<\/p>\n<p style=\"text-align: justify\">Jeden Dienstag arbeiten die Abschlussklassen beider Schulformen klassen- und f\u00e4cher\u00fcbergreifend in verschiedenen<strong><a href=\"https:\/\/wordpress.nibis.de\/sib\/projekte\/\"> Projekten<\/a> <\/strong>zusammen, um sich intensiv auf die Anforderungen des Lebens im\u00a0 Anschluss an die Schulzeit vorzubereiten.<\/p>\n<p style=\"text-align: justify\">Unsere Schule ist f\u00fcr alle Eltern beeintr\u00e4chtigter Kinder und Jugendlicher eine <strong>Anlauf- und Beratungsstelle<\/strong>, wenn es um die schulische Laufbahn ihrer Kinder und um M\u00f6glichkeiten der Jugendlichen nach Ablauf der Schulzeit geht.<\/p>\n<p style=\"text-align: justify\">Dabei ist es nicht notwendig, dass die Kinder und Jugendlichen unsere Schule besuchen oder besucht haben.<\/p>\n<p style=\"text-align: justify\">Seit Einf\u00fchrung der <a href=\"https:\/\/wordpress.nibis.de\/sib\/inklusion\/\"><strong>Inklusion <\/strong><\/a>sind Lehrkr\u00e4fte mit Stunden an vielen Grundschulen und weiterf\u00fchrenden Schulen sowie an der Berufsschule im Schwerpunkt Geistige Entwicklung t\u00e4tig.<\/p>\n<p style=\"text-align: justify\">Der <strong>Mobile Dienst<\/strong> ber\u00e4t und unterst\u00fctzt Schulen, Lehrkr\u00e4fte sowie Eltern von Sch\u00fclern und Sch\u00fclerinnen mit Bedarf an sonderp\u00e4dagogischer Unterst\u00fctzung im Schwerpunkt\u00a0 K\u00f6rperliche und Motorische Entwicklung, die an der Regelschule unterrichtet werden.<\/p>\n<p style=\"text-align: justify\">Unsere Schule ist durchl\u00e4ssig und wir bem\u00fchen uns stets, Wege zur besseren Integration und Inklusion unserer Sch\u00fcler\/-innen zu finden.<\/p>\n","protected":false},"excerpt":{"rendered":"<p>Wir sind eine F\u00f6rderschule mit den Schwerpunkten Geistige Entwicklung sowie K\u00f6rperliche und Motorische Entwicklung. Alle lernen unter einem Dach. Unsere Schule ist eine Schule in \u00f6ffentlicher Tr\u00e4gerschaft. Sie wird von Kindern und Jugendlichen aus der Stadt und dem Landkreis Hildesheim sowie aus umliegenden Landkreisen (Zust\u00e4ndigkeit als Schule mit dem F\u00f6rderschwerpunkt K\u00f6rperliche und Motorische Entwicklung) besucht. &hellip; <a href=\"https:\/\/wordpress.nibis.de\/sib\/infos\/allgemeine-infos\/\" class=\"more-link\"><span class=\"screen-reader-text\">Allgemeine Infos<\/span> weiterlesen <span class=\"meta-nav\">&rarr;<\/span><\/a><\/p>\n","protected":false},"author":9192613,"featured_media":0,"parent":11,"menu_order":1,"comment_status":"closed","ping_status":"closed","template":"","meta":{"footnotes":""},"class_list":["post-490","page","type-page","status-publish","hentry"],"_links":{"self":[{"href":"https:\/\/wordpress.nibis.de\/sib\/wp-json\/wp\/v2\/pages\/490","targetHints":{"allow":["GET"]}}],"collection":[{"href":"https:\/\/wordpress.nibis.de\/sib\/wp-json\/wp\/v2\/pages"}],"about":[{"href":"https:\/\/wordpress.nibis.de\/sib\/wp-json\/wp\/v2\/types\/page"}],"author":[{"embeddable":true,"href":"https:\/\/wordpress.nibis.de\/sib\/wp-json\/wp\/v2\/users\/9192613"}],"replies":[{"embeddable":true,"href":"https:\/\/wordpress.nibis.de\/sib\/wp-json\/wp\/v2\/comments?post=490"}],"version-history":[{"count":11,"href":"https:\/\/wordpress.nibis.de\/sib\/wp-json\/wp\/v2\/pages\/490\/revisions"}],"predecessor-version":[{"id":2272,"href":"https:\/\/wordpress.nibis.de\/sib\/wp-json\/wp\/v2\/pages\/490\/revisions\/2272"}],"up":[{"embeddable":true,"href":"https:\/\/wordpress.nibis.de\/sib\/wp-json\/wp\/v2\/pages\/11"}],"wp:attachment":[{"href":"https:\/\/wordpress.nibis.de\/sib\/wp-json\/wp\/v2\/media?parent=490"}],"curies":[{"name":"wp","href":"https:\/\/api.w.org\/{rel}","templated":true}]}}