{"id":513,"date":"2019-02-15T09:15:03","date_gmt":"2019-02-15T08:15:03","guid":{"rendered":"https:\/\/wordpress.nibis.de\/sib\/?page_id=513"},"modified":"2020-09-28T21:35:12","modified_gmt":"2020-09-28T19:35:12","slug":"kg-4","status":"publish","type":"page","link":"https:\/\/wordpress.nibis.de\/sib\/archiv\/schuljahr-2018-2019\/kg-4\/","title":{"rendered":"KG 4 2018\/2019"},"content":{"rendered":"\n<p><strong>OPEN\u2013AIR<\/strong><\/p>\n\n\n\n<p>Am Montag, den 3.6.2019 war das Open-Air-Konzert auf der\nAu\u00dfenb\u00fchne hinter Haus 2 unserer Schule.<\/p>\n\n\n\n<p>Es waren da: die Band der Schule in Alfeld, Fairy Trolls und die Bockfeld Crew. Sie haben tolle Musik gemacht. Die Zuschauer waren begeistert und einige haben sogar getanzt. Es hat uns Spa\u00df gemacht. <\/p>\n\n\n\n<p>Eure KG 4<\/p>\n\n\n\n<figure class=\"wp-block-gallery columns-2 is-cropped wp-block-gallery-1 is-layout-flex wp-block-gallery-is-layout-flex\"><ul class=\"blocks-gallery-grid\"><li class=\"blocks-gallery-item\"><figure><img loading=\"lazy\" decoding=\"async\" width=\"1200\" height=\"675\" src=\"https:\/\/wordpress.nibis.de\/sib\/files\/2019\/06\/openair5-001-e1559904734573-1200x675.jpg\" alt=\"\" data-id=\"937\" data-link=\"https:\/\/wordpress.nibis.de\/sib\/klassen\/kg-4\/openair5-001\/\" class=\"wp-image-937\" srcset=\"https:\/\/wordpress.nibis.de\/sib\/files\/2019\/06\/openair5-001-e1559904734573-1200x675.jpg 1200w, https:\/\/wordpress.nibis.de\/sib\/files\/2019\/06\/openair5-001-e1559904734573-250x141.jpg 250w, https:\/\/wordpress.nibis.de\/sib\/files\/2019\/06\/openair5-001-e1559904734573-850x478.jpg 850w\" sizes=\"auto, (max-width: 1200px) 100vw, 1200px\" \/><\/figure><\/li><li class=\"blocks-gallery-item\"><figure><img loading=\"lazy\" decoding=\"async\" width=\"1200\" height=\"675\" src=\"https:\/\/wordpress.nibis.de\/sib\/files\/2019\/06\/openair1-001-2-e1559904487917-1200x675.jpg\" alt=\"\" data-id=\"939\" data-link=\"https:\/\/wordpress.nibis.de\/sib\/klassen\/kg-4\/openair1-001-3\/\" class=\"wp-image-939\" srcset=\"https:\/\/wordpress.nibis.de\/sib\/files\/2019\/06\/openair1-001-2-e1559904487917-1200x675.jpg 1200w, https:\/\/wordpress.nibis.de\/sib\/files\/2019\/06\/openair1-001-2-e1559904487917-250x141.jpg 250w, https:\/\/wordpress.nibis.de\/sib\/files\/2019\/06\/openair1-001-2-e1559904487917-850x478.jpg 850w\" sizes=\"auto, (max-width: 1200px) 100vw, 1200px\" \/><\/figure><\/li><li class=\"blocks-gallery-item\"><figure><img loading=\"lazy\" decoding=\"async\" width=\"1200\" height=\"675\" src=\"https:\/\/wordpress.nibis.de\/sib\/files\/2019\/06\/openair3-001-e1559904632882-1200x675.jpg\" alt=\"\" data-id=\"935\" data-link=\"https:\/\/wordpress.nibis.de\/sib\/klassen\/kg-4\/openair3-001\/\" class=\"wp-image-935\" srcset=\"https:\/\/wordpress.nibis.de\/sib\/files\/2019\/06\/openair3-001-e1559904632882-1200x675.jpg 1200w, https:\/\/wordpress.nibis.de\/sib\/files\/2019\/06\/openair3-001-e1559904632882-250x141.jpg 250w, https:\/\/wordpress.nibis.de\/sib\/files\/2019\/06\/openair3-001-e1559904632882-850x478.jpg 850w\" sizes=\"auto, (max-width: 1200px) 100vw, 1200px\" \/><\/figure><\/li><li class=\"blocks-gallery-item\"><figure><img loading=\"lazy\" decoding=\"async\" width=\"1200\" height=\"675\" src=\"https:\/\/wordpress.nibis.de\/sib\/files\/2019\/06\/openair2-001-e1559904579639-1200x675.jpg\" alt=\"\" data-id=\"934\" data-link=\"https:\/\/wordpress.nibis.de\/sib\/klassen\/kg-4\/openair2-001\/\" class=\"wp-image-934\" srcset=\"https:\/\/wordpress.nibis.de\/sib\/files\/2019\/06\/openair2-001-e1559904579639-1200x675.jpg 1200w, https:\/\/wordpress.nibis.de\/sib\/files\/2019\/06\/openair2-001-e1559904579639-250x141.jpg 250w, https:\/\/wordpress.nibis.de\/sib\/files\/2019\/06\/openair2-001-e1559904579639-850x478.jpg 850w\" sizes=\"auto, (max-width: 1200px) 100vw, 1200px\" \/><\/figure><\/li><li class=\"blocks-gallery-item\"><figure><img loading=\"lazy\" decoding=\"async\" width=\"1200\" height=\"675\" src=\"https:\/\/wordpress.nibis.de\/sib\/files\/2019\/06\/openair4-001-e1559904685399-1200x675.jpg\" alt=\"\" data-id=\"936\" data-link=\"https:\/\/wordpress.nibis.de\/sib\/klassen\/kg-4\/openair4-001\/\" class=\"wp-image-936\" srcset=\"https:\/\/wordpress.nibis.de\/sib\/files\/2019\/06\/openair4-001-e1559904685399-1200x675.jpg 1200w, https:\/\/wordpress.nibis.de\/sib\/files\/2019\/06\/openair4-001-e1559904685399-250x141.jpg 250w, https:\/\/wordpress.nibis.de\/sib\/files\/2019\/06\/openair4-001-e1559904685399-850x478.jpg 850w\" sizes=\"auto, (max-width: 1200px) 100vw, 1200px\" \/><\/figure><\/li><\/ul><\/figure>\n\n\n\n<p>Wir machen jede zweite Woche donnerstags <strong>Kooperationsspiele <\/strong>in der Gymnastikhalle.<\/p>\n\n\n\n<p>Dabei sollen\nwir lernen, in einem Team zu arbeiten und miteinander zu reden. Au\u00dferdem sollen\nwir immer eine gemeinsame L\u00f6sung finden.<\/p>\n\n\n\n<p>Vor allem aber macht das richtig viel Spa\u00df!<\/p>\n\n\n\n<figure class=\"wp-block-gallery columns-2 is-cropped wp-block-gallery-2 is-layout-flex wp-block-gallery-is-layout-flex\"><ul class=\"blocks-gallery-grid\"><li class=\"blocks-gallery-item\"><figure><img loading=\"lazy\" decoding=\"async\" width=\"640\" height=\"480\" src=\"https:\/\/wordpress.nibis.de\/sib\/files\/2019\/05\/IMG_2993.jpg\" alt=\"\" data-id=\"894\" data-link=\"https:\/\/wordpress.nibis.de\/sib\/klassen\/kg-4\/img_2993\/\" class=\"wp-image-894\" \/><\/figure><\/li><li class=\"blocks-gallery-item\"><figure><img loading=\"lazy\" decoding=\"async\" width=\"640\" height=\"480\" src=\"https:\/\/wordpress.nibis.de\/sib\/files\/2019\/05\/IMG_2999.jpg\" alt=\"\" data-id=\"897\" data-link=\"https:\/\/wordpress.nibis.de\/sib\/klassen\/kg-4\/img_2999\/\" class=\"wp-image-897\" \/><\/figure><\/li><li class=\"blocks-gallery-item\"><figure><img loading=\"lazy\" decoding=\"async\" width=\"640\" height=\"480\" src=\"https:\/\/wordpress.nibis.de\/sib\/files\/2019\/05\/IMG_2996.jpg\" alt=\"\" data-id=\"895\" data-link=\"https:\/\/wordpress.nibis.de\/sib\/klassen\/kg-4\/img_2996\/\" class=\"wp-image-895\" \/><\/figure><\/li><li class=\"blocks-gallery-item\"><figure><img loading=\"lazy\" decoding=\"async\" width=\"640\" height=\"480\" src=\"https:\/\/wordpress.nibis.de\/sib\/files\/2019\/05\/IMG_2997.jpg\" alt=\"\" data-id=\"896\" data-link=\"https:\/\/wordpress.nibis.de\/sib\/klassen\/kg-4\/img_2997\/\" class=\"wp-image-896\" \/><\/figure><\/li><li class=\"blocks-gallery-item\"><figure><img loading=\"lazy\" decoding=\"async\" width=\"640\" height=\"480\" src=\"https:\/\/wordpress.nibis.de\/sib\/files\/2019\/05\/IMG_3001.jpg\" alt=\"\" data-id=\"898\" data-link=\"https:\/\/wordpress.nibis.de\/sib\/klassen\/kg-4\/img_3001\/\" class=\"wp-image-898\" \/><\/figure><\/li><li class=\"blocks-gallery-item\"><figure><img loading=\"lazy\" decoding=\"async\" width=\"640\" height=\"480\" src=\"https:\/\/wordpress.nibis.de\/sib\/files\/2019\/05\/IMG_3004.jpg\" alt=\"\" data-id=\"899\" data-link=\"https:\/\/wordpress.nibis.de\/sib\/klassen\/kg-4\/img_3004\/\" class=\"wp-image-899\" \/><\/figure><\/li><\/ul><\/figure>\n\n\n\n<p><strong>Unser Besuch in der Buchhandlung<\/strong><\/p>\n\n\n\n<p>Zum Welttag des Buches hat jeder von uns ein Buch von Ameis Buchecke geschenkt bekommen. Freitag haben wir es uns dort abgeholt. Bei der Gelegenheit konnten wir noch ein bisschen st\u00f6bern, l\u00f6sten ein R\u00e4tsel und haben geh\u00f6rt, was man in einer Buchhandlung so macht. Die Zeit ging viel zu schnell rum. Das war toll und wir m\u00fcssen das unbedingt mal wieder machen.<\/p>\n\n\n\n<p><\/p>\n\n\n\n<figure class=\"wp-block-gallery columns-0 is-cropped wp-block-gallery-3 is-layout-flex wp-block-gallery-is-layout-flex\"><ul class=\"blocks-gallery-grid\"><li class=\"blocks-gallery-item\"><figure><img loading=\"lazy\" decoding=\"async\" width=\"480\" height=\"640\" src=\"https:\/\/wordpress.nibis.de\/sib\/files\/2019\/05\/IMG_3011-1-e1557485909636.jpg\" alt=\"\" data-id=\"910\" data-link=\"https:\/\/wordpress.nibis.de\/sib\/klassen\/kg-4\/img_3011-2\/\" class=\"wp-image-910\" \/><\/figure><\/li><li class=\"blocks-gallery-item\"><figure><img loading=\"lazy\" decoding=\"async\" width=\"480\" height=\"640\" src=\"https:\/\/wordpress.nibis.de\/sib\/files\/2019\/05\/IMG_3009-1-e1557485930446.jpg\" alt=\"\" data-id=\"902\" data-link=\"https:\/\/wordpress.nibis.de\/sib\/img_3009-2\/\" class=\"wp-image-902\" \/><\/figure><\/li><li class=\"blocks-gallery-item\"><figure><img loading=\"lazy\" decoding=\"async\" width=\"640\" height=\"480\" src=\"https:\/\/wordpress.nibis.de\/sib\/files\/2019\/05\/IMG_3015.jpg\" alt=\"\" data-id=\"908\" data-link=\"https:\/\/wordpress.nibis.de\/sib\/klassen\/kg-4\/img_3015\/\" class=\"wp-image-908\" \/><\/figure><\/li><\/ul><\/figure>\n\n\n\n<p><strong>Toller Flohmarkt in Sorsum<\/strong><\/p>\n\n\n\n<p>Am Mittwoch, den 3.4.2019, waren wir wandern. Wir waren mit anderen 5. und 6. Kl\u00e4sslern in Sorsum beim Flohmarkt und haben tolle Sachen gekauft.<\/p>\n\n\n\n<p>Trotz Nieselregens auf dem Weg war die Stimmung gut und das Fr\u00fchst\u00fcck schmeckte umso besser!<br><\/p>\n\n\n\n<figure class=\"wp-block-gallery columns-3 is-cropped wp-block-gallery-4 is-layout-flex wp-block-gallery-is-layout-flex\"><ul class=\"blocks-gallery-grid\"><li class=\"blocks-gallery-item\"><figure><img loading=\"lazy\" decoding=\"async\" width=\"640\" height=\"480\" src=\"https:\/\/wordpress.nibis.de\/sib\/files\/2019\/04\/IMG_2966.jpg\" alt=\"\" data-id=\"870\" data-link=\"https:\/\/wordpress.nibis.de\/sib\/klassen\/kg-4\/img_2966\/\" class=\"wp-image-870\" \/><\/figure><\/li><li class=\"blocks-gallery-item\"><figure><img loading=\"lazy\" decoding=\"async\" width=\"640\" height=\"480\" src=\"https:\/\/wordpress.nibis.de\/sib\/files\/2019\/04\/IMG_2968.jpg\" alt=\"\" data-id=\"871\" data-link=\"https:\/\/wordpress.nibis.de\/sib\/klassen\/kg-4\/img_2968\/\" class=\"wp-image-871\" \/><\/figure><\/li><li class=\"blocks-gallery-item\"><figure><img loading=\"lazy\" decoding=\"async\" width=\"640\" height=\"480\" src=\"https:\/\/wordpress.nibis.de\/sib\/files\/2019\/04\/IMG_2971.jpg\" alt=\"\" data-id=\"872\" data-link=\"https:\/\/wordpress.nibis.de\/sib\/klassen\/kg-4\/img_2971\/\" class=\"wp-image-872\" \/><\/figure><\/li><\/ul><\/figure>\n\n\n\n<p><\/p>\n\n\n\n<p>Francesco <\/p>\n\n\n\n<p><strong>Br\u00f6tchenbacken<\/strong><\/p>\n\n\n\n<p>Am Montag, den 1.4.2019, haben wir Br\u00f6tchen gebacken.<\/p>\n\n\n\n<p>Die\nwaren lecker.<\/p>\n\n\n\n<p>Die haben wir zum Fr\u00fchst\u00fcck gegessen.<\/p>\n\n\n\n<p><\/p>\n\n\n\n<div class=\"wp-block-image\"><figure class=\"aligncenter\"><img loading=\"lazy\" decoding=\"async\" width=\"640\" height=\"480\" src=\"https:\/\/wordpress.nibis.de\/sib\/files\/2019\/04\/vIImDwvCYILFqsiCOENq.jpg\" alt=\"\" class=\"wp-image-874\" \/><\/figure><\/div>\n\n\n\n<figure class=\"wp-block-gallery columns-0 is-cropped wp-block-gallery-5 is-layout-flex wp-block-gallery-is-layout-flex\"><ul class=\"blocks-gallery-grid\"><\/ul><\/figure>\n\n\n\n<p><\/p>\n\n\n\n<p>Probiert doch auch mal:<\/p>\n\n\n\n<p><strong>Leckere Fr\u00fchst\u00fccksbr\u00f6tchen<\/strong><\/p>\n\n\n\n<p>700g Skyr<\/p>\n\n\n\n<p>600g Mehl <\/p>\n\n\n\n<p>4 Eier <\/p>\n\n\n\n<p>2EL Milch<\/p>\n\n\n\n<p>2TL Salz<\/p>\n\n\n\n<p>2 P\u00e4ckchen Backpulver<\/p>\n\n\n\n<p>Alles miteinander vermischen.<\/p>\n\n\n\n<p>Mit 2 Essl\u00f6ffeln Teigh\u00e4ufchen auf das Backpapier setzten. <\/p>\n\n\n\n<p>Mit Kernen o.\u00e4. bestreuen.<\/p>\n\n\n\n<p>Bei 200\u00b0 20-25 Minuten backen.<\/p>\n\n\n\n<p class=\"has-text-align-right\">29.03.2019<\/p>\n\n\n\n<p><strong>Besuch vom Polizisten am 26.3.2019<\/strong><\/p>\n\n\n\n<p>Wir wurden\ngestern von einem Polizisten besucht.<\/p>\n\n\n\n<p>Er war in\nunserer Klasse und ist Hauptkommissar. <\/p>\n\n\n\n<p>Mit ihm\nhaben wir Verkehrsschilder angesehen.<\/p>\n\n\n\n<p>Au\u00dferdem\nhaben wir einen Film \u00fcber den Verkehr und wie man sich mit dem &nbsp;Fahrrad im Verkehr verh\u00e4lt angeschaut.<\/p>\n\n\n\n<p>Das war\naufregend und spannend.<\/p>\n\n\n\n<p>Eure Klasse KG4<\/p>\n\n\n\n<figure class=\"wp-block-image is-resized\"><img loading=\"lazy\" decoding=\"async\" src=\"https:\/\/wordpress.nibis.de\/sib\/files\/2019\/03\/IMG_2944.jpg\" alt=\"\" class=\"wp-image-782\" width=\"604\" height=\"453\" \/><\/figure>\n\n\n\n<p class=\"has-text-align-right\"><\/p>\n\n\n\n<p class=\"has-text-align-right\">15.03.2019<\/p>\n\n\n\n<p><strong>Wir ern\u00e4hren uns gesund <\/strong>\u2013 aber genie\u00dfen muss auch sein!<\/p>\n\n\n\n<p>Am Montag haben wir in Hauswirtschaft Obstspie\u00dfe gemacht, weil Lion sich das beim Klassenrat gew\u00fcnscht hat.<\/p>\n\n\n\n<p>Jeder \u00fcberlegt sich alle zwei Wochen ein Ziel, an dem er arbeitet. Als Belohnung daf\u00fcr haben wir am Mittwoch &nbsp;eine Eis\u2013Party gemacht, so wie Zo\u00e8 sich das gew\u00fcnscht hat, auch beim Klassenrat.<\/p>\n\n\n\n<figure class=\"wp-block-gallery columns-2 is-cropped wp-block-gallery-6 is-layout-flex wp-block-gallery-is-layout-flex\"><ul class=\"blocks-gallery-grid\"><li class=\"blocks-gallery-item\"><figure><img loading=\"lazy\" decoding=\"async\" width=\"640\" height=\"480\" src=\"https:\/\/wordpress.nibis.de\/sib\/files\/2019\/03\/IMG_2916-1.jpg\" alt=\"\" data-id=\"753\" data-link=\"https:\/\/wordpress.nibis.de\/sib\/klassen\/kg-4\/img_2916-2\/\" class=\"wp-image-753\" \/><\/figure><\/li><li class=\"blocks-gallery-item\"><figure><img loading=\"lazy\" decoding=\"async\" width=\"640\" height=\"480\" src=\"https:\/\/wordpress.nibis.de\/sib\/files\/2019\/03\/IMG_2923.jpg\" alt=\"\" data-id=\"756\" data-link=\"https:\/\/wordpress.nibis.de\/sib\/klassen\/kg-4\/img_2923\/\" class=\"wp-image-756\" \/><\/figure><\/li><li class=\"blocks-gallery-item\"><figure><img loading=\"lazy\" decoding=\"async\" width=\"640\" height=\"480\" src=\"https:\/\/wordpress.nibis.de\/sib\/files\/2019\/03\/IMG_2919.jpg\" alt=\"\" data-id=\"755\" data-link=\"https:\/\/wordpress.nibis.de\/sib\/klassen\/kg-4\/img_2919\/\" class=\"wp-image-755\" \/><\/figure><\/li><li class=\"blocks-gallery-item\"><figure><img loading=\"lazy\" decoding=\"async\" width=\"640\" height=\"480\" src=\"https:\/\/wordpress.nibis.de\/sib\/files\/2019\/03\/IMG_2918.jpg\" alt=\"\" data-id=\"754\" data-link=\"https:\/\/wordpress.nibis.de\/sib\/klassen\/kg-4\/img_2918\/\" class=\"wp-image-754\" \/><\/figure><\/li><\/ul><\/figure>\n\n\n\n<p><\/p>\n\n\n\n<p class=\"has-text-align-right\">08.03.2019<\/p>\n\n\n\n<p><strong>Wir&nbsp;&nbsp; waren&nbsp; im&nbsp; Kino.<\/strong>&nbsp; Wir haben \u201eDie kleine Hexe\u201c geguckt. Mir hat am besten der Vogel Abraxas&nbsp; gefallen.<\/p>\n\n\n\n<p>Lana<\/p>\n\n\n\n<p>Wir waren im Kino am 4.3.2019. Wir haben \u201eDie kleine Hexe\u201c geguckt. Mir hat am besten gefallen, dass die kleine Hexe eine lustige Frisur hatte.<\/p>\n\n\n\n<p>Sarah<\/p>\n\n\n\n<p>Wir waren im Kino.<\/p>\n\n\n\n<p>Da waren wir am 4.3., das war an einem Montag. Wir haben den Film &#8222;Die kleine Hexe&#8220; geguckt. Mir hat gefallen, dass die kleine Hexe auf dem Blocksberg getanzt hat.<\/p>\n\n\n\n<p>Zo\u00e8<\/p>\n\n\n\n<figure class=\"wp-block-gallery columns-2 is-cropped wp-block-gallery-7 is-layout-flex wp-block-gallery-is-layout-flex\"><ul class=\"blocks-gallery-grid\"><li class=\"blocks-gallery-item\"><figure><a href=\"https:\/\/wordpress.nibis.de\/sib\/klassen\/kg-4\/img_2912\/\"><img loading=\"lazy\" decoding=\"async\" width=\"640\" height=\"480\" src=\"https:\/\/wordpress.nibis.de\/sib\/files\/2019\/03\/IMG_2912.jpg\" alt=\"\" data-id=\"688\" data-link=\"https:\/\/wordpress.nibis.de\/sib\/klassen\/kg-4\/img_2912\/\" class=\"wp-image-688\" \/><\/a><\/figure><\/li><li class=\"blocks-gallery-item\"><figure><a href=\"https:\/\/wordpress.nibis.de\/sib\/klassen\/kg-4\/img_2911\/\"><img loading=\"lazy\" decoding=\"async\" width=\"640\" height=\"480\" src=\"https:\/\/wordpress.nibis.de\/sib\/files\/2019\/03\/IMG_2911.jpg\" alt=\"\" data-id=\"687\" data-link=\"https:\/\/wordpress.nibis.de\/sib\/klassen\/kg-4\/img_2911\/\" class=\"wp-image-687\" \/><\/a><\/figure><\/li><li class=\"blocks-gallery-item\"><figure><a href=\"https:\/\/wordpress.nibis.de\/sib\/klassen\/kg-4\/img_2910\/\"><img loading=\"lazy\" decoding=\"async\" width=\"480\" height=\"640\" src=\"https:\/\/wordpress.nibis.de\/sib\/files\/2019\/03\/IMG_2910.jpg\" alt=\"\" data-id=\"686\" data-link=\"https:\/\/wordpress.nibis.de\/sib\/klassen\/kg-4\/img_2910\/\" class=\"wp-image-686\" \/><\/a><\/figure><\/li><li class=\"blocks-gallery-item\"><figure><a href=\"https:\/\/wordpress.nibis.de\/sib\/klassen\/kg-4\/img_2909\/\"><img loading=\"lazy\" decoding=\"async\" width=\"480\" height=\"640\" src=\"https:\/\/wordpress.nibis.de\/sib\/files\/2019\/03\/IMG_2909.jpg\" alt=\"\" data-id=\"685\" data-link=\"https:\/\/wordpress.nibis.de\/sib\/klassen\/kg-4\/img_2909\/\" class=\"wp-image-685\" \/><\/a><\/figure><\/li><\/ul><\/figure>\n\n\n\n<p>01.03.2019<\/p>\n\n\n\n<p>Wir haben im <strong>Matheunterricht<\/strong> gebaut. Wir haben viele verschiedene Burgen gebaut. Daf\u00fcr haben wir Einerw\u00fcrfel, Zehnerstangen, Hunderterplatten und Tausenderbl\u00f6cke benutzt. Wir hatten viele Ideen. Wir hatten viel Spa\u00df.<\/p>\n\n\n\n<figure class=\"wp-block-gallery columns-2 is-cropped wp-block-gallery-8 is-layout-flex wp-block-gallery-is-layout-flex\"><ul class=\"blocks-gallery-grid\"><li class=\"blocks-gallery-item\"><figure><a href=\"https:\/\/wordpress.nibis.de\/sib\/klassen\/kg-4\/img_2893\/\"><img loading=\"lazy\" decoding=\"async\" width=\"480\" height=\"640\" src=\"https:\/\/wordpress.nibis.de\/sib\/files\/2019\/03\/IMG_2893.jpg\" alt=\"\" data-id=\"613\" data-link=\"https:\/\/wordpress.nibis.de\/sib\/klassen\/kg-4\/img_2893\/\" class=\"wp-image-613\" \/><\/a><\/figure><\/li><li class=\"blocks-gallery-item\"><figure><a href=\"https:\/\/wordpress.nibis.de\/sib\/klassen\/kg-4\/img_2907\/\"><img loading=\"lazy\" decoding=\"async\" width=\"480\" height=\"640\" src=\"https:\/\/wordpress.nibis.de\/sib\/files\/2019\/03\/IMG_2907.jpg\" alt=\"\" data-id=\"619\" data-link=\"https:\/\/wordpress.nibis.de\/sib\/klassen\/kg-4\/img_2907\/\" class=\"wp-image-619\" \/><\/a><\/figure><\/li><li class=\"blocks-gallery-item\"><figure><a href=\"https:\/\/wordpress.nibis.de\/sib\/klassen\/kg-4\/img_2904\/\"><img loading=\"lazy\" decoding=\"async\" width=\"480\" height=\"640\" src=\"https:\/\/wordpress.nibis.de\/sib\/files\/2019\/03\/IMG_2904.jpg\" alt=\"\" data-id=\"618\" data-link=\"https:\/\/wordpress.nibis.de\/sib\/klassen\/kg-4\/img_2904\/\" class=\"wp-image-618\" \/><\/a><\/figure><\/li><li class=\"blocks-gallery-item\"><figure><a href=\"https:\/\/wordpress.nibis.de\/sib\/klassen\/kg-4\/img_2898\/\"><img loading=\"lazy\" decoding=\"async\" width=\"480\" height=\"640\" src=\"https:\/\/wordpress.nibis.de\/sib\/files\/2019\/03\/IMG_2898.jpg\" alt=\"\" data-id=\"616\" data-link=\"https:\/\/wordpress.nibis.de\/sib\/klassen\/kg-4\/img_2898\/\" class=\"wp-image-616\" \/><\/a><\/figure><\/li><li class=\"blocks-gallery-item\"><figure><a href=\"https:\/\/wordpress.nibis.de\/sib\/klassen\/kg-4\/img_2895\/\"><img loading=\"lazy\" decoding=\"async\" width=\"480\" height=\"640\" src=\"https:\/\/wordpress.nibis.de\/sib\/files\/2019\/03\/IMG_2895.jpg\" alt=\"\" data-id=\"615\" data-link=\"https:\/\/wordpress.nibis.de\/sib\/klassen\/kg-4\/img_2895\/\" class=\"wp-image-615\" \/><\/a><\/figure><\/li><li class=\"blocks-gallery-item\"><figure><a href=\"https:\/\/wordpress.nibis.de\/sib\/klassen\/kg-4\/img_2894\/\"><img loading=\"lazy\" decoding=\"async\" width=\"480\" height=\"640\" src=\"https:\/\/wordpress.nibis.de\/sib\/files\/2019\/03\/IMG_2894.jpg\" alt=\"\" data-id=\"614\" data-link=\"https:\/\/wordpress.nibis.de\/sib\/klassen\/kg-4\/img_2894\/\" class=\"wp-image-614\" \/><\/a><\/figure><\/li><li class=\"blocks-gallery-item\"><figure><a href=\"https:\/\/wordpress.nibis.de\/sib\/klassen\/kg-4\/img_2896\/\"><img loading=\"lazy\" decoding=\"async\" width=\"480\" height=\"640\" src=\"https:\/\/wordpress.nibis.de\/sib\/files\/2019\/03\/IMG_2896.jpg\" alt=\"\" data-id=\"620\" data-link=\"https:\/\/wordpress.nibis.de\/sib\/klassen\/kg-4\/img_2896\/\" class=\"wp-image-620\" \/><\/a><\/figure><\/li><\/ul><\/figure>\n\n\n\n<p>22.02.2019<\/p>\n\n\n\n<p>Hallo,<\/p>\n\n\n\n<p>vor kurzem haben wir bei uns den <strong>KLASSENRAT<\/strong> er\u00f6ffnet. Jeden Mittwoch&nbsp; halten wir eine KLASSENRAT-Sitzung, dann sprechen wir \u00fcber Lob, Kritik und W\u00fcnsche.<\/p>\n\n\n\n<p>Wir haben einen Briefkasten. In den kann jeder, der etwas loben, kritisieren und&nbsp; w\u00fcnschen m\u00f6chte, einen Zettel reinstecken. In unserer Sitzung sprechen wir dann dar\u00fcber.<\/p>\n\n\n\n<p>Dabei sprechen wir in der Giraffensprache.<\/p>\n\n\n\n<p>Es gibt einen Moderator, einen Zeitw\u00e4chter, einen Regelw\u00e4chter und einen Schriftf\u00fchrer.<\/p>\n\n\n\n<p>Der KLASSENRAT hilft uns, Probleme und Konflikte auf friedliche Art zu l\u00f6sen.<\/p>\n\n\n\n<p>Ich finde unseren KLASSENRAT richtig toll.<\/p>\n\n\n\n<p>Eure Zo\u00e8<\/p>\n\n\n\n<figure class=\"wp-block-gallery columns-2 is-cropped wp-block-gallery-9 is-layout-flex wp-block-gallery-is-layout-flex\"><ul class=\"blocks-gallery-grid\"><li class=\"blocks-gallery-item\"><figure><img loading=\"lazy\" decoding=\"async\" width=\"480\" height=\"640\" src=\"https:\/\/wordpress.nibis.de\/sib\/files\/2019\/02\/IMG_2892-e1550824018658.jpg\" alt=\"\" data-id=\"566\" class=\"wp-image-566\" \/><\/figure><\/li><li class=\"blocks-gallery-item\"><figure><img loading=\"lazy\" decoding=\"async\" width=\"480\" height=\"640\" src=\"https:\/\/wordpress.nibis.de\/sib\/files\/2019\/02\/IMG_2891-e1550823988929.jpg\" alt=\"\" data-id=\"567\" class=\"wp-image-567\" \/><\/figure><\/li><\/ul><\/figure>\n\n\n\n<p>&nbsp;&nbsp;&nbsp;&nbsp;&nbsp;&nbsp;&nbsp; 14.02.2019<\/p>\n\n\n\n<p>Hallo,<\/p>\n\n\n\n<p>wir sind die Giraffenklasse! Wir \u00fcben gerade die <strong>Giraffensprache<\/strong>, weil wir Streitigkeiten freundlich l\u00f6sen wollen wie die friedliche Giraffe. Wir wollen nicht mehr knurren wie ein Wolf. Unsere Klassengiraffe hei\u00dft Sabra. Wir erz\u00e4hlen Sabra, wie es uns gerade geht und was uns am Schultag oder in der Woche besonders gefallen hat.<\/p>\n\n\n\n<p>Im Februar haben wir angefangen mit dem Klassenrat. Jeden Mittwoch k\u00f6nnen wir dort etwas loben und kritisieren. Wir k\u00f6nnen uns auch etwas w\u00fcnschen. Im Briefkasten sammeln wir unsere Briefe dazu.<\/p>\n\n\n\n<p>Eure GiraffenKlasse GK 4 ? (KG 4)<\/p>\n\n\n\n<figure class=\"wp-block-gallery columns-2 is-cropped wp-block-gallery-10 is-layout-flex wp-block-gallery-is-layout-flex\"><ul class=\"blocks-gallery-grid\"><li class=\"blocks-gallery-item\"><figure><img loading=\"lazy\" decoding=\"async\" width=\"640\" height=\"480\" src=\"https:\/\/wordpress.nibis.de\/sib\/files\/2019\/02\/IMG_2890-1.jpg\" alt=\"\" data-id=\"531\" class=\"wp-image-531\" \/><\/figure><\/li><li class=\"blocks-gallery-item\"><figure><img loading=\"lazy\" decoding=\"async\" width=\"480\" height=\"640\" src=\"https:\/\/wordpress.nibis.de\/sib\/files\/2019\/02\/IMG_2888-1-e1550219917523.jpg\" alt=\"\" data-id=\"526\" class=\"wp-image-526\" \/><\/figure><\/li><li class=\"blocks-gallery-item\"><figure><img loading=\"lazy\" decoding=\"async\" width=\"640\" height=\"480\" src=\"https:\/\/wordpress.nibis.de\/sib\/files\/2019\/02\/IMG_2887-1.jpg\" alt=\"\" data-id=\"525\" class=\"wp-image-525\" \/><\/figure><\/li><li class=\"blocks-gallery-item\"><figure><img loading=\"lazy\" decoding=\"async\" width=\"640\" height=\"480\" src=\"https:\/\/wordpress.nibis.de\/sib\/files\/2019\/02\/IMG_2886.jpg\" alt=\"\" data-id=\"522\" class=\"wp-image-522\" \/><\/figure><\/li><li class=\"blocks-gallery-item\"><figure><img loading=\"lazy\" decoding=\"async\" width=\"640\" height=\"480\" src=\"https:\/\/wordpress.nibis.de\/sib\/files\/2019\/02\/IMG_2885.jpg\" alt=\"\" data-id=\"521\" class=\"wp-image-521\" \/><\/figure><\/li><li class=\"blocks-gallery-item\"><figure><img loading=\"lazy\" decoding=\"async\" width=\"640\" height=\"480\" src=\"https:\/\/wordpress.nibis.de\/sib\/files\/2019\/02\/IMG_2874.jpg\" alt=\"\" data-id=\"520\" class=\"wp-image-520\" \/><\/figure><\/li><li class=\"blocks-gallery-item\"><figure><img loading=\"lazy\" decoding=\"async\" width=\"480\" height=\"640\" src=\"https:\/\/wordpress.nibis.de\/sib\/files\/2019\/02\/IMG_2870-e1550219931178.jpg\" alt=\"\" data-id=\"519\" class=\"wp-image-519\" \/><\/figure><\/li><li class=\"blocks-gallery-item\"><figure><img loading=\"lazy\" decoding=\"async\" width=\"640\" height=\"480\" src=\"https:\/\/wordpress.nibis.de\/sib\/files\/2019\/02\/IMG_2867.jpg\" alt=\"\" data-id=\"517\" class=\"wp-image-517\" \/><\/figure><\/li><\/ul><\/figure>\n","protected":false},"excerpt":{"rendered":"<p>OPEN\u2013AIR Am Montag, den 3.6.2019 war das Open-Air-Konzert auf der Au\u00dfenb\u00fchne hinter Haus 2 unserer Schule. Es waren da: die Band der Schule in Alfeld, Fairy Trolls und die Bockfeld Crew. Sie haben tolle Musik gemacht. Die Zuschauer waren begeistert und einige haben sogar getanzt. Es hat uns Spa\u00df gemacht. Eure KG 4 Wir machen &hellip; <a href=\"https:\/\/wordpress.nibis.de\/sib\/archiv\/schuljahr-2018-2019\/kg-4\/\" class=\"more-link\"><span class=\"screen-reader-text\">KG 4 2018\/2019<\/span> weiterlesen <span class=\"meta-nav\">&rarr;<\/span><\/a><\/p>\n","protected":false},"author":9192613,"featured_media":0,"parent":1096,"menu_order":0,"comment_status":"closed","ping_status":"closed","template":"","meta":{"footnotes":""},"class_list":["post-513","page","type-page","status-publish","hentry"],"_links":{"self":[{"href":"https:\/\/wordpress.nibis.de\/sib\/wp-json\/wp\/v2\/pages\/513","targetHints":{"allow":["GET"]}}],"collection":[{"href":"https:\/\/wordpress.nibis.de\/sib\/wp-json\/wp\/v2\/pages"}],"about":[{"href":"https:\/\/wordpress.nibis.de\/sib\/wp-json\/wp\/v2\/types\/page"}],"author":[{"embeddable":true,"href":"https:\/\/wordpress.nibis.de\/sib\/wp-json\/wp\/v2\/users\/9192613"}],"replies":[{"embeddable":true,"href":"https:\/\/wordpress.nibis.de\/sib\/wp-json\/wp\/v2\/comments?post=513"}],"version-history":[{"count":28,"href":"https:\/\/wordpress.nibis.de\/sib\/wp-json\/wp\/v2\/pages\/513\/revisions"}],"predecessor-version":[{"id":1379,"href":"https:\/\/wordpress.nibis.de\/sib\/wp-json\/wp\/v2\/pages\/513\/revisions\/1379"}],"up":[{"embeddable":true,"href":"https:\/\/wordpress.nibis.de\/sib\/wp-json\/wp\/v2\/pages\/1096"}],"wp:attachment":[{"href":"https:\/\/wordpress.nibis.de\/sib\/wp-json\/wp\/v2\/media?parent=513"}],"curies":[{"name":"wp","href":"https:\/\/api.w.org\/{rel}","templated":true}]}}