{"id":662,"date":"2019-03-06T10:42:31","date_gmt":"2019-03-06T09:42:31","guid":{"rendered":"https:\/\/wordpress.nibis.de\/sib\/?page_id=662"},"modified":"2022-09-08T21:53:18","modified_gmt":"2022-09-08T19:53:18","slug":"schule-im-bockfeld-gewinnt-hallenmasters","status":"publish","type":"page","link":"https:\/\/wordpress.nibis.de\/sib\/archiv\/schuljahr-2018-2019\/schule-im-bockfeld-gewinnt-hallenmasters\/","title":{"rendered":"Schule im Bockfeld gewinnt Hallenmasters"},"content":{"rendered":"\n<h6>Schuljahr 2018\/2019<\/h6>\n\n\n\n<p>Unsere Fu\u00dfballer siegten beim 12. Hallenmasters der F\u00f6rderschulen im Finale gegen die Heinrich-Ernst-St\u00f6tzner Schule.<\/p>\n\n\n\n<p>Es war ein spannendes Spiel im Soccerpark Hannover, denn unsere Jungs und unser M\u00e4del f\u00fchrten mit einem klaren 3:0. Die Hannoveraner konnten dann durch zwei schnelle Tore auf 3:2 noch einmal aufholen. Letztendlich siegten wir aber verdient mit einem 4:2!<\/p>\n\n\n\n<p>Gl\u00fcckwunsch!!!<\/p>\n\n\n\n<figure class=\"wp-block-image\"><img loading=\"lazy\" decoding=\"async\" width=\"1200\" height=\"675\" src=\"https:\/\/wordpress.nibis.de\/sib\/files\/2019\/03\/Fu\u00dfball-1-Stern-1200x675.png\" alt=\"\" class=\"wp-image-747\" srcset=\"https:\/\/wordpress.nibis.de\/sib\/files\/2019\/03\/Fu\u00dfball-1-Stern-1200x675.png 1200w, https:\/\/wordpress.nibis.de\/sib\/files\/2019\/03\/Fu\u00dfball-1-Stern-250x141.png 250w, https:\/\/wordpress.nibis.de\/sib\/files\/2019\/03\/Fu\u00dfball-1-Stern-850x478.png 850w\" sizes=\"auto, (max-width: 1200px) 100vw, 1200px\" \/><\/figure>\n","protected":false},"excerpt":{"rendered":"<p>Schuljahr 2018\/2019 Unsere Fu\u00dfballer siegten beim 12. Hallenmasters der F\u00f6rderschulen im Finale gegen die Heinrich-Ernst-St\u00f6tzner Schule. Es war ein spannendes Spiel im Soccerpark Hannover, denn unsere Jungs und unser M\u00e4del f\u00fchrten mit einem klaren 3:0. Die Hannoveraner konnten dann durch zwei schnelle Tore auf 3:2 noch einmal aufholen. Letztendlich siegten wir aber verdient mit einem &hellip; <a href=\"https:\/\/wordpress.nibis.de\/sib\/archiv\/schuljahr-2018-2019\/schule-im-bockfeld-gewinnt-hallenmasters\/\" class=\"more-link\"><span class=\"screen-reader-text\">Schule im Bockfeld gewinnt Hallenmasters<\/span> weiterlesen <span class=\"meta-nav\">&rarr;<\/span><\/a><\/p>\n","protected":false},"author":9192613,"featured_media":0,"parent":1096,"menu_order":0,"comment_status":"closed","ping_status":"closed","template":"","meta":{"footnotes":""},"class_list":["post-662","page","type-page","status-publish","hentry"],"_links":{"self":[{"href":"https:\/\/wordpress.nibis.de\/sib\/wp-json\/wp\/v2\/pages\/662","targetHints":{"allow":["GET"]}}],"collection":[{"href":"https:\/\/wordpress.nibis.de\/sib\/wp-json\/wp\/v2\/pages"}],"about":[{"href":"https:\/\/wordpress.nibis.de\/sib\/wp-json\/wp\/v2\/types\/page"}],"author":[{"embeddable":true,"href":"https:\/\/wordpress.nibis.de\/sib\/wp-json\/wp\/v2\/users\/9192613"}],"replies":[{"embeddable":true,"href":"https:\/\/wordpress.nibis.de\/sib\/wp-json\/wp\/v2\/comments?post=662"}],"version-history":[{"count":5,"href":"https:\/\/wordpress.nibis.de\/sib\/wp-json\/wp\/v2\/pages\/662\/revisions"}],"predecessor-version":[{"id":1977,"href":"https:\/\/wordpress.nibis.de\/sib\/wp-json\/wp\/v2\/pages\/662\/revisions\/1977"}],"up":[{"embeddable":true,"href":"https:\/\/wordpress.nibis.de\/sib\/wp-json\/wp\/v2\/pages\/1096"}],"wp:attachment":[{"href":"https:\/\/wordpress.nibis.de\/sib\/wp-json\/wp\/v2\/media?parent=662"}],"curies":[{"name":"wp","href":"https:\/\/api.w.org\/{rel}","templated":true}]}}