{"id":78,"date":"2018-08-14T17:16:10","date_gmt":"2018-08-14T15:16:10","guid":{"rendered":"http:\/\/wordpress.nibis.de\/sib\/?page_id=78"},"modified":"2025-03-04T19:44:59","modified_gmt":"2025-03-04T18:44:59","slug":"eltern","status":"publish","type":"page","link":"https:\/\/wordpress.nibis.de\/sib\/ueber-uns\/eltern\/","title":{"rendered":"Eltern"},"content":{"rendered":"<p style=\"text-align: justify\">Im Schulelternrat werden alle schulischen Themen besprochen und bearbeitet, die aus Elternsicht von Bedeutung sind. Eltern dienen hier als Sprachrohr f\u00fcr die Interessen und Bed\u00fcrfnisse ihrer Kinder. Der Schulelternrat setzt sich aus den gew\u00e4hlten Elternvertretern sowie deren Stellvertretern aus allen Klassen unserer Schule zusammen. Auf eine konstruktive Zusammenarbeit mit der Schulleitung wird gro\u00dfer Wert gelegt.<\/p>\n<p style=\"text-align: justify\">Unter folgendem Link des Bildungsportal Niedersachsen ist die Arbeit der Elternvertretung genau definiert:<\/p>\n<p><a href=\"https:\/\/bildungsportal-niedersachsen.de\/schulorganisation\/mitgestaltung\/mitwirkung-der-eltern-und-erziehungsberechtigten\">https:\/\/bildungsportal-niedersachsen.de\/schulorganisation\/mitgestaltung\/mitwirkung-der-eltern-und-erziehungsberechtigten<\/a><\/p>\n<p style=\"text-align: justify\">Dar\u00fcber hinaus versuchen wir vom Schulelternrat schulische Projekte mit zu gestalten und durch verschiedene Aktionen den Informationsaustausch der Eltern untereinander zu f\u00f6rdern.<\/p>\n<p style=\"text-align: justify\">Aktuell laufen hierzu folgende Planungen \/ Aktivit\u00e4ten:<\/p>\n<ul style=\"text-align: justify\">\n<li>Elterntreff mit Kindern \u00bc j\u00e4hrlich. Die Termine werden per E-Mail verteilt. Wer daran Interesse hat, meldet sich bitte per Mail an die Adresse des Schulelternrates (siehe unten).<\/li>\n<li>Der ADFC Hildesheim bietet mehrmals im Jahr eine Picknicktour f\u00fcr Familien mit\u00a0 beeintr\u00e4chtigten Kindern an. Eine genaue Beschreibung der Tour findet Ihr auf der Seite des AFDC\u00a0<a href=\"http:\/\/www.adfc-hildesheim.de\/startseite\/adfc-kalender\/range.listevents\/-.html\">http:\/\/www.adfc-hildesheim.de\/startseite\/adfc-kalender\/range.listevents\/-.html<\/a><\/li>\n<\/ul>\n<p style=\"text-align: justify\">Weitere Anregungen und Themenw\u00fcnsche werden gerne jederzeit angenommen!<\/p>\n<p style=\"text-align: justify\"><b>Aktuelle Besetzung des Schulelternratsvorstands<\/b><\/p>\n<p style=\"text-align: justify\">Aus den Mitgliedern des Schulelternrats wird ein Schulelternratsvorstand mit vier gleichberechtigten Mitgliedern f\u00fcr zwei Jahre gew\u00e4hlt.<\/p>\n<table style=\"border-collapse: collapse;width: 100%\">\n<tbody>\n<tr>\n<td style=\"width: 25%\">\u00a0<\/td>\n<td style=\"width: 25%\">\u00a0<\/td>\n<td style=\"width: 25%\">\u00a0<\/td>\n<td style=\"width: 25%\">\u00a0<\/td>\n<\/tr>\n<\/tbody>\n<\/table>\n<p style=\"text-align: center\"><span style=\"color: #ff0000\"><strong>Kontakt:\u00a0<\/strong><\/span><\/p>\n<p style=\"text-align: center\">Email:\u00a0<a href=\"mailto:elternrat-schule-&#105;&#109;&#45;&#98;&#111;&#99;&#107;&#102;&#101;&#108;&#100;&#64;&#119;&#101;&#98;&#46;&#100;&#101;\"><b>&#x65;&#x6c;&#116;e&#x72;&#x6e;&#114;at&#x2d;&#x73;&#99;h&#x75;&#x6c;&#101;&#45;i&#x6d;&#x2d;&#98;o&#x63;&#x6b;&#102;&#101;l&#x64;&#x40;&#119;e&#x62;&#x2e;&#100;&#101;<\/b><\/a><\/p>\n\n","protected":false},"excerpt":{"rendered":"<p>Im Schulelternrat werden alle schulischen Themen besprochen und bearbeitet, die aus Elternsicht von Bedeutung sind. Eltern dienen hier als Sprachrohr f\u00fcr die Interessen und Bed\u00fcrfnisse ihrer Kinder. Der Schulelternrat setzt sich aus den gew\u00e4hlten Elternvertretern sowie deren Stellvertretern aus allen Klassen unserer Schule zusammen. Auf eine konstruktive Zusammenarbeit mit der Schulleitung wird gro\u00dfer Wert gelegt. &hellip; <a href=\"https:\/\/wordpress.nibis.de\/sib\/ueber-uns\/eltern\/\" class=\"more-link\"><span class=\"screen-reader-text\">Eltern<\/span> weiterlesen <span class=\"meta-nav\">&rarr;<\/span><\/a><\/p>\n","protected":false},"author":9192613,"featured_media":0,"parent":9,"menu_order":0,"comment_status":"closed","ping_status":"closed","template":"","meta":{"footnotes":""},"class_list":["post-78","page","type-page","status-publish","hentry"],"_links":{"self":[{"href":"https:\/\/wordpress.nibis.de\/sib\/wp-json\/wp\/v2\/pages\/78","targetHints":{"allow":["GET"]}}],"collection":[{"href":"https:\/\/wordpress.nibis.de\/sib\/wp-json\/wp\/v2\/pages"}],"about":[{"href":"https:\/\/wordpress.nibis.de\/sib\/wp-json\/wp\/v2\/types\/page"}],"author":[{"embeddable":true,"href":"https:\/\/wordpress.nibis.de\/sib\/wp-json\/wp\/v2\/users\/9192613"}],"replies":[{"embeddable":true,"href":"https:\/\/wordpress.nibis.de\/sib\/wp-json\/wp\/v2\/comments?post=78"}],"version-history":[{"count":12,"href":"https:\/\/wordpress.nibis.de\/sib\/wp-json\/wp\/v2\/pages\/78\/revisions"}],"predecessor-version":[{"id":2256,"href":"https:\/\/wordpress.nibis.de\/sib\/wp-json\/wp\/v2\/pages\/78\/revisions\/2256"}],"up":[{"embeddable":true,"href":"https:\/\/wordpress.nibis.de\/sib\/wp-json\/wp\/v2\/pages\/9"}],"wp:attachment":[{"href":"https:\/\/wordpress.nibis.de\/sib\/wp-json\/wp\/v2\/media?parent=78"}],"curies":[{"name":"wp","href":"https:\/\/api.w.org\/{rel}","templated":true}]}}