{"id":809,"date":"2019-04-03T15:59:56","date_gmt":"2019-04-03T13:59:56","guid":{"rendered":"https:\/\/wordpress.nibis.de\/sib\/?page_id=809"},"modified":"2020-09-28T21:03:30","modified_gmt":"2020-09-28T19:03:30","slug":"e-2c","status":"publish","type":"page","link":"https:\/\/wordpress.nibis.de\/sib\/archiv\/schuljahr-2019-2020\/e-2c\/","title":{"rendered":"E 2c 2019\/2020"},"content":{"rendered":"\n<div class=\"wp-block-image\"><figure class=\"alignright\"><img loading=\"lazy\" decoding=\"async\" width=\"272\" height=\"413\" src=\"https:\/\/wordpress.nibis.de\/sib\/files\/2019\/09\/Bildschirmfoto-2019-09-23-um-12.14.52.png\" alt=\"\" class=\"wp-image-1015\" \/><\/figure><\/div>\n\n\n\n<p>Der Start ins zweite Schuljahr begann mit einem spannenden Projekt im Sachunterricht. Wir konnten es kaum erwarten bis endlich unsere Klassentiere bei uns einzogen: F\u00fcr eine Weile wohnten bei uns Raupen von Distelfaltern. Am Anfang waren die Raupen ganz d\u00fcnn und so klein wie eine Erbse. Sie futterten den ganzen Tag und wurden schnell immer gr\u00f6\u00dfer und dicker. Nach ein paar Tagen waren sie schon so gro\u00df wie eine B\u00fcroklammer. Die meisten von uns waren mutig und trauten sich sogar eine Raupe kurz auf die Hand zu nehmen. Die F\u00fc\u00dfe der Raupe kitzelten auf der Hand. Nach einer Woche h\u00e4ngten sie sich mit den F\u00fc\u00dfen kopf\u00fcber an den Deckel der Futterdose. Wir hatten Gl\u00fcck und staunten als sich nacheinander vier Raupen verpuppten: Am Kopf platzte die schwarze Raupenhaut auf und der frische, gr\u00fcne Kokon wuchs immer gr\u00f6\u00dfer. Im Rollenspiel spielten wir die Verpuppung nach: Wir zappelten genauso viel wie die Raupen als wir versuchten eine Decke \u00fcber den ganzen K\u00f6rper zu legen ohne dabei die nach oben gestreckten F\u00fc\u00dfe mit zu benutzen. Das ist schwer und auch etwas anstrengend. Im getrockneten, braun-goldenen Kokon blieben die Raupen 10 Tage lang. Dann schl\u00fcpften die Schmetterlinge. Drau\u00dfen lie\u00dfen wir sie in die Freiheit fliegen. Gute Reise!&nbsp;<\/p>\n\n\n\n<figure class=\"wp-block-image\"><img loading=\"lazy\" decoding=\"async\" width=\"581\" height=\"181\" src=\"https:\/\/wordpress.nibis.de\/sib\/files\/2019\/09\/Bildschirmfoto-2019-09-23-um-12.15.11.png\" alt=\"\" class=\"wp-image-1014\" \/><\/figure>\n\n\n\n<p><br><\/p>\n","protected":false},"excerpt":{"rendered":"<p>Der Start ins zweite Schuljahr begann mit einem spannenden Projekt im Sachunterricht. Wir konnten es kaum erwarten bis endlich unsere Klassentiere bei uns einzogen: F\u00fcr eine Weile wohnten bei uns Raupen von Distelfaltern. Am Anfang waren die Raupen ganz d\u00fcnn und so klein wie eine Erbse. Sie futterten den ganzen Tag und wurden schnell immer &hellip; <a href=\"https:\/\/wordpress.nibis.de\/sib\/archiv\/schuljahr-2019-2020\/e-2c\/\" class=\"more-link\"><span class=\"screen-reader-text\">E 2c 2019\/2020<\/span> weiterlesen <span class=\"meta-nav\">&rarr;<\/span><\/a><\/p>\n","protected":false},"author":9192613,"featured_media":0,"parent":1353,"menu_order":0,"comment_status":"closed","ping_status":"closed","template":"","meta":{"footnotes":""},"class_list":["post-809","page","type-page","status-publish","hentry"],"_links":{"self":[{"href":"https:\/\/wordpress.nibis.de\/sib\/wp-json\/wp\/v2\/pages\/809","targetHints":{"allow":["GET"]}}],"collection":[{"href":"https:\/\/wordpress.nibis.de\/sib\/wp-json\/wp\/v2\/pages"}],"about":[{"href":"https:\/\/wordpress.nibis.de\/sib\/wp-json\/wp\/v2\/types\/page"}],"author":[{"embeddable":true,"href":"https:\/\/wordpress.nibis.de\/sib\/wp-json\/wp\/v2\/users\/9192613"}],"replies":[{"embeddable":true,"href":"https:\/\/wordpress.nibis.de\/sib\/wp-json\/wp\/v2\/comments?post=809"}],"version-history":[{"count":3,"href":"https:\/\/wordpress.nibis.de\/sib\/wp-json\/wp\/v2\/pages\/809\/revisions"}],"predecessor-version":[{"id":1341,"href":"https:\/\/wordpress.nibis.de\/sib\/wp-json\/wp\/v2\/pages\/809\/revisions\/1341"}],"up":[{"embeddable":true,"href":"https:\/\/wordpress.nibis.de\/sib\/wp-json\/wp\/v2\/pages\/1353"}],"wp:attachment":[{"href":"https:\/\/wordpress.nibis.de\/sib\/wp-json\/wp\/v2\/media?parent=809"}],"curies":[{"name":"wp","href":"https:\/\/api.w.org\/{rel}","templated":true}]}}