{"id":1064,"date":"2023-06-13T15:39:29","date_gmt":"2023-06-13T13:39:29","guid":{"rendered":"https:\/\/wordpress.nibis.de\/sltagung\/?page_id=1064"},"modified":"2023-08-11T08:59:54","modified_gmt":"2023-08-11T06:59:54","slug":"ki-kompetente-lehrkraefte-fuer-die-gestaltung-modernen-unterrichts","status":"publish","type":"page","link":"https:\/\/wordpress.nibis.de\/sltagung\/ki-kompetente-lehrkraefte-fuer-die-gestaltung-modernen-unterrichts\/","title":{"rendered":"KI-kompetente Lehrkr\u00e4fte f\u00fcr die Gestaltung modernen Unterrichts"},"content":{"rendered":"\n<h3>Zeit und Ort:<br \/>29. August, 14:00 Uhr &#8211; 16:00 Uhr <br \/>30. August, 11:00 Uhr &#8211; 13:00 Uhr<br \/>Raum 110<a href=\"https:\/\/schulleitungstagung.nibis.de\/raumplaene\/\">(Raumplan)<\/a><\/h3>\n<p style=\"text-align: left\"><img loading=\"lazy\" decoding=\"async\" class=\"wp-image-1065 alignleft\" src=\"https:\/\/wordpress.nibis.de\/sltagung\/files\/2023\/06\/Schanze_Foto-198x300.jpg\" alt=\"\" width=\"265\" height=\"402\" srcset=\"https:\/\/wordpress.nibis.de\/sltagung\/files\/2023\/06\/Schanze_Foto-198x300.jpg 198w, https:\/\/wordpress.nibis.de\/sltagung\/files\/2023\/06\/Schanze_Foto-178x270.jpg 178w, https:\/\/wordpress.nibis.de\/sltagung\/files\/2023\/06\/Schanze_Foto.jpg 211w\" sizes=\"auto, (max-width: 265px) 100vw, 265px\" \/><\/p>\n<p><strong>Prof. Dr. Sascha Schanze<\/strong><br \/><strong><span style=\"font-size: revert;color: initial\">Leibniz Universit\u00e4t Hannover<br \/><\/span>Professor f\u00fcr Didaktik der Chemie<\/strong><br \/><strong>Direktor der Leibniz School of Education<\/strong><\/p>\n<p style=\"text-align: left\"><strong>\u00a0<\/strong><\/p>\n<p>\u00a0<\/p>\n<p>\u00a0<\/p>\n<p>\u00a0<\/p>\n<p>\u00a0<\/p>\n<p><strong>Patricia K\u00fchne<img loading=\"lazy\" decoding=\"async\" class=\"wp-image-1080 alignright\" src=\"https:\/\/wordpress.nibis.de\/sltagung\/files\/2023\/06\/kuehne-198x300.jpg\" alt=\"\" width=\"264\" height=\"400\" srcset=\"https:\/\/wordpress.nibis.de\/sltagung\/files\/2023\/06\/kuehne-198x300.jpg 198w, https:\/\/wordpress.nibis.de\/sltagung\/files\/2023\/06\/kuehne-178x270.jpg 178w, https:\/\/wordpress.nibis.de\/sltagung\/files\/2023\/06\/kuehne.jpg 211w\" sizes=\"auto, (max-width: 264px) 100vw, 264px\" \/><\/strong><br \/><strong>Leibniz Universit\u00e4t Hannover\u00a0\u00a0<\/strong><br \/><strong>Wissenschaftliche Mitarbeiterin<\/strong><br \/><strong>Didaktik der Chemie<\/strong><\/p>\n<p>Wie die digitalen Werkzeuge kann nun auch die KI als eine Innovation innerhalb einer Organisation aufgefasst werden, f\u00fcr dessen Implementationsprozess alle Akteure der Organisation einzubeziehen sind. Sind die Rahmenbedingungen f\u00fcr die Schulen geschaffen, bedarf es seitens der Schulleitung einer Unterst\u00fctzung f\u00fcr Fortbildungen und Vernetzungen und auf der Lehrkr\u00e4fteebene die M\u00f6glichkeit, einen Austausch untereinander zu leben. Wir empfehlen daf\u00fcr Fortbildungsma\u00dfnahmen schulintern oder \u00fcbergreifend interdisziplin\u00e4r und in kooperativen Strukturen zu denken.<\/p>\n<p>An der Leibniz Universit\u00e4t Hannover haben wir ein Seminarkonzept f\u00fcr Lehramtsstudierende aller Schularten und Fachkombinationen ausgearbeitet. Es profitiert ma\u00dfgeblich vom Austausch der Teilnehmenden aus unterschiedlichen Dom\u00e4nen. (Angehende) Lehrkr\u00e4fte entwickeln ihre Rolle von Nutzer*innen \u00fcber das Verstehen und klassifizieren der KI bis hin zu Gestalter*innen potenzieller Lernangebote. Im Rahmen des Workshops wird dieser Weg anhand konkreter Anwendungsbeispiele illustriert.<\/p>\n<p><a href=\"https:\/\/wordpress.nibis.de\/sltagung\/?page_id=699\"><strong>Zur\u00fcck zu den Angeboten der Arbeitsphase<\/strong><\/a><\/p>\n\n\n","protected":false},"excerpt":{"rendered":"<p>Zeit und Ort:29. August, 14:00 Uhr &#8211; 16:00 Uhr 30. August, 11:00 Uhr &#8211; 13:00 UhrRaum 110(Raumplan) Prof. Dr. Sascha SchanzeLeibniz Universit\u00e4t HannoverProfessor f\u00fcr Didaktik der ChemieDirektor der Leibniz School of Education \u00a0 \u00a0 \u00a0 \u00a0 \u00a0 Patricia K\u00fchneLeibniz Universit\u00e4t Hannover\u00a0\u00a0Wissenschaftliche MitarbeiterinDidaktik der Chemie Wie die digitalen Werkzeuge kann nun auch die KI als eine Innovation innerhalb einer Organisation aufgefasst werden, f\u00fcr dessen Implementationsprozess alle Akteure der Organisation einzubeziehen sind. Sind die Rahmenbedingungen f\u00fcr die Schulen geschaffen, bedarf es seitens&#8230;<\/p>\n<p class=\"read-more\"><a class=\"btn btn-default\" href=\"https:\/\/wordpress.nibis.de\/sltagung\/ki-kompetente-lehrkraefte-fuer-die-gestaltung-modernen-unterrichts\/\">Weiterlesen<span class=\"screen-reader-text\"> Weiterlesen<\/span><\/a><\/p>\n","protected":false},"author":9193395,"featured_media":0,"parent":0,"menu_order":0,"comment_status":"closed","ping_status":"closed","template":"","meta":{"footnotes":""},"class_list":["post-1064","page","type-page","status-publish","hentry"],"_links":{"self":[{"href":"https:\/\/wordpress.nibis.de\/sltagung\/wp-json\/wp\/v2\/pages\/1064","targetHints":{"allow":["GET"]}}],"collection":[{"href":"https:\/\/wordpress.nibis.de\/sltagung\/wp-json\/wp\/v2\/pages"}],"about":[{"href":"https:\/\/wordpress.nibis.de\/sltagung\/wp-json\/wp\/v2\/types\/page"}],"author":[{"embeddable":true,"href":"https:\/\/wordpress.nibis.de\/sltagung\/wp-json\/wp\/v2\/users\/9193395"}],"replies":[{"embeddable":true,"href":"https:\/\/wordpress.nibis.de\/sltagung\/wp-json\/wp\/v2\/comments?post=1064"}],"version-history":[{"count":6,"href":"https:\/\/wordpress.nibis.de\/sltagung\/wp-json\/wp\/v2\/pages\/1064\/revisions"}],"predecessor-version":[{"id":1498,"href":"https:\/\/wordpress.nibis.de\/sltagung\/wp-json\/wp\/v2\/pages\/1064\/revisions\/1498"}],"wp:attachment":[{"href":"https:\/\/wordpress.nibis.de\/sltagung\/wp-json\/wp\/v2\/media?parent=1064"}],"curies":[{"name":"wp","href":"https:\/\/api.w.org\/{rel}","templated":true}]}}