{"id":1381,"date":"2023-08-02T07:48:59","date_gmt":"2023-08-02T05:48:59","guid":{"rendered":"https:\/\/wordpress.nibis.de\/sltagung\/?page_id=1381"},"modified":"2025-03-27T10:27:36","modified_gmt":"2025-03-27T09:27:36","slug":"angebote-fuer-die-arbeitsphase-2","status":"publish","type":"page","link":"https:\/\/wordpress.nibis.de\/sltagung\/angebote-fuer-die-arbeitsphase-2\/","title":{"rendered":"ZZZ_Angebote f\u00fcr die Arbeitsphase"},"content":{"rendered":"\n<p>Sehr geehrte Damen und Herren,<\/p>\n<p>auf den folgenden Seiten k\u00f6nnen Sie sich einen \u00dcberblick \u00fcber die vielf\u00e4ltigen und interessanten Angebote der Arbeitsphasen der beiden Veranstaltungstage verschaffen, die von Expertinnen und Experten f\u00fcr Sie vorbereitet werden.<\/p>\n<p>Erhalten Sie detailliertere Informationen zu den jeweiligen Arbeitsphasen, indem Sie \u00fcber einen Mausklick die einzelnen Karten aktivieren.<\/p>\n\n\n\n\n\n<figure class=\"wp-block-gallery has-nested-images columns-2 is-cropped is-style-default wp-block-gallery-1 is-layout-flex wp-block-gallery-is-layout-flex\">\n<figure class=\"wp-block-image size-large\"><a href=\"https:\/\/schulleitungstagung.nibis.de\/angebote-fuer-die-arbeitsphase\/\"><img loading=\"lazy\" decoding=\"async\" width=\"1000\" height=\"400\" data-id=\"1382\" src=\"https:\/\/wordpress.nibis.de\/sltagung\/files\/2023\/08\/Arbeitsphase-1.png\" alt=\"\" class=\"wp-image-1382\" srcset=\"https:\/\/wordpress.nibis.de\/sltagung\/files\/2023\/08\/Arbeitsphase-1.png 1000w, https:\/\/wordpress.nibis.de\/sltagung\/files\/2023\/08\/Arbeitsphase-1-300x120.png 300w, https:\/\/wordpress.nibis.de\/sltagung\/files\/2023\/08\/Arbeitsphase-1-768x307.png 768w, https:\/\/wordpress.nibis.de\/sltagung\/files\/2023\/08\/Arbeitsphase-1-604x242.png 604w\" sizes=\"auto, (max-width: 1000px) 100vw, 1000px\" \/><\/a><\/figure>\n<\/figure>\n\n\n\n<p><\/p>\n\n\n\n<figure class=\"wp-block-image size-full\"><a href=\"https:\/\/wordpress.nibis.de\/sltagung\/?page_id=1386\"><img loading=\"lazy\" decoding=\"async\" width=\"1000\" height=\"400\" src=\"https:\/\/wordpress.nibis.de\/sltagung\/files\/2023\/08\/Arbeitsphase-2.png\" alt=\"\" class=\"wp-image-1383\" srcset=\"https:\/\/wordpress.nibis.de\/sltagung\/files\/2023\/08\/Arbeitsphase-2.png 1000w, https:\/\/wordpress.nibis.de\/sltagung\/files\/2023\/08\/Arbeitsphase-2-300x120.png 300w, https:\/\/wordpress.nibis.de\/sltagung\/files\/2023\/08\/Arbeitsphase-2-768x307.png 768w, https:\/\/wordpress.nibis.de\/sltagung\/files\/2023\/08\/Arbeitsphase-2-604x242.png 604w\" sizes=\"auto, (max-width: 1000px) 100vw, 1000px\" \/><\/a><\/figure>\n\n\n\n<div class=\"wp-block-media-text alignwide is-stacked-on-mobile is-vertically-aligned-top\" style=\"grid-template-columns: 49% auto\">\n<figure class=\"wp-block-media-text__media\"><\/figure>\n<div class=\"wp-block-media-text__content\">\u00a0<\/div>\n<\/div>\n<p>\u00a0<\/p>\n","protected":false},"excerpt":{"rendered":"<p>Sehr geehrte Damen und Herren, auf den folgenden Seiten k\u00f6nnen Sie sich einen \u00dcberblick \u00fcber die vielf\u00e4ltigen und interessanten Angebote der Arbeitsphasen der beiden Veranstaltungstage verschaffen, die von Expertinnen und Experten f\u00fcr Sie vorbereitet werden. Erhalten Sie detailliertere Informationen zu den jeweiligen Arbeitsphasen, indem Sie \u00fcber einen Mausklick die einzelnen Karten aktivieren. \u00a0 \u00a0<\/p>\n","protected":false},"author":9193395,"featured_media":0,"parent":0,"menu_order":0,"comment_status":"closed","ping_status":"closed","template":"","meta":{"footnotes":""},"class_list":["post-1381","page","type-page","status-publish","hentry"],"_links":{"self":[{"href":"https:\/\/wordpress.nibis.de\/sltagung\/wp-json\/wp\/v2\/pages\/1381","targetHints":{"allow":["GET"]}}],"collection":[{"href":"https:\/\/wordpress.nibis.de\/sltagung\/wp-json\/wp\/v2\/pages"}],"about":[{"href":"https:\/\/wordpress.nibis.de\/sltagung\/wp-json\/wp\/v2\/types\/page"}],"author":[{"embeddable":true,"href":"https:\/\/wordpress.nibis.de\/sltagung\/wp-json\/wp\/v2\/users\/9193395"}],"replies":[{"embeddable":true,"href":"https:\/\/wordpress.nibis.de\/sltagung\/wp-json\/wp\/v2\/comments?post=1381"}],"version-history":[{"count":4,"href":"https:\/\/wordpress.nibis.de\/sltagung\/wp-json\/wp\/v2\/pages\/1381\/revisions"}],"predecessor-version":[{"id":1959,"href":"https:\/\/wordpress.nibis.de\/sltagung\/wp-json\/wp\/v2\/pages\/1381\/revisions\/1959"}],"wp:attachment":[{"href":"https:\/\/wordpress.nibis.de\/sltagung\/wp-json\/wp\/v2\/media?parent=1381"}],"curies":[{"name":"wp","href":"https:\/\/api.w.org\/{rel}","templated":true}]}}