{"id":1386,"date":"2023-08-02T07:49:07","date_gmt":"2023-08-02T05:49:07","guid":{"rendered":"https:\/\/wordpress.nibis.de\/sltagung\/?page_id=1386"},"modified":"2025-03-27T10:27:50","modified_gmt":"2025-03-27T09:27:50","slug":"angebote-fur-die-arbeitsphase-30-08-2023","status":"publish","type":"page","link":"https:\/\/wordpress.nibis.de\/sltagung\/angebote-fur-die-arbeitsphase-30-08-2023\/","title":{"rendered":"ZZZ_Angebote f\u00fcr die Arbeitsphase &#8211; 30.08.2023"},"content":{"rendered":"\n<p>Sehr geehrte Damen und Herren,<\/p>\n<p>auf dieser Seite k\u00f6nnen Sie sich einen \u00dcberblick \u00fcber die vielf\u00e4ltigen und interessanten Angebote der Arbeitsphasen der beiden Veranstaltungstage verschaffen, die von Expertinnen und Experten f\u00fcr Sie vorbereitet werden.<\/p>\n<p>Erhalten Sie detailliertere Informationen zu den Angeboten, indem Sie \u00fcber einen Mausklick die einzelnen Karten aktivieren.<\/p>\n<p><a href=\"https:\/\/schulleitungstagung.nibis.de\/raumplaene\/\">Wo die jeweiligen Angebote stattfinden, finden Sie in der \u00dcbersicht der Raumpl\u00e4ne.<\/a><\/p>\n\n\n\n\n\n<figure class=\"wp-block-gallery has-nested-images columns-2 is-cropped is-style-default wp-block-gallery-1 is-layout-flex wp-block-gallery-is-layout-flex\">\n<figure class=\"wp-block-image size-full\"><a href=\"https:\/\/schulleitungstagung.nibis.de\/digitale-tools-fuer-individuelles-lernen-und-foerdern-ueberblick-und-anwendung-von-digitalen-lernnageboten-aus-dem-aktionsprogramm-startklar-in-die-zukunft\/\"><img loading=\"lazy\" decoding=\"async\" width=\"1000\" height=\"400\" data-id=\"1175\" src=\"https:\/\/wordpress.nibis.de\/sltagung\/files\/2023\/07\/Kleinknecht-1.png\" alt=\"\" class=\"wp-image-1175\" srcset=\"https:\/\/wordpress.nibis.de\/sltagung\/files\/2023\/07\/Kleinknecht-1.png 1000w, https:\/\/wordpress.nibis.de\/sltagung\/files\/2023\/07\/Kleinknecht-1-300x120.png 300w, https:\/\/wordpress.nibis.de\/sltagung\/files\/2023\/07\/Kleinknecht-1-768x307.png 768w, https:\/\/wordpress.nibis.de\/sltagung\/files\/2023\/07\/Kleinknecht-1-604x242.png 604w\" sizes=\"auto, (max-width: 1000px) 100vw, 1000px\" \/><\/a><\/figure>\n\n\n\n<figure class=\"wp-block-image size-full\"><a href=\"https:\/\/schulleitungstagung.nibis.de\/kuenstliche-intelligenz-ki-und-schulfuehrung-in-theorie-und-praxis\/\"><img loading=\"lazy\" decoding=\"async\" width=\"1000\" height=\"400\" data-id=\"1240\" src=\"https:\/\/wordpress.nibis.de\/sltagung\/files\/2023\/07\/Frentz1.png\" alt=\"\" class=\"wp-image-1240\" srcset=\"https:\/\/wordpress.nibis.de\/sltagung\/files\/2023\/07\/Frentz1.png 1000w, https:\/\/wordpress.nibis.de\/sltagung\/files\/2023\/07\/Frentz1-300x120.png 300w, https:\/\/wordpress.nibis.de\/sltagung\/files\/2023\/07\/Frentz1-768x307.png 768w, https:\/\/wordpress.nibis.de\/sltagung\/files\/2023\/07\/Frentz1-604x242.png 604w\" sizes=\"auto, (max-width: 1000px) 100vw, 1000px\" \/><\/a><\/figure>\n\n\n\n<figure class=\"wp-block-image size-large\"><a href=\"https:\/\/schulleitungstagung.nibis.de\/?page_id=744\"><img loading=\"lazy\" decoding=\"async\" width=\"1000\" height=\"400\" data-id=\"828\" src=\"https:\/\/wordpress.nibis.de\/sltagung\/files\/2023\/05\/Braun-2.png\" alt=\"\" class=\"wp-image-828\" srcset=\"https:\/\/wordpress.nibis.de\/sltagung\/files\/2023\/05\/Braun-2.png 1000w, https:\/\/wordpress.nibis.de\/sltagung\/files\/2023\/05\/Braun-2-300x120.png 300w, https:\/\/wordpress.nibis.de\/sltagung\/files\/2023\/05\/Braun-2-768x307.png 768w, https:\/\/wordpress.nibis.de\/sltagung\/files\/2023\/05\/Braun-2-604x242.png 604w\" sizes=\"auto, (max-width: 1000px) 100vw, 1000px\" \/><\/a><\/figure>\n\n\n\n<figure class=\"wp-block-image size-large\"><a href=\"https:\/\/wordpress.nibis.de\/sltagung\/ki-kompetente-lehrkraefte-fuer-die-gestaltung-modernen-unterrichts\/\"><img loading=\"lazy\" decoding=\"async\" width=\"1000\" height=\"400\" data-id=\"1075\" src=\"https:\/\/wordpress.nibis.de\/sltagung\/files\/2023\/06\/Schanze-1.png\" alt=\"\" class=\"wp-image-1075\" srcset=\"https:\/\/wordpress.nibis.de\/sltagung\/files\/2023\/06\/Schanze-1.png 1000w, https:\/\/wordpress.nibis.de\/sltagung\/files\/2023\/06\/Schanze-1-300x120.png 300w, https:\/\/wordpress.nibis.de\/sltagung\/files\/2023\/06\/Schanze-1-768x307.png 768w, https:\/\/wordpress.nibis.de\/sltagung\/files\/2023\/06\/Schanze-1-604x242.png 604w\" sizes=\"auto, (max-width: 1000px) 100vw, 1000px\" \/><\/a><\/figure>\n\n\n\n<figure class=\"wp-block-image size-full\"><a href=\"https:\/\/schulleitungstagung.nibis.de\/pruefen-mit-und-trotz-ki-wie-kann-leistungsbeurteilung-in-zukunft-aussehen\/\"><img loading=\"lazy\" decoding=\"async\" width=\"1000\" height=\"400\" data-id=\"1232\" src=\"https:\/\/wordpress.nibis.de\/sltagung\/files\/2023\/07\/Fleckenstein-Karte.png\" alt=\"\" class=\"wp-image-1232\" srcset=\"https:\/\/wordpress.nibis.de\/sltagung\/files\/2023\/07\/Fleckenstein-Karte.png 1000w, https:\/\/wordpress.nibis.de\/sltagung\/files\/2023\/07\/Fleckenstein-Karte-300x120.png 300w, https:\/\/wordpress.nibis.de\/sltagung\/files\/2023\/07\/Fleckenstein-Karte-768x307.png 768w, https:\/\/wordpress.nibis.de\/sltagung\/files\/2023\/07\/Fleckenstein-Karte-604x242.png 604w\" sizes=\"auto, (max-width: 1000px) 100vw, 1000px\" \/><\/a><\/figure>\n\n\n\n<figure class=\"wp-block-image size-full\"><a href=\"https:\/\/wordpress.nibis.de\/sltagung\/zeitgemaesse-pruefungsformate\/\"><img loading=\"lazy\" decoding=\"async\" width=\"1000\" height=\"400\" data-id=\"1221\" src=\"https:\/\/wordpress.nibis.de\/sltagung\/files\/2023\/07\/Schloendorf.png\" alt=\"\" class=\"wp-image-1221\" srcset=\"https:\/\/wordpress.nibis.de\/sltagung\/files\/2023\/07\/Schloendorf.png 1000w, https:\/\/wordpress.nibis.de\/sltagung\/files\/2023\/07\/Schloendorf-300x120.png 300w, https:\/\/wordpress.nibis.de\/sltagung\/files\/2023\/07\/Schloendorf-768x307.png 768w, https:\/\/wordpress.nibis.de\/sltagung\/files\/2023\/07\/Schloendorf-604x242.png 604w\" sizes=\"auto, (max-width: 1000px) 100vw, 1000px\" \/><\/a><\/figure>\n\n\n\n<figure class=\"wp-block-image size-large\"><a href=\"https:\/\/schulleitungstagung.nibis.de\/extendet-reality-xr-im-unterricht-erprobung-chancen-und-risiken\/\"><img loading=\"lazy\" decoding=\"async\" width=\"1000\" height=\"400\" data-id=\"1308\" src=\"https:\/\/wordpress.nibis.de\/sltagung\/files\/2023\/07\/Merten-1.png\" alt=\"\" class=\"wp-image-1308\" srcset=\"https:\/\/wordpress.nibis.de\/sltagung\/files\/2023\/07\/Merten-1.png 1000w, https:\/\/wordpress.nibis.de\/sltagung\/files\/2023\/07\/Merten-1-300x120.png 300w, https:\/\/wordpress.nibis.de\/sltagung\/files\/2023\/07\/Merten-1-768x307.png 768w, https:\/\/wordpress.nibis.de\/sltagung\/files\/2023\/07\/Merten-1-604x242.png 604w\" sizes=\"auto, (max-width: 1000px) 100vw, 1000px\" \/><\/a><\/figure>\n\n\n\n<figure class=\"wp-block-image size-large\"><a href=\"https:\/\/schulleitungstagung.nibis.de\/chancen-von-ki-fuer-die-sonderpaedagogische-foerderplanung-und-beratung-in-inklusiven-settings\/\"><img loading=\"lazy\" decoding=\"async\" width=\"1000\" height=\"400\" data-id=\"1389\" src=\"https:\/\/wordpress.nibis.de\/sltagung\/files\/2023\/08\/Scharf.png\" alt=\"\" class=\"wp-image-1389\" srcset=\"https:\/\/wordpress.nibis.de\/sltagung\/files\/2023\/08\/Scharf.png 1000w, https:\/\/wordpress.nibis.de\/sltagung\/files\/2023\/08\/Scharf-300x120.png 300w, https:\/\/wordpress.nibis.de\/sltagung\/files\/2023\/08\/Scharf-768x307.png 768w, https:\/\/wordpress.nibis.de\/sltagung\/files\/2023\/08\/Scharf-604x242.png 604w\" sizes=\"auto, (max-width: 1000px) 100vw, 1000px\" \/><\/a><\/figure>\n\n\n\n<figure class=\"wp-block-image size-large\"><a href=\"https:\/\/schulleitungstagung.nibis.de\/methodenguide-lernen-digital-eine-app-fuer-schuelerinnen-und-schueler-der-sekundarstufe-i\/\"><img loading=\"lazy\" decoding=\"async\" width=\"1000\" height=\"400\" data-id=\"1388\" src=\"https:\/\/wordpress.nibis.de\/sltagung\/files\/2023\/08\/Methodenguide.png\" alt=\"\" class=\"wp-image-1388\" srcset=\"https:\/\/wordpress.nibis.de\/sltagung\/files\/2023\/08\/Methodenguide.png 1000w, https:\/\/wordpress.nibis.de\/sltagung\/files\/2023\/08\/Methodenguide-300x120.png 300w, https:\/\/wordpress.nibis.de\/sltagung\/files\/2023\/08\/Methodenguide-768x307.png 768w, https:\/\/wordpress.nibis.de\/sltagung\/files\/2023\/08\/Methodenguide-604x242.png 604w\" sizes=\"auto, (max-width: 1000px) 100vw, 1000px\" \/><\/a><\/figure>\n\n\n\n<figure class=\"wp-block-image size-large\"><a href=\"https:\/\/wordpress.nibis.de\/sltagung\/lernen-ueber-mit-durch-trotz-und-auch-ohne-ki-gestuetzte-sprachmodelle\/\"><img loading=\"lazy\" decoding=\"async\" width=\"1000\" height=\"400\" data-id=\"855\" src=\"https:\/\/wordpress.nibis.de\/sltagung\/files\/2023\/05\/Steinemann-1.png\" alt=\"\" class=\"wp-image-855\" srcset=\"https:\/\/wordpress.nibis.de\/sltagung\/files\/2023\/05\/Steinemann-1.png 1000w, https:\/\/wordpress.nibis.de\/sltagung\/files\/2023\/05\/Steinemann-1-300x120.png 300w, https:\/\/wordpress.nibis.de\/sltagung\/files\/2023\/05\/Steinemann-1-768x307.png 768w, https:\/\/wordpress.nibis.de\/sltagung\/files\/2023\/05\/Steinemann-1-604x242.png 604w\" sizes=\"auto, (max-width: 1000px) 100vw, 1000px\" \/><\/a><\/figure>\n<\/figure>\n\n\n\n<p><\/p>\n\n\n\n<div class=\"wp-block-media-text alignwide is-stacked-on-mobile is-vertically-aligned-top\" style=\"grid-template-columns: 49% auto\">\n<figure class=\"wp-block-media-text__media\"><\/figure>\n<div class=\"wp-block-media-text__content\">\u00a0<\/div>\n<\/div>\n<p>\u00a0<\/p>\n","protected":false},"excerpt":{"rendered":"<p>Sehr geehrte Damen und Herren, auf dieser Seite k\u00f6nnen Sie sich einen \u00dcberblick \u00fcber die vielf\u00e4ltigen und interessanten Angebote der Arbeitsphasen der beiden Veranstaltungstage verschaffen, die von Expertinnen und Experten f\u00fcr Sie vorbereitet werden. Erhalten Sie detailliertere Informationen zu den Angeboten, indem Sie \u00fcber einen Mausklick die einzelnen Karten aktivieren. Wo die jeweiligen Angebote stattfinden, finden Sie in der \u00dcbersicht der Raumpl\u00e4ne. \u00a0 \u00a0<\/p>\n","protected":false},"author":9193395,"featured_media":0,"parent":0,"menu_order":0,"comment_status":"closed","ping_status":"closed","template":"","meta":{"footnotes":""},"class_list":["post-1386","page","type-page","status-publish","hentry"],"_links":{"self":[{"href":"https:\/\/wordpress.nibis.de\/sltagung\/wp-json\/wp\/v2\/pages\/1386","targetHints":{"allow":["GET"]}}],"collection":[{"href":"https:\/\/wordpress.nibis.de\/sltagung\/wp-json\/wp\/v2\/pages"}],"about":[{"href":"https:\/\/wordpress.nibis.de\/sltagung\/wp-json\/wp\/v2\/types\/page"}],"author":[{"embeddable":true,"href":"https:\/\/wordpress.nibis.de\/sltagung\/wp-json\/wp\/v2\/users\/9193395"}],"replies":[{"embeddable":true,"href":"https:\/\/wordpress.nibis.de\/sltagung\/wp-json\/wp\/v2\/comments?post=1386"}],"version-history":[{"count":5,"href":"https:\/\/wordpress.nibis.de\/sltagung\/wp-json\/wp\/v2\/pages\/1386\/revisions"}],"predecessor-version":[{"id":1961,"href":"https:\/\/wordpress.nibis.de\/sltagung\/wp-json\/wp\/v2\/pages\/1386\/revisions\/1961"}],"wp:attachment":[{"href":"https:\/\/wordpress.nibis.de\/sltagung\/wp-json\/wp\/v2\/media?parent=1386"}],"curies":[{"name":"wp","href":"https:\/\/api.w.org\/{rel}","templated":true}]}}