{"id":1716,"date":"2024-09-03T10:33:29","date_gmt":"2024-09-03T08:33:29","guid":{"rendered":"https:\/\/wordpress.nibis.de\/sltagung\/?page_id=1716"},"modified":"2025-06-10T13:57:02","modified_gmt":"2025-06-10T11:57:02","slug":"leadership-reloaded","status":"publish","type":"page","link":"https:\/\/wordpress.nibis.de\/sltagung\/leadership-reloaded\/","title":{"rendered":"Leadership Reloaded"},"content":{"rendered":"\n<p class=\"has-text-align-center\"><strong>Hier finden Sie Informationen und Dokumentationen zu den Online-Angeboten der Reihe &#8222;Leadership-Reloaded&#8220;<\/strong><\/p>\n\n\n\n<div class=\"wp-block-columns is-layout-flex wp-container-core-columns-is-layout-abceabcf wp-block-columns-is-layout-flex\">\n<div class=\"wp-block-column is-layout-flow wp-block-column-is-layout-flow\" style=\"--col-width:100%;flex-basis:100%\">\n<figure class=\"wp-block-table is-style-regular\"><table><tbody><tr><td><strong>Datum<\/strong><\/td><td><strong>Angebot<\/strong><\/td><td><strong>Referierende <\/strong><\/td><\/tr><tr><td>05.09.2024<br>09:00      &#8211;     12:30 Uhr<\/td><td><a href=\"https:\/\/schulleitungstagung.nibis.de\/die-zukunft-des-schulmanagements-strategien-fuer-schulleitungen-in-zeiten-der-digitalitaet-und-ki\/\">Veranstaltung 1 : <br>Die Zukunft des Schulmanagements: <br>Strategien f\u00fcr Schulleitungen in Zeiten der Digitalit\u00e4t und KI<\/a><\/td><td>Prof. Dr. Marcus Pietsch<br>Prof. Dr. Danah-Kristin Mah                                    <\/td><\/tr><tr><td>07.11.2024 <br>14:00      &#8211;     17:30 Uhr<\/td><td><a href=\"https:\/\/schulleitungstagung.nibis.de\/digital-leadership-in-der-schulpraxis-erfahrungen-und-best-practices\/\">Veranstaltung 2: <br>Digital Leadership in der Schulpraxis: Erfahrungen und Best Practices<\/a><\/td><td>Silke M\u00fcller<\/td><\/tr><tr><td>05.12.2024 <br>09:00      &#8211;     12:30 Uhr<\/td><td><a href=\"https:\/\/schulleitungstagung.nibis.de\/innovative-lehr-und-lernmethoden-ki-im-klassenzimmer-ki-im-unterricht\/\">Veranstaltung 3: <br>Innovative Lehr- und Lernmethoden: KI im Klassenzimmer \/ KI im Unterricht<\/a><\/td><td>Prof. Dr. Johanna Fleckenstein<\/td><\/tr><tr><td>09.01.2025 <br>14:00      &#8211;     17:30 Uhr<\/td><td><a href=\"https:\/\/schulleitungstagung.nibis.de\/praxis-mit-digitalisierung-und-ki-fuer-schulleitung-und-verwaltung\/\">Veranstaltung 4: <br>Praxis mit Digitalisierung und KI f\u00fcr Schulleitung und Verwaltung<\/a><\/td><td>Carsten Huge<\/td><\/tr><tr><td>03.04.2025 16:00 &#8211; 17:00 Uhr<\/td><td><a href=\"https:\/\/schulleitungstagung.nibis.de\/digital-divide-was-koennen-sie-als-schulleitung-tun-um-die-digitalen-kompetenzen-von-schuelerinnen-an-ihrer-schule-zu-staerken-digital-leadership-ki\/\">Veranstaltung 5: <\/a><br><a href=\"https:\/\/schulleitungstagung.nibis.de\/digital-divide-was-koennen-sie-als-schulleitung-tun-um-die-digitalen-kompetenzen-von-schuelerinnen-an-ihrer-schule-zu-staerken-digital-leadership-ki\/\">Digital Divide &#8211; Was k\u00f6nnen Sie als Schulleitung tun, um die digitalen Kompetenzen von Sch\u00fcler*innen an Ihrer Schule zu st\u00e4rken (Digital Leadership &amp; KI)<\/a><\/td><td>Lisa Hofmann Dennis Wohlfeil<\/td><\/tr><tr><td>08.05.2025<br>16:00 &#8211; 17:00 Uhr<\/td><td><a href=\"https:\/\/schulleitungstagung.nibis.de\/ki-gestuetzte-plattformen-fuer-schulen\/\">Veranstaltung 6: <\/a><br><a href=\"https:\/\/schulleitungstagung.nibis.de\/ki-gestuetzte-plattformen-fuer-schulen\/\">KI-gest\u00fctzte Plattformen f\u00fcr Schulen: FOBIZZ, Schul-KI und EDU-Pool AI- aus der Praxis f\u00fcr die Praxis -Datenschutz-Aspekte (Digital Leadership &amp; KI)<\/a><br><\/td><td>J\u00f6rg Steinemann<\/td><\/tr><tr><td>05.06.2025<br>16:00 &#8211; 17:00 Uhr<\/td><td><a href=\"https:\/\/schulleitungstagung.nibis.de\/zeitgemaesse-pruefungskultur-digital-leadership-ki\/\">Veranstaltung 7: <\/a><br><a href=\"https:\/\/schulleitungstagung.nibis.de\/zeitgemaesse-pruefungskultur-digital-leadership-ki\/\">Zeitgem\u00e4\u00dfe Pr\u00fcfungskultur (Digital Leadership &amp; KI)<\/a><\/td><td>Christian Schl\u00f6ndorf<\/td><\/tr><\/tbody><\/table><\/figure>\n<\/div>\n<\/div>\n","protected":false},"excerpt":{"rendered":"<p>Hier finden Sie Informationen und Dokumentationen zu den Online-Angeboten der Reihe &#8222;Leadership-Reloaded&#8220; Datum Angebot Referierende 05.09.202409:00 &#8211; 12:30 Uhr Veranstaltung 1 : Die Zukunft des Schulmanagements: Strategien f\u00fcr Schulleitungen in Zeiten der Digitalit\u00e4t und KI Prof. Dr. Marcus PietschProf. Dr. Danah-Kristin Mah 07.11.2024 14:00 &#8211; 17:30 Uhr Veranstaltung 2: Digital Leadership in der Schulpraxis: Erfahrungen und Best Practices Silke M\u00fcller 05.12.2024 09:00 &#8211; 12:30 Uhr Veranstaltung 3: Innovative Lehr- und Lernmethoden: KI im Klassenzimmer \/ KI im Unterricht Prof. Dr&#8230;.<\/p>\n<p class=\"read-more\"><a class=\"btn btn-default\" href=\"https:\/\/wordpress.nibis.de\/sltagung\/leadership-reloaded\/\">Weiterlesen<span class=\"screen-reader-text\"> Weiterlesen<\/span><\/a><\/p>\n","protected":false},"author":9193395,"featured_media":0,"parent":0,"menu_order":0,"comment_status":"closed","ping_status":"closed","template":"","meta":{"footnotes":""},"class_list":["post-1716","page","type-page","status-publish","hentry"],"_links":{"self":[{"href":"https:\/\/wordpress.nibis.de\/sltagung\/wp-json\/wp\/v2\/pages\/1716","targetHints":{"allow":["GET"]}}],"collection":[{"href":"https:\/\/wordpress.nibis.de\/sltagung\/wp-json\/wp\/v2\/pages"}],"about":[{"href":"https:\/\/wordpress.nibis.de\/sltagung\/wp-json\/wp\/v2\/types\/page"}],"author":[{"embeddable":true,"href":"https:\/\/wordpress.nibis.de\/sltagung\/wp-json\/wp\/v2\/users\/9193395"}],"replies":[{"embeddable":true,"href":"https:\/\/wordpress.nibis.de\/sltagung\/wp-json\/wp\/v2\/comments?post=1716"}],"version-history":[{"count":35,"href":"https:\/\/wordpress.nibis.de\/sltagung\/wp-json\/wp\/v2\/pages\/1716\/revisions"}],"predecessor-version":[{"id":2247,"href":"https:\/\/wordpress.nibis.de\/sltagung\/wp-json\/wp\/v2\/pages\/1716\/revisions\/2247"}],"wp:attachment":[{"href":"https:\/\/wordpress.nibis.de\/sltagung\/wp-json\/wp\/v2\/media?parent=1716"}],"curies":[{"name":"wp","href":"https:\/\/api.w.org\/{rel}","templated":true}]}}