{"id":1726,"date":"2024-09-03T12:01:05","date_gmt":"2024-09-03T10:01:05","guid":{"rendered":"https:\/\/wordpress.nibis.de\/sltagung\/?page_id=1726"},"modified":"2024-09-24T14:11:50","modified_gmt":"2024-09-24T12:11:50","slug":"die-zukunft-des-schulmanagements-strategien-fuer-schulleitungen-in-zeiten-der-digitalitaet-und-ki","status":"publish","type":"page","link":"https:\/\/wordpress.nibis.de\/sltagung\/die-zukunft-des-schulmanagements-strategien-fuer-schulleitungen-in-zeiten-der-digitalitaet-und-ki\/","title":{"rendered":"Die Zukunft des Schulmanagements: Strategien f\u00fcr Schulleitungen in Zeiten der Digitalit\u00e4t und KI"},"content":{"rendered":"\n<h2 class=\"wp-block-heading\">Dokumentation der Veranstaltung<\/h2>\n\n\n\n<hr class=\"wp-block-separator\" \/>\n\n\n\n<h4 class=\"has-text-align-left wp-block-heading\">Impulsvortrag von Prof. Dr. Marcus Pietsch und Prof. Dr. Dana-Kristin Mah <br>von der&nbsp;Leuphana Universit\u00e4t L\u00fcneburg<\/h4>\n\n\n\n<figure class=\"wp-block-embed is-type-video is-provider-youtube wp-block-embed-youtube wp-embed-aspect-16-9 wp-has-aspect-ratio\"><div class=\"wp-block-embed__wrapper\">\n<iframe loading=\"lazy\"  id=\"_ytid_87097\"  width=\"640\" height=\"360\"  data-origwidth=\"640\" data-origheight=\"360\" src=\"https:\/\/www.youtube.com\/embed\/-N5oEQKUyQM?enablejsapi=1&#038;autoplay=0&#038;cc_load_policy=0&#038;cc_lang_pref=&#038;iv_load_policy=1&#038;loop=0&#038;rel=1&#038;fs=1&#038;playsinline=0&#038;autohide=2&#038;theme=dark&#038;color=red&#038;controls=1&#038;disablekb=0&#038;\" class=\"__youtube_prefs__  epyt-is-override  no-lazyload\" title=\"YouTube player\"  allow=\"fullscreen; accelerometer; autoplay; clipboard-write; encrypted-media; gyroscope; picture-in-picture; web-share\" referrerpolicy=\"strict-origin-when-cross-origin\" allowfullscreen data-no-lazy=\"1\" data-skipgform_ajax_framebjll=\"\"><\/iframe>\n<\/div><\/figure>\n\n\n\n<div class=\"wp-block-file\"><a id=\"wp-block-file--media-c2bd4662-1686-46ed-a514-88d0dcd16087\" href=\"https:\/\/wordpress.nibis.de\/sltagung\/files\/2024\/09\/Leadership-Reloaded-Schulleitungen-KI-Digital-Mindset_Pietsch_Mah.pdf\">Pr\u00e4sentation zum Impulsvortrag<\/a><a href=\"https:\/\/wordpress.nibis.de\/sltagung\/files\/2024\/09\/Leadership-Reloaded-Schulleitungen-KI-Digital-Mindset_Pietsch_Mah.pdf\" class=\"wp-block-file__button\" download aria-describedby=\"wp-block-file--media-c2bd4662-1686-46ed-a514-88d0dcd16087\">Herunterladen<\/a><\/div>\n\n\n\n<hr class=\"wp-block-separator\" \/>\n\n\n\n<h4 class=\"wp-block-heading\">Gesamtpr\u00e4sentation der Veranstaltung<\/h4>\n\n\n\n<div data-wp-interactive=\"core\/file\" class=\"wp-block-file\"><object data-wp-bind--hidden=\"!state.hasPdfPreview\" hidden class=\"wp-block-file__embed\" data=\"https:\/\/wordpress.nibis.de\/sltagung\/files\/2024\/09\/Leadership-Reloaded_Modul1_Leuphana.pdf\" type=\"application\/pdf\" style=\"width:100%;height:600px\" aria-label=\"Einbettung von PDF-Einbettung.\"><\/object><\/div>\n\n\n\n<hr class=\"wp-block-separator\" \/>\n\n\n\n<h4 class=\"wp-block-heading\">Fortbildungsangebote zu KI<\/h4>\n\n\n\n<div data-wp-interactive=\"core\/file\" class=\"wp-block-file\"><object data-wp-bind--hidden=\"!state.hasPdfPreview\" hidden class=\"wp-block-file__embed\" data=\"https:\/\/wordpress.nibis.de\/sltagung\/files\/2024\/09\/ki-angebote.pdf\" type=\"application\/pdf\" style=\"width:100%;height:600px\" aria-label=\"Einbettung von PDF-Einbettung.\"><\/object><\/div>\n\n\n\n<hr class=\"wp-block-separator\" \/>\n\n\n\n<p><a href=\"https:\/\/www.edumaps.de\/31322\/292721\/oqqnwcoco8\" target=\"_blank\" rel=\"noreferrer noopener\"><strong>Edumaps &#8211; Pinnwand zur Veranstaltung<\/strong><\/a><\/p>\n\n\n\n<hr class=\"wp-block-separator\" \/>\n\n\n\n<h2 class=\"wp-block-heading\">Veranstaltungsbeschreibung<\/h2>\n\n\n\n<p>In einer sich rasant ver\u00e4ndernden digitalen Welt stehen Schulleitungen vor der Herausforderung, digitale Technologien und k\u00fcnstliche Intelligenz (KI) in den Schulalltag und die Schulverwaltung zu integrieren. Im Modul\u00a0<strong>&#8222;Die Zukunft des Schulmanagements: Strategien f\u00fcr Schulleitungen in Zeiten der Digitalit\u00e4t und KI&#8220;\u00a0<\/strong>lernen Sie relevante Aspekte sowie praxisnahe ko-kreative Ans\u00e4tze kennen, um als Schulleitung die Transformation Ihrer Schule erfolgreich f\u00f6rdern und gestalten k\u00f6nnen.\u00a0\u00a0<\/p>\n<p>Prof. Dr. Marcus Pietsch und Prof. Dr. Dana-Kristin Mah von der\u00a0Leuphana Universit\u00e4t L\u00fcneburg bieten Ihnen auf Basis nieders\u00e4chsischer Schulleitungsdaten einen \u00dcberblick \u00fcber die grundlegende Bedeutung eines digitalen Mindsets f\u00fcr die erfolgreiche Integration von KI in Schulen. In der anschlie\u00dfenden Diskussion k\u00f6nnen Sie sich mit den Vortragenden \u00fcber die pr\u00e4sentierten Impulse austauschen. Darauf aufbauend haben Sie im zweiten Teil der Veranstaltung die M\u00f6glichkeit, Anwendungsstrategien und Herausforderungen\u00a0mit anderen Schulleitungen zu debattieren und gemeinsam kreative L\u00f6sungsstrategien f\u00fcr das Schulmanagement in Zeiten von Digitalit\u00e4t und KI zu entwickeln.\u00a0<\/p>\n<p>Sie erhalten w\u00e4hrenddessen die Gelegenheit, sich mit anderen Schulleitungen zu vernetzen und innovative Praktiken und Unterst\u00fctzungsangebote kennenzulernen. Seien Sie dabei und gestalten Sie aktiv die Zukunft Ihres Schulmanagements!\u00a0<\/p>\n<p><i>Hinweise: F\u00fcr die Teilnahme an der Veranstaltung entstehen Ihnen keine Kosten. Der Impulsvortrag von Prof. Marcus Pietsch und Prof. Dana-Kristin Mah wird zu Dokumentationszwecken videografiert.<\/i><\/p>\n","protected":false},"excerpt":{"rendered":"<p>Dokumentation der Veranstaltung Impulsvortrag von Prof. Dr. Marcus Pietsch und Prof. Dr. Dana-Kristin Mah von der&nbsp;Leuphana Universit\u00e4t L\u00fcneburg Gesamtpr\u00e4sentation der Veranstaltung Fortbildungsangebote zu KI Edumaps &#8211; Pinnwand zur Veranstaltung Veranstaltungsbeschreibung In einer sich rasant ver\u00e4ndernden digitalen Welt stehen Schulleitungen vor der Herausforderung, digitale Technologien und k\u00fcnstliche Intelligenz (KI) in den Schulalltag und die Schulverwaltung zu integrieren. Im Modul\u00a0&#8222;Die Zukunft des Schulmanagements: Strategien f\u00fcr Schulleitungen in Zeiten der Digitalit\u00e4t und KI&#8220;\u00a0lernen Sie relevante Aspekte sowie praxisnahe ko-kreative Ans\u00e4tze kennen, um als&#8230;<\/p>\n<p class=\"read-more\"><a class=\"btn btn-default\" href=\"https:\/\/wordpress.nibis.de\/sltagung\/die-zukunft-des-schulmanagements-strategien-fuer-schulleitungen-in-zeiten-der-digitalitaet-und-ki\/\">Weiterlesen<span class=\"screen-reader-text\"> Weiterlesen<\/span><\/a><\/p>\n","protected":false},"author":9193395,"featured_media":0,"parent":0,"menu_order":0,"comment_status":"closed","ping_status":"closed","template":"","meta":{"footnotes":""},"class_list":["post-1726","page","type-page","status-publish","hentry"],"_links":{"self":[{"href":"https:\/\/wordpress.nibis.de\/sltagung\/wp-json\/wp\/v2\/pages\/1726","targetHints":{"allow":["GET"]}}],"collection":[{"href":"https:\/\/wordpress.nibis.de\/sltagung\/wp-json\/wp\/v2\/pages"}],"about":[{"href":"https:\/\/wordpress.nibis.de\/sltagung\/wp-json\/wp\/v2\/types\/page"}],"author":[{"embeddable":true,"href":"https:\/\/wordpress.nibis.de\/sltagung\/wp-json\/wp\/v2\/users\/9193395"}],"replies":[{"embeddable":true,"href":"https:\/\/wordpress.nibis.de\/sltagung\/wp-json\/wp\/v2\/comments?post=1726"}],"version-history":[{"count":32,"href":"https:\/\/wordpress.nibis.de\/sltagung\/wp-json\/wp\/v2\/pages\/1726\/revisions"}],"predecessor-version":[{"id":1823,"href":"https:\/\/wordpress.nibis.de\/sltagung\/wp-json\/wp\/v2\/pages\/1726\/revisions\/1823"}],"wp:attachment":[{"href":"https:\/\/wordpress.nibis.de\/sltagung\/wp-json\/wp\/v2\/media?parent=1726"}],"curies":[{"name":"wp","href":"https:\/\/api.w.org\/{rel}","templated":true}]}}