{"id":1729,"date":"2024-09-03T12:01:36","date_gmt":"2024-09-03T10:01:36","guid":{"rendered":"https:\/\/wordpress.nibis.de\/sltagung\/?page_id=1729"},"modified":"2024-09-03T12:07:51","modified_gmt":"2024-09-03T10:07:51","slug":"digital-leadership-in-der-schulpraxis-erfahrungen-und-best-practices","status":"publish","type":"page","link":"https:\/\/wordpress.nibis.de\/sltagung\/digital-leadership-in-der-schulpraxis-erfahrungen-und-best-practices\/","title":{"rendered":"Digital Leadership in der Schulpraxis: Erfahrungen und Best Practices"},"content":{"rendered":"\n<p>Diese Veranstaltung bietet Schulleitungen, Stellvertretenden Schulleitungen und Didaktischen Leitungen die Gelegenheit, sich \u00fcber die praktische Umsetzung digitaler Strategien in Schulen auszutauschen und ihre Leadership-Kompetenzen zu erweitern.<\/p>\n<p>Silke M\u00fcller, Schulleiterin und Digitalisierungsbotschafterin, teilt ihre Erfahrungen und zeigt, wie Forschungswissen in die Schulpraxis \u00fcbertragen werden kann. Erfolgreiche Fallstudien und Best Practices zur digitalen Transformation werden pr\u00e4sentiert, gefolgt von einer interaktiven Diskussion \u00fcber Herausforderungen und Erfolgsfaktoren. Ein praxisorientierter Workshop zur Entwicklung von Leadership-Kompetenzen rundet das Programm ab.<\/p>\n<p>Melden Sie sich an und profitieren Sie von praxisnahen Einblicken und wertvollen Tipps f\u00fcr Ihre Schule!<\/p>\n<p><i>Hinweise: F\u00fcr die Teilnahme an der Veranstaltung entstehen Ihnen keine Kosten. Der Impulsvortrag von Silke M\u00fcller wird zu Dokumentationszwecken videografiert.<\/i><\/p>\n","protected":false},"excerpt":{"rendered":"<p>Diese Veranstaltung bietet Schulleitungen, Stellvertretenden Schulleitungen und Didaktischen Leitungen die Gelegenheit, sich \u00fcber die praktische Umsetzung digitaler Strategien in Schulen auszutauschen und ihre Leadership-Kompetenzen zu erweitern. Silke M\u00fcller, Schulleiterin und Digitalisierungsbotschafterin, teilt ihre Erfahrungen und zeigt, wie Forschungswissen in die Schulpraxis \u00fcbertragen werden kann. Erfolgreiche Fallstudien und Best Practices zur digitalen Transformation werden pr\u00e4sentiert, gefolgt von einer interaktiven Diskussion \u00fcber Herausforderungen und Erfolgsfaktoren. Ein praxisorientierter Workshop zur Entwicklung von Leadership-Kompetenzen rundet das Programm ab. Melden Sie sich an und profitieren&#8230;<\/p>\n<p class=\"read-more\"><a class=\"btn btn-default\" href=\"https:\/\/wordpress.nibis.de\/sltagung\/digital-leadership-in-der-schulpraxis-erfahrungen-und-best-practices\/\">Weiterlesen<span class=\"screen-reader-text\"> Weiterlesen<\/span><\/a><\/p>\n","protected":false},"author":9193395,"featured_media":0,"parent":0,"menu_order":0,"comment_status":"closed","ping_status":"closed","template":"","meta":{"footnotes":""},"class_list":["post-1729","page","type-page","status-publish","hentry"],"_links":{"self":[{"href":"https:\/\/wordpress.nibis.de\/sltagung\/wp-json\/wp\/v2\/pages\/1729","targetHints":{"allow":["GET"]}}],"collection":[{"href":"https:\/\/wordpress.nibis.de\/sltagung\/wp-json\/wp\/v2\/pages"}],"about":[{"href":"https:\/\/wordpress.nibis.de\/sltagung\/wp-json\/wp\/v2\/types\/page"}],"author":[{"embeddable":true,"href":"https:\/\/wordpress.nibis.de\/sltagung\/wp-json\/wp\/v2\/users\/9193395"}],"replies":[{"embeddable":true,"href":"https:\/\/wordpress.nibis.de\/sltagung\/wp-json\/wp\/v2\/comments?post=1729"}],"version-history":[{"count":2,"href":"https:\/\/wordpress.nibis.de\/sltagung\/wp-json\/wp\/v2\/pages\/1729\/revisions"}],"predecessor-version":[{"id":1740,"href":"https:\/\/wordpress.nibis.de\/sltagung\/wp-json\/wp\/v2\/pages\/1729\/revisions\/1740"}],"wp:attachment":[{"href":"https:\/\/wordpress.nibis.de\/sltagung\/wp-json\/wp\/v2\/media?parent=1729"}],"curies":[{"name":"wp","href":"https:\/\/api.w.org\/{rel}","templated":true}]}}