{"id":1732,"date":"2024-09-03T12:01:58","date_gmt":"2024-09-03T10:01:58","guid":{"rendered":"https:\/\/wordpress.nibis.de\/sltagung\/?page_id=1732"},"modified":"2024-12-19T10:30:51","modified_gmt":"2024-12-19T09:30:51","slug":"innovative-lehr-und-lernmethoden-ki-im-klassenzimmer-ki-im-unterricht","status":"publish","type":"page","link":"https:\/\/wordpress.nibis.de\/sltagung\/innovative-lehr-und-lernmethoden-ki-im-klassenzimmer-ki-im-unterricht\/","title":{"rendered":"Innovative Lehr- und Lernmethoden: KI im Klassenzimmer \/ KI im Unterricht"},"content":{"rendered":"\n<h2 class=\"wp-block-heading\">Dokumentation der Veranstaltung<\/h2>\n\n\n\n<hr class=\"wp-block-separator\" \/>\n\n\n\n<h2 class=\"wp-block-heading\">Impulsvortrag von Prof. Johanna Fleckenstein<\/h2>\n\n\n\n<figure class=\"wp-block-embed is-type-video is-provider-youtube wp-block-embed-youtube wp-embed-aspect-16-9 wp-has-aspect-ratio\"><div class=\"wp-block-embed__wrapper\">\n<iframe loading=\"lazy\"  id=\"_ytid_61072\"  width=\"640\" height=\"360\"  data-origwidth=\"640\" data-origheight=\"360\" src=\"https:\/\/www.youtube.com\/embed\/OmiP5QcGSKA?enablejsapi=1&#038;autoplay=0&#038;cc_load_policy=0&#038;cc_lang_pref=&#038;iv_load_policy=1&#038;loop=0&#038;rel=1&#038;fs=1&#038;playsinline=0&#038;autohide=2&#038;theme=dark&#038;color=red&#038;controls=1&#038;disablekb=0&#038;\" class=\"__youtube_prefs__  epyt-is-override  no-lazyload\" title=\"YouTube player\"  allow=\"fullscreen; accelerometer; autoplay; clipboard-write; encrypted-media; gyroscope; picture-in-picture; web-share\" referrerpolicy=\"strict-origin-when-cross-origin\" allowfullscreen data-no-lazy=\"1\" data-skipgform_ajax_framebjll=\"\"><\/iframe>\n<\/div><\/figure>\n\n\n\n<hr class=\"wp-block-separator\" \/>\n\n\n\n<h2 class=\"wp-block-heading\">Gesamtpr\u00e4sentation zur Veranstaltung<\/h2>\n\n\n\n<div data-wp-interactive=\"core\/file\" class=\"wp-block-file\"><object data-wp-bind--hidden=\"!state.hasPdfPreview\" hidden class=\"wp-block-file__embed\" data=\"https:\/\/wordpress.nibis.de\/sltagung\/files\/2024\/12\/Vortrag_Fleckenstein_NLQ.pdf\" type=\"application\/pdf\" style=\"width:100%;height:600px\" aria-label=\"Einbettung von PDF-Einbettung.\"><\/object><a href=\"https:\/\/wordpress.nibis.de\/sltagung\/files\/2024\/12\/Vortrag_Fleckenstein_NLQ.pdf\" class=\"wp-block-file__button\" download aria-describedby=\"wp-block-file--media-3fc73af5-5899-434e-b893-a4a2bea07840\">Herunterladen<\/a><\/div>\n\n\n\n<p>Diese Veranstaltung richtet sich an Schulleitungen, Stellvertretungen und didaktische Leitungen, die mehr \u00fcber den Einsatz von K\u00fcnstlicher Intelligenz im Bildungsbereich erfahren m\u00f6chten. Ziel ist es, ein tieferes Verst\u00e4ndnis f\u00fcr die Rolle von KI im Unterricht zu entwickeln und innovative Lehrmethoden kennenzulernen.<\/p>\n<p>Prof. Dr. Johanna Fleckenstein von der Universit\u00e4t Hildesheim wird in ihrer Keynote an die SL-Tagung 2023 ankn\u00fcpfen und die Chancen und Herausforderungen von KI im Klassenzimmer beleuchten. Anschlie\u00dfend werden konkrete Anwendungsbeispiele vorgestellt, die zeigen, wie KI den Lernprozess verbessern und individualisieren kann.<\/p>\n<p>Nach einer kurzen Pause haben Sie die Gelegenheit, sich in einer interaktiven Diskussion \u00fcber die Potenziale und Grenzen von KI im Bildungsbereich auszutauschen. In einem praxisorientierten Workshop k\u00f6nnen Sie dann eigene Lehr- und Lernszenarien mit KI-Unterst\u00fctzung entwickeln. Zum Abschluss reflektieren wir die gewonnenen Erkenntnisse und geben einen Ausblick auf zuk\u00fcnftige Entwicklungen.<\/p>\n<p>Nutzen Sie diese Gelegenheit, um sich mit Kolleginnen und Kollegen auszutauschen und wertvolle Impulse f\u00fcr Ihre Schule mitzunehmen.&nbsp;<\/p>\n<p><i>Hinweise: F\u00fcr die Teilnahme an der Veranstaltung entstehen Ihnen keine Kosten. Der Impulsvortrag von Frau Prof. Johanna Fleckenstein wird zu Dokumentationszwecken videografiert.<\/i><\/p>\n","protected":false},"excerpt":{"rendered":"<p>Dokumentation der Veranstaltung Impulsvortrag von Prof. Johanna Fleckenstein Gesamtpr\u00e4sentation zur Veranstaltung Diese Veranstaltung richtet sich an Schulleitungen, Stellvertretungen und didaktische Leitungen, die mehr \u00fcber den Einsatz von K\u00fcnstlicher Intelligenz im Bildungsbereich erfahren m\u00f6chten. Ziel ist es, ein tieferes Verst\u00e4ndnis f\u00fcr die Rolle von KI im Unterricht zu entwickeln und innovative Lehrmethoden kennenzulernen. Prof. Dr. Johanna Fleckenstein von der Universit\u00e4t Hildesheim wird in ihrer Keynote an die SL-Tagung 2023 ankn\u00fcpfen und die Chancen und Herausforderungen von KI im Klassenzimmer beleuchten. Anschlie\u00dfend&#8230;<\/p>\n<p class=\"read-more\"><a class=\"btn btn-default\" href=\"https:\/\/wordpress.nibis.de\/sltagung\/innovative-lehr-und-lernmethoden-ki-im-klassenzimmer-ki-im-unterricht\/\">Weiterlesen<span class=\"screen-reader-text\"> Weiterlesen<\/span><\/a><\/p>\n","protected":false},"author":9193395,"featured_media":0,"parent":0,"menu_order":0,"comment_status":"closed","ping_status":"closed","template":"","meta":{"footnotes":""},"class_list":["post-1732","page","type-page","status-publish","hentry"],"_links":{"self":[{"href":"https:\/\/wordpress.nibis.de\/sltagung\/wp-json\/wp\/v2\/pages\/1732","targetHints":{"allow":["GET"]}}],"collection":[{"href":"https:\/\/wordpress.nibis.de\/sltagung\/wp-json\/wp\/v2\/pages"}],"about":[{"href":"https:\/\/wordpress.nibis.de\/sltagung\/wp-json\/wp\/v2\/types\/page"}],"author":[{"embeddable":true,"href":"https:\/\/wordpress.nibis.de\/sltagung\/wp-json\/wp\/v2\/users\/9193395"}],"replies":[{"embeddable":true,"href":"https:\/\/wordpress.nibis.de\/sltagung\/wp-json\/wp\/v2\/comments?post=1732"}],"version-history":[{"count":7,"href":"https:\/\/wordpress.nibis.de\/sltagung\/wp-json\/wp\/v2\/pages\/1732\/revisions"}],"predecessor-version":[{"id":1838,"href":"https:\/\/wordpress.nibis.de\/sltagung\/wp-json\/wp\/v2\/pages\/1732\/revisions\/1838"}],"wp:attachment":[{"href":"https:\/\/wordpress.nibis.de\/sltagung\/wp-json\/wp\/v2\/media?parent=1732"}],"curies":[{"name":"wp","href":"https:\/\/api.w.org\/{rel}","templated":true}]}}