{"id":1971,"date":"2025-03-27T10:51:09","date_gmt":"2025-03-27T09:51:09","guid":{"rendered":"https:\/\/wordpress.nibis.de\/sltagung\/?page_id=1971"},"modified":"2025-03-27T10:51:10","modified_gmt":"2025-03-27T09:51:10","slug":"moderation-der-tagung","status":"publish","type":"page","link":"https:\/\/wordpress.nibis.de\/sltagung\/moderation-der-tagung\/","title":{"rendered":"Moderation der Tagung"},"content":{"rendered":"\n<p><img loading=\"lazy\" decoding=\"async\" class=\"size-medium wp-image-1865 alignleft\" src=\"https:\/\/wordpress.nibis.de\/sltagung\/files\/2025\/03\/Rinsberg-2-199x300.jpg\" alt=\"\" width=\"199\" height=\"300\" srcset=\"https:\/\/wordpress.nibis.de\/sltagung\/files\/2025\/03\/Rinsberg-2-199x300.jpg 199w, https:\/\/wordpress.nibis.de\/sltagung\/files\/2025\/03\/Rinsberg-2-179x270.jpg 179w, https:\/\/wordpress.nibis.de\/sltagung\/files\/2025\/03\/Rinsberg-2.jpg 679w\" sizes=\"auto, (max-width: 199px) 100vw, 199px\" \/><\/p>\n\n\n\n<p><strong>Linnea Riensberg<\/strong>\u00a0moderiert seit zwanzig Jahren Konferenzen und Workshops f\u00fcr Ministerien, Parteien, Stiftungen und Unternehmen. Als systemische Organisationsentwicklerin und Coach ber\u00e4t sie zur strategischen Ausrichtung und (politischen) Positionierung. Zuvor hat sie im Europ\u00e4ischen Parlament und als Gesch\u00e4ftsf\u00fchrerin zweier NGOs zu digitalpolitischen Themen und Jugendpartizipation gearbeitet \u2013 und freut sich als\u00a0<strong>Gesamtmoderatorin<\/strong>\u00a0<strong>der Tagung<\/strong>\u00a0besonders\u00a0auf den inhaltlichen Austausch mit den Teilnehmenden.\u00a0<\/p>\n","protected":false},"excerpt":{"rendered":"<p>Linnea Riensberg\u00a0moderiert seit zwanzig Jahren Konferenzen und Workshops f\u00fcr Ministerien, Parteien, Stiftungen und Unternehmen. Als systemische Organisationsentwicklerin und Coach ber\u00e4t sie zur strategischen Ausrichtung und (politischen) Positionierung. Zuvor hat sie im Europ\u00e4ischen Parlament und als Gesch\u00e4ftsf\u00fchrerin zweier NGOs zu digitalpolitischen Themen und Jugendpartizipation gearbeitet \u2013 und freut sich als\u00a0Gesamtmoderatorin\u00a0der Tagung\u00a0besonders\u00a0auf den inhaltlichen Austausch mit den Teilnehmenden.\u00a0<\/p>\n","protected":false},"author":9193395,"featured_media":0,"parent":0,"menu_order":0,"comment_status":"closed","ping_status":"closed","template":"","meta":{"footnotes":""},"class_list":["post-1971","page","type-page","status-publish","hentry"],"_links":{"self":[{"href":"https:\/\/wordpress.nibis.de\/sltagung\/wp-json\/wp\/v2\/pages\/1971","targetHints":{"allow":["GET"]}}],"collection":[{"href":"https:\/\/wordpress.nibis.de\/sltagung\/wp-json\/wp\/v2\/pages"}],"about":[{"href":"https:\/\/wordpress.nibis.de\/sltagung\/wp-json\/wp\/v2\/types\/page"}],"author":[{"embeddable":true,"href":"https:\/\/wordpress.nibis.de\/sltagung\/wp-json\/wp\/v2\/users\/9193395"}],"replies":[{"embeddable":true,"href":"https:\/\/wordpress.nibis.de\/sltagung\/wp-json\/wp\/v2\/comments?post=1971"}],"version-history":[{"count":1,"href":"https:\/\/wordpress.nibis.de\/sltagung\/wp-json\/wp\/v2\/pages\/1971\/revisions"}],"predecessor-version":[{"id":1972,"href":"https:\/\/wordpress.nibis.de\/sltagung\/wp-json\/wp\/v2\/pages\/1971\/revisions\/1972"}],"wp:attachment":[{"href":"https:\/\/wordpress.nibis.de\/sltagung\/wp-json\/wp\/v2\/media?parent=1971"}],"curies":[{"name":"wp","href":"https:\/\/api.w.org\/{rel}","templated":true}]}}