{"id":1992,"date":"2025-03-31T08:36:05","date_gmt":"2025-03-31T06:36:05","guid":{"rendered":"https:\/\/wordpress.nibis.de\/sltagung\/?page_id=1992"},"modified":"2025-08-26T11:49:58","modified_gmt":"2025-08-26T09:49:58","slug":"schulische-medienprojekte-als-beitrag-zur-demokratiebildung","status":"publish","type":"page","link":"https:\/\/wordpress.nibis.de\/sltagung\/schulische-medienprojekte-als-beitrag-zur-demokratiebildung\/","title":{"rendered":"Schulische Medienprojekte als Beitrag zur Demokratiebildung"},"content":{"rendered":"\n<h2>Raum: Erfurt\/Dresden<\/h2>\n\n\n\n<p><img loading=\"lazy\" decoding=\"async\" class=\"size-medium wp-image-1993 alignleft\" src=\"https:\/\/wordpress.nibis.de\/sltagung\/files\/2025\/03\/Schieb-Christoph-199x300.jpg\" alt=\"\" width=\"199\" height=\"300\" srcset=\"https:\/\/wordpress.nibis.de\/sltagung\/files\/2025\/03\/Schieb-Christoph-199x300.jpg 199w, https:\/\/wordpress.nibis.de\/sltagung\/files\/2025\/03\/Schieb-Christoph-179x270.jpg 179w, https:\/\/wordpress.nibis.de\/sltagung\/files\/2025\/03\/Schieb-Christoph.jpg 265w\" sizes=\"auto, (max-width: 199px) 100vw, 199px\" \/>Demokratie, Kinderrechte, Mitbestimmung anschaulich und wirkungsvoll erlebbar zu machen, ist nicht nur in der Grundschule eine gro\u00dfe Herausforderung: Wie k\u00f6nnen Kinder und Jugendliche erreicht werden? Wie gelangen sie zu Informationen? Wie k\u00f6nnen Sie Themen in die Schulentwicklung einbringen? Die Grundschule Bad M\u00fcnder unterst\u00fctzt ihre Demokratiebildung seit mehreren Jahren durch vielf\u00e4ltige Medienprojekte. In dem Workshop wird ein \u00dcberblick mit Praxisbeispielen zu unseren Aktivit\u00e4ten in den Bereichen Print, Film und Radio gegeben.<\/p>\n<p>Referent <strong>Christoph Schieb<\/strong> ist\u00a0seit 2009 Schulleiter der Grundschule Bad M\u00fcnder; Filmlehrer; stellvertretender Vorsitzender des F\u00f6rdervereins Demokratisch Handeln e.V.<\/p>\n","protected":false},"excerpt":{"rendered":"<p>Raum: Erfurt\/Dresden Demokratie, Kinderrechte, Mitbestimmung anschaulich und wirkungsvoll erlebbar zu machen, ist nicht nur in der Grundschule eine gro\u00dfe Herausforderung: Wie k\u00f6nnen Kinder und Jugendliche erreicht werden? Wie gelangen sie zu Informationen? Wie k\u00f6nnen Sie Themen in die Schulentwicklung einbringen? Die Grundschule Bad M\u00fcnder unterst\u00fctzt ihre Demokratiebildung seit mehreren Jahren durch vielf\u00e4ltige Medienprojekte. In dem Workshop wird ein \u00dcberblick mit Praxisbeispielen zu unseren Aktivit\u00e4ten in den Bereichen Print, Film und Radio gegeben. Referent Christoph Schieb ist\u00a0seit 2009 Schulleiter der Grundschule&#8230;<\/p>\n<p class=\"read-more\"><a class=\"btn btn-default\" href=\"https:\/\/wordpress.nibis.de\/sltagung\/schulische-medienprojekte-als-beitrag-zur-demokratiebildung\/\">Weiterlesen<span class=\"screen-reader-text\"> Weiterlesen<\/span><\/a><\/p>\n","protected":false},"author":9193395,"featured_media":0,"parent":0,"menu_order":0,"comment_status":"closed","ping_status":"closed","template":"","meta":{"footnotes":""},"class_list":["post-1992","page","type-page","status-publish","hentry"],"_links":{"self":[{"href":"https:\/\/wordpress.nibis.de\/sltagung\/wp-json\/wp\/v2\/pages\/1992","targetHints":{"allow":["GET"]}}],"collection":[{"href":"https:\/\/wordpress.nibis.de\/sltagung\/wp-json\/wp\/v2\/pages"}],"about":[{"href":"https:\/\/wordpress.nibis.de\/sltagung\/wp-json\/wp\/v2\/types\/page"}],"author":[{"embeddable":true,"href":"https:\/\/wordpress.nibis.de\/sltagung\/wp-json\/wp\/v2\/users\/9193395"}],"replies":[{"embeddable":true,"href":"https:\/\/wordpress.nibis.de\/sltagung\/wp-json\/wp\/v2\/comments?post=1992"}],"version-history":[{"count":2,"href":"https:\/\/wordpress.nibis.de\/sltagung\/wp-json\/wp\/v2\/pages\/1992\/revisions"}],"predecessor-version":[{"id":2307,"href":"https:\/\/wordpress.nibis.de\/sltagung\/wp-json\/wp\/v2\/pages\/1992\/revisions\/2307"}],"wp:attachment":[{"href":"https:\/\/wordpress.nibis.de\/sltagung\/wp-json\/wp\/v2\/media?parent=1992"}],"curies":[{"name":"wp","href":"https:\/\/api.w.org\/{rel}","templated":true}]}}