{"id":2002,"date":"2025-04-03T08:05:44","date_gmt":"2025-04-03T06:05:44","guid":{"rendered":"https:\/\/wordpress.nibis.de\/sltagung\/?page_id=2002"},"modified":"2025-08-26T11:51:01","modified_gmt":"2025-08-26T09:51:01","slug":"von-daten-zu-entscheidungen-wie-ki-systeme-schleichend-werte-untergraben","status":"publish","type":"page","link":"https:\/\/wordpress.nibis.de\/sltagung\/von-daten-zu-entscheidungen-wie-ki-systeme-schleichend-werte-untergraben\/","title":{"rendered":"Von Daten zu Entscheidungen \u2013 Wie KI-Systeme schleichend Werte untergraben"},"content":{"rendered":"\n<h2>Raum: K\u00f6ln<\/h2>\n\n\n\n<p><img loading=\"lazy\" decoding=\"async\" class=\"size-medium wp-image-2049 alignleft\" src=\"https:\/\/wordpress.nibis.de\/sltagung\/files\/2025\/04\/Brueggemann-200x300.png\" alt=\"\" width=\"200\" height=\"300\" srcset=\"https:\/\/wordpress.nibis.de\/sltagung\/files\/2025\/04\/Brueggemann-200x300.png 200w, https:\/\/wordpress.nibis.de\/sltagung\/files\/2025\/04\/Brueggemann-180x270.png 180w, https:\/\/wordpress.nibis.de\/sltagung\/files\/2025\/04\/Brueggemann.png 267w\" sizes=\"auto, (max-width: 200px) 100vw, 200px\" \/> <img loading=\"lazy\" decoding=\"async\" class=\"size-medium wp-image-2050 alignleft\" src=\"https:\/\/wordpress.nibis.de\/sltagung\/files\/2025\/04\/Riecken-192x300.png\" alt=\"\" width=\"192\" height=\"300\" srcset=\"https:\/\/wordpress.nibis.de\/sltagung\/files\/2025\/04\/Riecken-192x300.png 192w, https:\/\/wordpress.nibis.de\/sltagung\/files\/2025\/04\/Riecken-173x270.png 173w, https:\/\/wordpress.nibis.de\/sltagung\/files\/2025\/04\/Riecken.png 256w\" sizes=\"auto, (max-width: 192px) 100vw, 192px\" \/><\/p>\n<div id=\"meta-origin\" data-coolorigin=\"https%3A%2F%2Fcollabora.nibis.de%2Fcool%2Fclipboard%3FWOPISrc%3Dhttps%253A%252F%252Fspeicher.nibis.de%252Findex.php%252Fapps%252Frichdocuments%252Fwopi%252Ffiles%252F1712474_oclmmf6c9eat%26ServerId%3D94967597%26ViewId%3D4%26Tag%3D1f122bb6d08ad6c8\">\n<p>Welchen Versicherungstarif erhalten Sie? Welche Verl\u00e4sslichkeit wird Ihnen im Arbeitsleben aufgrund Ihrer Gesundheitsdaten zugeschrieben? Sie m\u00f6chten einen Kredit aufnehmen? Welcher Zinssatz ergibt sich aus Ihrem Risikoprofil? Welche Diagnosen kommen f\u00fcr Ihr Krankheitsbild in Frage? Welche \u00dcbungsformate und -Inhalte sind f\u00fcr Sie geeignet, um in Mathe weiterzukommen?<\/p>\n<p>Das sind nur einige Fragen, die in der Vergangenheit von Menschen entschieden worden sind. Unsere Sch\u00fclerinnen und Sch\u00fcler &#8211; aber auch wir &#8211; werden uns zunehmend mit maschinellen Entscheidungsprozessen konfrontiert sehen. Diese sind datengetrieben und es bleibt unklar, welche Daten letztlich die Grundlage daf\u00fcr gebildet haben.<\/p>\n<p>Schauen Sie mit uns gemeinsam hinter die Kulissen generativer KI. Identifizieren Sie sowohl Chancen als auch Herausforderungen in diesem Kontext. Denken Sie mit uns gemeinsam \u00fcber die Frage nach, was Lehrkr\u00e4fte sowie Sch\u00fclerinnen und Sch\u00fcler k\u00f6nnen m\u00fcssen, um souver\u00e4n mit KI-Systemen und ihren gesellschaftlichen Auswirkungen umzugehen.<\/p>\n<div id=\"meta-origin\" data-coolorigin=\"https%3A%2F%2Fcollabora.nibis.de%2Fcool%2Fclipboard%3FWOPISrc%3Dhttps%253A%252F%252Fspeicher.nibis.de%252Findex.php%252Fapps%252Frichdocuments%252Fwopi%252Ffiles%252F1712474_oclmmf6c9eat%26ServerId%3D94967597%26ViewId%3D4%26Tag%3D1f122bb6d08ad6c8\">\n<p><strong>Ekkehard Br\u00fcggemann<\/strong> besch\u00e4ftigt sich im Rahmen einer Hassliebebeziehung mit digitaler Informations- und Bildungstechnologie. Er ist Medienp\u00e4dagogischer Berater f\u00fcr das Nieders\u00e4chsische Landesinstitut f\u00fcr schulische Qualit\u00e4tsentwicklung (NLQ) und Leiter des Medienzentrums des Landkreis Harburg. Aktuell gestaltet er mit seinem Team das DIGILAB, einen Bildungsraum der Zukunft, wo MEDIEN- MINT- &amp; MAKER-Bildung hautnah erlebt und in der Praxis umgesetzt werden kann. Die Ergebnisse aus der multiplikatorischen Arbeit k\u00f6nnen z.B. beim Medienfest \u201eKLICK CUT CODE\u201c im Landkreis Harburg bestaunt werden. Mehr Informationen unter: <span style=\"color: #0563c1\"><u><a href=\"https:\/\/ekkib.de\/\">https:\/\/ekkib.de<\/a><\/u><\/span><\/p>\n<div id=\"meta-origin\" data-coolorigin=\"https%3A%2F%2Fcollabora.nibis.de%2Fcool%2Fclipboard%3FWOPISrc%3Dhttps%253A%252F%252Fspeicher.nibis.de%252Findex.php%252Fapps%252Frichdocuments%252Fwopi%252Ffiles%252F1712474_oclmmf6c9eat%26ServerId%3D94967597%26ViewId%3D4%26Tag%3D1f122bb6d08ad6c8\">\n<p><strong>Maik Riecken<\/strong> ist medienp\u00e4dagogischer Berater am Medienzentrum Cloppenburg. Unter dem Aspekt der Medienethik setzt er sich seit mehreren Jahren mit generativer KI auseinander und hat zahlreiche Schulungen in diesem Bereich durchgef\u00fchrt, z.B. bei den Leiterinnen und Leiter der Studienseminare f\u00fcr das gymnasiale Lehramt in Niedersachsen.<\/p>\n<\/div>\n<\/div>\n<\/div>\n","protected":false},"excerpt":{"rendered":"<p>Raum: K\u00f6ln Welchen Versicherungstarif erhalten Sie? Welche Verl\u00e4sslichkeit wird Ihnen im Arbeitsleben aufgrund Ihrer Gesundheitsdaten zugeschrieben? Sie m\u00f6chten einen Kredit aufnehmen? Welcher Zinssatz ergibt sich aus Ihrem Risikoprofil? Welche Diagnosen kommen f\u00fcr Ihr Krankheitsbild in Frage? Welche \u00dcbungsformate und -Inhalte sind f\u00fcr Sie geeignet, um in Mathe weiterzukommen? Das sind nur einige Fragen, die in der Vergangenheit von Menschen entschieden worden sind. Unsere Sch\u00fclerinnen und Sch\u00fcler &#8211; aber auch wir &#8211; werden uns zunehmend mit maschinellen Entscheidungsprozessen konfrontiert sehen. Diese&#8230;<\/p>\n<p class=\"read-more\"><a class=\"btn btn-default\" href=\"https:\/\/wordpress.nibis.de\/sltagung\/von-daten-zu-entscheidungen-wie-ki-systeme-schleichend-werte-untergraben\/\">Weiterlesen<span class=\"screen-reader-text\"> Weiterlesen<\/span><\/a><\/p>\n","protected":false},"author":9193395,"featured_media":0,"parent":0,"menu_order":0,"comment_status":"closed","ping_status":"closed","template":"","meta":{"footnotes":""},"class_list":["post-2002","page","type-page","status-publish","hentry"],"_links":{"self":[{"href":"https:\/\/wordpress.nibis.de\/sltagung\/wp-json\/wp\/v2\/pages\/2002","targetHints":{"allow":["GET"]}}],"collection":[{"href":"https:\/\/wordpress.nibis.de\/sltagung\/wp-json\/wp\/v2\/pages"}],"about":[{"href":"https:\/\/wordpress.nibis.de\/sltagung\/wp-json\/wp\/v2\/types\/page"}],"author":[{"embeddable":true,"href":"https:\/\/wordpress.nibis.de\/sltagung\/wp-json\/wp\/v2\/users\/9193395"}],"replies":[{"embeddable":true,"href":"https:\/\/wordpress.nibis.de\/sltagung\/wp-json\/wp\/v2\/comments?post=2002"}],"version-history":[{"count":4,"href":"https:\/\/wordpress.nibis.de\/sltagung\/wp-json\/wp\/v2\/pages\/2002\/revisions"}],"predecessor-version":[{"id":2309,"href":"https:\/\/wordpress.nibis.de\/sltagung\/wp-json\/wp\/v2\/pages\/2002\/revisions\/2309"}],"wp:attachment":[{"href":"https:\/\/wordpress.nibis.de\/sltagung\/wp-json\/wp\/v2\/media?parent=2002"}],"curies":[{"name":"wp","href":"https:\/\/api.w.org\/{rel}","templated":true}]}}