{"id":2234,"date":"2025-06-10T13:46:30","date_gmt":"2025-06-10T11:46:30","guid":{"rendered":"https:\/\/wordpress.nibis.de\/sltagung\/?page_id=2234"},"modified":"2025-06-10T13:46:46","modified_gmt":"2025-06-10T11:46:46","slug":"ki-gestuetzte-plattformen-fuer-schulen","status":"publish","type":"page","link":"https:\/\/wordpress.nibis.de\/sltagung\/ki-gestuetzte-plattformen-fuer-schulen\/","title":{"rendered":"KI-gest\u00fctzte Plattformen f\u00fcr Schulen"},"content":{"rendered":"\n<p>Fobizz, Schul-KI und Edupool.AI im \u00dcberblick: Potenziale, Praxisbeispiele, Datenschutz<\/p>\n\n\n\n<p><strong>J\u00f6rg Steinemann<\/strong> (NLQ, Fachbereich Medienbildung) gibt einen kompakten Einblick in aktuelle KI-gest\u00fctzte Plattformen, die speziell f\u00fcr den schulischen Kontext entwickelt wurden. Dabei stellt er drei relevante Angebote vor \u2013 <strong>Fobizz<\/strong>, <strong>Schul-KI<\/strong> und <strong>Edupool.AI<\/strong> \u2013 und beleuchtet sowohl ihre Einsatzm\u00f6glichkeiten im Schulalltag als auch zentrale Datenschutzaspekte.<\/p>\n\n\n\n<p>Im Anschluss an den Impuls besteht die M\u00f6glichkeit zum <strong>kollegialen Austausch unter Schulleitungen<\/strong>: Welche Anwendungen sind f\u00fcr Ihre Schule interessant? Welche Erfahrungen liegen bereits vor? Welche Chancen und Herausforderungen sehen Sie im praktischen Einsatz?<\/p>\n\n\n\n<p><\/p>\n\n\n","protected":false},"excerpt":{"rendered":"<p>Fobizz, Schul-KI und Edupool.AI im \u00dcberblick: Potenziale, Praxisbeispiele, Datenschutz J\u00f6rg Steinemann (NLQ, Fachbereich Medienbildung) gibt einen kompakten Einblick in aktuelle KI-gest\u00fctzte Plattformen, die speziell f\u00fcr den schulischen Kontext entwickelt wurden. Dabei stellt er drei relevante Angebote vor \u2013 Fobizz, Schul-KI und Edupool.AI \u2013 und beleuchtet sowohl ihre Einsatzm\u00f6glichkeiten im Schulalltag als auch zentrale Datenschutzaspekte. Im Anschluss an den Impuls besteht die M\u00f6glichkeit zum kollegialen Austausch unter Schulleitungen: Welche Anwendungen sind f\u00fcr Ihre Schule interessant? Welche Erfahrungen liegen bereits vor? Welche&#8230;<\/p>\n<p class=\"read-more\"><a class=\"btn btn-default\" href=\"https:\/\/wordpress.nibis.de\/sltagung\/ki-gestuetzte-plattformen-fuer-schulen\/\">Weiterlesen<span class=\"screen-reader-text\"> Weiterlesen<\/span><\/a><\/p>\n","protected":false},"author":9194208,"featured_media":0,"parent":0,"menu_order":0,"comment_status":"closed","ping_status":"closed","template":"","meta":{"footnotes":""},"class_list":["post-2234","page","type-page","status-publish","hentry"],"_links":{"self":[{"href":"https:\/\/wordpress.nibis.de\/sltagung\/wp-json\/wp\/v2\/pages\/2234","targetHints":{"allow":["GET"]}}],"collection":[{"href":"https:\/\/wordpress.nibis.de\/sltagung\/wp-json\/wp\/v2\/pages"}],"about":[{"href":"https:\/\/wordpress.nibis.de\/sltagung\/wp-json\/wp\/v2\/types\/page"}],"author":[{"embeddable":true,"href":"https:\/\/wordpress.nibis.de\/sltagung\/wp-json\/wp\/v2\/users\/9194208"}],"replies":[{"embeddable":true,"href":"https:\/\/wordpress.nibis.de\/sltagung\/wp-json\/wp\/v2\/comments?post=2234"}],"version-history":[{"count":2,"href":"https:\/\/wordpress.nibis.de\/sltagung\/wp-json\/wp\/v2\/pages\/2234\/revisions"}],"predecessor-version":[{"id":2236,"href":"https:\/\/wordpress.nibis.de\/sltagung\/wp-json\/wp\/v2\/pages\/2234\/revisions\/2236"}],"wp:attachment":[{"href":"https:\/\/wordpress.nibis.de\/sltagung\/wp-json\/wp\/v2\/media?parent=2234"}],"curies":[{"name":"wp","href":"https:\/\/api.w.org\/{rel}","templated":true}]}}