{"id":2239,"date":"2025-06-10T13:52:14","date_gmt":"2025-06-10T11:52:14","guid":{"rendered":"https:\/\/wordpress.nibis.de\/sltagung\/?page_id=2239"},"modified":"2025-06-10T15:28:10","modified_gmt":"2025-06-10T13:28:10","slug":"zeitgemaesse-pruefungskultur-digital-leadership-ki","status":"publish","type":"page","link":"https:\/\/wordpress.nibis.de\/sltagung\/zeitgemaesse-pruefungskultur-digital-leadership-ki\/","title":{"rendered":"Zeitgem\u00e4\u00dfe Pr\u00fcfungskultur (Digital Leadership &amp; KI)"},"content":{"rendered":"\n<p>Der Vortrag thematisiert die Spannungsfelder zwischen traditioneller Pr\u00fcfungspraxis und den Anforderungen einer sich wandelnden Gesellschaft:<br \/>Wie k\u00f6nnen alternative Pr\u00fcfungsformate aussehen? Welche Aufgabenkultur brauchen Schulen heute?<br \/>Anhand konkreter schulischer Beispiele werden Chancen, Grenzen und erste Schritte hin zu einer zeitgem\u00e4\u00dfen Pr\u00fcfungskultur aufgezeigt.<\/p>\n<p><strong>Referent:<\/strong><br \/><strong>Christian Schl\u00f6ndorf<\/strong><br \/>Abteilungsleiter Digitalisierung und Informationstechnologien am NLQ<\/p>\n<p><a href=\"https:\/\/wordpress.nibis.de\/sltagung\/files\/2025\/06\/Zukunftsorientierte-Prufungsformate-Konzepte-Beispiele-und-Umsetzung.pdf\">Zukunftsorientierte-Prufungsformate-Konzepte-Beispiele-und-Umsetzung<\/a><\/p>\n<p><a href=\"https:\/\/wordpress.nibis.de\/sltagung\/files\/2025\/06\/2025-04-12_Bewertungsbaukasten.pdf\">Bewertungsbaukasten<\/a><\/p>\n<div style=\"width: 640px;\" class=\"wp-video\"><video class=\"wp-video-shortcode\" id=\"video-2239-1\" width=\"640\" height=\"360\" preload=\"metadata\" controls=\"controls\"><source type=\"video\/mp4\" src=\"https:\/\/wordpress.nibis.de\/sltagung\/files\/2025\/06\/NLQ_Schulleitungslounge_Pruefungsformate_KI.mp4?_=1\" \/><a href=\"https:\/\/wordpress.nibis.de\/sltagung\/files\/2025\/06\/NLQ_Schulleitungslounge_Pruefungsformate_KI.mp4\">https:\/\/wordpress.nibis.de\/sltagung\/files\/2025\/06\/NLQ_Schulleitungslounge_Pruefungsformate_KI.mp4<\/a><\/video><\/div>\n<p>\u00a0<\/p>\n<p>Weiterf\u00fchrende Links:<\/p>\n<ul>\n<li><a href=\"https:\/\/publikationen.sachsen.de\/bdb\/artikel\/33341\">https:\/\/publikationen.sachsen.de\/bdb\/artikel\/33341<\/a><\/li>\n<li><a href=\"https:\/\/www.isb.bayern.de\/schularten\/gymnasium\/oberstufe\/w-seminar\/ki\/\">https:\/\/www.isb.bayern.de\/schularten\/gymnasium\/oberstufe\/w-seminar\/ki\/<\/a><\/li>\n<li><a href=\"https:\/\/bildungsportal-niedersachsen.de\/index.php?eID=dumpFile&amp;t=f&amp;f=20772&amp;token=cffcced47b28d4c75b2536a0a1fb37f48917a28e\">https:\/\/bildungsportal-niedersachsen.de\/index.php?eID=dumpFile&amp;t=f&amp;f=20772&amp;token=cffcced47b28d4c75b2536a0a1fb37f48917a28e<\/a><\/li>\n<\/ul>\n<p>\u00a0<\/p>\n","protected":false},"excerpt":{"rendered":"<p>Der Vortrag thematisiert die Spannungsfelder zwischen traditioneller Pr\u00fcfungspraxis und den Anforderungen einer sich wandelnden Gesellschaft:Wie k\u00f6nnen alternative Pr\u00fcfungsformate aussehen? Welche Aufgabenkultur brauchen Schulen heute?Anhand konkreter schulischer Beispiele werden Chancen, Grenzen und erste Schritte hin zu einer zeitgem\u00e4\u00dfen Pr\u00fcfungskultur aufgezeigt. Referent:Christian Schl\u00f6ndorfAbteilungsleiter Digitalisierung und Informationstechnologien am NLQ Zukunftsorientierte-Prufungsformate-Konzepte-Beispiele-und-Umsetzung Bewertungsbaukasten \u00a0 Weiterf\u00fchrende Links: https:\/\/publikationen.sachsen.de\/bdb\/artikel\/33341 https:\/\/www.isb.bayern.de\/schularten\/gymnasium\/oberstufe\/w-seminar\/ki\/ https:\/\/bildungsportal-niedersachsen.de\/index.php?eID=dumpFile&amp;t=f&amp;f=20772&amp;token=cffcced47b28d4c75b2536a0a1fb37f48917a28e \u00a0<\/p>\n","protected":false},"author":9194208,"featured_media":0,"parent":0,"menu_order":0,"comment_status":"closed","ping_status":"closed","template":"","meta":{"footnotes":""},"class_list":["post-2239","page","type-page","status-publish","hentry"],"_links":{"self":[{"href":"https:\/\/wordpress.nibis.de\/sltagung\/wp-json\/wp\/v2\/pages\/2239","targetHints":{"allow":["GET"]}}],"collection":[{"href":"https:\/\/wordpress.nibis.de\/sltagung\/wp-json\/wp\/v2\/pages"}],"about":[{"href":"https:\/\/wordpress.nibis.de\/sltagung\/wp-json\/wp\/v2\/types\/page"}],"author":[{"embeddable":true,"href":"https:\/\/wordpress.nibis.de\/sltagung\/wp-json\/wp\/v2\/users\/9194208"}],"replies":[{"embeddable":true,"href":"https:\/\/wordpress.nibis.de\/sltagung\/wp-json\/wp\/v2\/comments?post=2239"}],"version-history":[{"count":5,"href":"https:\/\/wordpress.nibis.de\/sltagung\/wp-json\/wp\/v2\/pages\/2239\/revisions"}],"predecessor-version":[{"id":2260,"href":"https:\/\/wordpress.nibis.de\/sltagung\/wp-json\/wp\/v2\/pages\/2239\/revisions\/2260"}],"wp:attachment":[{"href":"https:\/\/wordpress.nibis.de\/sltagung\/wp-json\/wp\/v2\/media?parent=2239"}],"curies":[{"name":"wp","href":"https:\/\/api.w.org\/{rel}","templated":true}]}}