{"id":30,"date":"2018-03-14T12:31:51","date_gmt":"2018-03-14T11:31:51","guid":{"rendered":"http:\/\/wordpress.nibis.de\/sltagung\/?page_id=30"},"modified":"2023-08-09T14:04:00","modified_gmt":"2023-08-09T12:04:00","slug":"kontakt","status":"publish","type":"page","link":"https:\/\/wordpress.nibis.de\/sltagung\/kontakt\/","title":{"rendered":"Kontakt"},"content":{"rendered":"<p style=\"text-align: center\">Nieders\u00e4chsisches Landesinstitut<br \/>\nf\u00fcr schulische Qualit\u00e4tsentwicklung (NLQ)<br \/>\n<strong>Hanna Knoop<\/strong><\/p>\n<p style=\"text-align: center\">05121 1695-145<br \/>\n<a href=\"&#x6d;&#97;i&#x6c;&#116;o&#x3a;&#104;a&#x6e;&#110;a&#x2e;&#107;n&#x6f;&#111;p&#x40;&#110;l&#x71;&#46;n&#x69;&#101;d&#x65;&#114;s&#x61;&#99;h&#x73;&#101;n&#x2e;&#100;e\" target=\"_blank\" rel=\"noopener noreferrer\">Mail senden<\/a><br \/>\n<a href=\"https:\/\/bildungsportal-niedersachsen.de\/ueber-uns\/nlq\" target=\"_blank\" rel=\"noopener noreferrer\">zur Website<\/a><\/p>\n<p style=\"text-align: center\">\n","protected":false},"excerpt":{"rendered":"<p>Nieders\u00e4chsisches Landesinstitut f\u00fcr schulische Qualit\u00e4tsentwicklung (NLQ) Hanna Knoop 05121 1695-145 Mail senden zur Website<\/p>\n","protected":false},"author":516,"featured_media":0,"parent":0,"menu_order":0,"comment_status":"closed","ping_status":"closed","template":"","meta":{"footnotes":""},"class_list":["post-30","page","type-page","status-publish","hentry"],"_links":{"self":[{"href":"https:\/\/wordpress.nibis.de\/sltagung\/wp-json\/wp\/v2\/pages\/30","targetHints":{"allow":["GET"]}}],"collection":[{"href":"https:\/\/wordpress.nibis.de\/sltagung\/wp-json\/wp\/v2\/pages"}],"about":[{"href":"https:\/\/wordpress.nibis.de\/sltagung\/wp-json\/wp\/v2\/types\/page"}],"author":[{"embeddable":true,"href":"https:\/\/wordpress.nibis.de\/sltagung\/wp-json\/wp\/v2\/users\/516"}],"replies":[{"embeddable":true,"href":"https:\/\/wordpress.nibis.de\/sltagung\/wp-json\/wp\/v2\/comments?post=30"}],"version-history":[{"count":15,"href":"https:\/\/wordpress.nibis.de\/sltagung\/wp-json\/wp\/v2\/pages\/30\/revisions"}],"predecessor-version":[{"id":810,"href":"https:\/\/wordpress.nibis.de\/sltagung\/wp-json\/wp\/v2\/pages\/30\/revisions\/810"}],"wp:attachment":[{"href":"https:\/\/wordpress.nibis.de\/sltagung\/wp-json\/wp\/v2\/media?parent=30"}],"curies":[{"name":"wp","href":"https:\/\/api.w.org\/{rel}","templated":true}]}}