

{"id":406,"date":"2020-01-13T15:07:18","date_gmt":"2020-01-13T14:07:18","guid":{"rendered":"https:\/\/wordpress.nibis.de\/sltagung\/?page_id=406"},"modified":"2025-03-27T10:22:25","modified_gmt":"2025-03-27T09:22:25","slug":"anfahrt","status":"publish","type":"page","link":"https:\/\/wordpress.nibis.de\/sltagung\/anfahrt\/","title":{"rendered":"z_Anfahrt"},"content":{"rendered":"<h5>\u00a0<\/h5>\n<p>HAWK Hildesheim<br \/>Hohnsen 2<br \/>31134 Hildesheim<\/p>\n<p>Aktuelle Ausk\u00fcnfte zur Anfahrt entnehmen Sie bitte den Stadtverkehrsinformationen: <br \/><a href=\"https:\/\/www.svhi-hildesheim.de\/de\/Home\/Home\/?ConsentReferrer=https%3A%2F%2Fwww.hawk.de%2F\">Stadtverkehr Hildesheim<\/a><\/p>\n<p>Direkt vor dem Geb\u00e4ude befindet sich die Bushaltestelle &#8222;HAWK-Campus&#8220;. Diese ist mit den Linien 1, 2 und 10 zu erreichen.<\/p>\n<p><strong>Anreise mit der Bahn:<\/strong><br \/>Nutzen Sie den Bahnhof &#8222;Hildesheim Ost&#8220;. Von hieraus ist die HAWK fu\u00dfl\u00e4ufig in 5 Minuten zu erreichen.<\/p>\n<p><strong>Anreise mit dem Auto:<\/strong><\/p>\n<p>Aufgrund von Bauma\u00dfnahmen rund um die HAWK ist die Stra\u00dfe Hohnsen aktuell nur f\u00fcr den Anliegerverkehr freigegeben. Zudem stehen dadurch auch nur in begrenztem Umfang Parkpl\u00e4tze bereit.<\/p>\n\n\n\n        <div id=\"map_ol3js_1\"\n       class=\"osm-map-container undefined\"\n             data-map_name=\"undefined\"\n             data-map=\"map_ol3js_1\"\n             data-autoshow=\"no\"\n             style=\"width:95%;\n                    max-width:100%;\n                    height:450px;\n                    display:block;\n                    overflow:hidden;\n                    border:2px solid grey;\">\n          <div id=\"map_ol3js_1_popup\" class=\"ol-popup\">\n            <a href=\"#\" id=\"map_ol3js_1_popup-closer\" class=\"ol-popup-closer\"><\/a>\n            <div id=\"map_ol3js_1_popup-content\"><\/div>\n          <\/div>\n        <\/div>\n    \n\n\t\t\t\t<script type=\"text\/javascript\">\n          translations['openlayer'] = \"open layer\";\n          translations['openlayerAtStartup'] = \"open layer at startup\";\n          translations['generateLink'] = \"link to this map with opened layers\";\n          translations['shortDescription'] = \"short description\";\n          translations['generatedShortCode'] = \"to get a text control link paste this code in your wordpress editor\";\n          translations['closeLayer'] = \"close layer\";\n          translations['cantGenerateLink'] = \"put this string in the existing map short code to control this map\";\n\t\t\t  <\/script>\n\n\n\t\t\t  <script type=\"text\/javascript\">\n\t\t\t  vectorM['map_ol3js_1'] = [];\n\t        \n        var raster = getTileLayer(\"osm\",\"NoKey\");\t\t\t\n\n\t\t\t  var map_ol3js_1 = new ol.Map({\n\t\t\t\tinteractions: ol.interaction.defaults.defaults({mouseWheelZoom:false}),\n\t\t\t\tlayers: [raster],\n\t\t\t\ttarget: \"map_ol3js_1\",\n\t\t\t\tview: new ol.View({\n\t\t\t\t  center: ol.proj.transform([9.9606,52.1449], \"EPSG:4326\", \"EPSG:3857\"),\n\t\t\t\t  zoom: 16.1\n\t\t\t\t})\n\t\t\t  });\n\t\t\t  osm_addMarkerLayer(map_ol3js_1,9.9584,52.143,\"https:\/\/wordpress.nibis.de\/sltagung\/wp-content\/plugins\/osm\/icons\/mic_blue_empty_01.png\",-16,-41,\"<p><\/p>\") ; \naddControls2Map(map_ol3js_1,0,0,3,1,5,6,7,1,1);\nosm_addPopupClickhandler(map_ol3js_1,  \"map_ol3js_1\"); \nosm_addMouseHover(map_ol3js_1); <\/script>\n","protected":false},"excerpt":{"rendered":"<p>\u00a0 HAWK HildesheimHohnsen 231134 Hildesheim Aktuelle Ausk\u00fcnfte zur Anfahrt entnehmen Sie bitte den Stadtverkehrsinformationen: Stadtverkehr Hildesheim Direkt vor dem Geb\u00e4ude befindet sich die Bushaltestelle &#8222;HAWK-Campus&#8220;. Diese ist mit den Linien 1, 2 und 10 zu erreichen. Anreise mit der Bahn:Nutzen Sie den Bahnhof &#8222;Hildesheim Ost&#8220;. Von hieraus ist die HAWK fu\u00dfl\u00e4ufig in 5 Minuten zu erreichen. Anreise mit dem Auto: Aufgrund von Bauma\u00dfnahmen rund um die HAWK ist die Stra\u00dfe Hohnsen aktuell nur f\u00fcr den Anliegerverkehr freigegeben. Zudem stehen dadurch&#8230;<\/p>\n<p class=\"read-more\"><a class=\"btn btn-default\" href=\"https:\/\/wordpress.nibis.de\/sltagung\/anfahrt\/\">Weiterlesen<span class=\"screen-reader-text\"> Weiterlesen<\/span><\/a><\/p>\n","protected":false},"author":9193395,"featured_media":0,"parent":0,"menu_order":0,"comment_status":"closed","ping_status":"closed","template":"","meta":{"footnotes":""},"class_list":["post-406","page","type-page","status-publish","hentry"],"_links":{"self":[{"href":"https:\/\/wordpress.nibis.de\/sltagung\/wp-json\/wp\/v2\/pages\/406","targetHints":{"allow":["GET"]}}],"collection":[{"href":"https:\/\/wordpress.nibis.de\/sltagung\/wp-json\/wp\/v2\/pages"}],"about":[{"href":"https:\/\/wordpress.nibis.de\/sltagung\/wp-json\/wp\/v2\/types\/page"}],"author":[{"embeddable":true,"href":"https:\/\/wordpress.nibis.de\/sltagung\/wp-json\/wp\/v2\/users\/9193395"}],"replies":[{"embeddable":true,"href":"https:\/\/wordpress.nibis.de\/sltagung\/wp-json\/wp\/v2\/comments?post=406"}],"version-history":[{"count":29,"href":"https:\/\/wordpress.nibis.de\/sltagung\/wp-json\/wp\/v2\/pages\/406\/revisions"}],"predecessor-version":[{"id":1939,"href":"https:\/\/wordpress.nibis.de\/sltagung\/wp-json\/wp\/v2\/pages\/406\/revisions\/1939"}],"wp:attachment":[{"href":"https:\/\/wordpress.nibis.de\/sltagung\/wp-json\/wp\/v2\/media?parent=406"}],"curies":[{"name":"wp","href":"https:\/\/api.w.org\/{rel}","templated":true}]}}