{"id":18,"date":"2022-11-10T13:05:56","date_gmt":"2022-11-10T12:05:56","guid":{"rendered":"https:\/\/wordpress.nibis.de\/stgoeghr\/?page_id=18"},"modified":"2024-07-23T09:07:28","modified_gmt":"2024-07-23T07:07:28","slug":"home","status":"publish","type":"page","link":"https:\/\/wordpress.nibis.de\/stgoeghr\/","title":{"rendered":"Willkommen"},"content":{"rendered":"\n<figure class=\"wp-block-image size-large\"><img loading=\"lazy\" decoding=\"async\" width=\"1024\" height=\"836\" src=\"https:\/\/wordpress.nibis.de\/stgoeghr\/files\/2024\/07\/2024-07-23-08.39.38-1024x836.jpg\" alt=\"\" class=\"wp-image-564\" srcset=\"https:\/\/wordpress.nibis.de\/stgoeghr\/files\/2024\/07\/2024-07-23-08.39.38-1024x836.jpg 1024w, https:\/\/wordpress.nibis.de\/stgoeghr\/files\/2024\/07\/2024-07-23-08.39.38-300x245.jpg 300w, https:\/\/wordpress.nibis.de\/stgoeghr\/files\/2024\/07\/2024-07-23-08.39.38-768x627.jpg 768w, https:\/\/wordpress.nibis.de\/stgoeghr\/files\/2024\/07\/2024-07-23-08.39.38-1536x1254.jpg 1536w, https:\/\/wordpress.nibis.de\/stgoeghr\/files\/2024\/07\/2024-07-23-08.39.38-2048x1672.jpg 2048w\" sizes=\"auto, (max-width: 1024px) 100vw, 1024px\" \/><\/figure>\n\n\n\n<p>Als Studienseminar bilden wir angehende Lehrerinnen und Lehrer f\u00fcr das Lehramt an Grundschulen und das Lehramt an Haupt- und Realschulen in G\u00f6ttingen aus. Unser Studienseminar befindet sich in einem historischen, klassizistischen Geb\u00e4ude, dem ehemaligen Finanzamt der Stadt G\u00f6ttingen, im beliebten G\u00f6ttinger Ostviertel. Dieses Viertel zeichnet sich durch viele Villen mit Elementen des Jugendstils und seiner Lage direkt am G\u00f6ttinger Wald aus. In unmittelbarer N\u00e4he des Studienseminar befinden sich die Schillerwiesen, ein gro\u00dfer Naherholungspark mit altem Baumbestand und Spielplatz.<\/p>\n\n\n\n<p>An unserem Studienseminar bereiten wir 95 bis zu 120 angehende Lehrkr\u00e4fte auf ihren Berufseintritt vor. Neben dem nach erfolgreich abgeschlossenem Lehramtsstudium \u00fcblichen Weg durch den 18-monatigen Vorbereitungsdienst qualifizieren wir auch direkte Quereinsteigerinnen und Quereinsteiger und bieten f\u00fcr Personen, die in ihrem Herkunftsland ein Lehramtsstudium abgeschlossen haben, einen Anpassungslehrgang an. Der Vorbereitungsdienst beginnt regelm\u00e4\u00dfig im Februar oder August eines Jahres. Die 18-monatige Ausbildung, ebenso wie der Beginn des Quereinstiegs oder eines Anpassungslehrgangs, setzt&nbsp;eine Zuweisung durch das Regionale Landesamt f\u00fcr Schule und Bildung an unser Studienseminar voraus. N\u00e4here Informationen und genaue Termine zur Bewerbung und Einstellung finden Sie im <a href=\"https:\/\/bildungsportal-niedersachsen.de\/schulorganisation\/in-schule-arbeiten\/lehrkraft-werden\">Bildungsportal Niedersachsen<\/a>. Dort k\u00f6nnen Sie sich \u00fcber die verschiedenen <a href=\"https:\/\/mklehrkraeftegewinn.nibis.de\/index.php\">Wege in den Schuldienst<\/a> informieren.<\/p>\n\n\n\n<p>Neben Schulen im Stadtgebiet G\u00f6ttingens bilden wir vor allem an Grund-, Haupt-, Real- und Oberschulen sowie Gesamtschulen in den Landkreisen G\u00f6ttingen und Northeim aus. Dieses Seminargebiet umfasst die Landschaft zwischen Harz und Weser in der Ost- West-Richtung und zwischen Bad Gandersheim und Hann. M\u00fcnden in der Nord-S\u00fcd-Richtung.<\/p>\n\n\n\n<p>Schauen Sie sich gerne auf unserer Homepage um. Unter anderem finden Sie Informationen, in welchen Unterrichtsf\u00e4chern Sie in unserem Studienseminar ausgebildet werden und an welchen Zusatzqualifikationen Sie bei uns teilnehmen k\u00f6nnen.<\/p>\n\n\n\n<p><strong>Seien Sie uns herzlich willkommen und nehmen Sie gerne Kontakt mit uns auf!<\/strong><\/p>\n","protected":false},"excerpt":{"rendered":"<p>Als Studienseminar bilden wir angehende Lehrerinnen und Lehrer f\u00fcr das Lehramt an Grundschulen und das Lehramt an Haupt- und Realschulen in G\u00f6ttingen aus. Unser Studienseminar befindet sich in einem historischen, klassizistischen Geb\u00e4ude, dem ehemaligen Finanzamt der Stadt G\u00f6ttingen, im beliebten G\u00f6ttinger Ostviertel. Dieses Viertel zeichnet sich durch viele Villen mit Elementen des Jugendstils und seiner &hellip; <a href=\"https:\/\/wordpress.nibis.de\/stgoeghr\/\" class=\"more-link\"><span class=\"screen-reader-text\">Willkommen<\/span> weiterlesen <span class=\"meta-nav\">&rarr;<\/span><\/a><\/p>\n","protected":false},"author":9194078,"featured_media":0,"parent":0,"menu_order":0,"comment_status":"closed","ping_status":"closed","template":"","meta":{"footnotes":""},"class_list":["post-18","page","type-page","status-publish","hentry"],"_links":{"self":[{"href":"https:\/\/wordpress.nibis.de\/stgoeghr\/wp-json\/wp\/v2\/pages\/18","targetHints":{"allow":["GET"]}}],"collection":[{"href":"https:\/\/wordpress.nibis.de\/stgoeghr\/wp-json\/wp\/v2\/pages"}],"about":[{"href":"https:\/\/wordpress.nibis.de\/stgoeghr\/wp-json\/wp\/v2\/types\/page"}],"author":[{"embeddable":true,"href":"https:\/\/wordpress.nibis.de\/stgoeghr\/wp-json\/wp\/v2\/users\/9194078"}],"replies":[{"embeddable":true,"href":"https:\/\/wordpress.nibis.de\/stgoeghr\/wp-json\/wp\/v2\/comments?post=18"}],"version-history":[{"count":11,"href":"https:\/\/wordpress.nibis.de\/stgoeghr\/wp-json\/wp\/v2\/pages\/18\/revisions"}],"predecessor-version":[{"id":565,"href":"https:\/\/wordpress.nibis.de\/stgoeghr\/wp-json\/wp\/v2\/pages\/18\/revisions\/565"}],"wp:attachment":[{"href":"https:\/\/wordpress.nibis.de\/stgoeghr\/wp-json\/wp\/v2\/media?parent=18"}],"curies":[{"name":"wp","href":"https:\/\/api.w.org\/{rel}","templated":true}]}}