{"id":183,"date":"2023-02-19T11:50:57","date_gmt":"2023-02-19T10:50:57","guid":{"rendered":"https:\/\/wordpress.nibis.de\/stgoeghr\/?page_id=183"},"modified":"2023-09-12T17:05:04","modified_gmt":"2023-09-12T15:05:04","slug":"musik","status":"publish","type":"page","link":"https:\/\/wordpress.nibis.de\/stgoeghr\/musik\/","title":{"rendered":"Musik"},"content":{"rendered":"\n<div class=\"wp-block-image\"><figure class=\"aligncenter size-large is-resized\"><img loading=\"lazy\" decoding=\"async\" src=\"https:\/\/wordpress.nibis.de\/stgoeghr\/files\/2023\/09\/Vogel-Musik-683x1024.jpg\" alt=\"\" class=\"wp-image-442\" width=\"190\" height=\"285\" srcset=\"https:\/\/wordpress.nibis.de\/stgoeghr\/files\/2023\/09\/Vogel-Musik-683x1024.jpg 683w, https:\/\/wordpress.nibis.de\/stgoeghr\/files\/2023\/09\/Vogel-Musik-200x300.jpg 200w, https:\/\/wordpress.nibis.de\/stgoeghr\/files\/2023\/09\/Vogel-Musik-768x1152.jpg 768w, https:\/\/wordpress.nibis.de\/stgoeghr\/files\/2023\/09\/Vogel-Musik-1024x1536.jpg 1024w, https:\/\/wordpress.nibis.de\/stgoeghr\/files\/2023\/09\/Vogel-Musik-1365x2048.jpg 1365w, https:\/\/wordpress.nibis.de\/stgoeghr\/files\/2023\/09\/Vogel-Musik-scaled.jpg 1707w\" sizes=\"auto, (max-width: 190px) 100vw, 190px\" \/><figcaption>Marina Vogel<br>&#109;&#x61;&#114;&#x69;&#110;&#x61;&#46;&#x76;&#111;&#x67;&#101;&#x6c;&#64;&#x73;&#116;&#x73;&#45;&#x67;&#111;&#x65;&#45;&#x67;&#104;&#x72;&#115;&#x2e;&#100;&#x65;<\/figcaption><\/figure><\/div>\n\n\n\n<p>Herzlich willkommen im Musikseminar des Studienseminars G\u00f6ttingen. In einer<br>schulform\u00fcbergreifenden Runde (Grundschule und Sek I) widmen wir uns der<br>Kernkompetenz \u201eMusik auf allen Ebenen erfahrend erschlie\u00dfen\u201c.<br>Hierzu z\u00e4hlen die Kompetenzbereiche \u201eMusik gestalten\u201c, \u201eMusik h\u00f6ren und beschreiben\u201c<br>sowie \u201eMusik untersuchen und deuten\u201c (vorrangig Sek. I).<br>Im Mittelpunkt der Seminararbeit steht entsprechend die Auseinandersetzung mit<br>musikdidaktischen Prinzipien zur Planung und Gestaltung eines handlungsorientierten<br>und kooperativen Musikunterrichts. Dabei werden u.a. folgende Teilbereiche<br>ber\u00fccksichtigt:<br>Singen und Stimme<br>Klassenmusizieren<br>Bewegung und Tanz<br>Musik h\u00f6ren<br>Szenische Interpretation<br>Kulturhistorische Dimension<br>Methoden im Musikunterricht<br>Arrangieren<br>Musik und digitale Medien<br>Au\u00dferschulische Lernorte<br>Ziel ist ein Musikunterricht, der durch das musikalische Handeln Selbstverantwortung,<br>Selbstst\u00e4ndigkeit und Sozialkompetenz ausbildet, d.h. individuelle Grenzen werden<br>erfahrbar und \u00fcberwindbar im musikalischen Miteinander. Die Grundlage bildet die<br>W\u00fcrdigung aller musikalischen Produkte und Wertsch\u00e4tzung jedes Einzelnen.<br>Die Fachseminarleitung begleitet, unterst\u00fctzt und ber\u00e4t Sie in Ihrer pers\u00f6nlichen<br>Entwicklung w\u00e4hrend der Ausbildungszeit. Nutzen Sie die Chance, sich auszuprobieren<br>und im Seminar voneinander und miteinander zu lernen.<br>Ihre Fachseminarleitung Musik<\/p>\n\n\n\n<div data-wp-interactive=\"core\/file\" class=\"wp-block-file\"><object data-wp-bind--hidden=\"!state.hasPdfPreview\" hidden class=\"wp-block-file__embed\" data=\"https:\/\/wordpress.nibis.de\/stgoeghr\/files\/2023\/02\/Musik_Auf_einem_Blick.pdf\" type=\"application\/pdf\" style=\"width:100%;height:560px\" aria-label=\"Einbettung von Einbettung von Musik auf einem Blick..\"><\/object><a id=\"wp-block-file--media-f59e507a-d57c-4d35-9f23-37f7ca5561ca\" href=\"https:\/\/wordpress.nibis.de\/stgoeghr\/files\/2023\/02\/Musik_Auf_einem_Blick.pdf\">Musik auf einem Blick<\/a><a href=\"https:\/\/wordpress.nibis.de\/stgoeghr\/files\/2023\/02\/Musik_Auf_einem_Blick.pdf\" class=\"wp-block-file__button\" download aria-describedby=\"wp-block-file--media-f59e507a-d57c-4d35-9f23-37f7ca5561ca\">Herunterladen<\/a><\/div>\n\n\n\n<div data-wp-interactive=\"core\/file\" class=\"wp-block-file\"><object data-wp-bind--hidden=\"!state.hasPdfPreview\" hidden class=\"wp-block-file__embed\" data=\"https:\/\/wordpress.nibis.de\/stgoeghr\/files\/2023\/08\/Inhalte-des-Fachseminars-Musik.pdf\" type=\"application\/pdf\" style=\"width:100%;height:600px\" aria-label=\"Einbettung von Einbettung von Inhalte-des-Fachseminars-Musik..\"><\/object><a id=\"wp-block-file--media-e34b79c6-1910-458b-9f27-938d799f1b19\" href=\"https:\/\/wordpress.nibis.de\/stgoeghr\/files\/2023\/08\/Inhalte-des-Fachseminars-Musik.pdf\">Inhalte-des-Fachseminars-Musik<\/a><a href=\"https:\/\/wordpress.nibis.de\/stgoeghr\/files\/2023\/08\/Inhalte-des-Fachseminars-Musik.pdf\" class=\"wp-block-file__button\" download aria-describedby=\"wp-block-file--media-e34b79c6-1910-458b-9f27-938d799f1b19\">Herunterladen<\/a><\/div>\n\n\n\n<div data-wp-interactive=\"core\/file\" class=\"wp-block-file\"><object data-wp-bind--hidden=\"!state.hasPdfPreview\" hidden class=\"wp-block-file__embed\" data=\"https:\/\/wordpress.nibis.de\/stgoeghr\/files\/2023\/02\/Kompetenzen-FS-Musik-1.5.pdf\" type=\"application\/pdf\" style=\"width:100%;height:380px\" aria-label=\"Einbettung von Einbettung von Kompetenzen FS-Musik..\"><\/object><a id=\"wp-block-file--media-d6a393fc-eb91-4a5f-80b8-0d30f46d21a7\" href=\"https:\/\/wordpress.nibis.de\/stgoeghr\/files\/2023\/02\/Kompetenzen-FS-Musik-1.5.pdf\">Kompetenzen FS-Musik<\/a><a href=\"https:\/\/wordpress.nibis.de\/stgoeghr\/files\/2023\/02\/Kompetenzen-FS-Musik-1.5.pdf\" class=\"wp-block-file__button\" download aria-describedby=\"wp-block-file--media-d6a393fc-eb91-4a5f-80b8-0d30f46d21a7\">Herunterladen<\/a><\/div>\n\n\n\n<div data-wp-interactive=\"core\/file\" class=\"wp-block-file\"><object data-wp-bind--hidden=\"!state.hasPdfPreview\" hidden class=\"wp-block-file__embed\" data=\"https:\/\/wordpress.nibis.de\/stgoeghr\/files\/2023\/08\/Literatur-FS-Musik.pdf\" type=\"application\/pdf\" style=\"width:100%;height:600px\" aria-label=\"Einbettung von Einbettung von Literatur-FS-Musik..\"><\/object><a id=\"wp-block-file--media-3ca19057-aa9e-4f60-8bf8-76a7e216b976\" href=\"https:\/\/wordpress.nibis.de\/stgoeghr\/files\/2023\/08\/Literatur-FS-Musik.pdf\">Literatur-FS-Musik<\/a><a href=\"https:\/\/wordpress.nibis.de\/stgoeghr\/files\/2023\/08\/Literatur-FS-Musik.pdf\" class=\"wp-block-file__button\" download aria-describedby=\"wp-block-file--media-3ca19057-aa9e-4f60-8bf8-76a7e216b976\">Herunterladen<\/a><\/div>\n","protected":false},"excerpt":{"rendered":"<p>Herzlich willkommen im Musikseminar des Studienseminars G\u00f6ttingen. In einerschulform\u00fcbergreifenden Runde (Grundschule und Sek I) widmen wir uns derKernkompetenz \u201eMusik auf allen Ebenen erfahrend erschlie\u00dfen\u201c.Hierzu z\u00e4hlen die Kompetenzbereiche \u201eMusik gestalten\u201c, \u201eMusik h\u00f6ren und beschreiben\u201csowie \u201eMusik untersuchen und deuten\u201c (vorrangig Sek. I).Im Mittelpunkt der Seminararbeit steht entsprechend die Auseinandersetzung mitmusikdidaktischen Prinzipien zur Planung und Gestaltung eines handlungsorientiertenund &hellip; <a href=\"https:\/\/wordpress.nibis.de\/stgoeghr\/musik\/\" class=\"more-link\"><span class=\"screen-reader-text\">Musik<\/span> weiterlesen <span class=\"meta-nav\">&rarr;<\/span><\/a><\/p>\n","protected":false},"author":9194078,"featured_media":0,"parent":0,"menu_order":0,"comment_status":"closed","ping_status":"closed","template":"","meta":{"footnotes":""},"class_list":["post-183","page","type-page","status-publish","hentry"],"_links":{"self":[{"href":"https:\/\/wordpress.nibis.de\/stgoeghr\/wp-json\/wp\/v2\/pages\/183","targetHints":{"allow":["GET"]}}],"collection":[{"href":"https:\/\/wordpress.nibis.de\/stgoeghr\/wp-json\/wp\/v2\/pages"}],"about":[{"href":"https:\/\/wordpress.nibis.de\/stgoeghr\/wp-json\/wp\/v2\/types\/page"}],"author":[{"embeddable":true,"href":"https:\/\/wordpress.nibis.de\/stgoeghr\/wp-json\/wp\/v2\/users\/9194078"}],"replies":[{"embeddable":true,"href":"https:\/\/wordpress.nibis.de\/stgoeghr\/wp-json\/wp\/v2\/comments?post=183"}],"version-history":[{"count":6,"href":"https:\/\/wordpress.nibis.de\/stgoeghr\/wp-json\/wp\/v2\/pages\/183\/revisions"}],"predecessor-version":[{"id":444,"href":"https:\/\/wordpress.nibis.de\/stgoeghr\/wp-json\/wp\/v2\/pages\/183\/revisions\/444"}],"wp:attachment":[{"href":"https:\/\/wordpress.nibis.de\/stgoeghr\/wp-json\/wp\/v2\/media?parent=183"}],"curies":[{"name":"wp","href":"https:\/\/api.w.org\/{rel}","templated":true}]}}