{"id":336,"date":"2023-08-22T15:04:05","date_gmt":"2023-08-22T13:04:05","guid":{"rendered":"https:\/\/wordpress.nibis.de\/stgoeghr\/?page_id=336"},"modified":"2024-01-09T12:30:44","modified_gmt":"2024-01-09T11:30:44","slug":"ev-kath-religion","status":"publish","type":"page","link":"https:\/\/wordpress.nibis.de\/stgoeghr\/ev-kath-religion\/","title":{"rendered":"Ev.\/Kath. Religion"},"content":{"rendered":"\n<div class=\"wp-block-columns is-layout-flex wp-container-core-columns-is-layout-abceabcf wp-block-columns-is-layout-flex\">\n<div class=\"wp-block-column is-layout-flow wp-block-column-is-layout-flow\">\n<figure class=\"wp-block-image size-large\"><img loading=\"lazy\" decoding=\"async\" width=\"683\" height=\"1024\" src=\"https:\/\/wordpress.nibis.de\/stgoeghr\/files\/2023\/09\/Kristin-Koenig-REL-Deu-1-683x1024.jpg\" alt=\"\" class=\"wp-image-448\" srcset=\"https:\/\/wordpress.nibis.de\/stgoeghr\/files\/2023\/09\/Kristin-Koenig-REL-Deu-1-683x1024.jpg 683w, https:\/\/wordpress.nibis.de\/stgoeghr\/files\/2023\/09\/Kristin-Koenig-REL-Deu-1-200x300.jpg 200w, https:\/\/wordpress.nibis.de\/stgoeghr\/files\/2023\/09\/Kristin-Koenig-REL-Deu-1-768x1152.jpg 768w, https:\/\/wordpress.nibis.de\/stgoeghr\/files\/2023\/09\/Kristin-Koenig-REL-Deu-1-1024x1536.jpg 1024w, https:\/\/wordpress.nibis.de\/stgoeghr\/files\/2023\/09\/Kristin-Koenig-REL-Deu-1-1365x2048.jpg 1365w, https:\/\/wordpress.nibis.de\/stgoeghr\/files\/2023\/09\/Kristin-Koenig-REL-Deu-1-scaled.jpg 1707w\" sizes=\"auto, (max-width: 683px) 100vw, 683px\" \/><figcaption>Kristin K\u00f6nig<br>&#x6b;&#x72;&#x69;&#x73;&#x74;&#x69;&#x6e;&#x2e;&#x6b;&#x6f;&#x65;&#x6e;&#x69;&#x67;&#x40;&#x73;&#x74;&#x73;&#x2d;&#x67;&#x6f;&#x65;&#x2d;&#x67;&#x68;&#x72;&#x73;&#x2e;&#x64;&#x65;<\/figcaption><\/figure>\n<\/div>\n\n\n\n<div class=\"wp-block-column is-layout-flow wp-block-column-is-layout-flow\">\n<figure class=\"wp-block-image size-large\"><img loading=\"lazy\" decoding=\"async\" width=\"683\" height=\"1024\" src=\"https:\/\/wordpress.nibis.de\/stgoeghr\/files\/2023\/09\/IMG_4747-683x1024.jpg\" alt=\"\" class=\"wp-image-449\" srcset=\"https:\/\/wordpress.nibis.de\/stgoeghr\/files\/2023\/09\/IMG_4747-683x1024.jpg 683w, https:\/\/wordpress.nibis.de\/stgoeghr\/files\/2023\/09\/IMG_4747-200x300.jpg 200w, https:\/\/wordpress.nibis.de\/stgoeghr\/files\/2023\/09\/IMG_4747-768x1152.jpg 768w, https:\/\/wordpress.nibis.de\/stgoeghr\/files\/2023\/09\/IMG_4747-1024x1536.jpg 1024w, https:\/\/wordpress.nibis.de\/stgoeghr\/files\/2023\/09\/IMG_4747-1365x2048.jpg 1365w, https:\/\/wordpress.nibis.de\/stgoeghr\/files\/2023\/09\/IMG_4747-scaled.jpg 1707w\" sizes=\"auto, (max-width: 683px) 100vw, 683px\" \/><figcaption>Danica M\u00fcller<br>&#x64;&#97;&#110;i&#x63;&#x61;&#46;m&#x75;&#x65;&#108;le&#x72;&#64;&#115;t&#x73;&#x2d;&#103;o&#x65;&#x2d;&#103;&#104;r&#x73;&#x2e;&#100;e<\/figcaption><\/figure>\n<\/div>\n\n\n\n<div class=\"wp-block-column is-layout-flow wp-block-column-is-layout-flow\">\n<figure class=\"wp-block-image size-full is-resized\"><img loading=\"lazy\" decoding=\"async\" src=\"https:\/\/wordpress.nibis.de\/stgoeghr\/files\/2023\/09\/Dummie.jpg\" alt=\"\" class=\"wp-image-450\" width=\"314\" height=\"280\" srcset=\"https:\/\/wordpress.nibis.de\/stgoeghr\/files\/2023\/09\/Dummie.jpg 474w, https:\/\/wordpress.nibis.de\/stgoeghr\/files\/2023\/09\/Dummie-300x267.jpg 300w\" sizes=\"auto, (max-width: 314px) 100vw, 314px\" \/><figcaption>Dr. Christine M\u00fcller<br>&#99;h&#x72;i&#x73;&#116;&#x69;&#110;&#x65;&#46;m&#x75;e&#x6c;&#108;&#x65;&#114;&#x40;&#115;&#x74;&#115;-&#x67;o&#x65;&#45;&#x67;&#104;&#x72;&#115;&#46;&#x64;e<\/figcaption><\/figure>\n<\/div>\n<\/div>\n\n\n\n<p>Kristin K\u00f6nig     Dr. Christine M\u00fcller     Danica M\u00fcller<\/p>\n\n\n\n<div data-wp-interactive=\"core\/file\" class=\"wp-block-file\"><object data-wp-bind--hidden=\"!state.hasPdfPreview\" hidden class=\"wp-block-file__embed\" data=\"https:\/\/wordpress.nibis.de\/stgoeghr\/files\/2023\/08\/2023_08-Informationen-FS-Religion-1.pdf\" type=\"application\/pdf\" style=\"width:100%;height:600px\" aria-label=\"Einbettung von Einbettung von 2023_08-Informationen-FS-Religion-1..\"><\/object><a id=\"wp-block-file--media-12d092dc-e4ca-4ecd-abe7-275b4e7ecd23\" href=\"https:\/\/wordpress.nibis.de\/stgoeghr\/files\/2023\/08\/2023_08-Informationen-FS-Religion-1.pdf\">2023_08-Informationen-FS-Religion-1<\/a><a href=\"https:\/\/wordpress.nibis.de\/stgoeghr\/files\/2023\/08\/2023_08-Informationen-FS-Religion-1.pdf\" class=\"wp-block-file__button\" download aria-describedby=\"wp-block-file--media-12d092dc-e4ca-4ecd-abe7-275b4e7ecd23\">Herunterladen<\/a><\/div>\n\n\n\n<div data-wp-interactive=\"core\/file\" class=\"wp-block-file\"><object data-wp-bind--hidden=\"!state.hasPdfPreview\" hidden class=\"wp-block-file__embed\" data=\"https:\/\/wordpress.nibis.de\/stgoeghr\/files\/2023\/08\/2023_08-FS-Religion-Basisliteratur.pdf\" type=\"application\/pdf\" style=\"width:100%;height:600px\" aria-label=\"Einbettung von Einbettung von 2023_08-FS-Religion-Basisliteratur..\"><\/object><a id=\"wp-block-file--media-d5e32fe4-7e43-4675-9564-7a6050dc5959\" href=\"https:\/\/wordpress.nibis.de\/stgoeghr\/files\/2023\/08\/2023_08-FS-Religion-Basisliteratur.pdf\">2023_08-FS-Religion-Basisliteratur<\/a><a href=\"https:\/\/wordpress.nibis.de\/stgoeghr\/files\/2023\/08\/2023_08-FS-Religion-Basisliteratur.pdf\" class=\"wp-block-file__button\" download aria-describedby=\"wp-block-file--media-d5e32fe4-7e43-4675-9564-7a6050dc5959\">Herunterladen<\/a><\/div>\n","protected":false},"excerpt":{"rendered":"<p>Kristin K\u00f6nig Dr. Christine M\u00fcller Danica M\u00fcller<\/p>\n","protected":false},"author":9194078,"featured_media":0,"parent":0,"menu_order":0,"comment_status":"closed","ping_status":"closed","template":"","meta":{"footnotes":""},"class_list":["post-336","page","type-page","status-publish","hentry"],"_links":{"self":[{"href":"https:\/\/wordpress.nibis.de\/stgoeghr\/wp-json\/wp\/v2\/pages\/336","targetHints":{"allow":["GET"]}}],"collection":[{"href":"https:\/\/wordpress.nibis.de\/stgoeghr\/wp-json\/wp\/v2\/pages"}],"about":[{"href":"https:\/\/wordpress.nibis.de\/stgoeghr\/wp-json\/wp\/v2\/types\/page"}],"author":[{"embeddable":true,"href":"https:\/\/wordpress.nibis.de\/stgoeghr\/wp-json\/wp\/v2\/users\/9194078"}],"replies":[{"embeddable":true,"href":"https:\/\/wordpress.nibis.de\/stgoeghr\/wp-json\/wp\/v2\/comments?post=336"}],"version-history":[{"count":5,"href":"https:\/\/wordpress.nibis.de\/stgoeghr\/wp-json\/wp\/v2\/pages\/336\/revisions"}],"predecessor-version":[{"id":506,"href":"https:\/\/wordpress.nibis.de\/stgoeghr\/wp-json\/wp\/v2\/pages\/336\/revisions\/506"}],"wp:attachment":[{"href":"https:\/\/wordpress.nibis.de\/stgoeghr\/wp-json\/wp\/v2\/media?parent=336"}],"curies":[{"name":"wp","href":"https:\/\/api.w.org\/{rel}","templated":true}]}}