{"id":480,"date":"2023-09-13T13:33:56","date_gmt":"2023-09-13T11:33:56","guid":{"rendered":"https:\/\/wordpress.nibis.de\/stgoeghr\/?page_id=480"},"modified":"2023-09-13T13:33:56","modified_gmt":"2023-09-13T11:33:56","slug":"kooperation-mit-anderen-studienseminaren","status":"publish","type":"page","link":"https:\/\/wordpress.nibis.de\/stgoeghr\/kooperation-mit-anderen-studienseminaren\/","title":{"rendered":"Kooperation mit anderen Studienseminaren"},"content":{"rendered":"\n<p><strong>Kooperationen des Studienseminars GHR G\u00f6ttingen mit anderen Studienseminaren<\/strong><\/p>\n\n\n\n<p>Wir pflegen eine sehr konstruktive Kooperation mit den Studienseminaren Goslar, Braunschweig, Helmstedt.<\/p>\n\n\n\n<p>Wenn Ihr Erstwunsch also das Studienseminar G\u00f6ttingen ist, wir selbst aber eines Ihrer F\u00e4cher nicht in G\u00f6ttingen ausbilden, k\u00f6nnen Sie bei Ihrem Erstwunsch bleiben, denn wir aktivieren f\u00fcr Sie die Kooperation mit dem entsprechenden Studienseminar, so dass Sie ohne Probleme in G\u00f6ttingen Ihren Vorbereitungsdienst antreten k\u00f6nnen.<\/p>\n\n\n\n<p>Wir freuen uns auf Sie! \ud83d\ude0a<\/p>\n\n\n\n<p>Das Team des Studienseminars GHR G\u00f6ttingen<\/p>\n","protected":false},"excerpt":{"rendered":"<p>Kooperationen des Studienseminars GHR G\u00f6ttingen mit anderen Studienseminaren Wir pflegen eine sehr konstruktive Kooperation mit den Studienseminaren Goslar, Braunschweig, Helmstedt. Wenn Ihr Erstwunsch also das Studienseminar G\u00f6ttingen ist, wir selbst aber eines Ihrer F\u00e4cher nicht in G\u00f6ttingen ausbilden, k\u00f6nnen Sie bei Ihrem Erstwunsch bleiben, denn wir aktivieren f\u00fcr Sie die Kooperation mit dem entsprechenden Studienseminar, &hellip; <a href=\"https:\/\/wordpress.nibis.de\/stgoeghr\/kooperation-mit-anderen-studienseminaren\/\" class=\"more-link\"><span class=\"screen-reader-text\">Kooperation mit anderen Studienseminaren<\/span> weiterlesen <span class=\"meta-nav\">&rarr;<\/span><\/a><\/p>\n","protected":false},"author":9194078,"featured_media":0,"parent":0,"menu_order":0,"comment_status":"closed","ping_status":"closed","template":"","meta":{"footnotes":""},"class_list":["post-480","page","type-page","status-publish","hentry"],"_links":{"self":[{"href":"https:\/\/wordpress.nibis.de\/stgoeghr\/wp-json\/wp\/v2\/pages\/480","targetHints":{"allow":["GET"]}}],"collection":[{"href":"https:\/\/wordpress.nibis.de\/stgoeghr\/wp-json\/wp\/v2\/pages"}],"about":[{"href":"https:\/\/wordpress.nibis.de\/stgoeghr\/wp-json\/wp\/v2\/types\/page"}],"author":[{"embeddable":true,"href":"https:\/\/wordpress.nibis.de\/stgoeghr\/wp-json\/wp\/v2\/users\/9194078"}],"replies":[{"embeddable":true,"href":"https:\/\/wordpress.nibis.de\/stgoeghr\/wp-json\/wp\/v2\/comments?post=480"}],"version-history":[{"count":1,"href":"https:\/\/wordpress.nibis.de\/stgoeghr\/wp-json\/wp\/v2\/pages\/480\/revisions"}],"predecessor-version":[{"id":481,"href":"https:\/\/wordpress.nibis.de\/stgoeghr\/wp-json\/wp\/v2\/pages\/480\/revisions\/481"}],"wp:attachment":[{"href":"https:\/\/wordpress.nibis.de\/stgoeghr\/wp-json\/wp\/v2\/media?parent=480"}],"curies":[{"name":"wp","href":"https:\/\/api.w.org\/{rel}","templated":true}]}}