{"id":76,"date":"2022-11-10T14:42:44","date_gmt":"2022-11-10T13:42:44","guid":{"rendered":"https:\/\/wordpress.nibis.de\/stgoeghr\/?page_id=76"},"modified":"2025-10-13T10:43:28","modified_gmt":"2025-10-13T08:43:28","slug":"mathematik","status":"publish","type":"page","link":"https:\/\/wordpress.nibis.de\/stgoeghr\/mathematik\/","title":{"rendered":"Mathematik"},"content":{"rendered":"\n<div class=\"wp-block-columns is-layout-flex wp-container-core-columns-is-layout-abceabcf wp-block-columns-is-layout-flex\">\n<div class=\"wp-block-column is-layout-flow wp-block-column-is-layout-flow\">\n<figure class=\"wp-block-image size-large is-resized\"><img loading=\"lazy\" decoding=\"async\" src=\"https:\/\/wordpress.nibis.de\/stgoeghr\/files\/2023\/09\/IMG_4703-683x1024.jpg\" alt=\"\" class=\"wp-image-436\" width=\"206\" height=\"309\" srcset=\"https:\/\/wordpress.nibis.de\/stgoeghr\/files\/2023\/09\/IMG_4703-683x1024.jpg 683w, https:\/\/wordpress.nibis.de\/stgoeghr\/files\/2023\/09\/IMG_4703-200x300.jpg 200w, https:\/\/wordpress.nibis.de\/stgoeghr\/files\/2023\/09\/IMG_4703-768x1152.jpg 768w, https:\/\/wordpress.nibis.de\/stgoeghr\/files\/2023\/09\/IMG_4703-1024x1536.jpg 1024w, https:\/\/wordpress.nibis.de\/stgoeghr\/files\/2023\/09\/IMG_4703-1365x2048.jpg 1365w, https:\/\/wordpress.nibis.de\/stgoeghr\/files\/2023\/09\/IMG_4703-scaled.jpg 1707w\" sizes=\"auto, (max-width: 206px) 100vw, 206px\" \/><figcaption>Maren Dierks<br>m&#97;&#114;&#x65;&#x6e;&#46;d&#105;&#101;&#x72;&#x6b;s&#64;&#115;&#116;&#x73;&#x2d;go&#101;&#x2d;&#x67;&#x68;r&#115;&#46;&#x64;&#x65;<\/figcaption><\/figure>\n<\/div>\n\n\n\n<div class=\"wp-block-column is-layout-flow wp-block-column-is-layout-flow\">\n<figure class=\"wp-block-image size-large is-resized\"><img loading=\"lazy\" decoding=\"async\" src=\"https:\/\/wordpress.nibis.de\/stgoeghr\/files\/2023\/09\/IMG_4755-683x1024.jpg\" alt=\"\" class=\"wp-image-437\" width=\"206\" height=\"309\" srcset=\"https:\/\/wordpress.nibis.de\/stgoeghr\/files\/2023\/09\/IMG_4755-683x1024.jpg 683w, https:\/\/wordpress.nibis.de\/stgoeghr\/files\/2023\/09\/IMG_4755-200x300.jpg 200w, https:\/\/wordpress.nibis.de\/stgoeghr\/files\/2023\/09\/IMG_4755-768x1152.jpg 768w, https:\/\/wordpress.nibis.de\/stgoeghr\/files\/2023\/09\/IMG_4755-1024x1536.jpg 1024w, https:\/\/wordpress.nibis.de\/stgoeghr\/files\/2023\/09\/IMG_4755-1365x2048.jpg 1365w, https:\/\/wordpress.nibis.de\/stgoeghr\/files\/2023\/09\/IMG_4755-scaled.jpg 1707w\" sizes=\"auto, (max-width: 206px) 100vw, 206px\" \/><figcaption>Frauke Thei\u00df<br>&#102;r&#x61;u&#x6b;&#101;&#x2e;&#116;&#x68;&#101;i&#x73;s&#x40;&#115;&#x74;&#115;&#x2d;&#103;&#x6f;&#101;-&#x67;h&#x72;&#115;&#x2e;&#100;&#x65;<\/figcaption><\/figure>\n<\/div>\n<\/div>\n\n\n\n<div class=\"wp-block-columns is-layout-flex wp-container-core-columns-is-layout-abceabcf wp-block-columns-is-layout-flex\">\n<div class=\"wp-block-column is-layout-flow wp-block-column-is-layout-flow\">\n<figure class=\"wp-block-image size-large is-resized\"><img loading=\"lazy\" decoding=\"async\" src=\"https:\/\/wordpress.nibis.de\/stgoeghr\/files\/2023\/09\/IMG_4753-683x1024.jpg\" alt=\"\" class=\"wp-image-438\" width=\"208\" height=\"312\" srcset=\"https:\/\/wordpress.nibis.de\/stgoeghr\/files\/2023\/09\/IMG_4753-683x1024.jpg 683w, https:\/\/wordpress.nibis.de\/stgoeghr\/files\/2023\/09\/IMG_4753-200x300.jpg 200w, https:\/\/wordpress.nibis.de\/stgoeghr\/files\/2023\/09\/IMG_4753-768x1152.jpg 768w, https:\/\/wordpress.nibis.de\/stgoeghr\/files\/2023\/09\/IMG_4753-1024x1536.jpg 1024w, https:\/\/wordpress.nibis.de\/stgoeghr\/files\/2023\/09\/IMG_4753-1365x2048.jpg 1365w, https:\/\/wordpress.nibis.de\/stgoeghr\/files\/2023\/09\/IMG_4753-scaled.jpg 1707w\" sizes=\"auto, (max-width: 208px) 100vw, 208px\" \/><figcaption>Sandra Treiber<br>&#115;&#x61;&#110;&#x64;&#114;&#x61;&#46;&#x74;&#114;&#x65;&#105;&#x62;&#101;&#x72;&#64;&#x73;&#116;&#x73;&#45;&#x67;&#111;&#x65;&#45;&#x67;&#104;&#x72;s&#x2e;d&#x65;<\/figcaption><\/figure>\n<\/div>\n\n\n\n<div class=\"wp-block-column is-layout-flow wp-block-column-is-layout-flow\">\n<figure class=\"wp-block-image size-large is-resized\"><img loading=\"lazy\" decoding=\"async\" src=\"https:\/\/wordpress.nibis.de\/stgoeghr\/files\/2023\/09\/IMG_4758-683x1024.jpg\" alt=\"\" class=\"wp-image-456\" width=\"210\" height=\"314\" srcset=\"https:\/\/wordpress.nibis.de\/stgoeghr\/files\/2023\/09\/IMG_4758-683x1024.jpg 683w, https:\/\/wordpress.nibis.de\/stgoeghr\/files\/2023\/09\/IMG_4758-200x300.jpg 200w, https:\/\/wordpress.nibis.de\/stgoeghr\/files\/2023\/09\/IMG_4758-768x1152.jpg 768w, https:\/\/wordpress.nibis.de\/stgoeghr\/files\/2023\/09\/IMG_4758-1024x1536.jpg 1024w, https:\/\/wordpress.nibis.de\/stgoeghr\/files\/2023\/09\/IMG_4758-1365x2048.jpg 1365w, https:\/\/wordpress.nibis.de\/stgoeghr\/files\/2023\/09\/IMG_4758-scaled.jpg 1707w\" sizes=\"auto, (max-width: 210px) 100vw, 210px\" \/><figcaption>Kristian Bauer<br>&#107;r&#x69;s&#x74;i&#x61;n&#x2e;&#98;&#x61;&#117;&#x65;&#114;&#x40;&#115;t&#115;-&#x67;o&#x65;-&#x67;&#104;&#x72;&#115;&#x2e;&#100;&#x65;<\/figcaption><\/figure>\n<\/div>\n<\/div>\n\n\n\n<p>Wir sind das Fachseminar Mathematik, bestehend aus drei Grundschulseminaren (FS 1: Frau Thei\u00df, FS 3: Frau Dierks, FS 4: Herr Bauer) und einem Sek I-Seminar (FS 2: Frau Treiber).<br>Grunds\u00e4tzlich finden die Mathematikseminare eigenst\u00e4ndig statt, m\u00f6glichst einmal im Halbjahr werden kooperative Veranstaltungen zu schulform\u00fcbergreifenden Themen geplant (bspw. Gau\u00df-F\u00fchrung in G\u00f6ttingen, Besuch des Mini-Mathematikums in G\u00f6ttingen, Rund um den W\u00fcrfel, \u00dcbergang Klasse 4\/5, Spiele im Mathematikunterricht, Bewegter Mathematikunterricht).<br>In unserer Funktion als Fachseminarleitung verstehen wir uns als Begleiterinnen, Beraterinnen und Unterst\u00fctzerinnen. Dabei legen wir den Fokus auf folgende zentrale Prinzipien:<br>\u2022 Handlungsorientierung<br>\u2022 Problemorientierung<br>\u2022 Differenzierung<br>\u2022 EIS-Prinzip \/ Vier-Phasen-Modell<br>\u2022 Inhalts- und prozessbezogene Kompetenzen<br>\u2022 Zielf\u00fchrender Materialeinsatz<br>\u2022 Sprachsensibler Mathematikunterricht<br>\u2022 Inhaltliche Zieltransparenz, auch auf der SuS-Ebene<br>\u2022 Fachlicher roter Faden<br>\u2022 Lernzuwachs (Stunde vom Ende her denken!)<br>Ihre Ausbildungszeit steht f\u00fcr eine pers\u00f6nliche Entwicklung bzw. Weiterentwicklung. Nutzen Sie diese als Chance, um sich auszuprobieren, aber auch von- und miteinander im Seminar zu lernen.<br>Ihre Fachseminarleitungen f\u00fcr das Fach Mathematik<\/p>\n\n\n\n<div data-wp-interactive=\"core\/file\" class=\"wp-block-file\"><object data-wp-bind--hidden=\"!state.hasPdfPreview\" hidden class=\"wp-block-file__embed\" data=\"https:\/\/wordpress.nibis.de\/stgoeghr\/files\/2023\/02\/Auf-einem-Blick2.pdf\" type=\"application\/pdf\" style=\"width:100%;height:600px\" aria-label=\"Einbettung von Einbettung von Auf-einem-Blick2..\"><\/object><a id=\"wp-block-file--media-f5c613ef-48ae-4b0b-bbff-49dd54500c8d\" href=\"https:\/\/wordpress.nibis.de\/stgoeghr\/files\/2023\/02\/Auf-einem-Blick2.pdf\">Auf-einem-Blick2<\/a><a href=\"https:\/\/wordpress.nibis.de\/stgoeghr\/files\/2023\/02\/Auf-einem-Blick2.pdf\" class=\"wp-block-file__button\" download aria-describedby=\"wp-block-file--media-f5c613ef-48ae-4b0b-bbff-49dd54500c8d\">Herunterladen<\/a><\/div>\n\n\n\n<div data-wp-interactive=\"core\/file\" class=\"wp-block-file\"><object data-wp-bind--hidden=\"!state.hasPdfPreview\" hidden class=\"wp-block-file__embed\" data=\"https:\/\/wordpress.nibis.de\/stgoeghr\/files\/2023\/02\/Fachseminarlehrplan-Mathematik.pdf\" type=\"application\/pdf\" style=\"width:100%;height:600px\" aria-label=\"Einbettung von Einbettung von Fachseminarlehrplan-Mathematik..\"><\/object><a id=\"wp-block-file--media-0a22ee69-8571-4198-939f-5418547881bb\" href=\"https:\/\/wordpress.nibis.de\/stgoeghr\/files\/2023\/02\/Fachseminarlehrplan-Mathematik.pdf\">Fachseminarlehrplan-Mathematik<\/a><a href=\"https:\/\/wordpress.nibis.de\/stgoeghr\/files\/2023\/02\/Fachseminarlehrplan-Mathematik.pdf\" class=\"wp-block-file__button\" download aria-describedby=\"wp-block-file--media-0a22ee69-8571-4198-939f-5418547881bb\">Herunterladen<\/a><\/div>\n\n\n\n<div data-wp-interactive=\"core\/file\" class=\"wp-block-file\"><object data-wp-bind--hidden=\"!state.hasPdfPreview\" hidden class=\"wp-block-file__embed\" data=\"https:\/\/wordpress.nibis.de\/stgoeghr\/files\/2023\/02\/Literaturvorschlaege-zu-Seminarthemen.pdf\" type=\"application\/pdf\" style=\"width:100%;height:500px\" aria-label=\"Einbettung von Einbettung von Literaturvorschlaege-zu-Seminarthemen..\"><\/object><a id=\"wp-block-file--media-2575ec48-684a-49ee-8934-b91985b19127\" href=\"https:\/\/wordpress.nibis.de\/stgoeghr\/files\/2023\/02\/Literaturvorschlaege-zu-Seminarthemen.pdf\">Literaturvorschlaege-zu-Seminarthemen<\/a><a href=\"https:\/\/wordpress.nibis.de\/stgoeghr\/files\/2023\/02\/Literaturvorschlaege-zu-Seminarthemen.pdf\" class=\"wp-block-file__button\" download aria-describedby=\"wp-block-file--media-2575ec48-684a-49ee-8934-b91985b19127\">Herunterladen<\/a><\/div>\n","protected":false},"excerpt":{"rendered":"<p>Wir sind das Fachseminar Mathematik, bestehend aus drei Grundschulseminaren (FS 1: Frau Thei\u00df, FS 3: Frau Dierks, FS 4: Herr Bauer) und einem Sek I-Seminar (FS 2: Frau Treiber).Grunds\u00e4tzlich finden die Mathematikseminare eigenst\u00e4ndig statt, m\u00f6glichst einmal im Halbjahr werden kooperative Veranstaltungen zu schulform\u00fcbergreifenden Themen geplant (bspw. Gau\u00df-F\u00fchrung in G\u00f6ttingen, Besuch des Mini-Mathematikums in G\u00f6ttingen, Rund &hellip; <a href=\"https:\/\/wordpress.nibis.de\/stgoeghr\/mathematik\/\" class=\"more-link\"><span class=\"screen-reader-text\">Mathematik<\/span> weiterlesen <span class=\"meta-nav\">&rarr;<\/span><\/a><\/p>\n","protected":false},"author":9194078,"featured_media":0,"parent":0,"menu_order":0,"comment_status":"closed","ping_status":"closed","template":"","meta":{"footnotes":""},"class_list":["post-76","page","type-page","status-publish","hentry"],"_links":{"self":[{"href":"https:\/\/wordpress.nibis.de\/stgoeghr\/wp-json\/wp\/v2\/pages\/76","targetHints":{"allow":["GET"]}}],"collection":[{"href":"https:\/\/wordpress.nibis.de\/stgoeghr\/wp-json\/wp\/v2\/pages"}],"about":[{"href":"https:\/\/wordpress.nibis.de\/stgoeghr\/wp-json\/wp\/v2\/types\/page"}],"author":[{"embeddable":true,"href":"https:\/\/wordpress.nibis.de\/stgoeghr\/wp-json\/wp\/v2\/users\/9194078"}],"replies":[{"embeddable":true,"href":"https:\/\/wordpress.nibis.de\/stgoeghr\/wp-json\/wp\/v2\/comments?post=76"}],"version-history":[{"count":9,"href":"https:\/\/wordpress.nibis.de\/stgoeghr\/wp-json\/wp\/v2\/pages\/76\/revisions"}],"predecessor-version":[{"id":626,"href":"https:\/\/wordpress.nibis.de\/stgoeghr\/wp-json\/wp\/v2\/pages\/76\/revisions\/626"}],"wp:attachment":[{"href":"https:\/\/wordpress.nibis.de\/stgoeghr\/wp-json\/wp\/v2\/media?parent=76"}],"curies":[{"name":"wp","href":"https:\/\/api.w.org\/{rel}","templated":true}]}}