{"id":82,"date":"2022-11-17T10:01:55","date_gmt":"2022-11-17T09:01:55","guid":{"rendered":"https:\/\/wordpress.nibis.de\/stgoeghr\/?page_id=82"},"modified":"2023-10-02T17:07:34","modified_gmt":"2023-10-02T15:07:34","slug":"kunst","status":"publish","type":"page","link":"https:\/\/wordpress.nibis.de\/stgoeghr\/kunst\/","title":{"rendered":"Kunst"},"content":{"rendered":"\n<div class=\"wp-block-image\"><figure class=\"aligncenter size-large is-resized\"><img loading=\"lazy\" decoding=\"async\" src=\"https:\/\/wordpress.nibis.de\/stgoeghr\/files\/2023\/10\/IMG_4760-683x1024.jpg\" alt=\"\" class=\"wp-image-488\" width=\"215\" height=\"322\" srcset=\"https:\/\/wordpress.nibis.de\/stgoeghr\/files\/2023\/10\/IMG_4760-683x1024.jpg 683w, https:\/\/wordpress.nibis.de\/stgoeghr\/files\/2023\/10\/IMG_4760-200x300.jpg 200w, https:\/\/wordpress.nibis.de\/stgoeghr\/files\/2023\/10\/IMG_4760-768x1152.jpg 768w, https:\/\/wordpress.nibis.de\/stgoeghr\/files\/2023\/10\/IMG_4760-1024x1536.jpg 1024w, https:\/\/wordpress.nibis.de\/stgoeghr\/files\/2023\/10\/IMG_4760-1365x2048.jpg 1365w, https:\/\/wordpress.nibis.de\/stgoeghr\/files\/2023\/10\/IMG_4760-scaled.jpg 1707w\" sizes=\"auto, (max-width: 215px) 100vw, 215px\" \/><figcaption>Judith Rott<br>&#106;&#x75;d&#105;&#x74;h&#46;&#x72;o&#x74;&#x74;&#64;&#x73;t&#115;&#x2d;g&#111;&#x65;-&#x67;&#x68;&#114;&#x73;&#x2e;&#100;&#x65;<\/figcaption><\/figure><\/div>\n\n\n\n<p>Herzlich Willkommen im Fachseminar Kunst. In unserem Seminar arbeiten wir schulform\u00fcbergreifend und inspirieren uns immer wieder gegenseitig.<br>Die Seminarinhalte beziehen sich auf allgemeine p\u00e4dagogische Themen mit fachlichem Bezug, fachspezifische Themen und Techniken. Eine Verkn\u00fcpfung zwischen Theorie und Praxis findet dabei immer statt.<br>Die thematischen Schwerpunkte ergeben sich sowohl aus den Inhalten der APVO und dem Seminarlehrplan, aber auch aus den aktuellen Bed\u00fcrfnissen der Auszubildenden. Dabei nimmt der pers\u00f6nliche Austausch einen hohen Stellenwert ein.<br>Das Ziel unseres Fachseminars ist es, Kunstunterricht kompetenzorientiert, didaktisch fundiert und kreativit\u00e4tsf\u00f6rdernd zu planen und durchzuf\u00fchren.<br>Als Fachseminarleitung verstehe ich es als meine Aufgabe, Sie zu unterst\u00fctzen, zu begleiten und zu beraten.<\/p>\n\n\n\n<p>Judith Rott<\/p>\n\n\n\n<div data-wp-interactive=\"core\/file\" class=\"wp-block-file\"><object data-wp-bind--hidden=\"!state.hasPdfPreview\" hidden class=\"wp-block-file__embed\" data=\"https:\/\/wordpress.nibis.de\/stgoeghr\/files\/2023\/06\/Auf-einen-Blick-1.pdf\" type=\"application\/pdf\" style=\"width:100%;height:600px\" aria-label=\"Einbettung von Einbettung von Auf-einen-Blick-1..\"><\/object><a id=\"wp-block-file--media-800a6667-99f5-4e04-856a-f6a41b8cf04c\" href=\"https:\/\/wordpress.nibis.de\/stgoeghr\/files\/2023\/06\/Auf-einen-Blick-1.pdf\">Auf-einen-Blick-1<\/a><a href=\"https:\/\/wordpress.nibis.de\/stgoeghr\/files\/2023\/06\/Auf-einen-Blick-1.pdf\" class=\"wp-block-file__button\" download aria-describedby=\"wp-block-file--media-800a6667-99f5-4e04-856a-f6a41b8cf04c\">Herunterladen<\/a><\/div>\n\n\n\n<div data-wp-interactive=\"core\/file\" class=\"wp-block-file\"><object data-wp-bind--hidden=\"!state.hasPdfPreview\" hidden class=\"wp-block-file__embed\" data=\"https:\/\/wordpress.nibis.de\/stgoeghr\/files\/2023\/09\/Literatur-.pdf\" type=\"application\/pdf\" style=\"width:100%;height:600px\" aria-label=\"Einbettung von Einbettung von Literatur-..\"><\/object><a id=\"wp-block-file--media-fc3883b1-47a5-44ca-bff2-11ea0828242d\" href=\"https:\/\/wordpress.nibis.de\/stgoeghr\/files\/2023\/09\/Literatur-.pdf\">Literatur-<\/a><a href=\"https:\/\/wordpress.nibis.de\/stgoeghr\/files\/2023\/09\/Literatur-.pdf\" class=\"wp-block-file__button\" download aria-describedby=\"wp-block-file--media-fc3883b1-47a5-44ca-bff2-11ea0828242d\">Herunterladen<\/a><\/div>\n","protected":false},"excerpt":{"rendered":"<p>Herzlich Willkommen im Fachseminar Kunst. In unserem Seminar arbeiten wir schulform\u00fcbergreifend und inspirieren uns immer wieder gegenseitig.Die Seminarinhalte beziehen sich auf allgemeine p\u00e4dagogische Themen mit fachlichem Bezug, fachspezifische Themen und Techniken. Eine Verkn\u00fcpfung zwischen Theorie und Praxis findet dabei immer statt.Die thematischen Schwerpunkte ergeben sich sowohl aus den Inhalten der APVO und dem Seminarlehrplan, aber &hellip; <a href=\"https:\/\/wordpress.nibis.de\/stgoeghr\/kunst\/\" class=\"more-link\"><span class=\"screen-reader-text\">Kunst<\/span> weiterlesen <span class=\"meta-nav\">&rarr;<\/span><\/a><\/p>\n","protected":false},"author":9194078,"featured_media":0,"parent":0,"menu_order":0,"comment_status":"closed","ping_status":"closed","template":"","meta":{"footnotes":""},"class_list":["post-82","page","type-page","status-publish","hentry"],"_links":{"self":[{"href":"https:\/\/wordpress.nibis.de\/stgoeghr\/wp-json\/wp\/v2\/pages\/82","targetHints":{"allow":["GET"]}}],"collection":[{"href":"https:\/\/wordpress.nibis.de\/stgoeghr\/wp-json\/wp\/v2\/pages"}],"about":[{"href":"https:\/\/wordpress.nibis.de\/stgoeghr\/wp-json\/wp\/v2\/types\/page"}],"author":[{"embeddable":true,"href":"https:\/\/wordpress.nibis.de\/stgoeghr\/wp-json\/wp\/v2\/users\/9194078"}],"replies":[{"embeddable":true,"href":"https:\/\/wordpress.nibis.de\/stgoeghr\/wp-json\/wp\/v2\/comments?post=82"}],"version-history":[{"count":7,"href":"https:\/\/wordpress.nibis.de\/stgoeghr\/wp-json\/wp\/v2\/pages\/82\/revisions"}],"predecessor-version":[{"id":491,"href":"https:\/\/wordpress.nibis.de\/stgoeghr\/wp-json\/wp\/v2\/pages\/82\/revisions\/491"}],"wp:attachment":[{"href":"https:\/\/wordpress.nibis.de\/stgoeghr\/wp-json\/wp\/v2\/media?parent=82"}],"curies":[{"name":"wp","href":"https:\/\/api.w.org\/{rel}","templated":true}]}}