{"id":12,"date":"2024-07-22T10:48:01","date_gmt":"2024-07-22T08:48:01","guid":{"rendered":"https:\/\/wordpress.nibis.de\/stmichael\/?page_id=12"},"modified":"2026-02-17T17:25:51","modified_gmt":"2026-02-17T16:25:51","slug":"informationen-zum-forderverein","status":"publish","type":"page","link":"https:\/\/wordpress.nibis.de\/stmichael\/informationen-zum-forderverein\/","title":{"rendered":"Informationen zum F\u00f6rderverein"},"content":{"rendered":"\n<h3>Struktur und Posten im Vorstand<\/h3>\n<p>Der F\u00f6rderverein der Grundschule St. Michael setzt sich wie folgt zusammen:<\/p>\n<ul>\n<li><strong>1. Vorsitzende\/r<\/strong>: Leitet den Verein, vertritt ihn nach au\u00dfen und ist f\u00fcr die Gesamtkoordination verantwortlich.<\/li>\n<li><strong>Stellvertretende\/r Vorsitzende\/r<\/strong>: Unterst\u00fctzt die\/den Vorsitzende\/n und \u00fcbernimmt deren\/dessen Aufgaben bei Abwesenheit.<\/li>\n<li><strong>Schatzmeister\/in<\/strong>: Verantwortlich f\u00fcr die Finanzen des Vereins, einschlie\u00dflich der Verwaltung von Mitgliedsbeitr\u00e4gen und Spenden.<\/li>\n<li><strong>Schriftf\u00fchrer\/in<\/strong>: F\u00fchrt Protokolle der Vorstandssitzungen und Mitgliederversammlungen und k\u00fcmmert sich um die Korrespondenz des Vereins.<\/li>\n<\/ul>\n<p>Aktuelle Stelleninhaber\/innen:<\/p>\n<ul>\n<li><strong>1. Vorsitzende\/r<\/strong>: Anett Dyrbus<\/li>\n<li><strong>Stellvertretende\/r Vorsitzende\/r<\/strong>: Benjamin Schmidt<\/li>\n<li><strong>Schatzmeister\/in<\/strong>: Nina Wilhelm-Spissak<\/li>\n<li><strong>Schriftf\u00fchrer\/in<\/strong>: Melanie Kechter<\/li>\n<\/ul>\n\n\n\n<h2 class=\"wp-block-heading\">Satzung<\/h2>\n\n\n\n<p>Die Satzung des F\u00f6rdervereins finden sie hier: <\/p>\n\n\n\n<div class=\"wp-block-file\"><a id=\"wp-block-file--media-d34e078a-cdce-4ff8-8b20-2a1e3bfc8aa2\" href=\"https:\/\/wordpress.nibis.de\/stmichael\/files\/2025\/06\/Foerderverein_St.Michael_Satzung.pdf\" target=\"_blank\" rel=\"noreferrer noopener\">Foerderverein_St.Michael_Satzung<\/a><a href=\"https:\/\/wordpress.nibis.de\/stmichael\/files\/2025\/06\/Foerderverein_St.Michael_Satzung.pdf\" class=\"wp-block-file__button wp-element-button\" download aria-describedby=\"wp-block-file--media-d34e078a-cdce-4ff8-8b20-2a1e3bfc8aa2\">Herunterladen<\/a><\/div>\n","protected":false},"excerpt":{"rendered":"<p>Struktur und Posten im Vorstand Der F\u00f6rderverein der Grundschule St. Michael setzt sich wie folgt zusammen: 1. Vorsitzende\/r: Leitet den Verein, vertritt ihn nach au\u00dfen und ist f\u00fcr die Gesamtkoordination verantwortlich. Stellvertretende\/r Vorsitzende\/r: Unterst\u00fctzt die\/den Vorsitzende\/n und \u00fcbernimmt deren\/dessen Aufgaben bei Abwesenheit. Schatzmeister\/in: Verantwortlich f\u00fcr die Finanzen des Vereins, einschlie\u00dflich der Verwaltung von Mitgliedsbeitr\u00e4gen und Spenden. Schriftf\u00fchrer\/in: F\u00fchrt Protokolle der Vorstandssitzungen und Mitgliederversammlungen und k\u00fcmmert sich um die Korrespondenz des Vereins. Aktuelle Stelleninhaber\/innen: 1. Vorsitzende\/r: Anett Dyrbus Stellvertretende\/r Vorsitzende\/r: Benjamin&#8230;<\/p>\n<p class=\"read-more\"><a class=\"btn btn-default\" href=\"https:\/\/wordpress.nibis.de\/stmichael\/informationen-zum-forderverein\/\">Weiterlesen<span class=\"screen-reader-text\"> Weiterlesen<\/span><\/a><\/p>\n","protected":false},"author":9194367,"featured_media":0,"parent":0,"menu_order":0,"comment_status":"closed","ping_status":"closed","template":"","meta":{"footnotes":""},"class_list":["post-12","page","type-page","status-publish","hentry"],"_links":{"self":[{"href":"https:\/\/wordpress.nibis.de\/stmichael\/wp-json\/wp\/v2\/pages\/12","targetHints":{"allow":["GET"]}}],"collection":[{"href":"https:\/\/wordpress.nibis.de\/stmichael\/wp-json\/wp\/v2\/pages"}],"about":[{"href":"https:\/\/wordpress.nibis.de\/stmichael\/wp-json\/wp\/v2\/types\/page"}],"author":[{"embeddable":true,"href":"https:\/\/wordpress.nibis.de\/stmichael\/wp-json\/wp\/v2\/users\/9194367"}],"replies":[{"embeddable":true,"href":"https:\/\/wordpress.nibis.de\/stmichael\/wp-json\/wp\/v2\/comments?post=12"}],"version-history":[{"count":8,"href":"https:\/\/wordpress.nibis.de\/stmichael\/wp-json\/wp\/v2\/pages\/12\/revisions"}],"predecessor-version":[{"id":815,"href":"https:\/\/wordpress.nibis.de\/stmichael\/wp-json\/wp\/v2\/pages\/12\/revisions\/815"}],"wp:attachment":[{"href":"https:\/\/wordpress.nibis.de\/stmichael\/wp-json\/wp\/v2\/media?parent=12"}],"curies":[{"name":"wp","href":"https:\/\/api.w.org\/{rel}","templated":true}]}}