{"id":13,"date":"2024-07-22T10:48:01","date_gmt":"2024-07-22T08:48:01","guid":{"rendered":"https:\/\/wordpress.nibis.de\/stmichael\/?page_id=13"},"modified":"2024-11-08T11:42:30","modified_gmt":"2024-11-08T10:42:30","slug":"schulsozialarbeit","status":"publish","type":"page","link":"https:\/\/wordpress.nibis.de\/stmichael\/schulsozialarbeit\/","title":{"rendered":"Vorstellung SSA"},"content":{"rendered":"\n<p><img loading=\"lazy\" decoding=\"async\" class=\" wp-image-194 alignleft\" src=\"https:\/\/wordpress.nibis.de\/stmichael\/files\/2024\/10\/HannahDrinhaus-237x300.png\" alt=\"\" width=\"207\" height=\"262\" srcset=\"https:\/\/wordpress.nibis.de\/stmichael\/files\/2024\/10\/HannahDrinhaus-237x300.png 237w, https:\/\/wordpress.nibis.de\/stmichael\/files\/2024\/10\/HannahDrinhaus-214x270.png 214w, https:\/\/wordpress.nibis.de\/stmichael\/files\/2024\/10\/HannahDrinhaus.png 242w\" sizes=\"auto, (max-width: 207px) 100vw, 207px\" \/>Liebe Eltern,<\/p>\n<p>ich m\u00f6chte mich bei Ihnen als Schulsozialarbeiterin der Grundschule St. Michael vorstellen. Mein Name ist Hannah Drinhaus, ich komme aus Braunschweig und habe Soziale Arbeit studiert.<\/p>\n<p>Als Schulsozialarbeiterin m\u00f6chte ich die Sch\u00fclerinnen und Sch\u00fcler sowie deren Familien in den verschiedenen sozialen und emotionalen Belangen unterst\u00fctzen. Ich berate Lehrkr\u00e4fte in sozialp\u00e4dagogischen Themen, bin vertrauliche Ansprechperson f\u00fcr die Kinder und bei Bedarf auch gerne f\u00fcr Sie als Eltern. Sie k\u00f6nnen gerne Kontakt zu mir aufnehmen und einen individuellen Gespr\u00e4chstermin vereinbaren.<\/p>\n<p>Ich freue mich darauf, Sie kennen zu lernen und gemeinsam mit Ihnen und Ihren Kindern eine positive Schulzeit zu gestalten. Kommen sie gerne in mein B\u00fcro oder kontaktieren sie mich \u00fcber IServ.<\/p>\n<p>Liebe Gr\u00fc\u00dfe<\/p>\n<p>Hannah Drinhaus<\/p>\n","protected":false},"excerpt":{"rendered":"<p>Liebe Eltern, ich m\u00f6chte mich bei Ihnen als Schulsozialarbeiterin der Grundschule St. Michael vorstellen. Mein Name ist Hannah Drinhaus, ich komme aus Braunschweig und habe Soziale Arbeit studiert. Als Schulsozialarbeiterin m\u00f6chte ich die Sch\u00fclerinnen und Sch\u00fcler sowie deren Familien in den verschiedenen sozialen und emotionalen Belangen unterst\u00fctzen. Ich berate Lehrkr\u00e4fte in sozialp\u00e4dagogischen Themen, bin vertrauliche Ansprechperson f\u00fcr die Kinder und bei Bedarf auch gerne f\u00fcr Sie als Eltern. Sie k\u00f6nnen gerne Kontakt zu mir aufnehmen und einen individuellen Gespr\u00e4chstermin vereinbaren&#8230;.<\/p>\n<p class=\"read-more\"><a class=\"btn btn-default\" href=\"https:\/\/wordpress.nibis.de\/stmichael\/schulsozialarbeit\/\">Weiterlesen<span class=\"screen-reader-text\"> Weiterlesen<\/span><\/a><\/p>\n","protected":false},"author":9194367,"featured_media":0,"parent":0,"menu_order":0,"comment_status":"closed","ping_status":"closed","template":"","meta":{"footnotes":""},"class_list":["post-13","page","type-page","status-publish","hentry"],"_links":{"self":[{"href":"https:\/\/wordpress.nibis.de\/stmichael\/wp-json\/wp\/v2\/pages\/13","targetHints":{"allow":["GET"]}}],"collection":[{"href":"https:\/\/wordpress.nibis.de\/stmichael\/wp-json\/wp\/v2\/pages"}],"about":[{"href":"https:\/\/wordpress.nibis.de\/stmichael\/wp-json\/wp\/v2\/types\/page"}],"author":[{"embeddable":true,"href":"https:\/\/wordpress.nibis.de\/stmichael\/wp-json\/wp\/v2\/users\/9194367"}],"replies":[{"embeddable":true,"href":"https:\/\/wordpress.nibis.de\/stmichael\/wp-json\/wp\/v2\/comments?post=13"}],"version-history":[{"count":7,"href":"https:\/\/wordpress.nibis.de\/stmichael\/wp-json\/wp\/v2\/pages\/13\/revisions"}],"predecessor-version":[{"id":290,"href":"https:\/\/wordpress.nibis.de\/stmichael\/wp-json\/wp\/v2\/pages\/13\/revisions\/290"}],"wp:attachment":[{"href":"https:\/\/wordpress.nibis.de\/stmichael\/wp-json\/wp\/v2\/media?parent=13"}],"curies":[{"name":"wp","href":"https:\/\/api.w.org\/{rel}","templated":true}]}}