{"id":14,"date":"2024-07-22T10:48:01","date_gmt":"2024-07-22T08:48:01","guid":{"rendered":"https:\/\/wordpress.nibis.de\/stmichael\/?page_id=14"},"modified":"2026-02-25T09:40:57","modified_gmt":"2026-02-25T08:40:57","slug":"termine","status":"publish","type":"page","link":"https:\/\/wordpress.nibis.de\/stmichael\/termine\/","title":{"rendered":"Termine"},"content":{"rendered":"\n<h2><strong>Gottesdienste<\/strong><\/h2>\n<p>Alle Gottesdienste finden in der Kirche St. Joseph (Suthwiesenstra\u00dfe 2-6, 38226 Salzgitter) statt. Bitte seien Sie rechtzeitig vor Ort.<\/p>\n<p class=\"moz-quote-pre\">Dienstag, 07.10.25, 10:30 Uhr (Erntedank)<br \/><span style=\"font-size: revert\">Donnerstag, 18.12.25, 10:30 Uhr (Weihnachten) <br \/><\/span><span style=\"font-size: revert\">Mittwoch, 18.02.26, 10:30 Uhr (Aschermittwoch)<br \/><\/span><span style=\"font-size: revert\">Donnerstag, 09.04.26, 10:30 Uhr (Ostern)<br \/><\/span><span style=\"font-size: revert\">Dienstag, 30.06.26, 10:30 Uhr (Abschluss)<br \/><\/span><span style=\"font-size: revert\">Samstag, 15.08.26, 9:30 Uhr (Einschulung 2026)<\/span><\/p>\n<h2><strong>Anmeldetermine Schulanf\u00e4nger 2027<\/strong><\/h2>\n<p>Schulanf\u00e4nger f\u00fcr das Jahr 2027 k\u00f6nnen sich an den unten stehenden Tagen anmelden. Wir werden an diesen Tagen die Kinder kennenlernen und auf ihre Sprache und den Entwicklungsstand achten. Zur genauen Terminvergabe rufen Sie bitte im Sekretariat an oder schreiben E-Mail an das Sekretariat. Zum vereinbarten Termin bringen Sie Ihr Kind bitte mit.<\/p>\n<p>Montag, der 23.02.2026 zwischen 12:00 und 15:00 Uhr.<br \/>Dienstag, der 24.02.2026 zwischen 08:15 und 12:00 Uhr.<br \/>Donnerstag, der 23.02.2026 zwischen 08:15 und 12:00 Uhr.<\/p>\n<p>Zum Anmeldetermin bringen Sie Ihr Kind und folgende Unterlagen mit:<\/p>\n<ul>\n<li>Geburtsurkunde (Familienstammbuch)<\/li>\n<li>Ausweis der Eltern<\/li>\n<li>Impfausweis (Masern!)<\/li>\n<li>Sorgerechtserkl\u00e4rung<\/li>\n<li>katholische Taufbescheinigung (bzw. Best\u00e4tigung der katholischen Kirche \u00fcber die Anmeldung zur Taufe)<\/li>\n<\/ul>\n<h2><strong>Adventsmarkt 2025<\/strong><\/h2>\n<table style=\"border-collapse: collapse;width: 100%\">\n<tbody>\n<tr>\n<td style=\"width: 27.7381%\"><img loading=\"lazy\" decoding=\"async\" class=\"alignnone size-medium wp-image-692\" src=\"https:\/\/wordpress.nibis.de\/stmichael\/files\/2025\/09\/2025-09-19-Adventsmarkt-212x300.png\" alt=\"\" width=\"212\" height=\"300\" srcset=\"https:\/\/wordpress.nibis.de\/stmichael\/files\/2025\/09\/2025-09-19-Adventsmarkt-212x300.png 212w, https:\/\/wordpress.nibis.de\/stmichael\/files\/2025\/09\/2025-09-19-Adventsmarkt-191x270.png 191w, https:\/\/wordpress.nibis.de\/stmichael\/files\/2025\/09\/2025-09-19-Adventsmarkt.png 350w\" sizes=\"auto, (max-width: 212px) 100vw, 212px\" \/><\/td>\n<td style=\"width: 72.2619%;text-align: justify\">Am 01.12.2025 ab 15:00 Uhr wird bei uns im Geb\u00e4ude ein Adventsmarkt stattfinden. In den Klassenr\u00e4umen bieten die Kinder Gebasteltes, Kinderpunsch, Kekse und Waffeln an. Sie sind herzlich eingeladen vorbeizukommen.<\/td>\n<\/tr>\n<\/tbody>\n<\/table>\n<h2><strong>SeeViertel-Fest 2026<\/strong><\/h2>\n<p>Am 30.05.2026 wird in unserer Schule das SeeViertel-Fest stattfinden, bei dem verschiedene Akteure aus dem SeeViertel in Lebenstedt zu uns kommen werden.<\/p>\n\n\n<div class=\"r34ics-ajax-container loading\" id=\"r69f8d8c2997e67f\" data-view=\"month\" data-view-is-list-style=\"0\" data-view-is-list-long=\"0\" data-args=\"8254e76000afca7f88538600d6cbbb91521e6c83\" data-js-args=\"{&quot;debug&quot;:null}\">&nbsp;<\/div>\n\n\n\n<p><\/p>\n","protected":false},"excerpt":{"rendered":"<p>Gottesdienste Alle Gottesdienste finden in der Kirche St. Joseph (Suthwiesenstra\u00dfe 2-6, 38226 Salzgitter) statt. Bitte seien Sie rechtzeitig vor Ort. Dienstag, 07.10.25, 10:30 Uhr (Erntedank)Donnerstag, 18.12.25, 10:30 Uhr (Weihnachten) Mittwoch, 18.02.26, 10:30 Uhr (Aschermittwoch)Donnerstag, 09.04.26, 10:30 Uhr (Ostern)Dienstag, 30.06.26, 10:30 Uhr (Abschluss)Samstag, 15.08.26, 9:30 Uhr (Einschulung 2026) Anmeldetermine Schulanf\u00e4nger 2027 Schulanf\u00e4nger f\u00fcr das Jahr 2027 k\u00f6nnen sich an den unten stehenden Tagen anmelden. Wir werden an diesen Tagen die Kinder kennenlernen und auf ihre Sprache und den Entwicklungsstand achten. Zur&#8230;<\/p>\n<p class=\"read-more\"><a class=\"btn btn-default\" href=\"https:\/\/wordpress.nibis.de\/stmichael\/termine\/\">Weiterlesen<span class=\"screen-reader-text\"> Weiterlesen<\/span><\/a><\/p>\n","protected":false},"author":9194367,"featured_media":0,"parent":0,"menu_order":0,"comment_status":"closed","ping_status":"closed","template":"","meta":{"footnotes":""},"class_list":["post-14","page","type-page","status-publish","hentry"],"_links":{"self":[{"href":"https:\/\/wordpress.nibis.de\/stmichael\/wp-json\/wp\/v2\/pages\/14","targetHints":{"allow":["GET"]}}],"collection":[{"href":"https:\/\/wordpress.nibis.de\/stmichael\/wp-json\/wp\/v2\/pages"}],"about":[{"href":"https:\/\/wordpress.nibis.de\/stmichael\/wp-json\/wp\/v2\/types\/page"}],"author":[{"embeddable":true,"href":"https:\/\/wordpress.nibis.de\/stmichael\/wp-json\/wp\/v2\/users\/9194367"}],"replies":[{"embeddable":true,"href":"https:\/\/wordpress.nibis.de\/stmichael\/wp-json\/wp\/v2\/comments?post=14"}],"version-history":[{"count":33,"href":"https:\/\/wordpress.nibis.de\/stmichael\/wp-json\/wp\/v2\/pages\/14\/revisions"}],"predecessor-version":[{"id":832,"href":"https:\/\/wordpress.nibis.de\/stmichael\/wp-json\/wp\/v2\/pages\/14\/revisions\/832"}],"wp:attachment":[{"href":"https:\/\/wordpress.nibis.de\/stmichael\/wp-json\/wp\/v2\/media?parent=14"}],"curies":[{"name":"wp","href":"https:\/\/api.w.org\/{rel}","templated":true}]}}