{"id":15,"date":"2024-07-22T10:48:01","date_gmt":"2024-07-22T08:48:01","guid":{"rendered":"https:\/\/wordpress.nibis.de\/stmichael\/?page_id=15"},"modified":"2024-08-08T12:36:51","modified_gmt":"2024-08-08T10:36:51","slug":"faq","status":"publish","type":"page","link":"https:\/\/wordpress.nibis.de\/stmichael\/faq\/","title":{"rendered":"FAQ"},"content":{"rendered":"<p><strong>Wie melde ich ein Kind krank?<\/strong><br \/>Bitte melden Sie ihr Kind vor Unterrichtsbeginn (am besten schon am Vorabend) im Sekretariat krank. Senden Sie hierf\u00fcr eine E-Mail an das Sekretariat. Bei unentschuldigtem Fehlen sind wir gezwungen, das Ordnungsamt zu informieren.<\/p>\n<p><strong data-rich-text-format-boundary=\"true\">Wie melde ich mich bei IServ an?<\/strong><br data-rich-text-line-break=\"true\" \/>Bei der Einschulung erhalten Sie die Anmeldedaten f\u00fcr ihr Kind. Sie k\u00f6nnen sich \u00fcber den Link im rechten Bereich bei IServ anmelden.<\/p>\n<p><strong>Ferien und Br\u00fcckentage<\/strong><br data-rich-text-line-break=\"true\" \/>Die freien Tage finden Sie im Kalender bei IServ.<\/p>\n\n\n<p><\/p>\n\n\n\n<p><\/p>\n","protected":false},"excerpt":{"rendered":"<p>Wie melde ich ein Kind krank?Bitte melden Sie ihr Kind vor Unterrichtsbeginn (am besten schon am Vorabend) im Sekretariat krank. Senden Sie hierf\u00fcr eine E-Mail an das Sekretariat. Bei unentschuldigtem Fehlen sind wir gezwungen, das Ordnungsamt zu informieren. Wie melde ich mich bei IServ an?Bei der Einschulung erhalten Sie die Anmeldedaten f\u00fcr ihr Kind. Sie k\u00f6nnen sich \u00fcber den Link im rechten Bereich bei IServ anmelden. Ferien und Br\u00fcckentageDie freien Tage finden Sie im Kalender bei IServ.<\/p>\n","protected":false},"author":9194367,"featured_media":0,"parent":0,"menu_order":0,"comment_status":"closed","ping_status":"closed","template":"","meta":{"footnotes":""},"class_list":["post-15","page","type-page","status-publish","hentry"],"_links":{"self":[{"href":"https:\/\/wordpress.nibis.de\/stmichael\/wp-json\/wp\/v2\/pages\/15","targetHints":{"allow":["GET"]}}],"collection":[{"href":"https:\/\/wordpress.nibis.de\/stmichael\/wp-json\/wp\/v2\/pages"}],"about":[{"href":"https:\/\/wordpress.nibis.de\/stmichael\/wp-json\/wp\/v2\/types\/page"}],"author":[{"embeddable":true,"href":"https:\/\/wordpress.nibis.de\/stmichael\/wp-json\/wp\/v2\/users\/9194367"}],"replies":[{"embeddable":true,"href":"https:\/\/wordpress.nibis.de\/stmichael\/wp-json\/wp\/v2\/comments?post=15"}],"version-history":[{"count":4,"href":"https:\/\/wordpress.nibis.de\/stmichael\/wp-json\/wp\/v2\/pages\/15\/revisions"}],"predecessor-version":[{"id":104,"href":"https:\/\/wordpress.nibis.de\/stmichael\/wp-json\/wp\/v2\/pages\/15\/revisions\/104"}],"wp:attachment":[{"href":"https:\/\/wordpress.nibis.de\/stmichael\/wp-json\/wp\/v2\/media?parent=15"}],"curies":[{"name":"wp","href":"https:\/\/api.w.org\/{rel}","templated":true}]}}