{"id":16,"date":"2024-07-22T10:48:01","date_gmt":"2024-07-22T08:48:01","guid":{"rendered":"https:\/\/wordpress.nibis.de\/stmichael\/?page_id=16"},"modified":"2026-01-29T10:05:06","modified_gmt":"2026-01-29T09:05:06","slug":"kontakt","status":"publish","type":"page","link":"https:\/\/wordpress.nibis.de\/stmichael\/kontakt\/","title":{"rendered":"Kontakt"},"content":{"rendered":"\n<p>Anti-Spam-Ma\u00dfnahme: Bitte ersetzen Sie das &#8222;&#8230;&#8220; hinter den @-Zeichen in den Mail-Adressen durch ein &#8222;gs-stmichael.de&#8220;<\/p>\n<p><strong>Schulleitung:<\/strong><br \/>Herr N\u00fchrig (Schulleiter)<br \/>Herr Wolfinger (Konrektor)<\/p>\n<p><strong data-rich-text-format-boundary=\"true\">Sekretariat:<\/strong><br data-rich-text-line-break=\"true\" \/>Frau Sch\u00f6ne<br data-rich-text-line-break=\"true\" \/>Frau H\u00e4ring<br data-rich-text-line-break=\"true\" \/>E-Mail: sekretariat@&#8230;<br data-rich-text-line-break=\"true\" \/>Tel.: 05341 45 470 (an Schultagen Mo., Di., Do., Fr. von 07:45 bis 12:00 Uhr)<\/p>\n<p><strong data-rich-text-format-boundary=\"true\">Personalrat:<\/strong><br data-rich-text-line-break=\"true\" \/>Frau Edinger<br data-rich-text-line-break=\"true\" \/>Herr Hollemann<br data-rich-text-line-break=\"true\" \/>Frau Mei\u00dfner<\/p>\n<p><strong data-rich-text-format-boundary=\"true\">F\u00f6rderverein:<\/strong><br data-rich-text-line-break=\"true\" \/>foerderverein@&#8230;<\/p>\n<p><strong data-rich-text-format-boundary=\"true\">Elternebeirat:<\/strong><br data-rich-text-line-break=\"true\" \/>elternbeirat@&#8230;<\/p>\n<p><strong data-rich-text-format-boundary=\"true\">Adresse:<\/strong><br data-rich-text-line-break=\"true\" \/>Grundschule St. Michael<br data-rich-text-line-break=\"true\" \/>Goethestra\u00dfe 35<br data-rich-text-line-break=\"true\" \/>38226 Salzgitter<\/p>\n\n\n\n<p><\/p>\n\n\n\n<p><\/p>\n\n\n\n<p><\/p>\n","protected":false},"excerpt":{"rendered":"<p>Anti-Spam-Ma\u00dfnahme: Bitte ersetzen Sie das &#8222;&#8230;&#8220; hinter den @-Zeichen in den Mail-Adressen durch ein &#8222;gs-stmichael.de&#8220; Schulleitung:Herr N\u00fchrig (Schulleiter)Herr Wolfinger (Konrektor) Sekretariat:Frau Sch\u00f6neFrau H\u00e4ringE-Mail: sekretariat@&#8230;Tel.: 05341 45 470 (an Schultagen Mo., Di., Do., Fr. von 07:45 bis 12:00 Uhr) Personalrat:Frau EdingerHerr HollemannFrau Mei\u00dfner F\u00f6rderverein:foerderverein@&#8230; Elternebeirat:elternbeirat@&#8230; Adresse:Grundschule St. MichaelGoethestra\u00dfe 3538226 Salzgitter<\/p>\n","protected":false},"author":9194367,"featured_media":0,"parent":0,"menu_order":0,"comment_status":"closed","ping_status":"closed","template":"","meta":{"footnotes":""},"class_list":["post-16","page","type-page","status-publish","hentry"],"_links":{"self":[{"href":"https:\/\/wordpress.nibis.de\/stmichael\/wp-json\/wp\/v2\/pages\/16","targetHints":{"allow":["GET"]}}],"collection":[{"href":"https:\/\/wordpress.nibis.de\/stmichael\/wp-json\/wp\/v2\/pages"}],"about":[{"href":"https:\/\/wordpress.nibis.de\/stmichael\/wp-json\/wp\/v2\/types\/page"}],"author":[{"embeddable":true,"href":"https:\/\/wordpress.nibis.de\/stmichael\/wp-json\/wp\/v2\/users\/9194367"}],"replies":[{"embeddable":true,"href":"https:\/\/wordpress.nibis.de\/stmichael\/wp-json\/wp\/v2\/comments?post=16"}],"version-history":[{"count":7,"href":"https:\/\/wordpress.nibis.de\/stmichael\/wp-json\/wp\/v2\/pages\/16\/revisions"}],"predecessor-version":[{"id":785,"href":"https:\/\/wordpress.nibis.de\/stmichael\/wp-json\/wp\/v2\/pages\/16\/revisions\/785"}],"wp:attachment":[{"href":"https:\/\/wordpress.nibis.de\/stmichael\/wp-json\/wp\/v2\/media?parent=16"}],"curies":[{"name":"wp","href":"https:\/\/api.w.org\/{rel}","templated":true}]}}