{"id":198,"date":"2024-11-08T11:31:59","date_gmt":"2024-11-08T10:31:59","guid":{"rendered":"https:\/\/wordpress.nibis.de\/stmichael\/?page_id=198"},"modified":"2024-11-10T12:42:15","modified_gmt":"2024-11-10T11:42:15","slug":"eltern-cafe","status":"publish","type":"page","link":"https:\/\/wordpress.nibis.de\/stmichael\/eltern-cafe\/","title":{"rendered":"Eltern-Caf\u00e9"},"content":{"rendered":"\n<p><strong>Wann?<\/strong><br \/>Jede Woche Donnerstag von 14- 15 Uhr. Erstes Treffen ist am 21.11.24<\/p>\n<p><strong>Wo?<\/strong><br \/>In der Schule. Den Raum gebe ich noch bekannt.<\/p>\n<p>\u00a0<\/p>\n<p><img loading=\"lazy\" decoding=\"async\" class=\"size-full wp-image-202 alignleft\" src=\"https:\/\/wordpress.nibis.de\/stmichael\/files\/2024\/11\/image.png\" alt=\"\" width=\"234\" height=\"234\" srcset=\"https:\/\/wordpress.nibis.de\/stmichael\/files\/2024\/11\/image.png 234w, https:\/\/wordpress.nibis.de\/stmichael\/files\/2024\/11\/image-150x150.png 150w\" sizes=\"auto, (max-width: 234px) 100vw, 234px\" \/>Hallo liebe Eltern,<\/p>\n<p>Ich bin Hannah Drinhaus, die neue Schulsozialarbeiterin. Ich w\u00fcrde gerne regelm\u00e4\u00dfig das Elterncaf\u00e9 anbieten. Dabei geht es darum, dass sie sich als Eltern untereinander besser kennenlernen k\u00f6nnen und sich \u00fcber verschiedene Themen wie z.B. Bildung, Freizeitgestaltung, Be- und Entlastungsfaktoren austauschen und voneinander lernen k\u00f6nnen.<\/p>\n<p>Wenn sie Themen haben die sie besonders interessieren, k\u00f6nnen sie sich an mich wenden und ich bereite einen kleinen Vortrag zu dem Thema vor welches dann beim n\u00e4chsten Zusammentreffen besprochen wird.<\/p>\n<p>Ich freue mich auf einen guten Austausch und darauf sie besser kennenzulernen.<\/p>\n<p>Bei Fragen k\u00f6nnen sie mich gerne per Email kontaktieren.<\/p>\n<p>Liebe Gr\u00fc\u00dfe<\/p>\n<p>Hannah Drinhaus<\/p>\n","protected":false},"excerpt":{"rendered":"<p>Wann?Jede Woche Donnerstag von 14- 15 Uhr. Erstes Treffen ist am 21.11.24 Wo?In der Schule. Den Raum gebe ich noch bekannt. \u00a0 Hallo liebe Eltern, Ich bin Hannah Drinhaus, die neue Schulsozialarbeiterin. Ich w\u00fcrde gerne regelm\u00e4\u00dfig das Elterncaf\u00e9 anbieten. Dabei geht es darum, dass sie sich als Eltern untereinander besser kennenlernen k\u00f6nnen und sich \u00fcber verschiedene Themen wie z.B. Bildung, Freizeitgestaltung, Be- und Entlastungsfaktoren austauschen und voneinander lernen k\u00f6nnen. Wenn sie Themen haben die sie besonders interessieren, k\u00f6nnen sie sich&#8230;<\/p>\n<p class=\"read-more\"><a class=\"btn btn-default\" href=\"https:\/\/wordpress.nibis.de\/stmichael\/eltern-cafe\/\">Weiterlesen<span class=\"screen-reader-text\"> Weiterlesen<\/span><\/a><\/p>\n","protected":false},"author":9194367,"featured_media":0,"parent":0,"menu_order":0,"comment_status":"closed","ping_status":"closed","template":"","meta":{"footnotes":""},"class_list":["post-198","page","type-page","status-publish","hentry"],"_links":{"self":[{"href":"https:\/\/wordpress.nibis.de\/stmichael\/wp-json\/wp\/v2\/pages\/198","targetHints":{"allow":["GET"]}}],"collection":[{"href":"https:\/\/wordpress.nibis.de\/stmichael\/wp-json\/wp\/v2\/pages"}],"about":[{"href":"https:\/\/wordpress.nibis.de\/stmichael\/wp-json\/wp\/v2\/types\/page"}],"author":[{"embeddable":true,"href":"https:\/\/wordpress.nibis.de\/stmichael\/wp-json\/wp\/v2\/users\/9194367"}],"replies":[{"embeddable":true,"href":"https:\/\/wordpress.nibis.de\/stmichael\/wp-json\/wp\/v2\/comments?post=198"}],"version-history":[{"count":8,"href":"https:\/\/wordpress.nibis.de\/stmichael\/wp-json\/wp\/v2\/pages\/198\/revisions"}],"predecessor-version":[{"id":248,"href":"https:\/\/wordpress.nibis.de\/stmichael\/wp-json\/wp\/v2\/pages\/198\/revisions\/248"}],"wp:attachment":[{"href":"https:\/\/wordpress.nibis.de\/stmichael\/wp-json\/wp\/v2\/media?parent=198"}],"curies":[{"name":"wp","href":"https:\/\/api.w.org\/{rel}","templated":true}]}}